{"id":936,"date":"2022-12-04T22:24:33","date_gmt":"2022-12-04T22:24:33","guid":{"rendered":"https:\/\/slotcar.hu\/?page_id=936"},"modified":"2024-11-02T23:01:25","modified_gmt":"2024-11-02T23:01:25","slug":"vezerles-elektronika","status":"publish","type":"page","link":"https:\/\/slotcar.hu\/index.php\/vezerles-elektronika\/","title":{"rendered":"Vez\u00e9rl\u00e9s, elektronika"},"content":{"rendered":"\n<div class=\"wp-block-media-text is-stacked-on-mobile\"><figure class=\"wp-block-media-text__media\"><img loading=\"lazy\" decoding=\"async\" width=\"800\" height=\"800\" src=\"https:\/\/slotcar.hu\/wp-content\/uploads\/2024\/11\/carrera-digital-132-26732-digita-1.jpg\" alt=\"\" class=\"wp-image-3893 size-full\" srcset=\"https:\/\/slotcar.hu\/wp-content\/uploads\/2024\/11\/carrera-digital-132-26732-digita-1.jpg 800w, https:\/\/slotcar.hu\/wp-content\/uploads\/2024\/11\/carrera-digital-132-26732-digita-1-300x300.jpg 300w, https:\/\/slotcar.hu\/wp-content\/uploads\/2024\/11\/carrera-digital-132-26732-digita-1-150x150.jpg 150w, https:\/\/slotcar.hu\/wp-content\/uploads\/2024\/11\/carrera-digital-132-26732-digita-1-768x768.jpg 768w\" sizes=\"(max-width: 800px) 100vw, 800px\" \/><\/figure><div class=\"wp-block-media-text__content\">\n<p style=\"text-decoration:underline\"><strong>Carrera DIGITAL 132 26732 Digital dek\u00f3der<\/strong><\/p>\n\n\n\n<p>Tal\u00e1n a legelterjettebb digit\u00e1lis dek\u00f3der. Alap helyzetben a Carrera 132-es digit\u00e1lis aut\u00f3iban haszn\u00e1ljuk, de Evolution kocsik b\u0151v\u00edt\u00e9s\u00e9re is alkalmazhat\u00f3k, els\u0151 \u00e9s h\u00e1ts\u0151 l\u00e1mp\u00e1k vil\u00e1g\u00edt\u00e1si vez\u00e9rl\u00e9se is bele van \u00e9p\u00edtve. DTM \u00e9s GT sz\u00e9ri\u00e1s aut\u00f3kba. Forma 1-es kocsikhoz nem j\u00f3, mert nem f\u00e9r el.<\/p>\n<\/div><\/div>\n\n\n\n<div class=\"wp-block-media-text has-media-on-the-right is-stacked-on-mobile\" style=\"grid-template-columns:auto 46%\"><div class=\"wp-block-media-text__content\">\n<p style=\"text-decoration:underline\"><strong>Carrera DIGITAL 132 26740 Digital decoder F1<\/strong><\/p>\n\n\n\n<p>Digit\u00e1lis Forma 1-es aut\u00f3kba szerelhet\u0151 dek\u00f3der. Alap helyzetben a Carrera 132-es sz\u00e9ri\u00e1j\u00fa F1-es aut\u00f3kban benne van, Evolution kocsik b\u0151v\u00edt\u00e9s\u00e9re, digit\u00e1lis vez\u00e9rl\u00e9s\u00e9hez haszn\u00e1ljuk.<\/p>\n<\/div><figure class=\"wp-block-media-text__media\"><img loading=\"lazy\" decoding=\"async\" width=\"800\" height=\"800\" src=\"https:\/\/slotcar.hu\/wp-content\/uploads\/2024\/11\/carrera-digital-132-26740-digita.jpg\" alt=\"\" class=\"wp-image-3898 size-full\" srcset=\"https:\/\/slotcar.hu\/wp-content\/uploads\/2024\/11\/carrera-digital-132-26740-digita.jpg 800w, https:\/\/slotcar.hu\/wp-content\/uploads\/2024\/11\/carrera-digital-132-26740-digita-300x300.jpg 300w, https:\/\/slotcar.hu\/wp-content\/uploads\/2024\/11\/carrera-digital-132-26740-digita-150x150.jpg 150w, https:\/\/slotcar.hu\/wp-content\/uploads\/2024\/11\/carrera-digital-132-26740-digita-768x768.jpg 768w\" sizes=\"(max-width: 800px) 100vw, 800px\" \/><\/figure><\/div>\n","protected":false},"excerpt":{"rendered":"<p>Carrera DIGITAL 132 26732 Digital dek\u00f3der Tal\u00e1n a legelterjettebb digit\u00e1lis dek\u00f3der. Alap helyzetben a Carrera&#8230;<\/p>\n","protected":false},"author":1,"featured_media":0,"parent":0,"menu_order":0,"comment_status":"closed","ping_status":"closed","template":"","meta":{"footnotes":""},"class_list":["post-936","page","type-page","status-publish","hentry"],"_links":{"self":[{"href":"https:\/\/slotcar.hu\/index.php\/wp-json\/wp\/v2\/pages\/936"}],"collection":[{"href":"https:\/\/slotcar.hu\/index.php\/wp-json\/wp\/v2\/pages"}],"about":[{"href":"https:\/\/slotcar.hu\/index.php\/wp-json\/wp\/v2\/types\/page"}],"author":[{"embeddable":true,"href":"https:\/\/slotcar.hu\/index.php\/wp-json\/wp\/v2\/users\/1"}],"replies":[{"embeddable":true,"href":"https:\/\/slotcar.hu\/index.php\/wp-json\/wp\/v2\/comments?post=936"}],"version-history":[{"count":4,"href":"https:\/\/slotcar.hu\/index.php\/wp-json\/wp\/v2\/pages\/936\/revisions"}],"predecessor-version":[{"id":3899,"href":"https:\/\/slotcar.hu\/index.php\/wp-json\/wp\/v2\/pages\/936\/revisions\/3899"}],"wp:attachment":[{"href":"https:\/\/slotcar.hu\/index.php\/wp-json\/wp\/v2\/media?parent=936"}],"curies":[{"name":"wp","href":"https:\/\/api.w.org\/{rel}","templated":true}]}}