{"id":6026,"date":"2026-04-20T22:03:40","date_gmt":"2026-04-20T22:03:40","guid":{"rendered":"https:\/\/slotcar.hu\/?page_id=6026"},"modified":"2026-04-20T22:07:00","modified_gmt":"2026-04-20T22:07:00","slug":"aprilisi-sorsolas","status":"publish","type":"page","link":"https:\/\/slotcar.hu\/index.php\/aprilisi-sorsolas\/","title":{"rendered":"\u00c1prilisi sorsol\u00e1s"},"content":{"rendered":"\n<p>\u00c1prilist\u00f3l a futamok el\u0151tt lehet\u0151s\u00e9ge van minden versenyz\u0151nek egy Futam-Tot\u00f3t kit\u00f6lteni.<br>A versenysorozat v\u00e9g\u00e9n a legjobban tippel\u0151 k\u00fcl\u00f6n aj\u00e1nd\u00e9kot kap.<\/p>\n\n\n\n<h2 class=\"wp-block-heading\">K\u00f6rm\u00e9rk\u0151z\u00e9sek<\/h2>\n\n\n\n<h3 class=\"wp-block-heading\">1. fordul\u00f3:<\/h3>\n\n\n\n<p>Ateg vs Sanyi<br>Adri\u00e1n vs Magor<br>Bule vs M\u00e1rk<br>Dominik vs Kopi<br>H\u00f6ri vs Hunor<\/p>\n\n\n\n<h3 class=\"wp-block-heading\">2. fordul\u00f3:<\/h3>\n\n\n\n<p>Ateg vs Magor<br>Sanyi vs M\u00e1rk<br>Adri\u00e1n vs Kopi<br>Bule vs Hunor<br>Dominik vs H\u00f6ri<\/p>\n\n\n\n<h3 class=\"wp-block-heading\">3. fordul\u00f3:<\/h3>\n\n\n\n<p>Ateg vs M\u00e1rk<br>Magor vs Kopi<br>Sanyi vs Hunor<br>Adri\u00e1n vs H\u00f6ri<br>Bule vs Dominik<\/p>\n\n\n\n<h3 class=\"wp-block-heading\">4. fordul\u00f3:<\/h3>\n\n\n\n<p>Ateg vs Kopi<br>M\u00e1rk vs Hunor<br>Magor vs H\u00f6ri<br>Sanyi vs Dominik<br>Adri\u00e1n vs Bule<\/p>\n\n\n\n<h3 class=\"wp-block-heading\">5. fordul\u00f3:<\/h3>\n\n\n\n<p>Ateg vs Hunor<br>Kopi vs H\u00f6ri<br>M\u00e1rk vs Dominik<br>Magor vs Bule<br>Sanyi vs Adri\u00e1n<\/p>\n\n\n\n<h3 class=\"wp-block-heading\">6. fordul\u00f3:<\/h3>\n\n\n\n<p>Ateg vs H\u00f6ri<br>Hunor vs Dominik<br>Kopi vs Bule<br>M\u00e1rk vs Adri\u00e1n<br>Magor vs Sanyi<\/p>\n\n\n\n<h3 class=\"wp-block-heading\">7. fordul\u00f3:<\/h3>\n\n\n\n<p>Ateg vs Dominik<br>H\u00f6ri vs Bule<br>Hunor vs Adri\u00e1n<br>Kopi vs Sanyi<br>M\u00e1rk vs Magor<\/p>\n\n\n\n<h3 class=\"wp-block-heading\">8. fordul\u00f3:<\/h3>\n\n\n\n<p>Ateg vs Bule<br>Dominik vs Adri\u00e1n<br>H\u00f6ri vs Sanyi<br>Hunor vs Magor<br>Kopi vs M\u00e1rk<\/p>\n\n\n\n<h3 class=\"wp-block-heading\">9. fordul\u00f3:<\/h3>\n\n\n\n<p>Ateg vs Adri\u00e1n<br>Bule vs Sanyi<br>Dominik vs Magor<br>H\u00f6ri vs M\u00e1rk<br>Hunor vs Kopi<\/p>\n","protected":false},"excerpt":{"rendered":"<p>\u00c1prilist\u00f3l a futamok el\u0151tt lehet\u0151s\u00e9ge van minden versenyz\u0151nek egy Futam-Tot\u00f3t kit\u00f6lteni.A versenysorozat v\u00e9g\u00e9n a legjobban&#8230;<\/p>\n","protected":false},"author":1,"featured_media":0,"parent":0,"menu_order":0,"comment_status":"closed","ping_status":"closed","template":"","meta":{"footnotes":""},"class_list":["post-6026","page","type-page","status-publish","hentry"],"_links":{"self":[{"href":"https:\/\/slotcar.hu\/index.php\/wp-json\/wp\/v2\/pages\/6026"}],"collection":[{"href":"https:\/\/slotcar.hu\/index.php\/wp-json\/wp\/v2\/pages"}],"about":[{"href":"https:\/\/slotcar.hu\/index.php\/wp-json\/wp\/v2\/types\/page"}],"author":[{"embeddable":true,"href":"https:\/\/slotcar.hu\/index.php\/wp-json\/wp\/v2\/users\/1"}],"replies":[{"embeddable":true,"href":"https:\/\/slotcar.hu\/index.php\/wp-json\/wp\/v2\/comments?post=6026"}],"version-history":[{"count":2,"href":"https:\/\/slotcar.hu\/index.php\/wp-json\/wp\/v2\/pages\/6026\/revisions"}],"predecessor-version":[{"id":6031,"href":"https:\/\/slotcar.hu\/index.php\/wp-json\/wp\/v2\/pages\/6026\/revisions\/6031"}],"wp:attachment":[{"href":"https:\/\/slotcar.hu\/index.php\/wp-json\/wp\/v2\/media?parent=6026"}],"curies":[{"name":"wp","href":"https:\/\/api.w.org\/{rel}","templated":true}]}}