{"id":5826,"date":"2026-03-17T18:49:13","date_gmt":"2026-03-17T18:49:13","guid":{"rendered":"https:\/\/slotcar.hu\/?page_id=5826"},"modified":"2026-03-22T20:51:26","modified_gmt":"2026-03-22T20:51:26","slug":"5826-2","status":"publish","type":"page","link":"https:\/\/slotcar.hu\/index.php\/5826-2\/","title":{"rendered":""},"content":{"rendered":"<div class=\"wp-block-image\">\n<figure class=\"aligncenter size-large\"><img loading=\"lazy\" decoding=\"async\" width=\"1024\" height=\"329\" src=\"https:\/\/slotcar.hu\/wp-content\/uploads\/2026\/03\/draft-1024x329.jpg\" alt=\"\" class=\"wp-image-5824\" srcset=\"https:\/\/slotcar.hu\/wp-content\/uploads\/2026\/03\/draft-1024x329.jpg 1024w, https:\/\/slotcar.hu\/wp-content\/uploads\/2026\/03\/draft-300x96.jpg 300w, https:\/\/slotcar.hu\/wp-content\/uploads\/2026\/03\/draft-768x247.jpg 768w, https:\/\/slotcar.hu\/wp-content\/uploads\/2026\/03\/draft.jpg 1120w\" sizes=\"(max-width: 1024px) 100vw, 1024px\" \/><\/figure><\/div>\n\n\n<h3 class=\"wp-block-heading\">1. fordul\u00f3: 10:00 &#8211; 11:00 ID\u0150TERVEZET<\/h3>\n\n\n\n<p>M\u00e1rk vs H\u00f6ri <br>Ateg vs Hunor<br>Bule vs M\u00e1rk<br>Hunor vs H\u00f6ri<\/p>\n\n\n\n<hr class=\"wp-block-separator has-alpha-channel-opacity\"\/>\n\n\n\n<h3 class=\"wp-block-heading\">2. fordul\u00f3: 11:00 &#8211; 12:00 ID\u0150TERVEZET<\/h3>\n\n\n\n<p>Adri\u00e1n vs Kopi<br>Sanyi vs M\u00e1rk<br>Ateg vs Magor<br>Bule vs H\u00f6ri<br><\/p>\n\n\n\n<hr class=\"wp-block-separator has-alpha-channel-opacity\"\/>\n\n\n\n<h3 class=\"wp-block-heading\">3. fordul\u00f3: 12:00 &#8211; 13:00 ID\u0150TERVEZET<\/h3>\n\n\n\n<p>Adri\u00e1n vs M\u00e1rk<br>Kopi vs Magor<br>Sanyi vs H\u00f6ri<br>Ateg vs Kopi <br><\/p>\n\n\n\n<hr class=\"wp-block-separator has-alpha-channel-opacity\"\/>\n\n\n\n<h3 class=\"wp-block-heading\">4. fordul\u00f3: 13:00 &#8211; 14:00 ID\u0150TERVEZET<\/h3>\n\n\n\n<p>Adri\u00e1n vs Magor<br>Adri\u00e1n vs Sanyi<br>Kopi vs Hunor<br>Ateg vs Bule<\/p>\n\n\n\n<hr class=\"wp-block-separator has-alpha-channel-opacity\"\/>\n\n\n\n<h3 class=\"wp-block-heading\">5. fordul\u00f3: 14:00 &#8211; 15:00 ID\u0150TERVEZET<\/h3>\n\n\n\n<p>Adri\u00e1n vs H\u00f6ri<br>Magor vs Hunor<br>Kopi vs Bule<br>Sanyi vs Ateg<\/p>\n\n\n\n<hr class=\"wp-block-separator has-alpha-channel-opacity\"\/>\n\n\n\n<h3 class=\"wp-block-heading\">6. fordul\u00f3: 15:00 &#8211; 16:00 ID\u0150TERVEZET<\/h3>\n\n\n\n<p>Adri\u00e1n vs Hunor<br>Magor vs Bule<br>M\u00e1rk vs Ateg<br>Kopi vs Sanyi<\/p>\n\n\n\n<hr class=\"wp-block-separator has-alpha-channel-opacity\"\/>\n\n\n\n<h3 class=\"wp-block-heading\">7. fordul\u00f3: 16:00 &#8211; 17:00 ID\u0150TERVEZET<\/h3>\n\n\n\n<p>Hunor vs Bule<br>H\u00f6ri vs Ateg<br>Magor vs Sanyi<br>M\u00e1rk vs Kopi<\/p>\n\n\n\n<hr class=\"wp-block-separator has-alpha-channel-opacity\"\/>\n\n\n\n<h3 class=\"wp-block-heading\">8. fordul\u00f3: 17:00 &#8211; 18:00 ID\u0150TERVEZET<\/h3>\n\n\n\n<p>Adri\u00e1n vs Bule<br>Hunor vs Sanyi<br>H\u00f6ri vs Kopi<br>Magor vs M\u00e1rk<\/p>\n\n\n\n<hr class=\"wp-block-separator has-alpha-channel-opacity\"\/>\n\n\n\n<h3 class=\"wp-block-heading\">9. fordul\u00f3: 18:00 &#8211; 19:00 ID\u0150TERVEZET<\/h3>\n\n\n\n<p>Adri\u00e1n vs Ateg<br>Bule vs Sanyi<br>Hunor vs M\u00e1rk<br>H\u00f6ri vs Magor<\/p>\n\n\n\n<hr class=\"wp-block-separator has-alpha-channel-opacity\"\/>\n\n\n\n<p><\/p>\n","protected":false},"excerpt":{"rendered":"<p>1. fordul\u00f3: 10:00 &#8211; 11:00 ID\u0150TERVEZET M\u00e1rk vs H\u00f6ri Ateg vs HunorBule vs M\u00e1rkHunor vs&#8230;<\/p>\n","protected":false},"author":1,"featured_media":0,"parent":0,"menu_order":0,"comment_status":"closed","ping_status":"closed","template":"","meta":{"footnotes":""},"class_list":["post-5826","page","type-page","status-publish","hentry"],"_links":{"self":[{"href":"https:\/\/slotcar.hu\/index.php\/wp-json\/wp\/v2\/pages\/5826"}],"collection":[{"href":"https:\/\/slotcar.hu\/index.php\/wp-json\/wp\/v2\/pages"}],"about":[{"href":"https:\/\/slotcar.hu\/index.php\/wp-json\/wp\/v2\/types\/page"}],"author":[{"embeddable":true,"href":"https:\/\/slotcar.hu\/index.php\/wp-json\/wp\/v2\/users\/1"}],"replies":[{"embeddable":true,"href":"https:\/\/slotcar.hu\/index.php\/wp-json\/wp\/v2\/comments?post=5826"}],"version-history":[{"count":11,"href":"https:\/\/slotcar.hu\/index.php\/wp-json\/wp\/v2\/pages\/5826\/revisions"}],"predecessor-version":[{"id":5846,"href":"https:\/\/slotcar.hu\/index.php\/wp-json\/wp\/v2\/pages\/5826\/revisions\/5846"}],"wp:attachment":[{"href":"https:\/\/slotcar.hu\/index.php\/wp-json\/wp\/v2\/media?parent=5826"}],"curies":[{"name":"wp","href":"https:\/\/api.w.org\/{rel}","templated":true}]}}