{"id":56,"date":"2022-10-26T21:46:42","date_gmt":"2022-10-26T21:46:42","guid":{"rendered":"https:\/\/slotcar.hu\/?page_id=56"},"modified":"2025-08-29T20:39:28","modified_gmt":"2025-08-29T20:39:28","slug":"alkatreszek","status":"publish","type":"page","link":"https:\/\/slotcar.hu\/index.php\/alkatreszek\/","title":{"rendered":"Szerviz"},"content":{"rendered":"\n<figure class=\"wp-block-table\"><table><tbody><tr><td><a href=\"https:\/\/slotcar.hu\/index.php\/csavarok\/\"><img loading=\"lazy\" decoding=\"async\" width=\"300\" height=\"236\" class=\"wp-image-924\" style=\"width: 300px;\" src=\"https:\/\/slotcar.hu\/wp-content\/uploads\/2022\/12\/schema-vis_carrosserie.jpg\" alt=\"\" srcset=\"https:\/\/slotcar.hu\/wp-content\/uploads\/2022\/12\/schema-vis_carrosserie.jpg 422w, https:\/\/slotcar.hu\/wp-content\/uploads\/2022\/12\/schema-vis_carrosserie-300x236.jpg 300w\" sizes=\"(max-width: 300px) 100vw, 300px\" \/><\/a><br><strong>Csavarok<\/strong><\/td><td><a href=\"https:\/\/slotcar.hu\/index.php\/vezerles-elektronika\/\"><img loading=\"lazy\" decoding=\"async\" width=\"300\" height=\"236\" class=\"wp-image-925\" style=\"width: 300px;\" src=\"https:\/\/slotcar.hu\/wp-content\/uploads\/2022\/12\/schema-puce_digitale.jpg\" alt=\"\" srcset=\"https:\/\/slotcar.hu\/wp-content\/uploads\/2022\/12\/schema-puce_digitale.jpg 422w, https:\/\/slotcar.hu\/wp-content\/uploads\/2022\/12\/schema-puce_digitale-300x236.jpg 300w\" sizes=\"(max-width: 300px) 100vw, 300px\" \/><\/a><br><strong>Vez\u00e9rl\u00e9s<\/strong>, <strong>dek\u00f3der<\/strong><\/td><td><a href=\"https:\/\/slotcar.hu\/index.php\/gumik\/\"><img loading=\"lazy\" decoding=\"async\" width=\"300\" height=\"236\" class=\"wp-image-926\" style=\"width: 300px;\" src=\"https:\/\/slotcar.hu\/wp-content\/uploads\/2022\/12\/schema-pneus_avant_arriere.jpg\" alt=\"\" srcset=\"https:\/\/slotcar.hu\/wp-content\/uploads\/2022\/12\/schema-pneus_avant_arriere.jpg 422w, https:\/\/slotcar.hu\/wp-content\/uploads\/2022\/12\/schema-pneus_avant_arriere-300x236.jpg 300w\" sizes=\"(max-width: 300px) 100vw, 300px\" \/><\/a><br><strong>Gumik<\/strong><\/td><\/tr><tr><td><a href=\"https:\/\/slotcar.hu\/index.php\/motorok\/\"><img loading=\"lazy\" decoding=\"async\" width=\"300\" height=\"236\" class=\"wp-image-928\" style=\"width: 300px;\" src=\"https:\/\/slotcar.hu\/wp-content\/uploads\/2022\/12\/schema-moteur.jpg\" alt=\"\" srcset=\"https:\/\/slotcar.hu\/wp-content\/uploads\/2022\/12\/schema-moteur.jpg 422w, https:\/\/slotcar.hu\/wp-content\/uploads\/2022\/12\/schema-moteur-300x236.jpg 300w\" sizes=\"(max-width: 300px) 100vw, 300px\" \/><\/a><br><strong>Motorok<\/strong><\/td><td><a href=\"https:\/\/slotcar.hu\/index.php\/aramszedok\/\"><img loading=\"lazy\" decoding=\"async\" width=\"300\" height=\"236\" class=\"wp-image-929\" style=\"width: 300px;\" src=\"https:\/\/slotcar.hu\/wp-content\/uploads\/2022\/12\/schema-guide_tresses.jpg\" alt=\"\" srcset=\"https:\/\/slotcar.hu\/wp-content\/uploads\/2022\/12\/schema-guide_tresses.jpg 422w, https:\/\/slotcar.hu\/wp-content\/uploads\/2022\/12\/schema-guide_tresses-300x236.jpg 300w\" sizes=\"(max-width: 300px) 100vw, 300px\" \/><\/a><br><strong>\u00c1ramszed\u0151k<\/strong><\/td><td><a href=\"https:\/\/slotcar.hu\/index.php\/kerektarcsak-tengelyek\/\"><img loading=\"lazy\" decoding=\"async\" width=\"300\" height=\"236\" class=\"wp-image-930\" style=\"width: 300px;\" src=\"https:\/\/slotcar.hu\/wp-content\/uploads\/2022\/12\/schema-essieu_complet_avant_arriere.jpg\" alt=\"\" srcset=\"https:\/\/slotcar.hu\/wp-content\/uploads\/2022\/12\/schema-essieu_complet_avant_arriere.jpg 422w, https:\/\/slotcar.hu\/wp-content\/uploads\/2022\/12\/schema-essieu_complet_avant_arriere-300x236.jpg 300w\" sizes=\"(max-width: 300px) 100vw, 300px\" \/><\/a><br><strong>Ker\u00e9kt\u00e1rcs\u00e1k, tengelyek<\/strong><\/td><\/tr><tr><td><a href=\"https:\/\/slotcar.hu\/index.php\/belsok\/\"><img loading=\"lazy\" decoding=\"async\" width=\"300\" height=\"236\" class=\"wp-image-959\" style=\"width: 300px;\" src=\"https:\/\/slotcar.hu\/wp-content\/uploads\/2022\/12\/schema-cockpit.jpg\" alt=\"\" srcset=\"https:\/\/slotcar.hu\/wp-content\/uploads\/2022\/12\/schema-cockpit.jpg 422w, https:\/\/slotcar.hu\/wp-content\/uploads\/2022\/12\/schema-cockpit-300x236.jpg 300w\" sizes=\"(max-width: 300px) 100vw, 300px\" \/><\/a><br><strong>Bels\u0151k<\/strong><\/td><td><a href=\"https:\/\/slotcar.hu\/index.php\/kabelek-vezetekek\/\"><img loading=\"lazy\" decoding=\"async\" width=\"300\" height=\"236\" class=\"wp-image-931\" style=\"width: 300px;\" src=\"https:\/\/slotcar.hu\/wp-content\/uploads\/2022\/12\/schema-cables.jpg\" alt=\"\" srcset=\"https:\/\/slotcar.hu\/wp-content\/uploads\/2022\/12\/schema-cables.jpg 422w, https:\/\/slotcar.hu\/wp-content\/uploads\/2022\/12\/schema-cables-300x236.jpg 300w\" sizes=\"(max-width: 300px) 100vw, 300px\" \/><\/a><br><strong>K\u00e1belek, vezet\u00e9kek<\/strong><\/td><td><a href=\"https:\/\/slotcar.hu\/index.php\/alvazak\/\"><img loading=\"lazy\" decoding=\"async\" width=\"300\" height=\"236\" class=\"wp-image-960\" style=\"width: 300px;\" src=\"https:\/\/slotcar.hu\/wp-content\/uploads\/2022\/12\/schema-chassis.jpg\" alt=\"\" srcset=\"https:\/\/slotcar.hu\/wp-content\/uploads\/2022\/12\/schema-chassis.jpg 422w, https:\/\/slotcar.hu\/wp-content\/uploads\/2022\/12\/schema-chassis-300x236.jpg 300w\" sizes=\"(max-width: 300px) 100vw, 300px\" \/><\/a><br><strong>Alv\u00e1zak<\/strong><\/td><\/tr><tr><td><img loading=\"lazy\" decoding=\"async\" width=\"300\" height=\"236\" class=\"wp-image-975\" style=\"width: 300px;\" src=\"https:\/\/slotcar.hu\/wp-content\/uploads\/2022\/12\/schema-aileron_retroviseurs.jpg\" alt=\"\" srcset=\"https:\/\/slotcar.hu\/wp-content\/uploads\/2022\/12\/schema-aileron_retroviseurs.jpg 422w, https:\/\/slotcar.hu\/wp-content\/uploads\/2022\/12\/schema-aileron_retroviseurs-300x236.jpg 300w\" sizes=\"(max-width: 300px) 100vw, 300px\" \/><br><strong>K\u00fcls\u0151 alkatr\u00e9szek<\/strong><\/td><td><a href=\"https:\/\/slotcar.hu\/index.php\/vezetosin\/\"><img loading=\"lazy\" decoding=\"async\" width=\"300\" height=\"236\" class=\"wp-image-969\" style=\"width: 300px;\" src=\"https:\/\/slotcar.hu\/wp-content\/uploads\/2022\/12\/schema-tresses.jpg\" alt=\"\" srcset=\"https:\/\/slotcar.hu\/wp-content\/uploads\/2022\/12\/schema-tresses.jpg 422w, https:\/\/slotcar.hu\/wp-content\/uploads\/2022\/12\/schema-tresses-300x236.jpg 300w\" sizes=\"(max-width: 300px) 100vw, 300px\" \/><\/a><br><strong>Vezet\u0151s\u00edn<\/strong><\/td><td><\/td><\/tr><\/tbody><\/table><\/figure>\n","protected":false},"excerpt":{"rendered":"<p>Csavarok Vez\u00e9rl\u00e9s, dek\u00f3der Gumik Motorok \u00c1ramszed\u0151k Ker\u00e9kt\u00e1rcs\u00e1k, tengelyek Bels\u0151k K\u00e1belek, vezet\u00e9kek Alv\u00e1zak K\u00fcls\u0151 alkatr\u00e9szek Vezet\u0151s\u00edn<\/p>\n","protected":false},"author":1,"featured_media":0,"parent":0,"menu_order":0,"comment_status":"closed","ping_status":"closed","template":"","meta":{"footnotes":""},"class_list":["post-56","page","type-page","status-publish","hentry"],"_links":{"self":[{"href":"https:\/\/slotcar.hu\/index.php\/wp-json\/wp\/v2\/pages\/56"}],"collection":[{"href":"https:\/\/slotcar.hu\/index.php\/wp-json\/wp\/v2\/pages"}],"about":[{"href":"https:\/\/slotcar.hu\/index.php\/wp-json\/wp\/v2\/types\/page"}],"author":[{"embeddable":true,"href":"https:\/\/slotcar.hu\/index.php\/wp-json\/wp\/v2\/users\/1"}],"replies":[{"embeddable":true,"href":"https:\/\/slotcar.hu\/index.php\/wp-json\/wp\/v2\/comments?post=56"}],"version-history":[{"count":18,"href":"https:\/\/slotcar.hu\/index.php\/wp-json\/wp\/v2\/pages\/56\/revisions"}],"predecessor-version":[{"id":3918,"href":"https:\/\/slotcar.hu\/index.php\/wp-json\/wp\/v2\/pages\/56\/revisions\/3918"}],"wp:attachment":[{"href":"https:\/\/slotcar.hu\/index.php\/wp-json\/wp\/v2\/media?parent=56"}],"curies":[{"name":"wp","href":"https:\/\/api.w.org\/{rel}","templated":true}]}}