{"id":5272,"date":"2025-11-16T21:24:28","date_gmt":"2025-11-16T21:24:28","guid":{"rendered":"https:\/\/slotcar.hu\/?page_id=5272"},"modified":"2025-11-16T21:33:21","modified_gmt":"2025-11-16T21:33:21","slug":"30046-pole-position-set","status":"publish","type":"page","link":"https:\/\/slotcar.hu\/index.php\/30046-pole-position-set\/","title":{"rendered":"30046 Pole Position Set"},"content":{"rendered":"\n<div class=\"wp-block-media-text is-stacked-on-mobile\"><figure class=\"wp-block-media-text__media\"><img loading=\"lazy\" decoding=\"async\" width=\"800\" height=\"581\" src=\"https:\/\/slotcar.hu\/wp-content\/uploads\/2025\/11\/tn_converted-9.jpeg\" alt=\"\" class=\"wp-image-5256 size-full\" srcset=\"https:\/\/slotcar.hu\/wp-content\/uploads\/2025\/11\/tn_converted-9.jpeg 800w, https:\/\/slotcar.hu\/wp-content\/uploads\/2025\/11\/tn_converted-9-300x218.jpeg 300w, https:\/\/slotcar.hu\/wp-content\/uploads\/2025\/11\/tn_converted-9-768x558.jpeg 768w\" sizes=\"(max-width: 800px) 100vw, 800px\" \/><\/figure><div class=\"wp-block-media-text__content\">\n<p>A\u00a0<br><strong>Carrera DIGITAL 132 \u201ePole Position\u201d<\/strong>\u00a0p\u00e1ly\u00e1n elkezd\u0151dhet az izgalmas kaland! A\u00a0<br><strong>BMW M4 GT3 \u201eRam Racing, No.15\u201d<\/strong>\u00a0vol\u00e1nj\u00e1n\u00e1l a brit John Ferguson \u00e9s a sv\u00e1jci Raffaele Marciello versenyez az osztr\u00e1k Philipp Eng \u00e9s a brit Tom Blomqvist du\u00f3j\u00e1val, akik a\u00a0<br><strong>BMW M4 GT3 \u201eROWE Racing, No.99\u201d<\/strong>\u00a0versenyaut\u00f3t vezetik .<\/p>\n<\/div><\/div>\n\n\n\n<h2 class=\"wp-block-heading\">A TELJES SZ\u00c1M TARTALMA:<\/h2>\n\n\n\n<ul class=\"wp-block-list\">\n<li>x1 BMW M4 GT3 &#8222;RAM Racing, 15. sz\u00e1m\u00fa&#8221; Brit GT 2024 (32078)<\/li>\n\n\n\n<li>x1 BMW M4 GT3 &#8222;ROWE Racing, No.99&#8221; (32036)<\/li>\n\n\n\n<li>x1 Vez\u00e9rl\u0151egys\u00e9g (30352)<\/li>\n\n\n\n<li>2 db vezet\u00e9k n\u00e9lk\u00fcli 2.0 sebess\u00e9gszab\u00e1lyoz\u00f3 (10121)\u00a0<em><strong>(1 db AAA elem sz\u00fcks\u00e9ges vez\u00e9rl\u0151nk\u00e9nt &#8211; NEM TARTALMAZZA)<\/strong><\/em><\/li>\n\n\n\n<li>1 db vezet\u00e9k n\u00e9lk\u00fcli 2.0 vev\u0151egys\u00e9g (10122)<\/li>\n\n\n\n<li>1 db transzform\u00e1tor 14,8 V &#8211; 3,5 amper (30326)<\/li>\n\n\n\n<li>x1 Dupla s\u00e1vv\u00e1lt\u00f3 p\u00e1lya (30347)<\/li>\n\n\n\n<li>x3 Standard Egyenes (20509)<\/li>\n\n\n\n<li>x2 1\/3 Egyenes (20611)<\/li>\n\n\n\n<li>x10 1. sug\u00e1r, 60\u00b0-os g\u00f6rbe (20571)<\/li>\n\n\n\n<li>x2 V\u00e9gszeg\u00e9lyek (20598)<\/li>\n\n\n\n<li>S\u00edn\u00f6sszek\u00f6t\u0151 kapcsok (85245)<\/li>\n\n\n\n<li>Korl\u00e1tbiztons\u00e1g<\/li>\n\n\n\n<li>V\u00e9d\u0151korl\u00e1t tart\u00f3k (85219)<\/li>\n\n\n\n<li>T\u00e1mas\u00edn<\/li>\n\n\n\n<li>x4 dupla cs\u00fasz\u00f3\u00e9rintkez\u0151 (20365)<\/li>\n\n\n\n<li>x1 Felhaszn\u00e1l\u00f3i k\u00e9zik\u00f6nyv<\/li>\n<\/ul>\n","protected":false},"excerpt":{"rendered":"<p>A\u00a0Carrera DIGITAL 132 \u201ePole Position\u201d\u00a0p\u00e1ly\u00e1n elkezd\u0151dhet az izgalmas kaland! A\u00a0BMW M4 GT3 \u201eRam Racing, No.15\u201d\u00a0vol\u00e1nj\u00e1n\u00e1l&#8230;<\/p>\n","protected":false},"author":1,"featured_media":0,"parent":0,"menu_order":0,"comment_status":"closed","ping_status":"closed","template":"","meta":{"footnotes":""},"class_list":["post-5272","page","type-page","status-publish","hentry"],"_links":{"self":[{"href":"https:\/\/slotcar.hu\/index.php\/wp-json\/wp\/v2\/pages\/5272"}],"collection":[{"href":"https:\/\/slotcar.hu\/index.php\/wp-json\/wp\/v2\/pages"}],"about":[{"href":"https:\/\/slotcar.hu\/index.php\/wp-json\/wp\/v2\/types\/page"}],"author":[{"embeddable":true,"href":"https:\/\/slotcar.hu\/index.php\/wp-json\/wp\/v2\/users\/1"}],"replies":[{"embeddable":true,"href":"https:\/\/slotcar.hu\/index.php\/wp-json\/wp\/v2\/comments?post=5272"}],"version-history":[{"count":1,"href":"https:\/\/slotcar.hu\/index.php\/wp-json\/wp\/v2\/pages\/5272\/revisions"}],"predecessor-version":[{"id":5273,"href":"https:\/\/slotcar.hu\/index.php\/wp-json\/wp\/v2\/pages\/5272\/revisions\/5273"}],"wp:attachment":[{"href":"https:\/\/slotcar.hu\/index.php\/wp-json\/wp\/v2\/media?parent=5272"}],"curies":[{"name":"wp","href":"https:\/\/api.w.org\/{rel}","templated":true}]}}