{"id":5212,"date":"2025-11-11T21:59:33","date_gmt":"2025-11-11T21:59:33","guid":{"rendered":"https:\/\/slotcar.hu\/?page_id=5212"},"modified":"2026-03-13T23:02:30","modified_gmt":"2026-03-13T23:02:30","slug":"csapatok-2026","status":"publish","type":"page","link":"https:\/\/slotcar.hu\/index.php\/csapatok-2026\/","title":{"rendered":"2026 Csapatok"},"content":{"rendered":"\n<figure class=\"wp-block-table\"><table class=\"has-fixed-layout\"><tbody><tr><td class=\"has-text-align-center\" data-align=\"center\"><strong>Csapat neve<\/strong><\/td><td class=\"has-text-align-center\" data-align=\"center\"><strong><strong>Log\u00f3<\/strong><\/strong><\/td><td class=\"has-text-align-center\" data-align=\"center\"><strong>Pil\u00f3ta 1<\/strong><\/td><td class=\"has-text-align-center\" data-align=\"center\"><strong>Aut\u00f3<\/strong><\/td><td class=\"has-text-align-center\" data-align=\"center\"><strong>Pil\u00f3ta 2<\/strong><\/td><td class=\"has-text-align-center\" data-align=\"center\"><strong>Aut\u00f3<\/strong><\/td><\/tr><tr><td class=\"has-text-align-center\" data-align=\"center\"><em><strong>HB<\/strong><br><strong>Motorsport<\/strong><\/em><\/td><td class=\"has-text-align-center\" data-align=\"center\"><img loading=\"lazy\" decoding=\"async\" width=\"100\" height=\"68\" class=\"wp-image-5484\" style=\"width: 100px;\" src=\"https:\/\/slotcar.hu\/wp-content\/uploads\/2025\/12\/hb-logo.png\" alt=\"\" srcset=\"https:\/\/slotcar.hu\/wp-content\/uploads\/2025\/12\/hb-logo.png 517w, https:\/\/slotcar.hu\/wp-content\/uploads\/2025\/12\/hb-logo-300x205.png 300w\" sizes=\"(max-width: 100px) 100vw, 100px\" \/><\/td><td class=\"has-text-align-center\" data-align=\"center\"><strong>H\u00f6ri<\/strong><br>BMW M4 GT<\/td><td class=\"has-text-align-center\" data-align=\"center\"><img loading=\"lazy\" decoding=\"async\" width=\"150\" height=\"92\" class=\"wp-image-4298\" style=\"width: 150px;\" src=\"https:\/\/slotcar.hu\/wp-content\/uploads\/2025\/03\/tn_31077BMW_M6.png\" alt=\"\"><\/td><td class=\"has-text-align-center\" data-align=\"center\"><strong>Bule<\/strong><br>BMW M4 GT<\/td><td class=\"has-text-align-center\" data-align=\"center\"><img loading=\"lazy\" decoding=\"async\" width=\"150\" height=\"90\" class=\"wp-image-4690\" style=\"width: 150px;\" src=\"https:\/\/slotcar.hu\/wp-content\/uploads\/2025\/09\/tn_32077.jpg\" alt=\"\" srcset=\"https:\/\/slotcar.hu\/wp-content\/uploads\/2025\/09\/tn_32077.jpg 940w, https:\/\/slotcar.hu\/wp-content\/uploads\/2025\/09\/tn_32077-300x180.jpg 300w, https:\/\/slotcar.hu\/wp-content\/uploads\/2025\/09\/tn_32077-768x461.jpg 768w\" sizes=\"(max-width: 150px) 100vw, 150px\" \/><\/td><\/tr><tr><td class=\"has-text-align-center\" data-align=\"center\"><strong>SRT \u2013 Senna Racing Team<\/strong><\/td><td class=\"has-text-align-center\" data-align=\"center\"><img loading=\"lazy\" decoding=\"async\" width=\"150\" height=\"150\" class=\"wp-image-5493\" style=\"width: 150px;\" src=\"https:\/\/slotcar.hu\/wp-content\/uploads\/2025\/12\/converted-25.jpeg\" alt=\"\" srcset=\"https:\/\/slotcar.hu\/wp-content\/uploads\/2025\/12\/converted-25.jpeg 900w, https:\/\/slotcar.hu\/wp-content\/uploads\/2025\/12\/converted-25-300x300.jpeg 300w, https:\/\/slotcar.hu\/wp-content\/uploads\/2025\/12\/converted-25-150x150.jpeg 150w, https:\/\/slotcar.hu\/wp-content\/uploads\/2025\/12\/converted-25-768x768.jpeg 768w\" sizes=\"(max-width: 150px) 100vw, 150px\" \/><\/td><td class=\"has-text-align-center\" data-align=\"center\"><strong>Sanyi<\/strong><br>Lamborghini<\/td><td class=\"has-text-align-center\" data-align=\"center\"><img loading=\"lazy\" decoding=\"async\" width=\"150\" height=\"92\" class=\"wp-image-5203\" style=\"width: 150px;\" src=\"https:\/\/slotcar.hu\/wp-content\/uploads\/2025\/11\/converted-4.jpeg\" alt=\"\" srcset=\"https:\/\/slotcar.hu\/wp-content\/uploads\/2025\/11\/converted-4.jpeg 500w, https:\/\/slotcar.hu\/wp-content\/uploads\/2025\/11\/converted-4-300x183.jpeg 300w\" sizes=\"(max-width: 150px) 100vw, 150px\" \/><\/td><td class=\"has-text-align-center\" data-align=\"center\"><\/td><td class=\"has-text-align-center\" data-align=\"center\"><\/td><\/tr><tr><td class=\"has-text-align-center\" data-align=\"center\"><strong>Ainkrad<br>Porsche Race Team<\/strong><\/td><td class=\"has-text-align-center\" data-align=\"center\"><img loading=\"lazy\" decoding=\"async\" width=\"100\" height=\"100\" class=\"wp-image-3394\" style=\"width: 100px;\" src=\"https:\/\/slotcar.hu\/wp-content\/uploads\/2024\/09\/ainkrad-logo_kicsi.png\" alt=\"\" srcset=\"https:\/\/slotcar.hu\/wp-content\/uploads\/2024\/09\/ainkrad-logo_kicsi.png 360w, https:\/\/slotcar.hu\/wp-content\/uploads\/2024\/09\/ainkrad-logo_kicsi-300x300.png 300w, https:\/\/slotcar.hu\/wp-content\/uploads\/2024\/09\/ainkrad-logo_kicsi-150x150.png 150w\" sizes=\"(max-width: 100px) 100vw, 100px\" \/><\/td><td class=\"has-text-align-center\" data-align=\"center\"><strong>Kopi<\/strong><br>Porsche RSR<\/td><td class=\"has-text-align-center\" data-align=\"center\"><img loading=\"lazy\" decoding=\"async\" width=\"150\" height=\"94\" class=\"wp-image-4330\" style=\"width: 150px;\" src=\"https:\/\/slotcar.hu\/wp-content\/uploads\/2025\/03\/27607.png\" alt=\"\" srcset=\"https:\/\/slotcar.hu\/wp-content\/uploads\/2025\/03\/27607.png 425w, https:\/\/slotcar.hu\/wp-content\/uploads\/2025\/03\/27607-300x188.png 300w, https:\/\/slotcar.hu\/wp-content\/uploads\/2025\/03\/27607-400x250.png 400w\" sizes=\"(max-width: 150px) 100vw, 150px\" \/><\/td><td class=\"has-text-align-center\" data-align=\"center\"><strong>Hunor<\/strong><br>Porsche RSR<\/td><td class=\"has-text-align-center\" data-align=\"center\"><img loading=\"lazy\" decoding=\"async\" width=\"150\" height=\"85\" class=\"wp-image-4329\" style=\"width: 150px;\" src=\"https:\/\/slotcar.hu\/wp-content\/uploads\/2025\/03\/carrera-evolution-27742-porsche-911-rsr-proton-competition-no93.png\" alt=\"\" srcset=\"https:\/\/slotcar.hu\/wp-content\/uploads\/2025\/03\/carrera-evolution-27742-porsche-911-rsr-proton-competition-no93.png 1204w, https:\/\/slotcar.hu\/wp-content\/uploads\/2025\/03\/carrera-evolution-27742-porsche-911-rsr-proton-competition-no93-300x171.png 300w, https:\/\/slotcar.hu\/wp-content\/uploads\/2025\/03\/carrera-evolution-27742-porsche-911-rsr-proton-competition-no93-1024x583.png 1024w, https:\/\/slotcar.hu\/wp-content\/uploads\/2025\/03\/carrera-evolution-27742-porsche-911-rsr-proton-competition-no93-768x438.png 768w\" sizes=\"(max-width: 150px) 100vw, 150px\" \/><\/td><\/tr><tr><td class=\"has-text-align-center\" data-align=\"center\"><strong>XY Team Dominik<\/strong><\/td><td class=\"has-text-align-center\" data-align=\"center\"><\/td><td class=\"has-text-align-center\" data-align=\"center\"><strong>Dominik<\/strong><br>BMW M6 GT<\/td><td class=\"has-text-align-center\" data-align=\"center\"><img loading=\"lazy\" decoding=\"async\" width=\"150\" height=\"102\" class=\"wp-image-877\" style=\"width: 150px;\" src=\"https:\/\/slotcar.hu\/wp-content\/uploads\/2022\/12\/30871_BMW-M6-GT3.jpg\" alt=\"\" srcset=\"https:\/\/slotcar.hu\/wp-content\/uploads\/2022\/12\/30871_BMW-M6-GT3.jpg 1052w, https:\/\/slotcar.hu\/wp-content\/uploads\/2022\/12\/30871_BMW-M6-GT3-300x204.jpg 300w, https:\/\/slotcar.hu\/wp-content\/uploads\/2022\/12\/30871_BMW-M6-GT3-1024x696.jpg 1024w, https:\/\/slotcar.hu\/wp-content\/uploads\/2022\/12\/30871_BMW-M6-GT3-768x522.jpg 768w\" sizes=\"(max-width: 150px) 100vw, 150px\" \/><\/td><td class=\"has-text-align-center\" data-align=\"center\"><\/td><td class=\"has-text-align-center\" data-align=\"center\"><\/td><\/tr><tr><td class=\"has-text-align-center\" data-align=\"center\"><strong>Furious Wolves<br>Red Bull Team<\/strong><\/td><td class=\"has-text-align-center\" data-align=\"center\"><img loading=\"lazy\" decoding=\"async\" width=\"100\" height=\"100\" class=\"wp-image-4166\" style=\"width: 100px;\" src=\"https:\/\/slotcar.hu\/wp-content\/uploads\/2025\/01\/Furious-Wolve-Redbull-Team-Logo.png\" alt=\"\" srcset=\"https:\/\/slotcar.hu\/wp-content\/uploads\/2025\/01\/Furious-Wolve-Redbull-Team-Logo.png 1120w, https:\/\/slotcar.hu\/wp-content\/uploads\/2025\/01\/Furious-Wolve-Redbull-Team-Logo-300x300.png 300w, https:\/\/slotcar.hu\/wp-content\/uploads\/2025\/01\/Furious-Wolve-Redbull-Team-Logo-1024x1024.png 1024w, https:\/\/slotcar.hu\/wp-content\/uploads\/2025\/01\/Furious-Wolve-Redbull-Team-Logo-150x150.png 150w, https:\/\/slotcar.hu\/wp-content\/uploads\/2025\/01\/Furious-Wolve-Redbull-Team-Logo-768x768.png 768w\" sizes=\"(max-width: 100px) 100vw, 100px\" \/><\/td><td class=\"has-text-align-center\" data-align=\"center\"><strong>Ateg<\/strong><br>Aston Martin<\/td><td class=\"has-text-align-center\" data-align=\"center\"><img loading=\"lazy\" decoding=\"async\" width=\"150\" height=\"95\" class=\"wp-image-5563\" style=\"width: 150px;\" src=\"https:\/\/slotcar.hu\/wp-content\/uploads\/2026\/02\/27804.png\" alt=\"\" srcset=\"https:\/\/slotcar.hu\/wp-content\/uploads\/2026\/02\/27804.png 1072w, https:\/\/slotcar.hu\/wp-content\/uploads\/2026\/02\/27804-300x191.png 300w, https:\/\/slotcar.hu\/wp-content\/uploads\/2026\/02\/27804-1024x651.png 1024w, https:\/\/slotcar.hu\/wp-content\/uploads\/2026\/02\/27804-768x489.png 768w, https:\/\/slotcar.hu\/wp-content\/uploads\/2026\/02\/27804-800x500.png 800w, https:\/\/slotcar.hu\/wp-content\/uploads\/2026\/02\/27804-540x340.png 540w, https:\/\/slotcar.hu\/wp-content\/uploads\/2026\/02\/27804-400x250.png 400w\" sizes=\"(max-width: 150px) 100vw, 150px\" \/><\/td><td class=\"has-text-align-center\" data-align=\"center\"><strong>Magor<\/strong><br>Aston Martin<\/td><td class=\"has-text-align-center\" data-align=\"center\"><img loading=\"lazy\" decoding=\"async\" width=\"150\" height=\"101\" class=\"wp-image-1492\" style=\"width: 150px;\" src=\"https:\/\/slotcar.hu\/wp-content\/uploads\/2024\/01\/31020.jpg\" alt=\"\" srcset=\"https:\/\/slotcar.hu\/wp-content\/uploads\/2024\/01\/31020.jpg 953w, https:\/\/slotcar.hu\/wp-content\/uploads\/2024\/01\/31020-300x203.jpg 300w, https:\/\/slotcar.hu\/wp-content\/uploads\/2024\/01\/31020-768x519.jpg 768w\" sizes=\"(max-width: 150px) 100vw, 150px\" \/><\/td><\/tr><tr><td class=\"has-text-align-center\" data-align=\"center\"><strong>Megyk\u00f3 Racing Team<\/strong><\/td><td class=\"has-text-align-center\" data-align=\"center\"><img loading=\"lazy\" decoding=\"async\" width=\"150\" height=\"155\" class=\"wp-image-5704\" style=\"width: 150px;\" src=\"https:\/\/slotcar.hu\/wp-content\/uploads\/2026\/03\/megyko_png.png\" alt=\"\" srcset=\"https:\/\/slotcar.hu\/wp-content\/uploads\/2026\/03\/megyko_png.png 608w, https:\/\/slotcar.hu\/wp-content\/uploads\/2026\/03\/megyko_png-290x300.png 290w\" sizes=\"(max-width: 150px) 100vw, 150px\" \/><\/td><td class=\"has-text-align-center\" data-align=\"center\"><strong>M\u00e1rk<\/strong><br>Audi RS5<\/td><td class=\"has-text-align-center\" data-align=\"center\"><img loading=\"lazy\" decoding=\"async\" width=\"150\" height=\"97\" class=\"wp-image-4292\" style=\"width: 150px;\" src=\"https:\/\/slotcar.hu\/wp-content\/uploads\/2025\/03\/20030880_Fahrzeug_HIGH_960x619.png\" alt=\"\" srcset=\"https:\/\/slotcar.hu\/wp-content\/uploads\/2025\/03\/20030880_Fahrzeug_HIGH_960x619.png 960w, https:\/\/slotcar.hu\/wp-content\/uploads\/2025\/03\/20030880_Fahrzeug_HIGH_960x619-300x193.png 300w, https:\/\/slotcar.hu\/wp-content\/uploads\/2025\/03\/20030880_Fahrzeug_HIGH_960x619-768x495.png 768w\" sizes=\"(max-width: 150px) 100vw, 150px\" \/><\/td><td class=\"has-text-align-center\" data-align=\"center\">Adri\u00e1n<br>Audi RS8<\/td><td class=\"has-text-align-center\" data-align=\"center\"><img loading=\"lazy\" decoding=\"async\" width=\"150\" height=\"91\" class=\"wp-image-4295\" style=\"width: 150px;\" src=\"https:\/\/slotcar.hu\/wp-content\/uploads\/2025\/03\/23982-audi-r8-lms.png\" alt=\"\" srcset=\"https:\/\/slotcar.hu\/wp-content\/uploads\/2025\/03\/23982-audi-r8-lms.png 970w, https:\/\/slotcar.hu\/wp-content\/uploads\/2025\/03\/23982-audi-r8-lms-300x183.png 300w, https:\/\/slotcar.hu\/wp-content\/uploads\/2025\/03\/23982-audi-r8-lms-768x468.png 768w\" sizes=\"(max-width: 150px) 100vw, 150px\" \/><\/td><\/tr><\/tbody><\/table><\/figure>\n","protected":false},"excerpt":{"rendered":"<p>Csapat neve Log\u00f3 Pil\u00f3ta 1 Aut\u00f3 Pil\u00f3ta 2 Aut\u00f3 HBMotorsport H\u00f6riBMW M4 GT BuleBMW M4&#8230;<\/p>\n","protected":false},"author":1,"featured_media":0,"parent":0,"menu_order":0,"comment_status":"closed","ping_status":"closed","template":"","meta":{"footnotes":""},"class_list":["post-5212","page","type-page","status-publish","hentry"],"_links":{"self":[{"href":"https:\/\/slotcar.hu\/index.php\/wp-json\/wp\/v2\/pages\/5212"}],"collection":[{"href":"https:\/\/slotcar.hu\/index.php\/wp-json\/wp\/v2\/pages"}],"about":[{"href":"https:\/\/slotcar.hu\/index.php\/wp-json\/wp\/v2\/types\/page"}],"author":[{"embeddable":true,"href":"https:\/\/slotcar.hu\/index.php\/wp-json\/wp\/v2\/users\/1"}],"replies":[{"embeddable":true,"href":"https:\/\/slotcar.hu\/index.php\/wp-json\/wp\/v2\/comments?post=5212"}],"version-history":[{"count":11,"href":"https:\/\/slotcar.hu\/index.php\/wp-json\/wp\/v2\/pages\/5212\/revisions"}],"predecessor-version":[{"id":5755,"href":"https:\/\/slotcar.hu\/index.php\/wp-json\/wp\/v2\/pages\/5212\/revisions\/5755"}],"wp:attachment":[{"href":"https:\/\/slotcar.hu\/index.php\/wp-json\/wp\/v2\/media?parent=5212"}],"curies":[{"name":"wp","href":"https:\/\/api.w.org\/{rel}","templated":true}]}}