{"id":5157,"date":"2025-10-26T13:00:21","date_gmt":"2025-10-26T13:00:21","guid":{"rendered":"https:\/\/slotcar.hu\/?page_id=5157"},"modified":"2025-10-26T13:09:07","modified_gmt":"2025-10-26T13:09:07","slug":"youtube","status":"publish","type":"page","link":"https:\/\/slotcar.hu\/index.php\/youtube\/","title":{"rendered":"YouTube"},"content":{"rendered":"\n<p class=\"has-text-align-center\"><strong>\u00c9rdekes tartalmak\u00e9rt keresd a csatorn\u00e1nkat<\/strong><\/p>\n\n\n<div class=\"wp-block-image\">\n<figure class=\"aligncenter size-large is-resized\"><a href=\"https:\/\/www.youtube.com\/@slotcarhungary\/videos\" target=\"_blank\" rel=\"noreferrer noopener\"><img loading=\"lazy\" decoding=\"async\" width=\"1024\" height=\"717\" src=\"https:\/\/slotcar.hu\/wp-content\/uploads\/2025\/10\/YouTube_full-color_icon_2017.svg_-1024x717.png\" alt=\"\" class=\"wp-image-5162\" style=\"width:141px;height:auto\" srcset=\"https:\/\/slotcar.hu\/wp-content\/uploads\/2025\/10\/YouTube_full-color_icon_2017.svg_-1024x717.png 1024w, https:\/\/slotcar.hu\/wp-content\/uploads\/2025\/10\/YouTube_full-color_icon_2017.svg_-300x210.png 300w, https:\/\/slotcar.hu\/wp-content\/uploads\/2025\/10\/YouTube_full-color_icon_2017.svg_-768x538.png 768w, https:\/\/slotcar.hu\/wp-content\/uploads\/2025\/10\/YouTube_full-color_icon_2017.svg_-1536x1076.png 1536w, https:\/\/slotcar.hu\/wp-content\/uploads\/2025\/10\/YouTube_full-color_icon_2017.svg_-2048x1434.png 2048w\" sizes=\"(max-width: 1024px) 100vw, 1024px\" \/><\/a><\/figure><\/div>\n\n\n<figure class=\"wp-block-embed is-type-video is-provider-youtube wp-block-embed-youtube wp-embed-aspect-16-9 wp-has-aspect-ratio\"><div class=\"wp-block-embed__wrapper\">\n<iframe loading=\"lazy\" title=\"Bemutatkoz\u00f3\" width=\"640\" height=\"360\" src=\"https:\/\/www.youtube.com\/embed\/-AFYi-5tI9Q?feature=oembed\" frameborder=\"0\" allow=\"accelerometer; autoplay; clipboard-write; encrypted-media; gyroscope; picture-in-picture; web-share\" referrerpolicy=\"strict-origin-when-cross-origin\" allowfullscreen><\/iframe>\n<\/div><\/figure>\n","protected":false},"excerpt":{"rendered":"<p>\u00c9rdekes tartalmak\u00e9rt keresd a csatorn\u00e1nkat<\/p>\n","protected":false},"author":1,"featured_media":0,"parent":0,"menu_order":0,"comment_status":"closed","ping_status":"closed","template":"","meta":{"footnotes":""},"class_list":["post-5157","page","type-page","status-publish","hentry"],"_links":{"self":[{"href":"https:\/\/slotcar.hu\/index.php\/wp-json\/wp\/v2\/pages\/5157"}],"collection":[{"href":"https:\/\/slotcar.hu\/index.php\/wp-json\/wp\/v2\/pages"}],"about":[{"href":"https:\/\/slotcar.hu\/index.php\/wp-json\/wp\/v2\/types\/page"}],"author":[{"embeddable":true,"href":"https:\/\/slotcar.hu\/index.php\/wp-json\/wp\/v2\/users\/1"}],"replies":[{"embeddable":true,"href":"https:\/\/slotcar.hu\/index.php\/wp-json\/wp\/v2\/comments?post=5157"}],"version-history":[{"count":5,"href":"https:\/\/slotcar.hu\/index.php\/wp-json\/wp\/v2\/pages\/5157\/revisions"}],"predecessor-version":[{"id":5166,"href":"https:\/\/slotcar.hu\/index.php\/wp-json\/wp\/v2\/pages\/5157\/revisions\/5166"}],"wp:attachment":[{"href":"https:\/\/slotcar.hu\/index.php\/wp-json\/wp\/v2\/media?parent=5157"}],"curies":[{"name":"wp","href":"https:\/\/api.w.org\/{rel}","templated":true}]}}