{"id":4601,"date":"2025-08-31T20:03:39","date_gmt":"2025-08-31T20:03:39","guid":{"rendered":"https:\/\/slotcar.hu\/?page_id=4601"},"modified":"2025-09-01T12:30:35","modified_gmt":"2025-09-01T12:30:35","slug":"alpine","status":"publish","type":"page","link":"https:\/\/slotcar.hu\/index.php\/alpine\/","title":{"rendered":"Alpine"},"content":{"rendered":"\n<figure class=\"wp-block-table\"><table class=\"has-fixed-layout\"><tbody><tr><td class=\"has-text-align-center\" data-align=\"center\"><img loading=\"lazy\" decoding=\"async\" width=\"2000\" height=\"437\" class=\"wp-image-4559\" style=\"width: 2000px;\" src=\"https:\/\/slotcar.hu\/wp-content\/uploads\/2025\/08\/tn_alpine.jpg\" alt=\"\" srcset=\"https:\/\/slotcar.hu\/wp-content\/uploads\/2025\/08\/tn_alpine.jpg 1697w, https:\/\/slotcar.hu\/wp-content\/uploads\/2025\/08\/tn_alpine-300x66.jpg 300w, https:\/\/slotcar.hu\/wp-content\/uploads\/2025\/08\/tn_alpine-1024x224.jpg 1024w, https:\/\/slotcar.hu\/wp-content\/uploads\/2025\/08\/tn_alpine-768x168.jpg 768w, https:\/\/slotcar.hu\/wp-content\/uploads\/2025\/08\/tn_alpine-1536x336.jpg 1536w\" sizes=\"(max-width: 2000px) 100vw, 2000px\" \/><\/td><\/tr><\/tbody><\/table><figcaption class=\"wp-element-caption\">Az\u00a0<strong>Alpine F1 Team<\/strong> egy francia\u00a0Formula\u20131-es csapat, amelynek sz\u00e9khelye az\u00a0Egyes\u00fclt Kir\u00e1lys\u00e1gban\u00a0van. <br>A francia\u00a0<strong>Groupe Renault<\/strong>\u00a0aut\u00f3ipari v\u00e1llalat tulajdon\u00e1ban van. A csapat a\u00a0<strong>2021-es<\/strong> Formula\u20131 vil\u00e1gbajnoks\u00e1gon\u00a0deb\u00fct\u00e1lt a Renault-r\u00f3l az Alpine-re t\u00f6rt\u00e9n\u0151 \u00e1trendez\u0151d\u00e9s eredm\u00e9nyek\u00e9nt, az\u00a0Alpine\u00a0m\u00e1rka n\u00e9pszer\u0171s\u00edt\u00e9se \u00e9rdek\u00e9ben. <br><br>A m\u00e1rkanevek ellen\u00e9re az Alpine F1 Team tov\u00e1bbra is a Renault munkacsoportjak\u00e9nt fog szolg\u00e1lni, mivel az Alpine a Renault le\u00e1nyv\u00e1llalata.\u00a0<\/figcaption><\/figure>\n\n\n\n<div class=\"wp-block-media-text is-stacked-on-mobile\"><figure class=\"wp-block-media-text__media\"><img loading=\"lazy\" decoding=\"async\" width=\"829\" height=\"563\" src=\"https:\/\/slotcar.hu\/wp-content\/uploads\/2025\/08\/tn_gasly.jpg\" alt=\"\" class=\"wp-image-4652 size-full\" srcset=\"https:\/\/slotcar.hu\/wp-content\/uploads\/2025\/08\/tn_gasly.jpg 829w, https:\/\/slotcar.hu\/wp-content\/uploads\/2025\/08\/tn_gasly-300x204.jpg 300w, https:\/\/slotcar.hu\/wp-content\/uploads\/2025\/08\/tn_gasly-768x522.jpg 768w\" sizes=\"(max-width: 829px) 100vw, 829px\" \/><\/figure><div class=\"wp-block-media-text__content\">\n<p><\/p>\n<\/div><\/div>\n\n\n\n<div class=\"wp-block-media-text has-media-on-the-right is-stacked-on-mobile\"><div class=\"wp-block-media-text__content\">\n<p><\/p>\n<\/div><figure class=\"wp-block-media-text__media\"><img loading=\"lazy\" decoding=\"async\" width=\"825\" height=\"561\" src=\"https:\/\/slotcar.hu\/wp-content\/uploads\/2025\/08\/tn_colapinto.jpg\" alt=\"\" class=\"wp-image-4653 size-full\" srcset=\"https:\/\/slotcar.hu\/wp-content\/uploads\/2025\/08\/tn_colapinto.jpg 825w, https:\/\/slotcar.hu\/wp-content\/uploads\/2025\/08\/tn_colapinto-300x204.jpg 300w, https:\/\/slotcar.hu\/wp-content\/uploads\/2025\/08\/tn_colapinto-768x522.jpg 768w\" sizes=\"(max-width: 825px) 100vw, 825px\" \/><\/figure><\/div>\n","protected":false},"excerpt":{"rendered":"<p>Az\u00a0Alpine F1 Team egy francia\u00a0Formula\u20131-es csapat, amelynek sz\u00e9khelye az\u00a0Egyes\u00fclt Kir\u00e1lys\u00e1gban\u00a0van. A francia\u00a0Groupe Renault\u00a0aut\u00f3ipari v\u00e1llalat tulajdon\u00e1ban&#8230;<\/p>\n","protected":false},"author":1,"featured_media":0,"parent":0,"menu_order":0,"comment_status":"closed","ping_status":"closed","template":"","meta":{"footnotes":""},"class_list":["post-4601","page","type-page","status-publish","hentry"],"_links":{"self":[{"href":"https:\/\/slotcar.hu\/index.php\/wp-json\/wp\/v2\/pages\/4601"}],"collection":[{"href":"https:\/\/slotcar.hu\/index.php\/wp-json\/wp\/v2\/pages"}],"about":[{"href":"https:\/\/slotcar.hu\/index.php\/wp-json\/wp\/v2\/types\/page"}],"author":[{"embeddable":true,"href":"https:\/\/slotcar.hu\/index.php\/wp-json\/wp\/v2\/users\/1"}],"replies":[{"embeddable":true,"href":"https:\/\/slotcar.hu\/index.php\/wp-json\/wp\/v2\/comments?post=4601"}],"version-history":[{"count":3,"href":"https:\/\/slotcar.hu\/index.php\/wp-json\/wp\/v2\/pages\/4601\/revisions"}],"predecessor-version":[{"id":4676,"href":"https:\/\/slotcar.hu\/index.php\/wp-json\/wp\/v2\/pages\/4601\/revisions\/4676"}],"wp:attachment":[{"href":"https:\/\/slotcar.hu\/index.php\/wp-json\/wp\/v2\/media?parent=4601"}],"curies":[{"name":"wp","href":"https:\/\/api.w.org\/{rel}","templated":true}]}}