{"id":4595,"date":"2025-08-31T20:02:02","date_gmt":"2025-08-31T20:02:02","guid":{"rendered":"https:\/\/slotcar.hu\/?page_id=4595"},"modified":"2025-09-01T12:26:27","modified_gmt":"2025-09-01T12:26:27","slug":"mercedes","status":"publish","type":"page","link":"https:\/\/slotcar.hu\/index.php\/mercedes\/","title":{"rendered":"Mercedes"},"content":{"rendered":"\n<figure class=\"wp-block-table\"><table class=\"has-fixed-layout\"><tbody><tr><td class=\"has-text-align-center\" data-align=\"center\"><img loading=\"lazy\" decoding=\"async\" width=\"2000\" height=\"441\" class=\"wp-image-4560\" style=\"width: 2000px;\" src=\"https:\/\/slotcar.hu\/wp-content\/uploads\/2025\/08\/tn_mercedes.jpg\" alt=\"\" srcset=\"https:\/\/slotcar.hu\/wp-content\/uploads\/2025\/08\/tn_mercedes.jpg 1695w, https:\/\/slotcar.hu\/wp-content\/uploads\/2025\/08\/tn_mercedes-300x66.jpg 300w, https:\/\/slotcar.hu\/wp-content\/uploads\/2025\/08\/tn_mercedes-1024x226.jpg 1024w, https:\/\/slotcar.hu\/wp-content\/uploads\/2025\/08\/tn_mercedes-768x169.jpg 768w, https:\/\/slotcar.hu\/wp-content\/uploads\/2025\/08\/tn_mercedes-1536x339.jpg 1536w\" sizes=\"(max-width: 2000px) 100vw, 2000px\" \/><\/td><\/tr><\/tbody><\/table><figcaption class=\"wp-element-caption\">A\u00a0<strong>Mercedes<\/strong>\u00a0egy n\u00e9met\u00a0Formula\u20131-es csapat, ami\u00a02010\u00a0\u00f3ta a\u00a0Brawn GP\u00a0ut\u00f3djak\u00e9nt vesz r\u00e9szt a\u00a0Formula\u20131-es vil\u00e1gbajnoks\u00e1gban.<br>A Mercedes kor\u00e1bban 1954-55-ben szerepelt saj\u00e1t csapattal a versenysorozatban, akkor\u00a0<strong>Juan Manuel Fangio<\/strong>\u00a0mindk\u00e9t \u00e9vben vil\u00e1gbajnok lett.\u00a0<br>A visszat\u00e9r\u00e9st k\u00f6vet\u0151en a <strong>2012-es k\u00ednai nagyd\u00edjon nyertek el\u0151sz\u00f6r futamot\u00a0Nico Rosberg\u00a0r\u00e9v\u00e9n<\/strong>.<br><br><strong>2014-ben<\/strong> a csapat nagy f\u00f6l\u00e9nnyel megszerezte els\u0151 konstrukt\u0151r-vil\u00e1gbajnoki c\u00edm\u00e9t (az 1954\u201355-\u00f6s szerepl\u00e9s idej\u00e9n ezt m\u00e9g nem \u00e9rt\u00e9kelt\u00e9k), \u00e9s az egy\u00e9ni vil\u00e1gbajnoks\u00e1g is k\u00e9t versenyz\u0151je, <strong>Rosberg <\/strong>\u00e9s\u00a0<strong>Lewis Hamilton\u00a0<\/strong>k\u00f6z\u00f6tt d\u0151lt el, kettej\u00fck vet\u00e9lked\u00e9s\u00e9b\u0151l \u00e9v v\u00e9g\u00e9n Hamilton ker\u00fclt ki gy\u0151ztesen. 2015-ben Hamilton \u00e9s a csapat is megv\u00e9dte a c\u00edm\u00e9t.<br><strong>2016-ban<\/strong> ism\u00e9t a <strong>Mercedes nyerte mindk\u00e9t vil\u00e1gbajnoki c\u00edmet<\/strong>, de a k\u00e9t pil\u00f3ta k\u00f6z\u00fcl ez\u00fattal Rosberg kerekedett fel\u00fcl.<br>N\u00e9h\u00e1ny nappal a bajnoki c\u00edme ut\u00e1n Rosberg v\u00e1ratlanul bejelentette a visszavonul\u00e1s\u00e1t. Hely\u00e9t a Williamst\u0151l \u00e9rkez\u0151\u00a0<strong>Valtteri Bottas<\/strong>\u00a0vette \u00e1t.<br><br><strong>2017-ben <\/strong>\u00e9s <strong>2018-ban<\/strong> a\u00a0Ferrari\u00a0a kor\u00e1bbin\u00e1l versenyk\u00e9pesebb riv\u00e1lisnak bizonyult, de a Mercedesnek mindk\u00e9t szezonban siker\u00fclt fel\u00fclkerekednie, \u00e9s Hamiltonnal \u00fajabb vil\u00e1gbajnoki c\u00edmeket szereznie. 2019-re a Ferrari valamelyest visszaesett, a\u00a0<strong>Kimi R\u00e4ikk\u00f6nen<\/strong>\u00a0hely\u00e9t \u00e1tvev\u0151\u00a0<strong>Charles Leclerc<\/strong>\u00a0p\u00e1r versenyen er\u0151s ellenf\u00e9lnek bizonyult a\u00a0Red Bullos\u00a0<strong>Max Verstappennel\u00a0<\/strong>egy\u00fctt, \u00e1m \u00edgy sem tudta \u0151ket senki letasz\u00edtani a tr\u00f3nr\u00f3l,\u00a0Lewis Hamilton\u00a0egy\u00e9niben ism\u00e9t gy\u0151z\u00f6tt \u00e9s a csapat is \u00fajra bajnok lett.<br><br>A <strong>2020-as<\/strong>, a\u00a0Covid-19\u00a0miatt csonk\u00e1ra sikeredett \u00e9vet hatalmas f\u00f6l\u00e9nnyel siker\u00fclt ism\u00e9t megnyerni\u00fck, ez\u00fattal k\u00fcl\u00f6n\u00f6sebb kih\u00edv\u00f3 n\u00e9lk\u00fcl.\u00a0<strong>2021-ben<\/strong> a\u00a02020-as aut\u00f3k \u00e1tdolgozott versenyaut\u00f3it haszn\u00e1lt\u00e1k a csapatok, ezt a Red Bull haszn\u00e1lta ki a legjobban az \u00e9v els\u0151 fel\u00e9ben, ezzel siker\u00fcl az \u00e9v v\u00e9g\u00e9n Max Verstappennek megvernie Lewis Hamiltont, \u00edgy a holland versenyz\u0151 lett a vil\u00e1gbajnok az \u00e9v utols\u00f3 verseny\u00e9n, de <strong>a konstrukt\u0151ri bajnoki c\u00edm ism\u00e9t a Mercedes\u00e9 lett.<\/strong>\u00a0<br><br><strong>2022-t\u0151l<\/strong>\u00a0Valtteri Bottas\u00a0hely\u00e9t\u00a0<strong>George Russell<\/strong>\u00a0vette \u00e1t. A szab\u00e1lyv\u00e1ltoz\u00e1sok nem j\u00f6ttek ki j\u00f3l a csapat sz\u00e1m\u00e1ra, egyel\u0151re csak a harmadik er\u0151t k\u00e9pviselik, \u00fagy n\u00e9z ki, holtversenyben a\u00a0McLarennel\u00a0a Ferrari \u00e9s a Red Bull m\u00f6g\u00f6tt.<\/figcaption><\/figure>\n\n\n\n<div class=\"wp-block-media-text is-stacked-on-mobile\"><figure class=\"wp-block-media-text__media\"><img loading=\"lazy\" decoding=\"async\" width=\"821\" height=\"557\" src=\"https:\/\/slotcar.hu\/wp-content\/uploads\/2025\/08\/tn_russel.jpg\" alt=\"\" class=\"wp-image-4645 size-full\" srcset=\"https:\/\/slotcar.hu\/wp-content\/uploads\/2025\/08\/tn_russel.jpg 821w, https:\/\/slotcar.hu\/wp-content\/uploads\/2025\/08\/tn_russel-300x204.jpg 300w, https:\/\/slotcar.hu\/wp-content\/uploads\/2025\/08\/tn_russel-768x521.jpg 768w\" sizes=\"(max-width: 821px) 100vw, 821px\" \/><\/figure><div class=\"wp-block-media-text__content\">\n<p><\/p>\n<\/div><\/div>\n\n\n\n<div class=\"wp-block-media-text has-media-on-the-right is-stacked-on-mobile\"><div class=\"wp-block-media-text__content\">\n<p><\/p>\n<\/div><figure class=\"wp-block-media-text__media\"><img loading=\"lazy\" decoding=\"async\" width=\"828\" height=\"561\" src=\"https:\/\/slotcar.hu\/wp-content\/uploads\/2025\/08\/tn_antonelli.jpg\" alt=\"\" class=\"wp-image-4647 size-full\" srcset=\"https:\/\/slotcar.hu\/wp-content\/uploads\/2025\/08\/tn_antonelli.jpg 828w, https:\/\/slotcar.hu\/wp-content\/uploads\/2025\/08\/tn_antonelli-300x203.jpg 300w, https:\/\/slotcar.hu\/wp-content\/uploads\/2025\/08\/tn_antonelli-768x520.jpg 768w\" sizes=\"(max-width: 828px) 100vw, 828px\" \/><\/figure><\/div>\n","protected":false},"excerpt":{"rendered":"<p>A\u00a0Mercedes\u00a0egy n\u00e9met\u00a0Formula\u20131-es csapat, ami\u00a02010\u00a0\u00f3ta a\u00a0Brawn GP\u00a0ut\u00f3djak\u00e9nt vesz r\u00e9szt a\u00a0Formula\u20131-es vil\u00e1gbajnoks\u00e1gban.A Mercedes kor\u00e1bban 1954-55-ben szerepelt saj\u00e1t&#8230;<\/p>\n","protected":false},"author":1,"featured_media":0,"parent":0,"menu_order":0,"comment_status":"closed","ping_status":"closed","template":"","meta":{"footnotes":""},"class_list":["post-4595","page","type-page","status-publish","hentry"],"_links":{"self":[{"href":"https:\/\/slotcar.hu\/index.php\/wp-json\/wp\/v2\/pages\/4595"}],"collection":[{"href":"https:\/\/slotcar.hu\/index.php\/wp-json\/wp\/v2\/pages"}],"about":[{"href":"https:\/\/slotcar.hu\/index.php\/wp-json\/wp\/v2\/types\/page"}],"author":[{"embeddable":true,"href":"https:\/\/slotcar.hu\/index.php\/wp-json\/wp\/v2\/users\/1"}],"replies":[{"embeddable":true,"href":"https:\/\/slotcar.hu\/index.php\/wp-json\/wp\/v2\/comments?post=4595"}],"version-history":[{"count":3,"href":"https:\/\/slotcar.hu\/index.php\/wp-json\/wp\/v2\/pages\/4595\/revisions"}],"predecessor-version":[{"id":4672,"href":"https:\/\/slotcar.hu\/index.php\/wp-json\/wp\/v2\/pages\/4595\/revisions\/4672"}],"wp:attachment":[{"href":"https:\/\/slotcar.hu\/index.php\/wp-json\/wp\/v2\/media?parent=4595"}],"curies":[{"name":"wp","href":"https:\/\/api.w.org\/{rel}","templated":true}]}}