{"id":4589,"date":"2025-08-31T19:59:45","date_gmt":"2025-08-31T19:59:45","guid":{"rendered":"https:\/\/slotcar.hu\/?page_id=4589"},"modified":"2025-09-01T12:11:04","modified_gmt":"2025-09-01T12:11:04","slug":"red-bull-racing","status":"publish","type":"page","link":"https:\/\/slotcar.hu\/index.php\/red-bull-racing\/","title":{"rendered":"Red Bull Racing"},"content":{"rendered":"\n<figure class=\"wp-block-table\"><table class=\"has-fixed-layout\"><tbody><tr><td class=\"has-text-align-center\" data-align=\"center\"><img loading=\"lazy\" decoding=\"async\" width=\"2000\" height=\"434\" class=\"wp-image-4562\" style=\"width: 2000px;\" src=\"https:\/\/slotcar.hu\/wp-content\/uploads\/2025\/08\/tn_redbull.jpg\" alt=\"\" srcset=\"https:\/\/slotcar.hu\/wp-content\/uploads\/2025\/08\/tn_redbull.jpg 1697w, https:\/\/slotcar.hu\/wp-content\/uploads\/2025\/08\/tn_redbull-300x65.jpg 300w, https:\/\/slotcar.hu\/wp-content\/uploads\/2025\/08\/tn_redbull-1024x222.jpg 1024w, https:\/\/slotcar.hu\/wp-content\/uploads\/2025\/08\/tn_redbull-768x167.jpg 768w, https:\/\/slotcar.hu\/wp-content\/uploads\/2025\/08\/tn_redbull-1536x333.jpg 1536w\" sizes=\"(max-width: 2000px) 100vw, 2000px\" \/><\/td><\/tr><\/tbody><\/table><figcaption class=\"wp-element-caption\">A\u00a0<strong>Red Bull Racing<\/strong>\u00a0a\u00a0Red Bull\u00a0energiaital-gy\u00e1r tulajdon\u00e1ban \u00e1ll\u00f3, osztr\u00e1k\u00a0Formula\u20131-es csapat. <br>A c\u00e9g m\u00e1sik csapata a\u00a0<strong>RB Formula One Team<\/strong>\u00a0(kor\u00e1bban\u00a0Scuderia AlphaTauri).  <strong>A csapat\u00a02005-ben deb\u00fct\u00e1lt az\u00a0ausztr\u00e1l nagyd\u00edjon<\/strong>. Jelenleg osztr\u00e1k licensszel versenyeznek. <strong>2010-2013 k\u00f6z\u00f6tt n\u00e9gy egy\u00e9ni \u00e9s konstrukt\u0151ri vil\u00e1gbajnoki c\u00edmet is nyertek Sebastian Vettellel<\/strong>. A 2014-t\u0151l kezd\u0151d\u0151 turb\u00f3korszakban teljes\u00edtm\u00e9ny\u00fck vissz\u00e1bb esett, de v\u00e9gig ott voltak a legjobb h\u00e1rom csapat k\u00f6z\u00f6tt (kiv\u00e9tel 2015). <br><br><strong>2021-ben<\/strong> \u00e9s <strong>2022-ben<\/strong>, illetve <strong>2023-ban<\/strong>\u00a0<strong>Max Verstappen<\/strong>\u00a0r\u00e9v\u00e9n megszerezt\u00e9k az hetedik egy\u00e9ni bajnoki c\u00edm\u00fcket. <br>2013 ut\u00e1n, <strong>2022-ben \u00e9s 2023-ban ism\u00e9t vil\u00e1gbajnok a csapat<\/strong>.<br>2025-t\u0151l P\u00e9rez hely\u00e9t\u00a0Liam Lawson\u00a0v\u00e1ltja, akit k\u00e9t fordul\u00f3 ut\u00e1n\u00a0Cunoda Yuki\u00a0k\u00f6vetett a pil\u00f3ta\u00fcl\u00e9sben.<br>A csapat <strong>2005-ben\u00a0Cosworth<\/strong>, <strong>2006-ban\u00a0Ferrari<\/strong>, <strong>2007\u20132018 k\u00f6z\u00f6tt\u00a0Renault<\/strong>, <strong>2019\u20132021 k\u00f6z\u00f6tt\u00a0Honda<\/strong>, <strong>2022-t\u0151l pedig a saj\u00e1t gy\u00e1rt\u00e1s\u00fa\u00a0Red Bull\u00a0motorokkal versenyez<\/strong>. <br>2026-t\u00f3l a\u00a0Ford\u00a0fogja ell\u00e1tni motorokkal a csapatot.<\/figcaption><\/figure>\n\n\n\n<div class=\"wp-block-media-text is-stacked-on-mobile\" style=\"grid-template-columns:42% auto\"><figure class=\"wp-block-media-text__media\"><img loading=\"lazy\" decoding=\"async\" width=\"824\" height=\"563\" src=\"https:\/\/slotcar.hu\/wp-content\/uploads\/2025\/08\/tn_max.jpg\" alt=\"\" class=\"wp-image-4636 size-full\" srcset=\"https:\/\/slotcar.hu\/wp-content\/uploads\/2025\/08\/tn_max.jpg 824w, https:\/\/slotcar.hu\/wp-content\/uploads\/2025\/08\/tn_max-300x205.jpg 300w, https:\/\/slotcar.hu\/wp-content\/uploads\/2025\/08\/tn_max-768x525.jpg 768w\" sizes=\"(max-width: 824px) 100vw, 824px\" \/><\/figure><div class=\"wp-block-media-text__content\">\n<p><\/p>\n<\/div><\/div>\n\n\n\n<div class=\"wp-block-media-text has-media-on-the-right is-stacked-on-mobile\" style=\"grid-template-columns:auto 44%\"><div class=\"wp-block-media-text__content\">\n<p><\/p>\n<\/div><figure class=\"wp-block-media-text__media\"><img loading=\"lazy\" decoding=\"async\" width=\"829\" height=\"561\" src=\"https:\/\/slotcar.hu\/wp-content\/uploads\/2025\/08\/tn_yuki.jpg\" alt=\"\" class=\"wp-image-4638 size-full\" srcset=\"https:\/\/slotcar.hu\/wp-content\/uploads\/2025\/08\/tn_yuki.jpg 829w, https:\/\/slotcar.hu\/wp-content\/uploads\/2025\/08\/tn_yuki-300x203.jpg 300w, https:\/\/slotcar.hu\/wp-content\/uploads\/2025\/08\/tn_yuki-768x520.jpg 768w\" sizes=\"(max-width: 829px) 100vw, 829px\" \/><\/figure><\/div>\n","protected":false},"excerpt":{"rendered":"<p>A\u00a0Red Bull Racing\u00a0a\u00a0Red Bull\u00a0energiaital-gy\u00e1r tulajdon\u00e1ban \u00e1ll\u00f3, osztr\u00e1k\u00a0Formula\u20131-es csapat. A c\u00e9g m\u00e1sik csapata a\u00a0RB Formula One&#8230;<\/p>\n","protected":false},"author":1,"featured_media":0,"parent":0,"menu_order":0,"comment_status":"closed","ping_status":"closed","template":"","meta":{"footnotes":""},"class_list":["post-4589","page","type-page","status-publish","hentry"],"_links":{"self":[{"href":"https:\/\/slotcar.hu\/index.php\/wp-json\/wp\/v2\/pages\/4589"}],"collection":[{"href":"https:\/\/slotcar.hu\/index.php\/wp-json\/wp\/v2\/pages"}],"about":[{"href":"https:\/\/slotcar.hu\/index.php\/wp-json\/wp\/v2\/types\/page"}],"author":[{"embeddable":true,"href":"https:\/\/slotcar.hu\/index.php\/wp-json\/wp\/v2\/users\/1"}],"replies":[{"embeddable":true,"href":"https:\/\/slotcar.hu\/index.php\/wp-json\/wp\/v2\/comments?post=4589"}],"version-history":[{"count":4,"href":"https:\/\/slotcar.hu\/index.php\/wp-json\/wp\/v2\/pages\/4589\/revisions"}],"predecessor-version":[{"id":4669,"href":"https:\/\/slotcar.hu\/index.php\/wp-json\/wp\/v2\/pages\/4589\/revisions\/4669"}],"wp:attachment":[{"href":"https:\/\/slotcar.hu\/index.php\/wp-json\/wp\/v2\/media?parent=4589"}],"curies":[{"name":"wp","href":"https:\/\/api.w.org\/{rel}","templated":true}]}}