{"id":4583,"date":"2025-08-31T19:57:08","date_gmt":"2025-08-31T19:57:08","guid":{"rendered":"https:\/\/slotcar.hu\/?page_id=4583"},"modified":"2025-08-31T20:27:14","modified_gmt":"2025-08-31T20:27:14","slug":"mclaren","status":"publish","type":"page","link":"https:\/\/slotcar.hu\/index.php\/mclaren\/","title":{"rendered":"McLaren"},"content":{"rendered":"\n<figure class=\"wp-block-table\"><table class=\"has-fixed-layout\"><tbody><tr><td><img loading=\"lazy\" decoding=\"async\" width=\"2000\" height=\"442\" class=\"wp-image-4570\" style=\"width: 2000px;\" src=\"https:\/\/slotcar.hu\/wp-content\/uploads\/2025\/08\/tn_mclaren.jpg\" alt=\"\" srcset=\"https:\/\/slotcar.hu\/wp-content\/uploads\/2025\/08\/tn_mclaren.jpg 1697w, https:\/\/slotcar.hu\/wp-content\/uploads\/2025\/08\/tn_mclaren-300x66.jpg 300w, https:\/\/slotcar.hu\/wp-content\/uploads\/2025\/08\/tn_mclaren-1024x226.jpg 1024w, https:\/\/slotcar.hu\/wp-content\/uploads\/2025\/08\/tn_mclaren-768x170.jpg 768w, https:\/\/slotcar.hu\/wp-content\/uploads\/2025\/08\/tn_mclaren-1536x339.jpg 1536w\" sizes=\"(max-width: 2000px) 100vw, 2000px\" \/><\/td><\/tr><\/tbody><\/table><figcaption class=\"wp-element-caption\">A\u00a0<strong>McLaren<\/strong>\u00a0Formula\u20131-es csapatot az\u00a0\u00faj-z\u00e9landi\u00a0<strong>Bruce McLaren<\/strong>\u00a0alap\u00edtotta\u00a0<strong>Bruce McLaren Motor Racing<\/strong>\u00a0n\u00e9ven, saj\u00e1t maga versenyeztet\u00e9s\u00e9re. <br>A csapat\u00a01966-ban, a\u00a0monac\u00f3i nagyd\u00edjon\u00a0deb\u00fct\u00e1lt. Az alap\u00edt\u00f3 hal\u00e1la (1970) ut\u00e1n\u00a0<strong>Teddy Mayer<\/strong>\u00a0vitte tov\u00e1bb az ist\u00e1ll\u00f3t, majd\u00a01980\u00a0v\u00e9g\u00e9n\u00a0<strong>Ron Dennis<\/strong>\u00a0vezet\u00e9s\u00e9vel l\u00e9trej\u00f6tt a\u00a0<strong>McLaren International<\/strong>. <br>A Formula\u20131 m\u00e1sodik legsikeresebb csapata 12 egy\u00e9ni \u00e9s kilenc konstrukt\u0151r-vil\u00e1gbajnoki c\u00edm\u00e9vel a\u00a0Ferrari\u00a0m\u00f6g\u00f6tt. <br>Legsikeresebb versenyz\u0151i\u00a0<strong>Alain Prost<\/strong>\u00a0\u00e9s\u00a0<strong>Ayrton Senna<\/strong>, akik h\u00e1rom-h\u00e1rom vil\u00e1gbajnoks\u00e1got nyertek a csapat sz\u00edneiben.<\/figcaption><\/figure>\n\n\n\n<div class=\"wp-block-media-text is-stacked-on-mobile\" style=\"grid-template-columns:35% auto\"><figure class=\"wp-block-media-text__media\"><img loading=\"lazy\" decoding=\"async\" width=\"829\" height=\"563\" src=\"https:\/\/slotcar.hu\/wp-content\/uploads\/2025\/08\/tn_piastri.jpg\" alt=\"\" class=\"wp-image-4617 size-full\" srcset=\"https:\/\/slotcar.hu\/wp-content\/uploads\/2025\/08\/tn_piastri.jpg 829w, https:\/\/slotcar.hu\/wp-content\/uploads\/2025\/08\/tn_piastri-300x204.jpg 300w, https:\/\/slotcar.hu\/wp-content\/uploads\/2025\/08\/tn_piastri-768x522.jpg 768w\" sizes=\"(max-width: 829px) 100vw, 829px\" \/><\/figure><div class=\"wp-block-media-text__content\">\n<p><br><br><strong>Oscar Jack Piastri<\/strong>\u00a0(Melbourne,\u00a02001.\u00a0\u00e1prilis<br>6.\u00a0\u2013) ausztr\u00e1l aut\u00f3versenyz\u0151, a\u00a0<strong>2019-es Formula Renault Eur\u00f3pa-kupa, a\u00a02020-as FIA Formula\u20133 bajnoks\u00e1g\u00a0\u00e9s a\u00a02021-es FIA Formula\u2013szezon\u00a0gy\u0151ztese<\/strong>,\u00a0<br>az\u00a0<a href=\"https:\/\/slotcar.hu\/index.php\/alpine\/\">Alpine<\/a>\u00a0tartal\u00e9kversenyz\u0151je a 2022-es szezonban.<br>2023-t\u00f3l a\u00a0McLaren\u00a0pil\u00f3t\u00e1ja.\u00a0<\/p>\n\n\n\n<p><strong>Az els\u0151\u00a021. sz\u00e1zadban\u00a0sz\u00fcletett versenyz\u0151, aki nagyd\u00edjat nyert a Formula\u20131-ben.<\/strong><br><br><\/p>\n<\/div><\/div>\n\n\n\n<div class=\"wp-block-media-text has-media-on-the-right is-stacked-on-mobile\" style=\"grid-template-columns:auto 38%\"><div class=\"wp-block-media-text__content\">\n<p><strong>Lando Norris<\/strong>&nbsp;(Bristol,&nbsp;1999.&nbsp;november 13.&nbsp;\u2013)&nbsp;brit-belga&nbsp;aut\u00f3versenyz\u0151. <br>Jelenleg a&nbsp;McLaren&nbsp;versenyz\u0151je a&nbsp;Formula\u20131-ben. <br><strong>142-szer \u00e1llt rajthoz<\/strong>, ezalatt <strong>9 gy\u0151zelme volt<\/strong>, <strong>38 dobog\u00f3s helyez\u00e9se<\/strong>, <strong>13&nbsp;pole poz\u00edci\u00f3ja<\/strong>&nbsp;\u00e9s legjobb vil\u00e1gbajnoki helyez\u00e9se a m\u00e1sodik (2024). <\/p>\n\n\n\n<p>A&nbsp;<strong>2016-os Formula Renault 2.0 Eur\u00f3pa-kupa<\/strong>&nbsp;\u00e9s a&nbsp;<strong>2017-es Formula\u20133 Eur\u00f3pa-bajnoks\u00e1g&nbsp;gy\u0151ztes pil\u00f3t\u00e1ja<\/strong>, a&nbsp;2018-as FIA Formula\u20132 szezon&nbsp;m\u00e1sodik helyezettje.&nbsp;<\/p>\n\n\n\n<p>2024-ben&nbsp;konstrukt\u0151ri vil\u00e1gbajnoks\u00e1got nyert csapatt\u00e1rs\u00e1val,&nbsp;Oscar Piastrival.<\/p>\n<\/div><figure class=\"wp-block-media-text__media\"><img loading=\"lazy\" decoding=\"async\" width=\"824\" height=\"563\" src=\"https:\/\/slotcar.hu\/wp-content\/uploads\/2025\/08\/tn_norris.jpg\" alt=\"\" class=\"wp-image-4616 size-full\" srcset=\"https:\/\/slotcar.hu\/wp-content\/uploads\/2025\/08\/tn_norris.jpg 824w, https:\/\/slotcar.hu\/wp-content\/uploads\/2025\/08\/tn_norris-300x205.jpg 300w, https:\/\/slotcar.hu\/wp-content\/uploads\/2025\/08\/tn_norris-768x525.jpg 768w\" sizes=\"(max-width: 824px) 100vw, 824px\" \/><\/figure><\/div>\n","protected":false},"excerpt":{"rendered":"<p>A\u00a0McLaren\u00a0Formula\u20131-es csapatot az\u00a0\u00faj-z\u00e9landi\u00a0Bruce McLaren\u00a0alap\u00edtotta\u00a0Bruce McLaren Motor Racing\u00a0n\u00e9ven, saj\u00e1t maga versenyeztet\u00e9s\u00e9re. A csapat\u00a01966-ban, a\u00a0monac\u00f3i nagyd\u00edjon\u00a0deb\u00fct\u00e1lt. Az&#8230;<\/p>\n","protected":false},"author":1,"featured_media":0,"parent":0,"menu_order":0,"comment_status":"closed","ping_status":"closed","template":"","meta":{"footnotes":""},"class_list":["post-4583","page","type-page","status-publish","hentry"],"_links":{"self":[{"href":"https:\/\/slotcar.hu\/index.php\/wp-json\/wp\/v2\/pages\/4583"}],"collection":[{"href":"https:\/\/slotcar.hu\/index.php\/wp-json\/wp\/v2\/pages"}],"about":[{"href":"https:\/\/slotcar.hu\/index.php\/wp-json\/wp\/v2\/types\/page"}],"author":[{"embeddable":true,"href":"https:\/\/slotcar.hu\/index.php\/wp-json\/wp\/v2\/users\/1"}],"replies":[{"embeddable":true,"href":"https:\/\/slotcar.hu\/index.php\/wp-json\/wp\/v2\/comments?post=4583"}],"version-history":[{"count":8,"href":"https:\/\/slotcar.hu\/index.php\/wp-json\/wp\/v2\/pages\/4583\/revisions"}],"predecessor-version":[{"id":4630,"href":"https:\/\/slotcar.hu\/index.php\/wp-json\/wp\/v2\/pages\/4583\/revisions\/4630"}],"wp:attachment":[{"href":"https:\/\/slotcar.hu\/index.php\/wp-json\/wp\/v2\/media?parent=4583"}],"curies":[{"name":"wp","href":"https:\/\/api.w.org\/{rel}","templated":true}]}}