{"id":4492,"date":"2025-06-07T06:27:58","date_gmt":"2025-06-07T06:27:58","guid":{"rendered":"https:\/\/slotcar.hu\/?page_id=4492"},"modified":"2025-06-11T12:29:17","modified_gmt":"2025-06-11T12:29:17","slug":"versenytortenet-majus","status":"publish","type":"page","link":"https:\/\/slotcar.hu\/index.php\/versenytortenet-majus\/","title":{"rendered":"Versenyt\u00f6rt\u00e9net m\u00e1jus"},"content":{"rendered":"\n<p><strong>Lez\u00e1rult a 2025 m\u00e1jusi 185 k\u00f6r\u00f6s verseny\u00a019 futammal.<\/strong><\/p>\n\n\n\n<figure class=\"wp-block-table\"><table class=\"has-luminous-vivid-orange-background-color has-background has-fixed-layout\"><tbody><tr><td><strong><em>Ainkrad Porsche Race Team<\/em><\/strong>: 1 f\u0151vel \u00e1llt rajthoz<br><strong><em>Furious Wolves Red Bull Audi Team<\/em><\/strong>: teljes l\u00e9tsz\u00e1mmal (1 f\u0151vel)<br><em><strong>H\u00f6ri BMW<\/strong>\u00a0<strong>Motorsport<\/strong><\/em>: teljes l\u00e9tsz\u00e1mmal (3 f\u0151vel)<\/td><\/tr><\/tbody><\/table><\/figure>\n\n\n\n<p><strong><em>VERSENY \u00c9RDEKESS\u00c9GEK<\/em><\/strong><\/p>\n\n\n\n<p>A m\u00e1jus futamon is sok aut\u00f3elhagy\u00e1s volt, illetve sokan \u00e1lltak f\u00e9l pontok\u00e9rt rajthoz, hiszen m\u00e1sodlagos aut\u00f3kkal \u00e1lltak a versenyhez.<br><strong><em>Sorsol\u00e1s alapj\u00e1n lettek a versenyz\u0151p\u00e1rok \u00f6sszerakva imm\u00e1ron m\u00e1sodik alkalommal, de ez az opci\u00f3 tetszett a versenz\u0151knek, ez\u00e9rt innent\u0151l bevezet\u00e9sre ker\u00fclt..\u00a0<\/em><\/strong>El\u0151sk\u00e9nt Hunor vs. H\u00f6ri \u00f6sszecsap\u00e1rsa ker\u00fclt sor.<\/p>\n\n\n\n<p><strong>P\u00d3TFUTAM<\/strong>\u00a02025.06.09-\u00e9n ker\u00fclt megrendez\u00e9sre d\u00e9lel\u0151tt 11:00 \u00f3rai kezdettel, meglep\u0151en sok r\u00e9sztvev\u0151vel.<\/p>\n\n\n\n<hr class=\"wp-block-separator has-alpha-channel-opacity\"\/>\n\n\n\n<p class=\"has-vivid-cyan-blue-color has-text-color has-link-color has-large-font-size wp-elements-d5396b585f1565d3eaa5cc391668452c\"><strong>EL\u0150FUTAM NEM KER\u00dcLT MEGRENDEZ\u00c9SRE<\/strong><\/p>\n\n\n\n<hr class=\"wp-block-separator has-alpha-channel-opacity\"\/>\n\n\n\n<p class=\"has-vivid-purple-color has-text-color has-link-color has-large-font-size wp-elements-3198b197302767bcd087bf12db9cc9de\"><strong>VERSENY: 2025.05.31.<\/strong><\/p>\n\n\n\n<p><strong>1. FUTAM<\/strong>: 58:00 futamid\u0151<\/p>\n\n\n\n<figure class=\"wp-block-table\"><table class=\"has-fixed-layout\"><tbody><tr><td><\/td><td class=\"has-text-align-center\" data-align=\"center\"><strong>Aut\u00f3<\/strong><\/td><td class=\"has-text-align-center\" data-align=\"center\"><strong>Legjobb id\u0151<\/strong><\/td><td class=\"has-text-align-center\" data-align=\"center\"><strong>Futott k\u00f6r<\/strong><\/td><td class=\"has-text-align-center\" data-align=\"center\"><strong>Hiba<\/strong><\/td><td class=\"has-text-align-center\" data-align=\"center\"><strong>Ki\u00e1ll\u00e1s (PIT)<\/strong><\/td><\/tr><tr><td><strong>Hunor<\/strong><\/td><td class=\"has-text-align-center\" data-align=\"center\"><img loading=\"lazy\" decoding=\"async\" width=\"150\" height=\"113\" class=\"wp-image-2186\" style=\"width: 150px;\" src=\"https:\/\/slotcar.hu\/wp-content\/uploads\/2024\/04\/30770-Audi-R8-LMS-Audi-Sport-Team.jpg\" alt=\"\" srcset=\"https:\/\/slotcar.hu\/wp-content\/uploads\/2024\/04\/30770-Audi-R8-LMS-Audi-Sport-Team.jpg 500w, https:\/\/slotcar.hu\/wp-content\/uploads\/2024\/04\/30770-Audi-R8-LMS-Audi-Sport-Team-300x225.jpg 300w\" sizes=\"(max-width: 150px) 100vw, 150px\" \/><\/td><td class=\"has-text-align-center\" data-align=\"center\"><strong><em>8,636<\/em><\/strong><img loading=\"lazy\" decoding=\"async\" width=\"20\" height=\"21\" class=\"wp-image-3312\" style=\"width: 20px;\" src=\"https:\/\/slotcar.hu\/wp-content\/uploads\/2024\/09\/running-time-clock.png\" alt=\"\" srcset=\"https:\/\/slotcar.hu\/wp-content\/uploads\/2024\/09\/running-time-clock.png 198w, https:\/\/slotcar.hu\/wp-content\/uploads\/2024\/09\/running-time-clock-150x150.png 150w\" sizes=\"(max-width: 20px) 100vw, 20px\" \/><\/td><td class=\"has-text-align-center\" data-align=\"center\">173<\/td><td class=\"has-text-align-center\" data-align=\"center\">10<\/td><td class=\"has-text-align-center\" data-align=\"center\">12<\/td><\/tr><tr><td><strong>H\u00f6ri<\/strong><img loading=\"lazy\" decoding=\"async\" width=\"20\" height=\"21\" class=\"wp-image-2481\" style=\"width: 20px;\" src=\"https:\/\/slotcar.hu\/wp-content\/uploads\/2024\/04\/images.jpg\" alt=\"\" srcset=\"https:\/\/slotcar.hu\/wp-content\/uploads\/2024\/04\/images.jpg 219w, https:\/\/slotcar.hu\/wp-content\/uploads\/2024\/04\/images-150x150.jpg 150w\" sizes=\"(max-width: 20px) 100vw, 20px\" \/><\/td><td class=\"has-text-align-center\" data-align=\"center\"><img loading=\"lazy\" decoding=\"async\" width=\"150\" height=\"92\" class=\"wp-image-4298\" style=\"width: 150px;\" src=\"https:\/\/slotcar.hu\/wp-content\/uploads\/2025\/03\/tn_31077BMW_M6.png\" alt=\"\"><\/td><td class=\"has-text-align-center\" data-align=\"center\"><em><strong>8,766<\/strong><\/em><img loading=\"lazy\" decoding=\"async\" width=\"20\" height=\"21\" class=\"wp-image-3312\" style=\"width: 20px;\" src=\"https:\/\/slotcar.hu\/wp-content\/uploads\/2024\/09\/running-time-clock.png\" alt=\"\" srcset=\"https:\/\/slotcar.hu\/wp-content\/uploads\/2024\/09\/running-time-clock.png 198w, https:\/\/slotcar.hu\/wp-content\/uploads\/2024\/09\/running-time-clock-150x150.png 150w\" sizes=\"(max-width: 20px) 100vw, 20px\" \/><\/td><td class=\"has-text-align-center\" data-align=\"center\">185<\/td><td class=\"has-text-align-center\" data-align=\"center\">0<\/td><td class=\"has-text-align-center\" data-align=\"center\">10<\/td><\/tr><\/tbody><\/table><figcaption class=\"wp-element-caption\">Mindk\u00e9t versenyz\u0151 m\u00e1sodlagos aut\u00f3val \u00e1llt rajthoz, ami azt eredm\u00e9nyezte, hogy csak f\u00e9l pontokat vihetnek haza.<\/figcaption><\/figure>\n\n\n\n<p><strong>2. FUTAM<\/strong>: 53:00 futamid\u0151<\/p>\n\n\n\n<figure class=\"wp-block-table\"><table class=\"has-fixed-layout\"><tbody><tr><td><\/td><td class=\"has-text-align-center\" data-align=\"center\"><strong>Aut\u00f3<\/strong><\/td><td class=\"has-text-align-center\" data-align=\"center\"><strong>Legjobb id\u0151<\/strong><\/td><td class=\"has-text-align-center\" data-align=\"center\"><strong>Futott k\u00f6r<\/strong><\/td><td class=\"has-text-align-center\" data-align=\"center\"><strong>Hiba<\/strong><\/td><td class=\"has-text-align-center\" data-align=\"center\"><strong>Ki\u00e1ll\u00e1s (PIT)<\/strong><\/td><\/tr><tr><td><strong>Ateg<\/strong><img loading=\"lazy\" decoding=\"async\" width=\"20\" height=\"21\" class=\"wp-image-2481\" style=\"width: 20px;\" src=\"https:\/\/slotcar.hu\/wp-content\/uploads\/2024\/04\/images.jpg\" alt=\"\" srcset=\"https:\/\/slotcar.hu\/wp-content\/uploads\/2024\/04\/images.jpg 219w, https:\/\/slotcar.hu\/wp-content\/uploads\/2024\/04\/images-150x150.jpg 150w\" sizes=\"(max-width: 20px) 100vw, 20px\" \/><\/td><td class=\"has-text-align-center\" data-align=\"center\"><img loading=\"lazy\" decoding=\"async\" width=\"150\" height=\"92\" class=\"wp-image-4086\" style=\"width: 150px;\" src=\"https:\/\/slotcar.hu\/wp-content\/uploads\/2024\/12\/412964.jpg\" alt=\"\" srcset=\"https:\/\/slotcar.hu\/wp-content\/uploads\/2024\/12\/412964.jpg 1024w, https:\/\/slotcar.hu\/wp-content\/uploads\/2024\/12\/412964-300x184.jpg 300w, https:\/\/slotcar.hu\/wp-content\/uploads\/2024\/12\/412964-768x471.jpg 768w\" sizes=\"(max-width: 150px) 100vw, 150px\" \/><\/td><td class=\"has-text-align-center\" data-align=\"center\"><strong><em>8,158<\/em><\/strong><img loading=\"lazy\" decoding=\"async\" width=\"20\" height=\"21\" class=\"wp-image-3312\" style=\"width: 20px;\" src=\"https:\/\/slotcar.hu\/wp-content\/uploads\/2024\/09\/running-time-clock.png\" alt=\"\" srcset=\"https:\/\/slotcar.hu\/wp-content\/uploads\/2024\/09\/running-time-clock.png 198w, https:\/\/slotcar.hu\/wp-content\/uploads\/2024\/09\/running-time-clock-150x150.png 150w\" sizes=\"(max-width: 20px) 100vw, 20px\" \/><\/td><td class=\"has-text-align-center\" data-align=\"center\">185<\/td><td class=\"has-text-align-center\" data-align=\"center\">4<\/td><td class=\"has-text-align-center\" data-align=\"center\">10<\/td><\/tr><tr><td><strong>Hunor<\/strong><\/td><td class=\"has-text-align-center\" data-align=\"center\"><img loading=\"lazy\" decoding=\"async\" width=\"150\" height=\"113\" class=\"wp-image-2186\" style=\"width: 150px;\" src=\"https:\/\/slotcar.hu\/wp-content\/uploads\/2024\/04\/30770-Audi-R8-LMS-Audi-Sport-Team.jpg\" alt=\"\" srcset=\"https:\/\/slotcar.hu\/wp-content\/uploads\/2024\/04\/30770-Audi-R8-LMS-Audi-Sport-Team.jpg 500w, https:\/\/slotcar.hu\/wp-content\/uploads\/2024\/04\/30770-Audi-R8-LMS-Audi-Sport-Team-300x225.jpg 300w\" sizes=\"(max-width: 150px) 100vw, 150px\" \/><\/td><td class=\"has-text-align-center\" data-align=\"center\"><strong><em>8,110<\/em><\/strong><img loading=\"lazy\" decoding=\"async\" width=\"20\" height=\"21\" class=\"wp-image-3312\" style=\"width: 20px;\" src=\"https:\/\/slotcar.hu\/wp-content\/uploads\/2024\/09\/running-time-clock.png\" alt=\"\" srcset=\"https:\/\/slotcar.hu\/wp-content\/uploads\/2024\/09\/running-time-clock.png 198w, https:\/\/slotcar.hu\/wp-content\/uploads\/2024\/09\/running-time-clock-150x150.png 150w\" sizes=\"(max-width: 20px) 100vw, 20px\" \/><\/td><td class=\"has-text-align-center\" data-align=\"center\">177<\/td><td class=\"has-text-align-center\" data-align=\"center\">6<\/td><td class=\"has-text-align-center\" data-align=\"center\">10<\/td><\/tr><\/tbody><\/table><figcaption class=\"wp-element-caption\">Ateg hozta a t\u0151le v\u00e1rhat\u00f3 6+2 pontot a m\u00e1sodlagos aut\u00f3val ki\u00e1ll\u00f3 Hunorral szemben.<\/figcaption><\/figure>\n\n\n\n<p><strong>3. FUTAM<\/strong>: <strong>XXX <\/strong>futamid\u0151<\/p>\n\n\n\n<figure class=\"wp-block-table\"><table class=\"has-fixed-layout\"><tbody><tr><td><\/td><td class=\"has-text-align-center\" data-align=\"center\"><strong>Aut\u00f3<\/strong><\/td><td class=\"has-text-align-center\" data-align=\"center\"><strong>Legjobb id\u0151<\/strong><\/td><td class=\"has-text-align-center\" data-align=\"center\"><strong>Futott k\u00f6r<\/strong><\/td><td class=\"has-text-align-center\" data-align=\"center\"><strong>Hiba<\/strong><\/td><td class=\"has-text-align-center\" data-align=\"center\"><strong>Ki\u00e1ll\u00e1s (PIT)<\/strong><\/td><\/tr><tr><td><strong>Bule<\/strong><\/td><td class=\"has-text-align-center\" data-align=\"center\"><img loading=\"lazy\" decoding=\"async\" width=\"150\" height=\"86\" class=\"wp-image-2791\" style=\"width: 150px;\" src=\"https:\/\/slotcar.hu\/wp-content\/uploads\/2024\/06\/tn_31078-BMW-M4-GT3.jpg\" alt=\"\"><\/td><td class=\"has-text-align-center\" data-align=\"center\"><strong><em>9,806<\/em><\/strong><img loading=\"lazy\" decoding=\"async\" width=\"20\" height=\"21\" class=\"wp-image-3312\" style=\"width: 20px;\" src=\"https:\/\/slotcar.hu\/wp-content\/uploads\/2024\/09\/running-time-clock.png\" alt=\"\" srcset=\"https:\/\/slotcar.hu\/wp-content\/uploads\/2024\/09\/running-time-clock.png 198w, https:\/\/slotcar.hu\/wp-content\/uploads\/2024\/09\/running-time-clock-150x150.png 150w\" sizes=\"(max-width: 20px) 100vw, 20px\" \/><\/td><td class=\"has-text-align-center\" data-align=\"center\">???<\/td><td class=\"has-text-align-center\" data-align=\"center\">0<\/td><td class=\"has-text-align-center\" data-align=\"center\">11<\/td><\/tr><tr><td><strong>H\u00f6ri<\/strong><img loading=\"lazy\" decoding=\"async\" width=\"20\" height=\"21\" class=\"wp-image-2481\" style=\"width: 20px;\" src=\"https:\/\/slotcar.hu\/wp-content\/uploads\/2024\/04\/images.jpg\" alt=\"\" srcset=\"https:\/\/slotcar.hu\/wp-content\/uploads\/2024\/04\/images.jpg 219w, https:\/\/slotcar.hu\/wp-content\/uploads\/2024\/04\/images-150x150.jpg 150w\" sizes=\"(max-width: 20px) 100vw, 20px\" \/><\/td><td class=\"has-text-align-center\" data-align=\"center\"><img loading=\"lazy\" decoding=\"async\" width=\"150\" height=\"92\" class=\"wp-image-4298\" style=\"width: 150px;\" src=\"https:\/\/slotcar.hu\/wp-content\/uploads\/2025\/03\/tn_31077BMW_M6.png\" alt=\"\"><\/td><td class=\"has-text-align-center\" data-align=\"center\"><strong><em>8,686<\/em><\/strong><img loading=\"lazy\" decoding=\"async\" width=\"20\" height=\"21\" class=\"wp-image-3312\" style=\"width: 20px;\" src=\"https:\/\/slotcar.hu\/wp-content\/uploads\/2024\/09\/running-time-clock.png\" alt=\"\" srcset=\"https:\/\/slotcar.hu\/wp-content\/uploads\/2024\/09\/running-time-clock.png 198w, https:\/\/slotcar.hu\/wp-content\/uploads\/2024\/09\/running-time-clock-150x150.png 150w\" sizes=\"(max-width: 20px) 100vw, 20px\" \/><\/td><td class=\"has-text-align-center\" data-align=\"center\">???<\/td><td class=\"has-text-align-center\" data-align=\"center\">4<\/td><td class=\"has-text-align-center\" data-align=\"center\">11<\/td><\/tr><\/tbody><\/table><figcaption class=\"wp-element-caption\">Csapaton belk\u00fcl, szinte bor\u00edt\u00e9kolhat\u00f3 volt a hely\u00e1tad\u00e1s, ez\u00e9rt ezt a futamot H\u00f6ri nyerte.<\/figcaption><\/figure>\n\n\n\n<p><strong>4. FUTAM<\/strong>: <strong>47:18 <\/strong>futamid\u0151<\/p>\n\n\n\n<figure class=\"wp-block-table\"><table class=\"has-fixed-layout\"><tbody><tr><td><\/td><td class=\"has-text-align-center\" data-align=\"center\"><strong>Aut\u00f3<\/strong><\/td><td class=\"has-text-align-center\" data-align=\"center\"><strong>Legjobb id\u0151<\/strong><\/td><td class=\"has-text-align-center\" data-align=\"center\"><strong>Futott k\u00f6r<\/strong><\/td><td class=\"has-text-align-center\" data-align=\"center\"><strong>Hiba<\/strong><\/td><td class=\"has-text-align-center\" data-align=\"center\"><strong>Ki\u00e1ll\u00e1s (PIT)<\/strong><\/td><\/tr><tr><td><strong>Kopi<\/strong><\/td><td class=\"has-text-align-center\" data-align=\"center\"><img loading=\"lazy\" decoding=\"async\" width=\"150\" height=\"94\" class=\"wp-image-4330\" style=\"width: 150px;\" src=\"https:\/\/slotcar.hu\/wp-content\/uploads\/2025\/03\/27607.png\" alt=\"\" srcset=\"https:\/\/slotcar.hu\/wp-content\/uploads\/2025\/03\/27607.png 425w, https:\/\/slotcar.hu\/wp-content\/uploads\/2025\/03\/27607-300x188.png 300w, https:\/\/slotcar.hu\/wp-content\/uploads\/2025\/03\/27607-400x250.png 400w\" sizes=\"(max-width: 150px) 100vw, 150px\" \/><\/td><td class=\"has-text-align-center\" data-align=\"center\"><strong><em>7,805<\/em><\/strong><img loading=\"lazy\" decoding=\"async\" width=\"20\" height=\"21\" class=\"wp-image-3312\" style=\"width: 20px;\" src=\"https:\/\/slotcar.hu\/wp-content\/uploads\/2024\/09\/running-time-clock.png\" alt=\"\" srcset=\"https:\/\/slotcar.hu\/wp-content\/uploads\/2024\/09\/running-time-clock.png 198w, https:\/\/slotcar.hu\/wp-content\/uploads\/2024\/09\/running-time-clock-150x150.png 150w\" sizes=\"(max-width: 20px) 100vw, 20px\" \/><\/td><td class=\"has-text-align-center\" data-align=\"center\"><\/td><td class=\"has-text-align-center\" data-align=\"center\"><\/td><td class=\"has-text-align-center\" data-align=\"center\"><\/td><\/tr><tr><td><strong>Ateg<\/strong><img loading=\"lazy\" decoding=\"async\" width=\"20\" height=\"21\" class=\"wp-image-2481\" style=\"width: 20px;\" src=\"https:\/\/slotcar.hu\/wp-content\/uploads\/2024\/04\/images.jpg\" alt=\"\" srcset=\"https:\/\/slotcar.hu\/wp-content\/uploads\/2024\/04\/images.jpg 219w, https:\/\/slotcar.hu\/wp-content\/uploads\/2024\/04\/images-150x150.jpg 150w\" sizes=\"(max-width: 20px) 100vw, 20px\" \/><\/td><td class=\"has-text-align-center\" data-align=\"center\"><img loading=\"lazy\" decoding=\"async\" width=\"150\" height=\"92\" class=\"wp-image-4086\" style=\"width: 150px;\" src=\"https:\/\/slotcar.hu\/wp-content\/uploads\/2024\/12\/412964.jpg\" alt=\"\" srcset=\"https:\/\/slotcar.hu\/wp-content\/uploads\/2024\/12\/412964.jpg 1024w, https:\/\/slotcar.hu\/wp-content\/uploads\/2024\/12\/412964-300x184.jpg 300w, https:\/\/slotcar.hu\/wp-content\/uploads\/2024\/12\/412964-768x471.jpg 768w\" sizes=\"(max-width: 150px) 100vw, 150px\" \/><\/td><td class=\"has-text-align-center\" data-align=\"center\"><strong><em>8,042<\/em><\/strong><img loading=\"lazy\" decoding=\"async\" width=\"20\" height=\"21\" class=\"wp-image-3312\" style=\"width: 20px;\" src=\"https:\/\/slotcar.hu\/wp-content\/uploads\/2024\/09\/running-time-clock.png\" alt=\"\" srcset=\"https:\/\/slotcar.hu\/wp-content\/uploads\/2024\/09\/running-time-clock.png 198w, https:\/\/slotcar.hu\/wp-content\/uploads\/2024\/09\/running-time-clock-150x150.png 150w\" sizes=\"(max-width: 20px) 100vw, 20px\" \/><\/td><td class=\"has-text-align-center\" data-align=\"center\"><\/td><td class=\"has-text-align-center\" data-align=\"center\"><\/td><td class=\"has-text-align-center\" data-align=\"center\"><\/td><\/tr><\/tbody><\/table><\/figure>\n","protected":false},"excerpt":{"rendered":"<p>Lez\u00e1rult a 2025 m\u00e1jusi 185 k\u00f6r\u00f6s verseny\u00a019 futammal. Ainkrad Porsche Race Team: 1 f\u0151vel \u00e1llt&#8230;<\/p>\n","protected":false},"author":1,"featured_media":0,"parent":0,"menu_order":0,"comment_status":"closed","ping_status":"closed","template":"","meta":{"footnotes":""},"class_list":["post-4492","page","type-page","status-publish","hentry"],"_links":{"self":[{"href":"https:\/\/slotcar.hu\/index.php\/wp-json\/wp\/v2\/pages\/4492"}],"collection":[{"href":"https:\/\/slotcar.hu\/index.php\/wp-json\/wp\/v2\/pages"}],"about":[{"href":"https:\/\/slotcar.hu\/index.php\/wp-json\/wp\/v2\/types\/page"}],"author":[{"embeddable":true,"href":"https:\/\/slotcar.hu\/index.php\/wp-json\/wp\/v2\/users\/1"}],"replies":[{"embeddable":true,"href":"https:\/\/slotcar.hu\/index.php\/wp-json\/wp\/v2\/comments?post=4492"}],"version-history":[{"count":9,"href":"https:\/\/slotcar.hu\/index.php\/wp-json\/wp\/v2\/pages\/4492\/revisions"}],"predecessor-version":[{"id":4527,"href":"https:\/\/slotcar.hu\/index.php\/wp-json\/wp\/v2\/pages\/4492\/revisions\/4527"}],"wp:attachment":[{"href":"https:\/\/slotcar.hu\/index.php\/wp-json\/wp\/v2\/media?parent=4492"}],"curies":[{"name":"wp","href":"https:\/\/api.w.org\/{rel}","templated":true}]}}