{"id":4307,"date":"2025-03-09T21:44:29","date_gmt":"2025-03-09T21:44:29","guid":{"rendered":"https:\/\/slotcar.hu\/?page_id=4307"},"modified":"2026-04-27T22:26:47","modified_gmt":"2026-04-27T22:26:47","slug":"palya-beosztas","status":"publish","type":"page","link":"https:\/\/slotcar.hu\/index.php\/palya-beosztas\/","title":{"rendered":"2026 P\u00e1lya beoszt\u00e1s!"},"content":{"rendered":"<div class=\"wp-block-image\">\n<figure class=\"aligncenter size-large\"><img loading=\"lazy\" decoding=\"async\" width=\"1024\" height=\"288\" src=\"https:\/\/slotcar.hu\/wp-content\/uploads\/2025\/03\/steiermark-1-red-bull-ring-austria-spielberg-motogp-motogpaustri-map-of-grandstands-1024x288.jpeg\" alt=\"\" class=\"wp-image-4310\" srcset=\"https:\/\/slotcar.hu\/wp-content\/uploads\/2025\/03\/steiermark-1-red-bull-ring-austria-spielberg-motogp-motogpaustri-map-of-grandstands-1024x288.jpeg 1024w, https:\/\/slotcar.hu\/wp-content\/uploads\/2025\/03\/steiermark-1-red-bull-ring-austria-spielberg-motogp-motogpaustri-map-of-grandstands-300x84.jpeg 300w, https:\/\/slotcar.hu\/wp-content\/uploads\/2025\/03\/steiermark-1-red-bull-ring-austria-spielberg-motogp-motogpaustri-map-of-grandstands-768x216.jpeg 768w, https:\/\/slotcar.hu\/wp-content\/uploads\/2025\/03\/steiermark-1-red-bull-ring-austria-spielberg-motogp-motogpaustri-map-of-grandstands-1536x432.jpeg 1536w, https:\/\/slotcar.hu\/wp-content\/uploads\/2025\/03\/steiermark-1-red-bull-ring-austria-spielberg-motogp-motogpaustri-map-of-grandstands.jpeg 1600w\" sizes=\"(max-width: 1024px) 100vw, 1024px\" \/><\/figure><\/div>\n\n\n<p><strong>A p\u00e1lya gyakorl\u00e1sra, tesztel\u00e9sre, aut\u00f3be\u00e1ll\u00edt\u00e1sra \u00e9s versenyekre ki\u00edrt nyitvatart\u00e1si rendje. <\/strong><br><strong>El\u0151zetes bejelentkez\u00e9s sz\u00fcks\u00e9ges, minimum egy h\u00e9ttel el\u0151tte.<\/strong><\/p>\n\n\n\n<p class=\"has-text-color has-link-color wp-elements-72b5fb315db5e47abc23f89a58e67ef1\" style=\"color:#f80000\"><strong>Ha a ny\u00edlt napra jelentkezn\u00e9l, mag\u00e1n p\u00e1lyahaszn\u00e1latra, akkor jelezd el\u0151re minimum k\u00e9t h\u00e9ttel!<\/strong><\/p>\n\n\n\n\n\n<p class=\"has-text-align-center\"><strong>2026-os szezon p\u00e1lyabeoszt\u00e1sa<\/strong><\/p>\n\n\n\n<figure class=\"wp-block-table has-medium-font-size\"><table class=\"has-black-color has-text-color has-background has-link-color has-fixed-layout\" style=\"background-color:#dde5ed\"><tbody><tr><td class=\"has-text-align-center\" data-align=\"center\"><strong><em>D\u00c1TUM<\/em><\/strong><\/td><td class=\"has-text-align-center\" data-align=\"center\"><strong><em>ID\u0150PONT<\/em><\/strong><\/td><td class=\"has-text-align-center\" data-align=\"center\"><strong><em>ESEM\u00c9NY<\/em><\/strong><\/td><\/tr><tr><td class=\"has-text-align-center\" data-align=\"center\"><img loading=\"lazy\" decoding=\"async\" width=\"100\" height=\"38\" class=\"wp-image-2677\" style=\"width: 100px;\" src=\"https:\/\/slotcar.hu\/wp-content\/uploads\/2024\/05\/200w.gif\" alt=\"\"><\/td><td class=\"has-text-align-center\" data-align=\"center\"><em><strong><mark style=\"background-color:rgba(0, 0, 0, 0)\" class=\"has-inline-color has-vivid-purple-color\">M\u00c1JUS<\/mark><\/strong><\/em><\/td><td class=\"has-text-align-center\" data-align=\"center\"><img loading=\"lazy\" decoding=\"async\" width=\"100\" height=\"38\" class=\"wp-image-2677\" style=\"width: 100px;\" src=\"https:\/\/slotcar.hu\/wp-content\/uploads\/2024\/05\/200w.gif\" alt=\"\"><\/td><\/tr><tr><td class=\"has-text-align-center\" data-align=\"center\"><strong><mark style=\"background-color:rgba(0, 0, 0, 0)\" class=\"has-inline-color has-luminous-vivid-orange-color\">2026. 05. 09. szombat<\/mark><\/strong><\/td><td class=\"has-text-align-center\" data-align=\"center\"><strong><mark style=\"background-color:rgba(0, 0, 0, 0)\" class=\"has-inline-color has-vivid-cyan-blue-color\">10:00 &#8211; 17:00<\/mark><\/strong><\/td><td class=\"has-text-align-center\" data-align=\"center\"><em><strong><mark style=\"background-color:rgba(0, 0, 0, 0)\" class=\"has-inline-color has-luminous-vivid-orange-color\">P\u00d3TL\u00c1S<\/mark><\/strong><\/em><\/td><\/tr><tr><td class=\"has-text-align-center\" data-align=\"center\"><strong><mark style=\"background-color:rgba(0, 0, 0, 0)\" class=\"has-inline-color has-vivid-cyan-blue-color\">2026. 05. 16. szombat<\/mark><\/strong><\/td><td class=\"has-text-align-center\" data-align=\"center\"><strong><mark style=\"background-color:rgba(0, 0, 0, 0)\" class=\"has-inline-color has-vivid-cyan-blue-color\">10:00 &#8211; 17:00<\/mark><\/strong><\/td><td class=\"has-text-align-center\" data-align=\"center\"><strong><em><mark style=\"background-color:rgba(0, 0, 0, 0);color:#025b1b\" class=\"has-inline-color\">TESZTNAP<\/mark><\/em><\/strong><\/td><\/tr><tr><td class=\"has-text-align-center\" data-align=\"center\"><strong><mark style=\"background-color:rgba(0, 0, 0, 0);color:#076844\" class=\"has-inline-color\">2026. 05. 30. szombat<\/mark><\/strong><\/td><td class=\"has-text-align-center\" data-align=\"center\"><strong><mark style=\"background-color:rgba(0, 0, 0, 0)\" class=\"has-inline-color has-vivid-cyan-blue-color\">10:00 &#8211; 18:00<\/mark><\/strong><\/td><td class=\"has-text-align-center\" data-align=\"center\"><em><strong><mark style=\"background-color:rgba(0, 0, 0, 0);color:#ff0000\" class=\"has-inline-color\">VERSENY<\/mark><\/strong><\/em><\/td><\/tr><tr><td class=\"has-text-align-center\" data-align=\"center\"><img loading=\"lazy\" decoding=\"async\" width=\"100\" height=\"38\" class=\"wp-image-2677\" style=\"width: 100px;\" src=\"https:\/\/slotcar.hu\/wp-content\/uploads\/2024\/05\/200w.gif\" alt=\"\"><\/td><td class=\"has-text-align-center\" data-align=\"center\"><strong><em><mark style=\"background-color:rgba(0, 0, 0, 0)\" class=\"has-inline-color has-vivid-purple-color\">J\u00daNIUS<\/mark><\/em><\/strong><\/td><td class=\"has-text-align-center\" data-align=\"center\"><img loading=\"lazy\" decoding=\"async\" width=\"100\" height=\"38\" class=\"wp-image-2677\" style=\"width: 100px;\" src=\"https:\/\/slotcar.hu\/wp-content\/uploads\/2024\/05\/200w.gif\" alt=\"\"><\/td><\/tr><tr><td class=\"has-text-align-center\" data-align=\"center\"><strong><mark style=\"background-color:rgba(0, 0, 0, 0)\" class=\"has-inline-color has-luminous-vivid-orange-color\">2026. 06. 06. szombat<\/mark><\/strong><\/td><td class=\"has-text-align-center\" data-align=\"center\"><strong><mark style=\"background-color:rgba(0, 0, 0, 0)\" class=\"has-inline-color has-vivid-cyan-blue-color\">10:00 &#8211; 18:00<\/mark><\/strong><\/td><td class=\"has-text-align-center\" data-align=\"center\"><em><strong><mark style=\"background-color:rgba(0, 0, 0, 0)\" class=\"has-inline-color has-luminous-vivid-orange-color\">P\u00d3TL\u00c1S<\/mark><\/strong><\/em><\/td><\/tr><tr><td class=\"has-text-align-center\" data-align=\"center\"><strong><mark style=\"background-color:rgba(0, 0, 0, 0)\" class=\"has-inline-color has-vivid-cyan-blue-color\">2026. 06. 13. szombat<\/mark><\/strong><\/td><td class=\"has-text-align-center\" data-align=\"center\"><strong><mark style=\"background-color:rgba(0, 0, 0, 0)\" class=\"has-inline-color has-vivid-cyan-blue-color\">10:00 &#8211; 17:00<\/mark><\/strong><\/td><td class=\"has-text-align-center\" data-align=\"center\"><strong><em><mark style=\"background-color:rgba(0, 0, 0, 0);color:#025b1b\" class=\"has-inline-color\">TESZTNAP<\/mark><\/em><\/strong><\/td><\/tr><tr><td class=\"has-text-align-center\" data-align=\"center\"><strong><mark style=\"background-color:rgba(0, 0, 0, 0);color:#076844\" class=\"has-inline-color\">2026. 06. 27. szombat<\/mark><\/strong><\/td><td class=\"has-text-align-center\" data-align=\"center\"><strong><mark style=\"background-color:rgba(0, 0, 0, 0)\" class=\"has-inline-color has-vivid-cyan-blue-color\">10:00 &#8211; 18:00<\/mark><\/strong><\/td><td class=\"has-text-align-center\" data-align=\"center\"><em><strong><mark style=\"background-color:rgba(0, 0, 0, 0);color:#ff0000\" class=\"has-inline-color\">VERSENY<\/mark><\/strong><\/em><\/td><\/tr><tr><td class=\"has-text-align-center\" data-align=\"center\"><img loading=\"lazy\" decoding=\"async\" width=\"100\" height=\"38\" class=\"wp-image-2677\" style=\"width: 100px;\" src=\"https:\/\/slotcar.hu\/wp-content\/uploads\/2024\/05\/200w.gif\" alt=\"\"><\/td><td class=\"has-text-align-center\" data-align=\"center\"><mark style=\"background-color:rgba(0, 0, 0, 0)\" class=\"has-inline-color has-vivid-purple-color\"><strong><em>J\u00daLIUS<\/em><\/strong><\/mark><\/td><td class=\"has-text-align-center\" data-align=\"center\"><img loading=\"lazy\" decoding=\"async\" width=\"100\" height=\"38\" class=\"wp-image-2677\" style=\"width: 100px;\" src=\"https:\/\/slotcar.hu\/wp-content\/uploads\/2024\/05\/200w.gif\" alt=\"\"><\/td><\/tr><tr><td class=\"has-text-align-center\" data-align=\"center\"><strong><mark style=\"background-color:rgba(0, 0, 0, 0)\" class=\"has-inline-color has-luminous-vivid-orange-color\">2026. 07. 04. szombat<\/mark><\/strong><\/td><td class=\"has-text-align-center\" data-align=\"center\"><strong><mark style=\"background-color:rgba(0, 0, 0, 0)\" class=\"has-inline-color has-vivid-cyan-blue-color\">10:00 &#8211; 18:00<\/mark><\/strong><\/td><td class=\"has-text-align-center\" data-align=\"center\"><em><strong><mark style=\"background-color:rgba(0, 0, 0, 0)\" class=\"has-inline-color has-luminous-vivid-orange-color\">P\u00d3TL\u00c1S<\/mark><\/strong><\/em><\/td><\/tr><tr><td class=\"has-text-align-center\" data-align=\"center\"><\/td><td class=\"has-text-align-center\" data-align=\"center\"><strong><em><mark style=\"background-color:#ff0000\" class=\"has-inline-color\">VERSENY SZ\u00dcNET<\/mark><\/em><\/strong><\/td><td class=\"has-text-align-center\" data-align=\"center\"><\/td><\/tr><tr><td class=\"has-text-align-center\" data-align=\"center\"><strong><mark style=\"background-color:rgba(0, 0, 0, 0)\" class=\"has-inline-color has-vivid-cyan-blue-color\">2026. 07. 18. szombat<\/mark><\/strong><\/td><td class=\"has-text-align-center\" data-align=\"center\"><strong><mark style=\"background-color:rgba(0, 0, 0, 0)\" class=\"has-inline-color has-vivid-cyan-blue-color\">10:00 &#8211; 17:00<\/mark><\/strong><\/td><td class=\"has-text-align-center\" data-align=\"center\"><strong><em><mark style=\"background-color:rgba(0, 0, 0, 0);color:#025b1b\" class=\"has-inline-color\">TESZTNAP<\/mark><\/em><\/strong><\/td><\/tr><tr><td class=\"has-text-align-center\" data-align=\"center\"><img loading=\"lazy\" decoding=\"async\" width=\"100\" height=\"38\" class=\"wp-image-2677\" style=\"width: 100px;\" src=\"https:\/\/slotcar.hu\/wp-content\/uploads\/2024\/05\/200w.gif\" alt=\"\"><\/td><td class=\"has-text-align-center\" data-align=\"center\"><strong><em><mark style=\"background-color:rgba(0, 0, 0, 0)\" class=\"has-inline-color has-vivid-purple-color\">AUGUSZTUS<\/mark><\/em><\/strong><\/td><td class=\"has-text-align-center\" data-align=\"center\"><img loading=\"lazy\" decoding=\"async\" width=\"100\" height=\"38\" class=\"wp-image-2677\" style=\"width: 100px;\" src=\"https:\/\/slotcar.hu\/wp-content\/uploads\/2024\/05\/200w.gif\" alt=\"\"><\/td><\/tr><tr><td class=\"has-text-align-center\" data-align=\"center\"><strong><mark style=\"background-color:rgba(0, 0, 0, 0)\" class=\"has-inline-color has-vivid-cyan-blue-color\">2026. 08. 15. szombat<\/mark><\/strong><\/td><td class=\"has-text-align-center\" data-align=\"center\"><strong><mark style=\"background-color:rgba(0, 0, 0, 0)\" class=\"has-inline-color has-vivid-cyan-blue-color\">10:00 &#8211; 17:00<\/mark><\/strong><\/td><td class=\"has-text-align-center\" data-align=\"center\"><strong><em><mark style=\"background-color:rgba(0, 0, 0, 0);color:#025b1b\" class=\"has-inline-color\">TESZTNAP<\/mark><\/em><\/strong><\/td><\/tr><tr><td class=\"has-text-align-center\" data-align=\"center\"><\/td><td class=\"has-text-align-center\" data-align=\"center\"><strong><em><mark style=\"background-color:#00f60b\" class=\"has-inline-color has-black-color\">VERSENY SZ\u00dcNET V\u00c9GE<\/mark><\/em><\/strong><\/td><td class=\"has-text-align-center\" data-align=\"center\"><\/td><\/tr><tr><td class=\"has-text-align-center\" data-align=\"center\"><img loading=\"lazy\" decoding=\"async\" width=\"100\" height=\"38\" class=\"wp-image-2677\" style=\"width: 100px;\" src=\"https:\/\/slotcar.hu\/wp-content\/uploads\/2024\/05\/200w.gif\" alt=\"\"><\/td><td class=\"has-text-align-center\" data-align=\"center\"><em><strong><mark style=\"background-color:rgba(0, 0, 0, 0)\" class=\"has-inline-color has-vivid-purple-color\">SZEPTEMBER<\/mark><\/strong><\/em><\/td><td class=\"has-text-align-center\" data-align=\"center\"><img loading=\"lazy\" decoding=\"async\" width=\"100\" height=\"38\" class=\"wp-image-2677\" style=\"width: 100px;\" src=\"https:\/\/slotcar.hu\/wp-content\/uploads\/2024\/05\/200w.gif\" alt=\"\"><\/td><\/tr><tr><td class=\"has-text-align-center\" data-align=\"center\"><strong><mark style=\"background-color:rgba(0, 0, 0, 0)\" class=\"has-inline-color has-vivid-cyan-blue-color\">2026. 08. 05. szombat<\/mark><\/strong><\/td><td class=\"has-text-align-center\" data-align=\"center\"><strong><mark style=\"background-color:rgba(0, 0, 0, 0)\" class=\"has-inline-color has-vivid-cyan-blue-color\">10:00 &#8211; 17:00<\/mark><\/strong><\/td><td class=\"has-text-align-center\" data-align=\"center\"><strong><em><mark style=\"background-color:rgba(0, 0, 0, 0);color:#025b1b\" class=\"has-inline-color\">TESZTNAP<\/mark><\/em><\/strong><\/td><\/tr><tr><td class=\"has-text-align-center\" data-align=\"center\"><strong><mark style=\"background-color:rgba(0, 0, 0, 0)\" class=\"has-inline-color has-black-color\">2026. 08. 12. szombat<\/mark><\/strong><\/td><td class=\"has-text-align-center\" data-align=\"center\"><strong><mark style=\"background-color:rgba(0, 0, 0, 0)\" class=\"has-inline-color has-vivid-cyan-blue-color\">10:00 &#8211; 17:00<\/mark><\/strong><\/td><td class=\"has-text-align-center\" data-align=\"center\"><mark style=\"background-color:rgba(0, 0, 0, 0)\" class=\"has-inline-color has-black-color\"><em><strong>NY\u00cdLTNAP<\/strong><\/em><\/mark><\/td><\/tr><tr><td class=\"has-text-align-center\" data-align=\"center\"><strong><mark style=\"background-color:rgba(0, 0, 0, 0)\" class=\"has-inline-color has-vivid-cyan-blue-color\">2026. 08. 19. szombat<\/mark><\/strong><\/td><td class=\"has-text-align-center\" data-align=\"center\"><strong><mark style=\"background-color:rgba(0, 0, 0, 0)\" class=\"has-inline-color has-vivid-cyan-blue-color\">10:00 &#8211; 17:00<\/mark><\/strong><\/td><td class=\"has-text-align-center\" data-align=\"center\"><strong><em><mark style=\"background-color:rgba(0, 0, 0, 0);color:#025b1b\" class=\"has-inline-color\">TESZTNAP<\/mark><\/em><\/strong><\/td><\/tr><tr><td class=\"has-text-align-center\" data-align=\"center\"><strong><mark style=\"background-color:rgba(0, 0, 0, 0);color:#076844\" class=\"has-inline-color\">2026. 09. 26. szombat<\/mark><\/strong><\/td><td class=\"has-text-align-center\" data-align=\"center\"><strong><mark style=\"background-color:rgba(0, 0, 0, 0)\" class=\"has-inline-color has-vivid-cyan-blue-color\">10:00 &#8211; 18:00<\/mark><\/strong><\/td><td class=\"has-text-align-center\" data-align=\"center\"><em><strong><mark style=\"background-color:rgba(0, 0, 0, 0);color:#ff0000\" class=\"has-inline-color\">VERSENY<\/mark><\/strong><\/em><\/td><\/tr><tr><td class=\"has-text-align-center\" data-align=\"center\"><img loading=\"lazy\" decoding=\"async\" width=\"100\" height=\"38\" class=\"wp-image-2677\" style=\"width: 100px;\" src=\"https:\/\/slotcar.hu\/wp-content\/uploads\/2024\/05\/200w.gif\" alt=\"\"><\/td><td class=\"has-text-align-center\" data-align=\"center\"><strong><em><mark style=\"background-color:rgba(0, 0, 0, 0)\" class=\"has-inline-color has-vivid-purple-color\">OKT\u00d3BER<\/mark><\/em><\/strong><\/td><td class=\"has-text-align-center\" data-align=\"center\"><img loading=\"lazy\" decoding=\"async\" width=\"100\" height=\"38\" class=\"wp-image-2677\" style=\"width: 100px;\" src=\"https:\/\/slotcar.hu\/wp-content\/uploads\/2024\/05\/200w.gif\" alt=\"\"><\/td><\/tr><tr><td class=\"has-text-align-center\" data-align=\"center\"><strong><mark style=\"background-color:rgba(0, 0, 0, 0)\" class=\"has-inline-color has-luminous-vivid-orange-color\">2026. 10. 03. szombat<\/mark><\/strong><\/td><td class=\"has-text-align-center\" data-align=\"center\"><strong><mark style=\"background-color:rgba(0, 0, 0, 0)\" class=\"has-inline-color has-vivid-cyan-blue-color\">10:00 &#8211; 18:00<\/mark><\/strong><\/td><td class=\"has-text-align-center\" data-align=\"center\"><em><strong><mark style=\"background-color:rgba(0, 0, 0, 0)\" class=\"has-inline-color has-luminous-vivid-orange-color\">P\u00d3TL\u00c1S<\/mark><\/strong><\/em><\/td><\/tr><tr><td class=\"has-text-align-center\" data-align=\"center\"><strong><mark style=\"background-color:rgba(0, 0, 0, 0)\" class=\"has-inline-color has-vivid-cyan-blue-color\">2026. 10. 10. szombat<\/mark><\/strong><\/td><td class=\"has-text-align-center\" data-align=\"center\"><strong><mark style=\"background-color:rgba(0, 0, 0, 0)\" class=\"has-inline-color has-vivid-cyan-blue-color\">10:00 &#8211; 17:00<\/mark><\/strong><\/td><td class=\"has-text-align-center\" data-align=\"center\"><strong><em><mark style=\"background-color:rgba(0, 0, 0, 0);color:#025b1b\" class=\"has-inline-color\">TESZTNAP<\/mark><\/em><\/strong><\/td><\/tr><tr><td class=\"has-text-align-center\" data-align=\"center\"><strong><mark style=\"background-color:rgba(0, 0, 0, 0)\" class=\"has-inline-color has-vivid-cyan-blue-color\">2026. 10. 17. szombat<\/mark><\/strong><\/td><td class=\"has-text-align-center\" data-align=\"center\"><strong><mark style=\"background-color:rgba(0, 0, 0, 0)\" class=\"has-inline-color has-vivid-cyan-blue-color\">10:00 &#8211; 17:00<\/mark><\/strong><\/td><td class=\"has-text-align-center\" data-align=\"center\"><strong><em><mark style=\"background-color:rgba(0, 0, 0, 0);color:#025b1b\" class=\"has-inline-color\">TESZTNAP<\/mark><\/em><\/strong><\/td><\/tr><tr><td class=\"has-text-align-center\" data-align=\"center\"><strong><mark style=\"background-color:rgba(0, 0, 0, 0)\" class=\"has-inline-color has-vivid-cyan-blue-color\">2026. 10. 21. szombat<\/mark><\/strong><\/td><td class=\"has-text-align-center\" data-align=\"center\"><strong><mark style=\"background-color:rgba(0, 0, 0, 0)\" class=\"has-inline-color has-vivid-cyan-blue-color\">10:00 &#8211; 17:00<\/mark><\/strong><\/td><td class=\"has-text-align-center\" data-align=\"center\"><strong><em><mark style=\"background-color:rgba(0, 0, 0, 0);color:#025b1b\" class=\"has-inline-color\">TESZTNAP<\/mark><\/em><\/strong><\/td><\/tr><tr><td class=\"has-text-align-center\" data-align=\"center\"><strong><mark style=\"background-color:rgba(0, 0, 0, 0);color:#076844\" class=\"has-inline-color\">2026. 10. 31. szombat<\/mark><\/strong><\/td><td class=\"has-text-align-center\" data-align=\"center\"><strong><mark style=\"background-color:rgba(0, 0, 0, 0)\" class=\"has-inline-color has-vivid-cyan-blue-color\">10:00 &#8211; 18:00<\/mark><\/strong><\/td><td class=\"has-text-align-center\" data-align=\"center\"><em><strong><mark style=\"background-color:rgba(0, 0, 0, 0);color:#ff0000\" class=\"has-inline-color\">VERSENY<\/mark><\/strong><\/em><\/td><\/tr><tr><td class=\"has-text-align-center\" data-align=\"center\"><img loading=\"lazy\" decoding=\"async\" width=\"100\" height=\"38\" class=\"wp-image-2677\" style=\"width: 100px;\" src=\"https:\/\/slotcar.hu\/wp-content\/uploads\/2024\/05\/200w.gif\" alt=\"\"><\/td><td class=\"has-text-align-center\" data-align=\"center\"><strong><em><mark style=\"background-color:rgba(0, 0, 0, 0)\" class=\"has-inline-color has-vivid-purple-color\">NOVEMBER<\/mark><\/em><\/strong><\/td><td class=\"has-text-align-center\" data-align=\"center\"><img loading=\"lazy\" decoding=\"async\" width=\"100\" height=\"38\" class=\"wp-image-2677\" style=\"width: 100px;\" src=\"https:\/\/slotcar.hu\/wp-content\/uploads\/2024\/05\/200w.gif\" alt=\"\"><\/td><\/tr><tr><td class=\"has-text-align-center\" data-align=\"center\"><strong><mark style=\"background-color:rgba(0, 0, 0, 0)\" class=\"has-inline-color has-luminous-vivid-orange-color\">2026. 11. 03. szombat<\/mark><\/strong><\/td><td class=\"has-text-align-center\" data-align=\"center\"><strong><mark style=\"background-color:rgba(0, 0, 0, 0)\" class=\"has-inline-color has-vivid-cyan-blue-color\">10:00 &#8211; 18:00<\/mark><\/strong><\/td><td class=\"has-text-align-center\" data-align=\"center\"><em><strong><mark style=\"background-color:rgba(0, 0, 0, 0)\" class=\"has-inline-color has-luminous-vivid-orange-color\">P\u00d3TL\u00c1S<\/mark><\/strong><\/em><\/td><\/tr><tr><td class=\"has-text-align-center\" data-align=\"center\"><strong><mark style=\"background-color:rgba(0, 0, 0, 0)\" class=\"has-inline-color has-black-color\">2026. 11. 10. szombat<\/mark><\/strong><\/td><td class=\"has-text-align-center\" data-align=\"center\"><strong><mark style=\"background-color:rgba(0, 0, 0, 0)\" class=\"has-inline-color has-vivid-cyan-blue-color\">10:00 &#8211; 17:00<\/mark><\/strong><\/td><td class=\"has-text-align-center\" data-align=\"center\"><mark style=\"background-color:rgba(0, 0, 0, 0)\" class=\"has-inline-color has-black-color\"><em><strong>NY\u00cdLTNAP<\/strong><\/em><\/mark><\/td><\/tr><tr><td class=\"has-text-align-center\" data-align=\"center\"><strong><mark style=\"background-color:rgba(0, 0, 0, 0)\" class=\"has-inline-color has-vivid-cyan-blue-color\">2026. 11. 17. szombat<\/mark><\/strong><\/td><td class=\"has-text-align-center\" data-align=\"center\"><strong><mark style=\"background-color:rgba(0, 0, 0, 0)\" class=\"has-inline-color has-vivid-cyan-blue-color\">10:00 &#8211; 17:00<\/mark><\/strong><\/td><td class=\"has-text-align-center\" data-align=\"center\"><strong><em><mark style=\"background-color:rgba(0, 0, 0, 0);color:#025b1b\" class=\"has-inline-color\">TESZTNAP<\/mark><\/em><\/strong><\/td><\/tr><tr><td class=\"has-text-align-center\" data-align=\"center\"><strong><mark style=\"background-color:rgba(0, 0, 0, 0)\" class=\"has-inline-color has-vivid-cyan-blue-color\">2026. 11. 21. szombat<\/mark><\/strong><\/td><td class=\"has-text-align-center\" data-align=\"center\"><strong><mark style=\"background-color:rgba(0, 0, 0, 0)\" class=\"has-inline-color has-vivid-cyan-blue-color\">10:00 &#8211; 17:00<\/mark><\/strong><\/td><td class=\"has-text-align-center\" data-align=\"center\"><strong><em><mark style=\"background-color:rgba(0, 0, 0, 0);color:#025b1b\" class=\"has-inline-color\">TESZTNAP<\/mark><\/em><\/strong><\/td><\/tr><tr><td class=\"has-text-align-center\" data-align=\"center\"><strong><mark style=\"background-color:rgba(0, 0, 0, 0);color:#076844\" class=\"has-inline-color\">2026. 11. 28. szombat<\/mark><\/strong><\/td><td class=\"has-text-align-center\" data-align=\"center\"><strong><mark style=\"background-color:rgba(0, 0, 0, 0)\" class=\"has-inline-color has-vivid-cyan-blue-color\">10:00 &#8211; 18:00<\/mark><\/strong><\/td><td class=\"has-text-align-center\" data-align=\"center\"><em><strong><mark style=\"background-color:rgba(0, 0, 0, 0);color:#ff0000\" class=\"has-inline-color\">VERSENY<\/mark><\/strong><\/em><\/td><\/tr><tr><td class=\"has-text-align-center\" data-align=\"center\"><img loading=\"lazy\" decoding=\"async\" width=\"100\" height=\"38\" class=\"wp-image-2677\" style=\"width: 100px;\" src=\"https:\/\/slotcar.hu\/wp-content\/uploads\/2024\/05\/200w.gif\" alt=\"\"><\/td><td class=\"has-text-align-center\" data-align=\"center\"><em><strong><mark style=\"background-color:rgba(0, 0, 0, 0)\" class=\"has-inline-color has-vivid-purple-color\">DECEMBER<\/mark><\/strong><\/em><\/td><td class=\"has-text-align-center\" data-align=\"center\"><img loading=\"lazy\" decoding=\"async\" width=\"100\" height=\"38\" class=\"wp-image-2677\" style=\"width: 100px;\" src=\"https:\/\/slotcar.hu\/wp-content\/uploads\/2024\/05\/200w.gif\" alt=\"\"><\/td><\/tr><tr><td class=\"has-text-align-center\" data-align=\"center\"><strong><mark style=\"background-color:rgba(0, 0, 0, 0)\" class=\"has-inline-color has-luminous-vivid-orange-color\">2026. 12. 05. szombat<\/mark><\/strong><\/td><td class=\"has-text-align-center\" data-align=\"center\"><strong><mark style=\"background-color:rgba(0, 0, 0, 0)\" class=\"has-inline-color has-vivid-cyan-blue-color\">10:00 &#8211; 18:00<\/mark><\/strong><\/td><td class=\"has-text-align-center\" data-align=\"center\"><em><strong><mark style=\"background-color:rgba(0, 0, 0, 0)\" class=\"has-inline-color has-luminous-vivid-orange-color\">P\u00d3TL\u00c1S<\/mark><\/strong><\/em><\/td><\/tr><tr><td class=\"has-text-align-center\" data-align=\"center\"><strong><mark style=\"background-color:rgba(0, 0, 0, 0)\" class=\"has-inline-color has-vivid-cyan-blue-color\">2026. 12. 06. vas\u00e1rnap<\/mark><\/strong><\/td><td class=\"has-text-align-center\" data-align=\"center\"><strong><mark style=\"background-color:rgba(0, 0, 0, 0)\" class=\"has-inline-color has-vivid-cyan-blue-color\">10:00 &#8211; 17:00<\/mark><\/strong><\/td><td class=\"has-text-align-center\" data-align=\"center\"><strong><em><mark style=\"background-color:#ff1100\" class=\"has-inline-color\">MIKUL\u00c1S KUPA<\/mark><\/em><\/strong><\/td><\/tr><tr><td class=\"has-text-align-center\" data-align=\"center\"><strong><mark style=\"background-color:rgba(0, 0, 0, 0);color:#076844\" class=\"has-inline-color\">2026. 12. 27. szombat<\/mark><\/strong><\/td><td class=\"has-text-align-center\" data-align=\"center\"><strong><mark style=\"background-color:rgba(0, 0, 0, 0)\" class=\"has-inline-color has-vivid-cyan-blue-color\">10:00 &#8211; 18:00<\/mark><\/strong><\/td><td class=\"has-text-align-center\" data-align=\"center\"><em><strong><mark style=\"background-color:rgba(0, 0, 0, 0);color:#ff0000\" class=\"has-inline-color\">VERSENY<\/mark><\/strong><\/em> <strong><mark style=\"background-color:rgba(0, 0, 0, 0);color:#ff0000\" class=\"has-inline-color\">&#8211;<\/mark><\/strong> <strong><em><mark style=\"background-color:rgba(0, 0, 0, 0);color:#ff0000\" class=\"has-inline-color\">\u00c9VZ\u00c1R\u00d3<\/mark><\/em><\/strong><\/td><\/tr><\/tbody><\/table><\/figure>\n\n\n\n<p><\/p>\n","protected":false},"excerpt":{"rendered":"<p>A p\u00e1lya gyakorl\u00e1sra, tesztel\u00e9sre, aut\u00f3be\u00e1ll\u00edt\u00e1sra \u00e9s versenyekre ki\u00edrt nyitvatart\u00e1si rendje. El\u0151zetes bejelentkez\u00e9s sz\u00fcks\u00e9ges, minimum egy&#8230;<\/p>\n","protected":false},"author":1,"featured_media":0,"parent":0,"menu_order":0,"comment_status":"closed","ping_status":"closed","template":"","meta":{"footnotes":""},"class_list":["post-4307","page","type-page","status-publish","hentry"],"_links":{"self":[{"href":"https:\/\/slotcar.hu\/index.php\/wp-json\/wp\/v2\/pages\/4307"}],"collection":[{"href":"https:\/\/slotcar.hu\/index.php\/wp-json\/wp\/v2\/pages"}],"about":[{"href":"https:\/\/slotcar.hu\/index.php\/wp-json\/wp\/v2\/types\/page"}],"author":[{"embeddable":true,"href":"https:\/\/slotcar.hu\/index.php\/wp-json\/wp\/v2\/users\/1"}],"replies":[{"embeddable":true,"href":"https:\/\/slotcar.hu\/index.php\/wp-json\/wp\/v2\/comments?post=4307"}],"version-history":[{"count":70,"href":"https:\/\/slotcar.hu\/index.php\/wp-json\/wp\/v2\/pages\/4307\/revisions"}],"predecessor-version":[{"id":6156,"href":"https:\/\/slotcar.hu\/index.php\/wp-json\/wp\/v2\/pages\/4307\/revisions\/6156"}],"wp:attachment":[{"href":"https:\/\/slotcar.hu\/index.php\/wp-json\/wp\/v2\/media?parent=4307"}],"curies":[{"name":"wp","href":"https:\/\/api.w.org\/{rel}","templated":true}]}}