{"id":43,"date":"2022-10-26T21:42:20","date_gmt":"2022-10-26T21:42:20","guid":{"rendered":"https:\/\/slotcar.hu\/?page_id=43"},"modified":"2025-11-16T21:53:06","modified_gmt":"2025-11-16T21:53:06","slug":"epuletek","status":"publish","type":"page","link":"https:\/\/slotcar.hu\/index.php\/epuletek\/","title":{"rendered":"\u00c9p\u00fcletek, figur\u00e1k"},"content":{"rendered":"\n<div class=\"wp-block-media-text is-stacked-on-mobile\"><figure class=\"wp-block-media-text__media\"><img loading=\"lazy\" decoding=\"async\" width=\"800\" height=\"800\" src=\"https:\/\/slotcar.hu\/wp-content\/uploads\/2025\/11\/converted-14.jpeg\" alt=\"\" class=\"wp-image-5278 size-full\" srcset=\"https:\/\/slotcar.hu\/wp-content\/uploads\/2025\/11\/converted-14.jpeg 800w, https:\/\/slotcar.hu\/wp-content\/uploads\/2025\/11\/converted-14-300x300.jpeg 300w, https:\/\/slotcar.hu\/wp-content\/uploads\/2025\/11\/converted-14-150x150.jpeg 150w, https:\/\/slotcar.hu\/wp-content\/uploads\/2025\/11\/converted-14-768x768.jpeg 768w\" sizes=\"(max-width: 800px) 100vw, 800px\" \/><\/figure><div class=\"wp-block-media-text__content\">\n<p><strong>21100 Lel\u00e1t\u00f3<\/strong><\/p>\n\n\n\n<p>Modern dekor\u00e1ci\u00f3 a versenyp\u00e1ly\u00e1ra! Az \u00e9p\u00fcletek modul\u00e1ris rendszerk\u00e9nt haszn\u00e1lhat\u00f3k, sz\u00e1mos kombin\u00e1ci\u00f3t \u00e9s konstrukci\u00f3t k\u00edn\u00e1lva, tetsz\u00e9s szerint b\u0151v\u00edthet\u0151k!<\/p>\n<\/div><\/div>\n\n\n\n<div class=\"wp-block-media-text is-stacked-on-mobile\"><figure class=\"wp-block-media-text__media\"><img loading=\"lazy\" decoding=\"async\" width=\"800\" height=\"800\" src=\"https:\/\/slotcar.hu\/wp-content\/uploads\/2025\/11\/converted-13.jpeg\" alt=\"\" class=\"wp-image-5277 size-full\" srcset=\"https:\/\/slotcar.hu\/wp-content\/uploads\/2025\/11\/converted-13.jpeg 800w, https:\/\/slotcar.hu\/wp-content\/uploads\/2025\/11\/converted-13-300x300.jpeg 300w, https:\/\/slotcar.hu\/wp-content\/uploads\/2025\/11\/converted-13-150x150.jpeg 150w, https:\/\/slotcar.hu\/wp-content\/uploads\/2025\/11\/converted-13-768x768.jpeg 768w\" sizes=\"(max-width: 800px) 100vw, 800px\" \/><\/figure><div class=\"wp-block-media-text__content\">\n<p><strong>21101 Lel\u00e1t\u00f3 b\u0151v\u00edt\u0151k\u00e9szlet<\/strong><\/p>\n\n\n\n<p>K\u00f6nnyen \u00f6sszeszerelhet\u0151 m\u0171anyag \u00e9p\u00edt\u0151k\u00e9szletek, d\u00edsz\u00edt\u0151 matric\u00e1kkal ell\u00e1tva.<\/p>\n\n\n\n<p>Modern dekor\u00e1ci\u00f3 a versenyp\u00e1ly\u00e1ra! Az \u00e9p\u00fcletek modul\u00e1ris rendszerk\u00e9nt haszn\u00e1lhat\u00f3k, sz\u00e1mos kombin\u00e1ci\u00f3t \u00e9s konstrukci\u00f3t k\u00edn\u00e1lva, tetsz\u00e9s szerint b\u0151v\u00edthet\u0151k!<\/p>\n<\/div><\/div>\n\n\n\n<div class=\"wp-block-media-text is-stacked-on-mobile\"><figure class=\"wp-block-media-text__media\"><img loading=\"lazy\" decoding=\"async\" width=\"800\" height=\"800\" src=\"https:\/\/slotcar.hu\/wp-content\/uploads\/2025\/11\/converted-15.jpeg\" alt=\"\" class=\"wp-image-5280 size-full\" srcset=\"https:\/\/slotcar.hu\/wp-content\/uploads\/2025\/11\/converted-15.jpeg 800w, https:\/\/slotcar.hu\/wp-content\/uploads\/2025\/11\/converted-15-300x300.jpeg 300w, https:\/\/slotcar.hu\/wp-content\/uploads\/2025\/11\/converted-15-150x150.jpeg 150w, https:\/\/slotcar.hu\/wp-content\/uploads\/2025\/11\/converted-15-768x768.jpeg 768w\" sizes=\"(max-width: 800px) 100vw, 800px\" \/><\/figure><div class=\"wp-block-media-text__content\">\n<p><strong>21104 Gar\u00e1zs<\/strong><\/p>\n\n\n\n<p>Az \u00e9p\u00fcletek modul\u00e1ris rendszerk\u00e9nt lettek kialak\u00edtva, \u00edgy sz\u00e1mtalan kombin\u00e1ci\u00f3s \u00e9s \u00e9p\u00edt\u00e9si lehet\u0151s\u00e9get k\u00edn\u00e1lnak, \u00e9s sz\u00fcks\u00e9g szerint b\u0151v\u00edthet\u0151k. <\/p>\n\n\n\n<p>M\u00e9retek: 20,5 x 10 x 17,5 cm (sz\u00e9less\u00e9g x magass\u00e1g x m\u00e9lys\u00e9g \u2013 a &#8222;Michelin&#8221; t\u00e1bla nem tartoz\u00e9k!).<\/p>\n<\/div><\/div>\n\n\n\n<div class=\"wp-block-media-text is-stacked-on-mobile\"><figure class=\"wp-block-media-text__media\"><img loading=\"lazy\" decoding=\"async\" width=\"800\" height=\"800\" src=\"https:\/\/slotcar.hu\/wp-content\/uploads\/2025\/11\/converted-16.jpeg\" alt=\"\" class=\"wp-image-5284 size-full\" srcset=\"https:\/\/slotcar.hu\/wp-content\/uploads\/2025\/11\/converted-16.jpeg 800w, https:\/\/slotcar.hu\/wp-content\/uploads\/2025\/11\/converted-16-300x300.jpeg 300w, https:\/\/slotcar.hu\/wp-content\/uploads\/2025\/11\/converted-16-150x150.jpeg 150w, https:\/\/slotcar.hu\/wp-content\/uploads\/2025\/11\/converted-16-768x768.jpeg 768w\" sizes=\"(max-width: 800px) 100vw, 800px\" \/><\/figure><div class=\"wp-block-media-text__content\">\n<p><strong>21105 VIP szint<\/strong> (21104 gar\u00e1zsra helyezhet\u0151)<\/p>\n\n\n\n<p>Az \u00e9p\u00fcletek modul\u00e1ris rendszerk\u00e9nt haszn\u00e1lhat\u00f3k, sz\u00e1mos kombin\u00e1ci\u00f3t \u00e9s konstrukci\u00f3t k\u00edn\u00e1lva, tetsz\u00e9s szerint b\u0151v\u00edthet\u0151k!<\/p>\n<\/div><\/div>\n\n\n\n<div class=\"wp-block-media-text is-stacked-on-mobile\"><figure class=\"wp-block-media-text__media\"><img loading=\"lazy\" decoding=\"async\" width=\"800\" height=\"800\" src=\"https:\/\/slotcar.hu\/wp-content\/uploads\/2025\/11\/converted-17.jpeg\" alt=\"\" class=\"wp-image-5286 size-full\" srcset=\"https:\/\/slotcar.hu\/wp-content\/uploads\/2025\/11\/converted-17.jpeg 800w, https:\/\/slotcar.hu\/wp-content\/uploads\/2025\/11\/converted-17-300x300.jpeg 300w, https:\/\/slotcar.hu\/wp-content\/uploads\/2025\/11\/converted-17-150x150.jpeg 150w, https:\/\/slotcar.hu\/wp-content\/uploads\/2025\/11\/converted-17-768x768.jpeg 768w\" sizes=\"(max-width: 800px) 100vw, 800px\" \/><\/figure><div class=\"wp-block-media-text__content\">\n<p><strong>21124 ir\u00e1ny\u00edt\u00f3torony<\/strong><\/p>\n\n\n\n<p>Kombin\u00e1lhat\u00f3 a <strong>Position Tower <\/strong>(\u00a0<strong><a href=\"https:\/\/www.slotcar-union.com\/index.php?controller=product?id_product=784\">30357<\/a><\/strong>\u00a0) \u00e9s a <strong>Pit Garage<\/strong> (\u00a0<strong><a href=\"https:\/\/www.slotcar-union.com\/index.php?controller=product?id_product=919\">21104<\/a><\/strong>\u00a0) term\u00e9kekkel. Erk\u00e9ly mindk\u00e9t oldalra felszerelhet\u0151.<\/p>\n\n\n\n<p><\/p>\n<\/div><\/div>\n\n\n\n<div class=\"wp-block-media-text is-stacked-on-mobile\"><figure class=\"wp-block-media-text__media\"><img loading=\"lazy\" decoding=\"async\" width=\"800\" height=\"800\" src=\"https:\/\/slotcar.hu\/wp-content\/uploads\/2025\/11\/converted-18.jpeg\" alt=\"\" class=\"wp-image-5290 size-full\" srcset=\"https:\/\/slotcar.hu\/wp-content\/uploads\/2025\/11\/converted-18.jpeg 800w, https:\/\/slotcar.hu\/wp-content\/uploads\/2025\/11\/converted-18-300x300.jpeg 300w, https:\/\/slotcar.hu\/wp-content\/uploads\/2025\/11\/converted-18-150x150.jpeg 150w, https:\/\/slotcar.hu\/wp-content\/uploads\/2025\/11\/converted-18-768x768.jpeg 768w\" sizes=\"(max-width: 800px) 100vw, 800px\" \/><\/figure><div class=\"wp-block-media-text__content\">\n<p><strong>21102 Sajt\u00f3torony<\/strong><\/p>\n\n\n\n<p>3 emeletes, dupla gar\u00e1zszal, amely\u00a0a\u00a0<strong><a href=\"https:\/\/www.slotcar-union.com\/index.php?controller=product?id_product=918\">21103\u00a0<\/a><\/strong>referenciasz\u00e1mmal\u00a0<br>b\u0151v\u00edthet\u0151.<\/p>\n<\/div><\/div>\n\n\n\n<div class=\"wp-block-media-text is-stacked-on-mobile\"><figure class=\"wp-block-media-text__media\"><\/figure><div class=\"wp-block-media-text__content\">\n<p><strong>21103 Sajt\u00f3torony terasz b\u0151v\u00edt\u0151k\u00e9szlet<\/strong><\/p>\n\n\n\n<p>1 emeletes, erk\u00e9llyel.<\/p>\n\n\n\n<p>K\u00f6nnyen \u00f6sszeszerelhet\u0151 m\u0171anyag \u00e9p\u00edt\u0151k\u00e9szletek, d\u00edsz\u00edt\u0151 matric\u00e1kkal ell\u00e1tva.<\/p>\n<\/div><\/div>\n","protected":false},"excerpt":{"rendered":"<p>21100 Lel\u00e1t\u00f3 Modern dekor\u00e1ci\u00f3 a versenyp\u00e1ly\u00e1ra! Az \u00e9p\u00fcletek modul\u00e1ris rendszerk\u00e9nt haszn\u00e1lhat\u00f3k, sz\u00e1mos kombin\u00e1ci\u00f3t \u00e9s konstrukci\u00f3t&#8230;<\/p>\n","protected":false},"author":1,"featured_media":0,"parent":0,"menu_order":0,"comment_status":"closed","ping_status":"closed","template":"","meta":{"footnotes":""},"class_list":["post-43","page","type-page","status-publish","hentry"],"_links":{"self":[{"href":"https:\/\/slotcar.hu\/index.php\/wp-json\/wp\/v2\/pages\/43"}],"collection":[{"href":"https:\/\/slotcar.hu\/index.php\/wp-json\/wp\/v2\/pages"}],"about":[{"href":"https:\/\/slotcar.hu\/index.php\/wp-json\/wp\/v2\/types\/page"}],"author":[{"embeddable":true,"href":"https:\/\/slotcar.hu\/index.php\/wp-json\/wp\/v2\/users\/1"}],"replies":[{"embeddable":true,"href":"https:\/\/slotcar.hu\/index.php\/wp-json\/wp\/v2\/comments?post=43"}],"version-history":[{"count":11,"href":"https:\/\/slotcar.hu\/index.php\/wp-json\/wp\/v2\/pages\/43\/revisions"}],"predecessor-version":[{"id":5293,"href":"https:\/\/slotcar.hu\/index.php\/wp-json\/wp\/v2\/pages\/43\/revisions\/5293"}],"wp:attachment":[{"href":"https:\/\/slotcar.hu\/index.php\/wp-json\/wp\/v2\/media?parent=43"}],"curies":[{"name":"wp","href":"https:\/\/api.w.org\/{rel}","templated":true}]}}