{"id":34,"date":"2022-10-26T21:41:01","date_gmt":"2022-10-26T21:41:01","guid":{"rendered":"https:\/\/slotcar.hu\/?page_id=34"},"modified":"2025-11-13T18:56:40","modified_gmt":"2025-11-13T18:56:40","slug":"palyaelemek","status":"publish","type":"page","link":"https:\/\/slotcar.hu\/index.php\/palyaelemek\/","title":{"rendered":"A P\u00c1LYA!"},"content":{"rendered":"\n<div class=\"wp-block-group\"><div class=\"wp-block-group__inner-container is-layout-constrained wp-block-group-is-layout-constrained\">\n<div class=\"wp-block-columns is-layout-flex wp-container-core-columns-is-layout-1 wp-block-columns-is-layout-flex\">\n<div class=\"wp-block-column is-layout-flow wp-block-column-is-layout-flow\" style=\"flex-basis:100%\">\n<div class=\"wp-block-group\"><div class=\"wp-block-group__inner-container is-layout-constrained wp-block-group-is-layout-constrained\">\n<figure class=\"wp-block-gallery has-nested-images columns-default is-cropped wp-block-gallery-1 is-layout-flex wp-block-gallery-is-layout-flex\"><\/figure>\n<\/div><\/div>\n<\/div>\n<\/div>\n<\/div><\/div>\n\n\n<div class=\"wp-block-image\">\n<figure class=\"aligncenter\"><img loading=\"lazy\" decoding=\"async\" width=\"800\" height=\"451\" src=\"https:\/\/slotcar.hu\/wp-content\/uploads\/2025\/10\/tn_IMG20251026123759.jpg\" alt=\"\" class=\"wp-image-5143\" srcset=\"https:\/\/slotcar.hu\/wp-content\/uploads\/2025\/10\/tn_IMG20251026123759.jpg 800w, https:\/\/slotcar.hu\/wp-content\/uploads\/2025\/10\/tn_IMG20251026123759-300x169.jpg 300w, https:\/\/slotcar.hu\/wp-content\/uploads\/2025\/10\/tn_IMG20251026123759-768x433.jpg 768w\" sizes=\"(max-width: 800px) 100vw, 800px\" \/><\/figure><\/div>\n\n\n<figure class=\"wp-block-gallery has-nested-images columns-default is-cropped wp-block-gallery-2 is-layout-flex wp-block-gallery-is-layout-flex\">\n<figure class=\"wp-block-image size-full\"><img loading=\"lazy\" decoding=\"async\" width=\"800\" height=\"451\" data-id=\"5135\" src=\"https:\/\/slotcar.hu\/wp-content\/uploads\/2025\/10\/tn_IMG20251026123535.jpg\" alt=\"\" class=\"wp-image-5135\" srcset=\"https:\/\/slotcar.hu\/wp-content\/uploads\/2025\/10\/tn_IMG20251026123535.jpg 800w, https:\/\/slotcar.hu\/wp-content\/uploads\/2025\/10\/tn_IMG20251026123535-300x169.jpg 300w, https:\/\/slotcar.hu\/wp-content\/uploads\/2025\/10\/tn_IMG20251026123535-768x433.jpg 768w\" sizes=\"(max-width: 800px) 100vw, 800px\" \/><\/figure>\n\n\n\n<figure class=\"wp-block-image size-full\"><img loading=\"lazy\" decoding=\"async\" width=\"800\" height=\"451\" data-id=\"5136\" src=\"https:\/\/slotcar.hu\/wp-content\/uploads\/2025\/10\/tn_IMG20251026123558.jpg\" alt=\"\" class=\"wp-image-5136\" srcset=\"https:\/\/slotcar.hu\/wp-content\/uploads\/2025\/10\/tn_IMG20251026123558.jpg 800w, https:\/\/slotcar.hu\/wp-content\/uploads\/2025\/10\/tn_IMG20251026123558-300x169.jpg 300w, https:\/\/slotcar.hu\/wp-content\/uploads\/2025\/10\/tn_IMG20251026123558-768x433.jpg 768w\" sizes=\"(max-width: 800px) 100vw, 800px\" \/><\/figure>\n<\/figure>\n\n\n\n<figure class=\"wp-block-gallery has-nested-images columns-default is-cropped wp-block-gallery-3 is-layout-flex wp-block-gallery-is-layout-flex\">\n<figure class=\"wp-block-image size-large\"><img loading=\"lazy\" decoding=\"async\" width=\"800\" height=\"451\" data-id=\"5137\" src=\"https:\/\/slotcar.hu\/wp-content\/uploads\/2025\/10\/tn_IMG20251026123822.jpg\" alt=\"\" class=\"wp-image-5137\" srcset=\"https:\/\/slotcar.hu\/wp-content\/uploads\/2025\/10\/tn_IMG20251026123822.jpg 800w, https:\/\/slotcar.hu\/wp-content\/uploads\/2025\/10\/tn_IMG20251026123822-300x169.jpg 300w, https:\/\/slotcar.hu\/wp-content\/uploads\/2025\/10\/tn_IMG20251026123822-768x433.jpg 768w\" sizes=\"(max-width: 800px) 100vw, 800px\" \/><\/figure>\n\n\n\n<figure class=\"wp-block-image size-large\"><img loading=\"lazy\" decoding=\"async\" width=\"800\" height=\"451\" data-id=\"5138\" src=\"https:\/\/slotcar.hu\/wp-content\/uploads\/2025\/10\/tn_IMG20251026123746.jpg\" alt=\"\" class=\"wp-image-5138\" srcset=\"https:\/\/slotcar.hu\/wp-content\/uploads\/2025\/10\/tn_IMG20251026123746.jpg 800w, https:\/\/slotcar.hu\/wp-content\/uploads\/2025\/10\/tn_IMG20251026123746-300x169.jpg 300w, https:\/\/slotcar.hu\/wp-content\/uploads\/2025\/10\/tn_IMG20251026123746-768x433.jpg 768w\" sizes=\"(max-width: 800px) 100vw, 800px\" \/><\/figure>\n<\/figure>\n\n\n\n<div class=\"wp-block-media-text is-stacked-on-mobile\"><figure class=\"wp-block-media-text__media\"><img loading=\"lazy\" decoding=\"async\" width=\"800\" height=\"451\" src=\"https:\/\/slotcar.hu\/wp-content\/uploads\/2025\/10\/tn_IMG20251026123526.jpg\" alt=\"\" class=\"wp-image-5130 size-full\" srcset=\"https:\/\/slotcar.hu\/wp-content\/uploads\/2025\/10\/tn_IMG20251026123526.jpg 800w, https:\/\/slotcar.hu\/wp-content\/uploads\/2025\/10\/tn_IMG20251026123526-300x169.jpg 300w, https:\/\/slotcar.hu\/wp-content\/uploads\/2025\/10\/tn_IMG20251026123526-768x433.jpg 768w\" sizes=\"(max-width: 800px) 100vw, 800px\" \/><\/figure><div class=\"wp-block-media-text__content\">\n<p><strong>2025. janu\u00e1r 7.<\/strong><br>Vissza lett bontva a p\u00e1lya azon szakasza hol v\u00e1ltoz\u00e1s lesz. Ez el\u00e9g nagy munka volt, mert sok helyen a p\u00e1lyaelemek r\u00f6gz\u00edt\u00e9se akad\u00e1lyozta a bont\u00e1st. Elk\u00e9sz\u00fclt a boxutca bevezet\u0151 szakasza.<\/p>\n\n\n\n<p><strong>2025. janu\u00e1r 5-\u00e9n<\/strong> elkezd\u0151dtek a munk\u00e1latok. \u00dajabb v\u00e1lt\u00e1si lehet\u0151s\u00e9kek behelyez\u00e9s\u00e9nek felm\u00e9r\u00e9se.<br>Control Unit cser\u00e1je, mert az el\u0151z\u0151 szezonban t\u00f6nkre ment a hangsz\u00f3r\u00f3 vez\u00e9rl\u00e9se, \u00e9s emiatt kisebb anom\u00e1li\u00e1k jelentkeztek a vez\u00e9rl\u00e9sben.<\/p>\n<\/div><\/div>\n\n\n\n<p class=\"has-large-font-size\"><strong><mark style=\"background-color:rgba(0, 0, 0, 0)\" class=\"has-inline-color has-vivid-cyan-blue-color\">2025 VERSENY SZEZON<\/mark><\/strong><\/p>\n\n\n\n<p>Tervek alapj\u00e1n a 2025-\u00f6s verseny szezonra a verseny lebonyol\u00edt\u00e1s\u00e1t v\u00e9gz\u0151 p\u00e1lyafenntart\u00f3 \u00e1t\u00e9p\u00edt\u00e9st tervez a p\u00e1lyan, hogy gyorsabb, taktik\u00e1sabb \u00e9s biztons\u00e1gosabb legyen a p\u00e1lya. Err\u0151l inform\u00e1ci\u00f3k m\u00e9g nincsenek, csak n\u00e9h\u00e1ny kisziv\u00e1rgott h\u00edrmorzsa, hogy a h\u00edd alatti sik\u00e1n lesz kicvsit egyenessbre var\u00e1zsolva, illetve plusz 3 v\u00e1lt\u00f3 lesz a p\u00e1lyatestbe behelyezve, ezzel n\u00f6velve az izgalmakat \u00e9s az el\u0151z\u00e9si lehet\u0151s\u00e9geket n\u00f6velve.<\/p>\n\n\n\n<hr class=\"wp-block-separator has-alpha-channel-opacity\"\/>\n\n\n\n<p class=\"has-large-font-size\"><strong><mark style=\"background-color:rgba(0, 0, 0, 0)\" class=\"has-inline-color has-vivid-cyan-blue-color\">2024 VERSENY SZEZON<\/mark><\/strong><\/p>\n\n\n\n<div class=\"wp-block-media-text alignwide is-stacked-on-mobile\"><figure class=\"wp-block-media-text__media\"><img loading=\"lazy\" decoding=\"async\" width=\"1024\" height=\"703\" src=\"https:\/\/slotcar.hu\/wp-content\/uploads\/2024\/07\/2024palya-1024x703.jpg\" alt=\"\" class=\"wp-image-3069 size-full\" srcset=\"https:\/\/slotcar.hu\/wp-content\/uploads\/2024\/07\/2024palya-1024x703.jpg 1024w, https:\/\/slotcar.hu\/wp-content\/uploads\/2024\/07\/2024palya-300x206.jpg 300w, https:\/\/slotcar.hu\/wp-content\/uploads\/2024\/07\/2024palya-768x528.jpg 768w, https:\/\/slotcar.hu\/wp-content\/uploads\/2024\/07\/2024palya.jpg 1118w\" sizes=\"(max-width: 1024px) 100vw, 1024px\" \/><\/figure><div class=\"wp-block-media-text__content\">\n<p><strong>22,7 m\u00e9ter hossz\u00fa,<\/strong> szalagkorl\u00e1ttal z\u00e1rt, kanyarokban emelt v\u00e9delmir\u00e1ccsal ell\u00e1tott p\u00e1lya.<\/p>\n\n\n\n<p><strong>3,3 m\u00e9ter x 2,2 m\u00e9ter<\/strong> nagys\u00e1g\u00fa asztalon 2 szinten helyezkedik el.<\/p>\n\n\n\n<p><strong>2022. okt\u00f3ber\u00e9t\u0151l <\/strong>\u00e9p\u00fcltek az alapjai, tesztfutamok ut\u00e1n <strong>2023. \u00e1prilis 7-\u00e9n<\/strong> megrendez\u00e9sre ker\u00fclt az els\u0151 verseny \u00e1tad\u00e1s \u00e9s els\u0151 futam.<br><strong>2024 janu\u00e1r 27-\u00e9n 10:00-i <\/strong>kezdettel megkezd\u0151d\u00f6tt 7 pil\u00f3ta r\u00e9szv\u00e9tel\u00e9vel a 2024-es SZEZON.<br><strong>2024. m\u00e1rcius\u00e1ban<\/strong> elektronikai v\u00e1ltoztat\u00e1sok, bet\u00e1pl\u00e1l\u00e1si pontok ker\u00fcltek a p\u00e1lyatest al\u00e1.<br><strong>2024. m\u00e1jus 15-\u00e9n<\/strong> meg\u00e9rkeztek a kanyarokba a biztons\u00e1gi elemek, melyek csillap\u00edtj\u00e1k az aut\u00f3k falnak csap\u00f3d\u00e1s\u00e1t, ezzel cs\u00f6kkentve a nagyobb, rosszul megv\u00e1lasztott sebess\u00e9gn\u00e9l a kies\u00e9s lehet\u0151s\u00e9g\u00e9t.<\/p>\n\n\n<\/div><\/div>\n\n\n\n<hr class=\"wp-block-separator has-alpha-channel-opacity is-style-wide\"\/>\n\n\n\n<p><\/p>\n","protected":false},"excerpt":{"rendered":"<p>2025. janu\u00e1r 7.Vissza lett bontva a p\u00e1lya azon szakasza hol v\u00e1ltoz\u00e1s lesz. Ez el\u00e9g nagy&#8230;<\/p>\n","protected":false},"author":1,"featured_media":0,"parent":0,"menu_order":0,"comment_status":"closed","ping_status":"closed","template":"","meta":{"footnotes":""},"class_list":["post-34","page","type-page","status-publish","hentry"],"_links":{"self":[{"href":"https:\/\/slotcar.hu\/index.php\/wp-json\/wp\/v2\/pages\/34"}],"collection":[{"href":"https:\/\/slotcar.hu\/index.php\/wp-json\/wp\/v2\/pages"}],"about":[{"href":"https:\/\/slotcar.hu\/index.php\/wp-json\/wp\/v2\/types\/page"}],"author":[{"embeddable":true,"href":"https:\/\/slotcar.hu\/index.php\/wp-json\/wp\/v2\/users\/1"}],"replies":[{"embeddable":true,"href":"https:\/\/slotcar.hu\/index.php\/wp-json\/wp\/v2\/comments?post=34"}],"version-history":[{"count":23,"href":"https:\/\/slotcar.hu\/index.php\/wp-json\/wp\/v2\/pages\/34\/revisions"}],"predecessor-version":[{"id":5231,"href":"https:\/\/slotcar.hu\/index.php\/wp-json\/wp\/v2\/pages\/34\/revisions\/5231"}],"wp:attachment":[{"href":"https:\/\/slotcar.hu\/index.php\/wp-json\/wp\/v2\/media?parent=34"}],"curies":[{"name":"wp","href":"https:\/\/api.w.org\/{rel}","templated":true}]}}