{"id":2528,"date":"2024-05-01T18:34:01","date_gmt":"2024-05-01T18:34:01","guid":{"rendered":"https:\/\/slotcar.hu\/?page_id=2528"},"modified":"2024-05-01T18:45:53","modified_gmt":"2024-05-01T18:45:53","slug":"aktualis-hirfolyam","status":"publish","type":"page","link":"https:\/\/slotcar.hu\/index.php\/aktualis-hirfolyam\/","title":{"rendered":"Aktu\u00e1lis h\u00edrfolyam"},"content":{"rendered":"\n<p><a href=\"https:\/\/slotcar.hu\/index.php\/2024\/05\/01\/uj-szezon-uj-auto\/\">2024.05.01 Gondolkodik m\u00e1rkav\u00e1lt\u00e1son a Slotcar Zugl\u00f3 csapat.<\/a><\/p>\n","protected":false},"excerpt":{"rendered":"<p>2024.05.01 Gondolkodik m\u00e1rkav\u00e1lt\u00e1son a Slotcar Zugl\u00f3 csapat.<\/p>\n","protected":false},"author":1,"featured_media":0,"parent":0,"menu_order":0,"comment_status":"closed","ping_status":"closed","template":"","meta":{"footnotes":""},"class_list":["post-2528","page","type-page","status-publish","hentry"],"_links":{"self":[{"href":"https:\/\/slotcar.hu\/index.php\/wp-json\/wp\/v2\/pages\/2528"}],"collection":[{"href":"https:\/\/slotcar.hu\/index.php\/wp-json\/wp\/v2\/pages"}],"about":[{"href":"https:\/\/slotcar.hu\/index.php\/wp-json\/wp\/v2\/types\/page"}],"author":[{"embeddable":true,"href":"https:\/\/slotcar.hu\/index.php\/wp-json\/wp\/v2\/users\/1"}],"replies":[{"embeddable":true,"href":"https:\/\/slotcar.hu\/index.php\/wp-json\/wp\/v2\/comments?post=2528"}],"version-history":[{"count":4,"href":"https:\/\/slotcar.hu\/index.php\/wp-json\/wp\/v2\/pages\/2528\/revisions"}],"predecessor-version":[{"id":2533,"href":"https:\/\/slotcar.hu\/index.php\/wp-json\/wp\/v2\/pages\/2528\/revisions\/2533"}],"wp:attachment":[{"href":"https:\/\/slotcar.hu\/index.php\/wp-json\/wp\/v2\/media?parent=2528"}],"curies":[{"name":"wp","href":"https:\/\/api.w.org\/{rel}","templated":true}]}}