{"id":1844,"date":"2024-04-02T18:04:30","date_gmt":"2024-04-02T18:04:30","guid":{"rendered":"https:\/\/slotcar.hu\/?page_id=1844"},"modified":"2024-04-02T18:04:30","modified_gmt":"2024-04-02T18:04:30","slug":"27698-bmw-m6-gt3-walkenhorst-motorsport-no-34","status":"publish","type":"page","link":"https:\/\/slotcar.hu\/index.php\/27698-bmw-m6-gt3-walkenhorst-motorsport-no-34\/","title":{"rendered":"<strong>27698 BMW M6 GT3 &#8222;Walkenhorst Motorsport No.34&#8221;<\/strong>"},"content":{"rendered":"\n<figure class=\"wp-block-image size-full\"><img loading=\"lazy\" decoding=\"async\" width=\"784\" height=\"513\" src=\"https:\/\/slotcar.hu\/wp-content\/uploads\/2024\/04\/27698.jpg\" alt=\"\" class=\"wp-image-1834\" srcset=\"https:\/\/slotcar.hu\/wp-content\/uploads\/2024\/04\/27698.jpg 784w, https:\/\/slotcar.hu\/wp-content\/uploads\/2024\/04\/27698-300x196.jpg 300w, https:\/\/slotcar.hu\/wp-content\/uploads\/2024\/04\/27698-768x503.jpg 768w\" sizes=\"(max-width: 784px) 100vw, 784px\" \/><\/figure>\n\n\n\n<p><strong>Mesteri versenyz\u0151 a lelkes amat\u0151r pil\u00f3t\u00e1knak<\/strong><br>Az 1:32 m\u00e9retar\u00e1ny\u00fa Carrera EVOLUTION BMW M6 GT3 &#8216;Walkenhorst Motorsport, No. 34&#8217; a n\u00e9pszer\u0171 m\u00fcncheni t\u00faraaut\u00f3 t\u00f6k\u00e9letes m\u00e9retar\u00e1ny\u00fa modellje. Ez a versenyaut\u00f3 a Team Walkenhorst Motorsport 43-as sz\u00e1m\u00e1t viselte, \u00e9s fontos kieg\u00e9sz\u00edt\u0151je lett a c\u00e9g diadallist\u00e1j\u00e1nak. Az els\u0151 \u00e9v\u00e9ben az aut\u00f3 sz\u00e1mos gy\u0151zelmet aratott, k\u00f6zt\u00fck dobog\u00f3s helyez\u00e9seket a VLN hossz\u00fa t\u00e1v\u00fa bajnoks\u00e1gban \u00e9s a 24 \u00f3r\u00e1s Spa-Francorchamps-i versenyen.<\/p>\n\n\n\n<p><strong>Sikeres indul\u00f3 \u2013 b\u00e1rhol is versenyezzen<\/strong><br>A lelkes amat\u0151r pil\u00f3t\u00e1k nem hagyhatj\u00e1k ki a BMW M6 GT3 kicsiny\u00edtett, otthoni versenyz\u00e9sre sz\u00e1nt v\u00e1ltozat\u00e1t. A h\u0171en reproduk\u00e1lt BMW f\u00e9kez\u00e9si \u00e9s gyors\u00edt\u00e1si teljes\u00edtm\u00e9nye szem\u00e9lyre szabhat\u00f3 a maxim\u00e1lis rugalmass\u00e1g \u00e9rdek\u00e9ben. A kezd\u0151 vagy halad\u00f3 \u00fczemm\u00f3d v\u00e1laszt\u00e1sa azt jelenti, hogy a j\u00e1rm\u0171vezet\u0151 egy\u00e9ni k\u00e9pzetts\u00e9gi szintj\u00e9hez igaz\u00edthat\u00f3. Az aut\u00f3 k\u00fcl\u00f6n digit\u00e1lis dek\u00f3dol\u00e1st kaphat digit\u00e1lis haszn\u00e1latra.<\/p>\n\n\n\n<h3 class=\"wp-block-heading\">AZ ALKATR\u00c9SZEK&nbsp;<em>LE\u00cdR\u00c1SA<\/em><\/h3>\n\n\n\n<ul class=\"wp-block-list\">\n<li><a href=\"https:\/\/www.slotcar-union.com\/en\/prs-slot\/20669-prs-32630-chassis-bmw-m6-carrera-rtr.html\">PRS 32630 alv\u00e1z BMW M6 Carrera RTR<\/a>&nbsp;96,90 \u20ac<\/li>\n\n\n\n<li><a href=\"https:\/\/www.slotcar-union.com\/en\/prs-slot\/21056-prs-32632-lexan-cockpit-for-bmw-m6-carrera.html\">PRS 32632 Lexan Cockpit BMW M6 Carrera<\/a>&nbsp;4,50 \u20ac<\/li>\n\n\n\n<li><a href=\"https:\/\/www.slotcar-union.com\/en\/pick-up-braids\/803-carrera-20366-guide-blade-double-sliding-contact-4007486203662.html\">Carrera 20366 vezet\u0151penge + dupla cs\u00fasz\u00f3\u00e9rintkez\u0151<\/a>&nbsp;9,50 \u20ac<\/li>\n\n\n\n<li><a href=\"https:\/\/www.slotcar-union.com\/en\/pick-up-braids\/19890-carrera-89108-set-of-screws-10-pcs-4007486891081.html\">Carrera 89108 csavark\u00e9szlet (10 db)<\/a>&nbsp;3,90 \u20ac<\/li>\n\n\n\n<li><a href=\"https:\/\/www.slotcar-union.com\/en\/motors-cables\/1832-carrera-evolutiondigital-132-89200-motor-e200-standard-4007486892002.html\">Carrera Evolution\/Digital 132 89200 Motor E200 Standard<\/a>&nbsp;9,90 \u20ac<\/li>\n\n\n\n<li><a href=\"https:\/\/www.slotcar-union.com\/en\/tires\/4106-carrera-89800-tires-for-dtm-4007486898004.html\">Carrera 89800 gumiabroncsok DTM-hez<\/a>&nbsp;4,50 \u20ac<\/li>\n\n\n\n<li><a href=\"https:\/\/www.slotcar-union.com\/en\/axles\/14598-carrera-89947-front-and-rear-axle-for-bmw-m6-gt3-4007486899476.html\">Carrera 89947 Els\u0151 \u00e9s h\u00e1ts\u00f3 tengely BMW M6 GT3-hoz<\/a>&nbsp;5,90 \u20ac<\/li>\n\n\n\n<li><a href=\"https:\/\/www.slotcar-union.com\/en\/spare-parts\/23492-carrera-91145-spare-parts-for-bmw-m6-gt3-walkenhorst-motorsport-no34-4007486911451.html\">Carrera 91145 Alkatr\u00e9szek BMW M6 GT3 &#8222;Walkenhorst Motorsport, No.34&#8221;<\/a>\u00a05,50 \u20ac<\/li>\n\n\n\n<li><a href=\"https:\/\/www.slotcar-union.com\/en\/slotdevil\/7167-slotdevil-20112005-carrera-cable-set-complete-0780509355152.html\">Slotdevil 20112005 Carrera k\u00e1belk\u00e9szlet kompletten<\/a>&nbsp;4,90 \u20ac<\/li>\n<\/ul>\n","protected":false},"excerpt":{"rendered":"<p>Mesteri versenyz\u0151 a lelkes amat\u0151r pil\u00f3t\u00e1knakAz 1:32 m\u00e9retar\u00e1ny\u00fa Carrera EVOLUTION BMW M6 GT3 &#8216;Walkenhorst Motorsport,&#8230;<\/p>\n","protected":false},"author":1,"featured_media":0,"parent":0,"menu_order":0,"comment_status":"closed","ping_status":"closed","template":"","meta":{"footnotes":""},"class_list":["post-1844","page","type-page","status-publish","hentry"],"_links":{"self":[{"href":"https:\/\/slotcar.hu\/index.php\/wp-json\/wp\/v2\/pages\/1844"}],"collection":[{"href":"https:\/\/slotcar.hu\/index.php\/wp-json\/wp\/v2\/pages"}],"about":[{"href":"https:\/\/slotcar.hu\/index.php\/wp-json\/wp\/v2\/types\/page"}],"author":[{"embeddable":true,"href":"https:\/\/slotcar.hu\/index.php\/wp-json\/wp\/v2\/users\/1"}],"replies":[{"embeddable":true,"href":"https:\/\/slotcar.hu\/index.php\/wp-json\/wp\/v2\/comments?post=1844"}],"version-history":[{"count":1,"href":"https:\/\/slotcar.hu\/index.php\/wp-json\/wp\/v2\/pages\/1844\/revisions"}],"predecessor-version":[{"id":1845,"href":"https:\/\/slotcar.hu\/index.php\/wp-json\/wp\/v2\/pages\/1844\/revisions\/1845"}],"wp:attachment":[{"href":"https:\/\/slotcar.hu\/index.php\/wp-json\/wp\/v2\/media?parent=1844"}],"curies":[{"name":"wp","href":"https:\/\/api.w.org\/{rel}","templated":true}]}}