{"id":1671,"date":"2024-03-31T14:40:24","date_gmt":"2024-03-31T14:40:24","guid":{"rendered":"https:\/\/slotcar.hu\/?page_id=1671"},"modified":"2024-03-31T22:14:52","modified_gmt":"2024-03-31T22:14:52","slug":"2024-es-evzaro-nascar-futam-dijatado","status":"publish","type":"page","link":"https:\/\/slotcar.hu\/index.php\/2024-es-evzaro-nascar-futam-dijatado\/","title":{"rendered":"2024-ES \u00c9VZ\u00c1R\u00d3 NASCAR FUTAM, DIJ\u00c1TAD\u00d3"},"content":{"rendered":"\n<p><strong>2024. december 27-28-29. <\/strong>(1\/1 verseny 1*150 k\u00f6r a NASCAR z\u00f6ld z\u00e1szl\u00f3 szab\u00e1lyzata alapj\u00e1n)<\/p>\n","protected":false},"excerpt":{"rendered":"<p>2024. december 27-28-29. (1\/1 verseny 1*150 k\u00f6r a NASCAR z\u00f6ld z\u00e1szl\u00f3 szab\u00e1lyzata alapj\u00e1n)<\/p>\n","protected":false},"author":1,"featured_media":0,"parent":0,"menu_order":0,"comment_status":"closed","ping_status":"closed","template":"","meta":{"footnotes":""},"class_list":["post-1671","page","type-page","status-publish","hentry"],"_links":{"self":[{"href":"https:\/\/slotcar.hu\/index.php\/wp-json\/wp\/v2\/pages\/1671"}],"collection":[{"href":"https:\/\/slotcar.hu\/index.php\/wp-json\/wp\/v2\/pages"}],"about":[{"href":"https:\/\/slotcar.hu\/index.php\/wp-json\/wp\/v2\/types\/page"}],"author":[{"embeddable":true,"href":"https:\/\/slotcar.hu\/index.php\/wp-json\/wp\/v2\/users\/1"}],"replies":[{"embeddable":true,"href":"https:\/\/slotcar.hu\/index.php\/wp-json\/wp\/v2\/comments?post=1671"}],"version-history":[{"count":2,"href":"https:\/\/slotcar.hu\/index.php\/wp-json\/wp\/v2\/pages\/1671\/revisions"}],"predecessor-version":[{"id":1685,"href":"https:\/\/slotcar.hu\/index.php\/wp-json\/wp\/v2\/pages\/1671\/revisions\/1685"}],"wp:attachment":[{"href":"https:\/\/slotcar.hu\/index.php\/wp-json\/wp\/v2\/media?parent=1671"}],"curies":[{"name":"wp","href":"https:\/\/api.w.org\/{rel}","templated":true}]}}