{"id":1654,"date":"2024-03-31T14:24:43","date_gmt":"2024-03-31T14:24:43","guid":{"rendered":"https:\/\/slotcar.hu\/?page_id=1654"},"modified":"2024-06-12T20:47:12","modified_gmt":"2024-06-12T20:47:12","slug":"verseny-tortenet-speed-race-70","status":"publish","type":"page","link":"https:\/\/slotcar.hu\/index.php\/verseny-tortenet-speed-race-70\/","title":{"rendered":"VERSENY T\u00d6RT\u00c9NET SPEED RACE 70"},"content":{"rendered":"\n<p><strong>2024. m\u00e1jus 26.<\/strong> (2\/2 verseny 2*70 k\u00f6r) <strong>ONLINE<\/strong><\/p>\n\n\n\n<div class=\"wp-block-group\"><div class=\"wp-block-group__inner-container is-layout-constrained wp-block-group-is-layout-constrained\">\n<figure class=\"wp-block-table\"><table class=\"has-cyan-bluish-gray-background-color has-background\"><tbody><tr><td><\/td><td class=\"has-text-align-center\" data-align=\"center\"><strong>Ati<\/strong><\/td><td class=\"has-text-align-center\" data-align=\"center\"><strong>Ateg<\/strong><\/td><td class=\"has-text-align-center\" data-align=\"center\"><strong>H\u00f6ri<\/strong><\/td><td class=\"has-text-align-center\" data-align=\"center\"><strong>Csenge<\/strong><\/td><td class=\"has-text-align-center\" data-align=\"center\"><strong>Bule<\/strong><\/td><td class=\"has-text-align-center\" data-align=\"center\"><strong>Kopp\u00e1ny<\/strong><\/td><td class=\"has-text-align-center\" data-align=\"center\"><strong>Hunor<\/strong><\/td><\/tr><tr><td><strong>Ati<\/strong><\/td><td class=\"has-text-align-center\" data-align=\"center\"><img loading=\"lazy\" decoding=\"async\" width=\"20\" height=\"23\" class=\"wp-image-2608\" style=\"width: 20px;\" src=\"https:\/\/slotcar.hu\/wp-content\/uploads\/2024\/05\/Black_x.svg_.png\" alt=\"\" srcset=\"https:\/\/slotcar.hu\/wp-content\/uploads\/2024\/05\/Black_x.svg_.png 896w, https:\/\/slotcar.hu\/wp-content\/uploads\/2024\/05\/Black_x.svg_-263x300.png 263w, https:\/\/slotcar.hu\/wp-content\/uploads\/2024\/05\/Black_x.svg_-768x878.png 768w\" sizes=\"(max-width: 20px) 100vw, 20px\" \/><\/td><td class=\"has-text-align-center\" data-align=\"center\"><\/td><td class=\"has-text-align-center\" data-align=\"center\"><\/td><td class=\"has-text-align-center\" data-align=\"center\"><\/td><td class=\"has-text-align-center\" data-align=\"center\"><\/td><td class=\"has-text-align-center\" data-align=\"center\"><\/td><td class=\"has-text-align-center\" data-align=\"center\"><\/td><\/tr><tr><td><strong>Ateg<\/strong><\/td><td class=\"has-text-align-center\" data-align=\"center\"><\/td><td class=\"has-text-align-center\" data-align=\"center\"><img loading=\"lazy\" decoding=\"async\" width=\"20\" height=\"23\" class=\"wp-image-2608\" style=\"width: 20px;\" src=\"https:\/\/slotcar.hu\/wp-content\/uploads\/2024\/05\/Black_x.svg_.png\" alt=\"\" srcset=\"https:\/\/slotcar.hu\/wp-content\/uploads\/2024\/05\/Black_x.svg_.png 896w, https:\/\/slotcar.hu\/wp-content\/uploads\/2024\/05\/Black_x.svg_-263x300.png 263w, https:\/\/slotcar.hu\/wp-content\/uploads\/2024\/05\/Black_x.svg_-768x878.png 768w\" sizes=\"(max-width: 20px) 100vw, 20px\" \/><\/td><td class=\"has-text-align-center\" data-align=\"center\"><strong>0-1<\/strong><img loading=\"lazy\" decoding=\"async\" width=\"20\" height=\"20\" class=\"wp-image-2650\" style=\"width: 20px;\" src=\"https:\/\/slotcar.hu\/wp-content\/uploads\/2024\/05\/check-mark-icon-png-square-ok-28.png\" alt=\"\" srcset=\"https:\/\/slotcar.hu\/wp-content\/uploads\/2024\/05\/check-mark-icon-png-square-ok-28.png 512w, https:\/\/slotcar.hu\/wp-content\/uploads\/2024\/05\/check-mark-icon-png-square-ok-28-300x300.png 300w, https:\/\/slotcar.hu\/wp-content\/uploads\/2024\/05\/check-mark-icon-png-square-ok-28-150x150.png 150w\" sizes=\"(max-width: 20px) 100vw, 20px\" \/><\/td><td class=\"has-text-align-center\" data-align=\"center\"><\/td><td class=\"has-text-align-center\" data-align=\"center\"><strong>0-1<\/strong><img loading=\"lazy\" decoding=\"async\" width=\"20\" height=\"20\" class=\"wp-image-2650\" style=\"width: 20px;\" src=\"https:\/\/slotcar.hu\/wp-content\/uploads\/2024\/05\/check-mark-icon-png-square-ok-28.png\" alt=\"\" srcset=\"https:\/\/slotcar.hu\/wp-content\/uploads\/2024\/05\/check-mark-icon-png-square-ok-28.png 512w, https:\/\/slotcar.hu\/wp-content\/uploads\/2024\/05\/check-mark-icon-png-square-ok-28-300x300.png 300w, https:\/\/slotcar.hu\/wp-content\/uploads\/2024\/05\/check-mark-icon-png-square-ok-28-150x150.png 150w\" sizes=\"(max-width: 20px) 100vw, 20px\" \/><\/td><td class=\"has-text-align-center\" data-align=\"center\"><strong>0-1<\/strong><img loading=\"lazy\" decoding=\"async\" width=\"20\" height=\"20\" class=\"wp-image-2650\" style=\"width: 20px;\" src=\"https:\/\/slotcar.hu\/wp-content\/uploads\/2024\/05\/check-mark-icon-png-square-ok-28.png\" alt=\"\" srcset=\"https:\/\/slotcar.hu\/wp-content\/uploads\/2024\/05\/check-mark-icon-png-square-ok-28.png 512w, https:\/\/slotcar.hu\/wp-content\/uploads\/2024\/05\/check-mark-icon-png-square-ok-28-300x300.png 300w, https:\/\/slotcar.hu\/wp-content\/uploads\/2024\/05\/check-mark-icon-png-square-ok-28-150x150.png 150w\" sizes=\"(max-width: 20px) 100vw, 20px\" \/><\/td><td class=\"has-text-align-center\" data-align=\"center\"><strong>0-1<\/strong><img loading=\"lazy\" decoding=\"async\" width=\"20\" height=\"20\" class=\"wp-image-2650\" style=\"width: 20px;\" src=\"https:\/\/slotcar.hu\/wp-content\/uploads\/2024\/05\/check-mark-icon-png-square-ok-28.png\" alt=\"\" srcset=\"https:\/\/slotcar.hu\/wp-content\/uploads\/2024\/05\/check-mark-icon-png-square-ok-28.png 512w, https:\/\/slotcar.hu\/wp-content\/uploads\/2024\/05\/check-mark-icon-png-square-ok-28-300x300.png 300w, https:\/\/slotcar.hu\/wp-content\/uploads\/2024\/05\/check-mark-icon-png-square-ok-28-150x150.png 150w\" sizes=\"(max-width: 20px) 100vw, 20px\" \/><\/td><\/tr><tr><td><strong>H\u00f6ri<\/strong><\/td><td class=\"has-text-align-center\" data-align=\"center\"><\/td><td class=\"has-text-align-center\" data-align=\"center\"><strong>1-0<\/strong><img loading=\"lazy\" decoding=\"async\" width=\"20\" height=\"20\" class=\"wp-image-2650\" style=\"width: 20px;\" src=\"https:\/\/slotcar.hu\/wp-content\/uploads\/2024\/05\/check-mark-icon-png-square-ok-28.png\" alt=\"\" srcset=\"https:\/\/slotcar.hu\/wp-content\/uploads\/2024\/05\/check-mark-icon-png-square-ok-28.png 512w, https:\/\/slotcar.hu\/wp-content\/uploads\/2024\/05\/check-mark-icon-png-square-ok-28-300x300.png 300w, https:\/\/slotcar.hu\/wp-content\/uploads\/2024\/05\/check-mark-icon-png-square-ok-28-150x150.png 150w\" sizes=\"(max-width: 20px) 100vw, 20px\" \/><\/td><td class=\"has-text-align-center\" data-align=\"center\"><img loading=\"lazy\" decoding=\"async\" width=\"20\" height=\"23\" class=\"wp-image-2608\" style=\"width: 20px;\" src=\"https:\/\/slotcar.hu\/wp-content\/uploads\/2024\/05\/Black_x.svg_.png\" alt=\"\" srcset=\"https:\/\/slotcar.hu\/wp-content\/uploads\/2024\/05\/Black_x.svg_.png 896w, https:\/\/slotcar.hu\/wp-content\/uploads\/2024\/05\/Black_x.svg_-263x300.png 263w, https:\/\/slotcar.hu\/wp-content\/uploads\/2024\/05\/Black_x.svg_-768x878.png 768w\" sizes=\"(max-width: 20px) 100vw, 20px\" \/><\/td><td class=\"has-text-align-center\" data-align=\"center\"><\/td><td class=\"has-text-align-center\" data-align=\"center\"><strong>0-1<\/strong><img loading=\"lazy\" decoding=\"async\" width=\"20\" height=\"20\" class=\"wp-image-2650\" style=\"width: 20px;\" src=\"https:\/\/slotcar.hu\/wp-content\/uploads\/2024\/05\/check-mark-icon-png-square-ok-28.png\" alt=\"\" srcset=\"https:\/\/slotcar.hu\/wp-content\/uploads\/2024\/05\/check-mark-icon-png-square-ok-28.png 512w, https:\/\/slotcar.hu\/wp-content\/uploads\/2024\/05\/check-mark-icon-png-square-ok-28-300x300.png 300w, https:\/\/slotcar.hu\/wp-content\/uploads\/2024\/05\/check-mark-icon-png-square-ok-28-150x150.png 150w\" sizes=\"(max-width: 20px) 100vw, 20px\" \/><\/td><td class=\"has-text-align-center\" data-align=\"center\"><strong>0-1<\/strong><img loading=\"lazy\" decoding=\"async\" width=\"20\" height=\"20\" class=\"wp-image-2650\" style=\"width: 20px;\" src=\"https:\/\/slotcar.hu\/wp-content\/uploads\/2024\/05\/check-mark-icon-png-square-ok-28.png\" alt=\"\" srcset=\"https:\/\/slotcar.hu\/wp-content\/uploads\/2024\/05\/check-mark-icon-png-square-ok-28.png 512w, https:\/\/slotcar.hu\/wp-content\/uploads\/2024\/05\/check-mark-icon-png-square-ok-28-300x300.png 300w, https:\/\/slotcar.hu\/wp-content\/uploads\/2024\/05\/check-mark-icon-png-square-ok-28-150x150.png 150w\" sizes=\"(max-width: 20px) 100vw, 20px\" \/><\/td><td class=\"has-text-align-center\" data-align=\"center\"><\/td><\/tr><tr><td><strong>Csenge<\/strong><\/td><td class=\"has-text-align-center\" data-align=\"center\"><\/td><td class=\"has-text-align-center\" data-align=\"center\"><\/td><td class=\"has-text-align-center\" data-align=\"center\"><\/td><td class=\"has-text-align-center\" data-align=\"center\"><img loading=\"lazy\" decoding=\"async\" width=\"20\" height=\"23\" class=\"wp-image-2608\" style=\"width: 20px;\" src=\"https:\/\/slotcar.hu\/wp-content\/uploads\/2024\/05\/Black_x.svg_.png\" alt=\"\" srcset=\"https:\/\/slotcar.hu\/wp-content\/uploads\/2024\/05\/Black_x.svg_.png 896w, https:\/\/slotcar.hu\/wp-content\/uploads\/2024\/05\/Black_x.svg_-263x300.png 263w, https:\/\/slotcar.hu\/wp-content\/uploads\/2024\/05\/Black_x.svg_-768x878.png 768w\" sizes=\"(max-width: 20px) 100vw, 20px\" \/><\/td><td class=\"has-text-align-center\" data-align=\"center\"><\/td><td class=\"has-text-align-center\" data-align=\"center\"><\/td><td class=\"has-text-align-center\" data-align=\"center\"><\/td><\/tr><tr><td><strong>Bule<\/strong><\/td><td class=\"has-text-align-center\" data-align=\"center\"><\/td><td class=\"has-text-align-center\" data-align=\"center\"><strong>1-0<\/strong><img loading=\"lazy\" decoding=\"async\" width=\"20\" height=\"20\" class=\"wp-image-2650\" style=\"width: 20px;\" src=\"https:\/\/slotcar.hu\/wp-content\/uploads\/2024\/05\/check-mark-icon-png-square-ok-28.png\" alt=\"\" srcset=\"https:\/\/slotcar.hu\/wp-content\/uploads\/2024\/05\/check-mark-icon-png-square-ok-28.png 512w, https:\/\/slotcar.hu\/wp-content\/uploads\/2024\/05\/check-mark-icon-png-square-ok-28-300x300.png 300w, https:\/\/slotcar.hu\/wp-content\/uploads\/2024\/05\/check-mark-icon-png-square-ok-28-150x150.png 150w\" sizes=\"(max-width: 20px) 100vw, 20px\" \/><\/td><td class=\"has-text-align-center\" data-align=\"center\"><strong>1-0<\/strong><img loading=\"lazy\" decoding=\"async\" width=\"20\" height=\"20\" class=\"wp-image-2650\" style=\"width: 20px;\" src=\"https:\/\/slotcar.hu\/wp-content\/uploads\/2024\/05\/check-mark-icon-png-square-ok-28.png\" alt=\"\" srcset=\"https:\/\/slotcar.hu\/wp-content\/uploads\/2024\/05\/check-mark-icon-png-square-ok-28.png 512w, https:\/\/slotcar.hu\/wp-content\/uploads\/2024\/05\/check-mark-icon-png-square-ok-28-300x300.png 300w, https:\/\/slotcar.hu\/wp-content\/uploads\/2024\/05\/check-mark-icon-png-square-ok-28-150x150.png 150w\" sizes=\"(max-width: 20px) 100vw, 20px\" \/><\/td><td class=\"has-text-align-center\" data-align=\"center\"><\/td><td class=\"has-text-align-center\" data-align=\"center\"><img loading=\"lazy\" decoding=\"async\" width=\"20\" height=\"23\" class=\"wp-image-2608\" style=\"width: 20px;\" src=\"https:\/\/slotcar.hu\/wp-content\/uploads\/2024\/05\/Black_x.svg_.png\" alt=\"\" srcset=\"https:\/\/slotcar.hu\/wp-content\/uploads\/2024\/05\/Black_x.svg_.png 896w, https:\/\/slotcar.hu\/wp-content\/uploads\/2024\/05\/Black_x.svg_-263x300.png 263w, https:\/\/slotcar.hu\/wp-content\/uploads\/2024\/05\/Black_x.svg_-768x878.png 768w\" sizes=\"(max-width: 20px) 100vw, 20px\" \/><\/td><td class=\"has-text-align-center\" data-align=\"center\"><\/td><td class=\"has-text-align-center\" data-align=\"center\"><strong>0-1<\/strong><img loading=\"lazy\" decoding=\"async\" width=\"20\" height=\"20\" class=\"wp-image-2650\" style=\"width: 20px;\" src=\"https:\/\/slotcar.hu\/wp-content\/uploads\/2024\/05\/check-mark-icon-png-square-ok-28.png\" alt=\"\" srcset=\"https:\/\/slotcar.hu\/wp-content\/uploads\/2024\/05\/check-mark-icon-png-square-ok-28.png 512w, https:\/\/slotcar.hu\/wp-content\/uploads\/2024\/05\/check-mark-icon-png-square-ok-28-300x300.png 300w, https:\/\/slotcar.hu\/wp-content\/uploads\/2024\/05\/check-mark-icon-png-square-ok-28-150x150.png 150w\" sizes=\"(max-width: 20px) 100vw, 20px\" \/><\/td><\/tr><tr><td><strong>Kopp\u00e1ny<\/strong><\/td><td class=\"has-text-align-center\" data-align=\"center\"><\/td><td class=\"has-text-align-center\" data-align=\"center\"><strong>1-0<\/strong><img loading=\"lazy\" decoding=\"async\" width=\"20\" height=\"20\" class=\"wp-image-2650\" style=\"width: 20px;\" src=\"https:\/\/slotcar.hu\/wp-content\/uploads\/2024\/05\/check-mark-icon-png-square-ok-28.png\" alt=\"\" srcset=\"https:\/\/slotcar.hu\/wp-content\/uploads\/2024\/05\/check-mark-icon-png-square-ok-28.png 512w, https:\/\/slotcar.hu\/wp-content\/uploads\/2024\/05\/check-mark-icon-png-square-ok-28-300x300.png 300w, https:\/\/slotcar.hu\/wp-content\/uploads\/2024\/05\/check-mark-icon-png-square-ok-28-150x150.png 150w\" sizes=\"(max-width: 20px) 100vw, 20px\" \/><\/td><td class=\"has-text-align-center\" data-align=\"center\"><strong>1-0<\/strong><img loading=\"lazy\" decoding=\"async\" width=\"20\" height=\"20\" class=\"wp-image-2650\" style=\"width: 20px;\" src=\"https:\/\/slotcar.hu\/wp-content\/uploads\/2024\/05\/check-mark-icon-png-square-ok-28.png\" alt=\"\" srcset=\"https:\/\/slotcar.hu\/wp-content\/uploads\/2024\/05\/check-mark-icon-png-square-ok-28.png 512w, https:\/\/slotcar.hu\/wp-content\/uploads\/2024\/05\/check-mark-icon-png-square-ok-28-300x300.png 300w, https:\/\/slotcar.hu\/wp-content\/uploads\/2024\/05\/check-mark-icon-png-square-ok-28-150x150.png 150w\" sizes=\"(max-width: 20px) 100vw, 20px\" \/><\/td><td class=\"has-text-align-center\" data-align=\"center\"><\/td><td class=\"has-text-align-center\" data-align=\"center\"><\/td><td class=\"has-text-align-center\" data-align=\"center\"><img loading=\"lazy\" decoding=\"async\" width=\"20\" height=\"23\" class=\"wp-image-2608\" style=\"width: 20px;\" src=\"https:\/\/slotcar.hu\/wp-content\/uploads\/2024\/05\/Black_x.svg_.png\" alt=\"\" srcset=\"https:\/\/slotcar.hu\/wp-content\/uploads\/2024\/05\/Black_x.svg_.png 896w, https:\/\/slotcar.hu\/wp-content\/uploads\/2024\/05\/Black_x.svg_-263x300.png 263w, https:\/\/slotcar.hu\/wp-content\/uploads\/2024\/05\/Black_x.svg_-768x878.png 768w\" sizes=\"(max-width: 20px) 100vw, 20px\" \/><\/td><td class=\"has-text-align-center\" data-align=\"center\"><\/td><\/tr><tr><td><strong>Hunor<\/strong><\/td><td class=\"has-text-align-center\" data-align=\"center\"><\/td><td class=\"has-text-align-center\" data-align=\"center\"><strong>1-0<\/strong><img loading=\"lazy\" decoding=\"async\" width=\"20\" height=\"20\" class=\"wp-image-2708\" style=\"width: 20px;\" src=\"https:\/\/slotcar.hu\/wp-content\/uploads\/2024\/06\/X-5.png\" alt=\"\" srcset=\"https:\/\/slotcar.hu\/wp-content\/uploads\/2024\/06\/X-5.png 512w, https:\/\/slotcar.hu\/wp-content\/uploads\/2024\/06\/X-5-300x300.png 300w, https:\/\/slotcar.hu\/wp-content\/uploads\/2024\/06\/X-5-150x150.png 150w\" sizes=\"(max-width: 20px) 100vw, 20px\" \/><\/td><td class=\"has-text-align-center\" data-align=\"center\"><\/td><td class=\"has-text-align-center\" data-align=\"center\"><\/td><td class=\"has-text-align-center\" data-align=\"center\"><strong>1-0<\/strong><img loading=\"lazy\" decoding=\"async\" width=\"20\" height=\"20\" class=\"wp-image-2650\" style=\"width: 20px;\" src=\"https:\/\/slotcar.hu\/wp-content\/uploads\/2024\/05\/check-mark-icon-png-square-ok-28.png\" alt=\"\" srcset=\"https:\/\/slotcar.hu\/wp-content\/uploads\/2024\/05\/check-mark-icon-png-square-ok-28.png 512w, https:\/\/slotcar.hu\/wp-content\/uploads\/2024\/05\/check-mark-icon-png-square-ok-28-300x300.png 300w, https:\/\/slotcar.hu\/wp-content\/uploads\/2024\/05\/check-mark-icon-png-square-ok-28-150x150.png 150w\" sizes=\"(max-width: 20px) 100vw, 20px\" \/><\/td><td class=\"has-text-align-center\" data-align=\"center\"><\/td><td class=\"has-text-align-center\" data-align=\"center\"><img loading=\"lazy\" decoding=\"async\" width=\"20\" height=\"23\" class=\"wp-image-2608\" style=\"width: 20px;\" src=\"https:\/\/slotcar.hu\/wp-content\/uploads\/2024\/05\/Black_x.svg_.png\" alt=\"\" srcset=\"https:\/\/slotcar.hu\/wp-content\/uploads\/2024\/05\/Black_x.svg_.png 896w, https:\/\/slotcar.hu\/wp-content\/uploads\/2024\/05\/Black_x.svg_-263x300.png 263w, https:\/\/slotcar.hu\/wp-content\/uploads\/2024\/05\/Black_x.svg_-768x878.png 768w\" sizes=\"(max-width: 20px) 100vw, 20px\" \/><\/td><\/tr><\/tbody><\/table><\/figure>\n<\/div><\/div>\n\n\n\n<p><strong>Jelenlegi verseny \u00e1ll\u00e1s<\/strong> (futott k\u00f6rid\u0151k alapj\u00e1n)<\/p>\n\n\n\n<figure class=\"wp-block-table\"><table><tbody><tr><td class=\"has-text-align-center\" data-align=\"center\"><strong>1<\/strong><\/td><td class=\"has-text-align-center\" data-align=\"center\"><strong>H\u00f6ri<\/strong><\/td><td class=\"has-text-align-center\" data-align=\"center\"><strong><em>6,<\/em>703<\/strong><\/td><td class=\"has-text-align-center\" data-align=\"center\"><img loading=\"lazy\" decoding=\"async\" width=\"100\" height=\"63\" class=\"wp-image-1224\" style=\"width: 100px;\" src=\"https:\/\/slotcar.hu\/wp-content\/uploads\/2023\/11\/30844.jpg\" alt=\"\" srcset=\"https:\/\/slotcar.hu\/wp-content\/uploads\/2023\/11\/30844.jpg 1023w, https:\/\/slotcar.hu\/wp-content\/uploads\/2023\/11\/30844-300x190.jpg 300w, https:\/\/slotcar.hu\/wp-content\/uploads\/2023\/11\/30844-768x486.jpg 768w, https:\/\/slotcar.hu\/wp-content\/uploads\/2023\/11\/30844-800x500.jpg 800w, https:\/\/slotcar.hu\/wp-content\/uploads\/2023\/11\/30844-540x340.jpg 540w, https:\/\/slotcar.hu\/wp-content\/uploads\/2023\/11\/30844-400x250.jpg 400w\" sizes=\"(max-width: 100px) 100vw, 100px\" \/><\/td><\/tr><tr><td class=\"has-text-align-center\" data-align=\"center\"><strong>2<\/strong><\/td><td class=\"has-text-align-center\" data-align=\"center\"><strong>Ateg<\/strong><\/td><td class=\"has-text-align-center\" data-align=\"center\"><strong><em>6,847<\/em><\/strong><\/td><td class=\"has-text-align-center\" data-align=\"center\"><img decoding=\"async\" src=\"https:\/\/slotcar.hu\/wp-content\/uploads\/2024\/04\/30930-Aston-Martin-Vantage-GTE-Aston-Martin-Racing.jpg\" alt=\"\" style=\"width: 100px;\"><\/td><\/tr><tr><td class=\"has-text-align-center\" data-align=\"center\"><strong>3<\/strong><\/td><td class=\"has-text-align-center\" data-align=\"center\"><strong>Kopp\u00e1ny<\/strong><\/td><td class=\"has-text-align-center\" data-align=\"center\"><strong><em>7,1<\/em>67<\/strong><\/td><td class=\"has-text-align-center\" data-align=\"center\"><img loading=\"lazy\" decoding=\"async\" width=\"100\" height=\"75\" class=\"wp-image-2074\" style=\"width: 100px;\" src=\"https:\/\/slotcar.hu\/wp-content\/uploads\/2024\/04\/30919-McLaren-720S-GT3.jpg\" alt=\"\" srcset=\"https:\/\/slotcar.hu\/wp-content\/uploads\/2024\/04\/30919-McLaren-720S-GT3.jpg 500w, https:\/\/slotcar.hu\/wp-content\/uploads\/2024\/04\/30919-McLaren-720S-GT3-300x225.jpg 300w\" sizes=\"(max-width: 100px) 100vw, 100px\" \/><\/td><\/tr><\/tbody><\/table><\/figure>\n\n\n\n<figure class=\"wp-block-image size-large\"><img loading=\"lazy\" decoding=\"async\" width=\"1024\" height=\"521\" src=\"https:\/\/slotcar.hu\/wp-content\/uploads\/2024\/06\/2024.06.02versenyallas-1024x521.jpg\" alt=\"\" class=\"wp-image-2704\" srcset=\"https:\/\/slotcar.hu\/wp-content\/uploads\/2024\/06\/2024.06.02versenyallas-1024x521.jpg 1024w, https:\/\/slotcar.hu\/wp-content\/uploads\/2024\/06\/2024.06.02versenyallas-300x153.jpg 300w, https:\/\/slotcar.hu\/wp-content\/uploads\/2024\/06\/2024.06.02versenyallas-768x391.jpg 768w, https:\/\/slotcar.hu\/wp-content\/uploads\/2024\/06\/2024.06.02versenyallas.jpg 1470w\" sizes=\"(max-width: 1024px) 100vw, 1024px\" \/><\/figure>\n","protected":false},"excerpt":{"rendered":"<p>2024. m\u00e1jus 26. (2\/2 verseny 2*70 k\u00f6r) ONLINE Ati Ateg H\u00f6ri Csenge Bule Kopp\u00e1ny Hunor&#8230;<\/p>\n","protected":false},"author":1,"featured_media":0,"parent":0,"menu_order":0,"comment_status":"closed","ping_status":"closed","template":"","meta":{"footnotes":""},"class_list":["post-1654","page","type-page","status-publish","hentry"],"_links":{"self":[{"href":"https:\/\/slotcar.hu\/index.php\/wp-json\/wp\/v2\/pages\/1654"}],"collection":[{"href":"https:\/\/slotcar.hu\/index.php\/wp-json\/wp\/v2\/pages"}],"about":[{"href":"https:\/\/slotcar.hu\/index.php\/wp-json\/wp\/v2\/types\/page"}],"author":[{"embeddable":true,"href":"https:\/\/slotcar.hu\/index.php\/wp-json\/wp\/v2\/users\/1"}],"replies":[{"embeddable":true,"href":"https:\/\/slotcar.hu\/index.php\/wp-json\/wp\/v2\/comments?post=1654"}],"version-history":[{"count":10,"href":"https:\/\/slotcar.hu\/index.php\/wp-json\/wp\/v2\/pages\/1654\/revisions"}],"predecessor-version":[{"id":2804,"href":"https:\/\/slotcar.hu\/index.php\/wp-json\/wp\/v2\/pages\/1654\/revisions\/2804"}],"wp:attachment":[{"href":"https:\/\/slotcar.hu\/index.php\/wp-json\/wp\/v2\/media?parent=1654"}],"curies":[{"name":"wp","href":"https:\/\/api.w.org\/{rel}","templated":true}]}}