{"id":1643,"date":"2024-03-28T18:54:27","date_gmt":"2024-03-28T18:54:27","guid":{"rendered":"https:\/\/slotcar.hu\/?page_id=1643"},"modified":"2024-03-28T18:58:37","modified_gmt":"2024-03-28T18:58:37","slug":"31034-mercedes-amg-gt3-no-20-12h-paul-ricard-2021","status":"publish","type":"page","link":"https:\/\/slotcar.hu\/index.php\/31034-mercedes-amg-gt3-no-20-12h-paul-ricard-2021\/","title":{"rendered":"31034 Mercedes-AMG GT3 &#8222;No.20&#8221; 12h Paul Ricard, 2021"},"content":{"rendered":"\n<figure class=\"wp-block-image size-full\"><img loading=\"lazy\" decoding=\"async\" width=\"1019\" height=\"660\" src=\"https:\/\/slotcar.hu\/wp-content\/uploads\/2024\/03\/31034.jpg\" alt=\"\" class=\"wp-image-1644\" srcset=\"https:\/\/slotcar.hu\/wp-content\/uploads\/2024\/03\/31034.jpg 1019w, https:\/\/slotcar.hu\/wp-content\/uploads\/2024\/03\/31034-300x194.jpg 300w, https:\/\/slotcar.hu\/wp-content\/uploads\/2024\/03\/31034-768x497.jpg 768w\" sizes=\"(max-width: 1019px) 100vw, 1019px\" \/><\/figure>\n\n\n\n<p><strong>Carrera megjelen\u00e9s<\/strong><br>A Carrera log\u00f3 a Mercedes-AMG GT3 \u201eCarrera, No.20\u201d 12h Paul Ricard, 2021 . Christian Hook, Steffen G\u00f6rig \u00e9s Valentin Pierburg \u00f6ssze\u00e1llt a 12 \u00f3r\u00e1s versenyen a d\u00e9l-franciaorsz\u00e1gi Paul Ricard k\u00f6rp\u00e1ly\u00e1n. 305 k\u00f6rt tettek meg ennek az \u00e1ll\u00f3k\u00e9pess\u00e9gi versenynek a v\u00e9g\u00e9n a GT3 oszt\u00e1ly v\u00e9gs\u0151 \u00f6sszetett 5. hely\u00e9\u00e9rt.<\/p>\n\n\n\n<p><strong>Cs\u00facs\u00e9rt\u00e9kek a Carrera versenyp\u00e1ly\u00e1kon<\/strong><br>A Mercedes AMG GT3 ugyanolyan j\u00f3l n\u00e9z ki a Carrera DIGITAL 132 p\u00e1lya p\u00e1ly\u00e1in, mint a Francia Nagyd\u00edj p\u00e1ly\u00e1j\u00e1n.Digit\u00e1lisan vez\u00e9relhet\u0151, \u00e9s egy\u00e9nileg be\u00e1ll\u00edthat\u00f3, hogy megfeleljen k\u00e9pess\u00e9geinek. Val\u00f3s\u00e1gh\u0171 els\u0151, h\u00e1ts\u00f3 \u00e9s f\u00e9kl\u00e1mp\u00e1k, valamint az eredeti reprodukci\u00f3s r\u00e9szletek hiteles aut\u00f3versenyz\u00e9si hangulatot teremtenek.<\/p>\n\n\n\n<h3 class=\"wp-block-heading\">AZ ALKATR\u00c9SZEK&nbsp;<em>LE\u00cdR\u00c1SA<\/em><\/h3>\n\n\n\n<ul class=\"wp-block-list\">\n<li><a href=\"https:\/\/www.slotcar-union.com\/en\/prs-slot\/21064-prs-32606-lexan-cockpit-for-mercedes-amg-carrera.html\">PRS 32606 Lexan Cockpit Mercedes AMG Carrera sz\u00e1m\u00e1ra<\/a>&nbsp;4,50 \u20ac<\/li>\n\n\n\n<li><a href=\"https:\/\/www.slotcar-union.com\/en\/prs-slot\/20666-prs-32609-chassis-mercedes-amg-carrera-rtr.html\">PRS 32609 alv\u00e1z Mercedes AMG Carrera RTR<\/a>&nbsp;96,90 \u20ac<\/li>\n\n\n\n<li><a href=\"https:\/\/www.slotcar-union.com\/en\/pick-up-braids\/803-carrera-20366-guide-blade-double-sliding-contact-4007486203662.html\">Carrera 20366 vezet\u0151penge + dupla cs\u00fasz\u00f3\u00e9rintkez\u0151<\/a>&nbsp;9,50 \u20ac<\/li>\n\n\n\n<li><a href=\"https:\/\/www.slotcar-union.com\/en\/power-supplies-controllers\/830-carrera-digital-132-26732-digital-decoder-4007486267329.html\">Carrera DIGITAL 132 26732 Digit\u00e1lis dek\u00f3der<\/a>&nbsp;33,90 \u20ac<\/li>\n\n\n\n<li><a href=\"https:\/\/www.slotcar-union.com\/en\/pick-up-braids\/19890-carrera-89108-set-of-screws-10-pcs-4007486891081.html\">Carrera 89108 csavark\u00e9szlet (10 db)<\/a>&nbsp;3,90 \u20ac<\/li>\n\n\n\n<li><a href=\"https:\/\/www.slotcar-union.com\/en\/motors-cables\/1832-carrera-evolutiondigital-132-89200-motor-e200-standard-4007486892002.html\">Carrera Evolution\/Digital 132 89200 Motor E200 Standard<\/a>&nbsp;9,90 \u20ac<\/li>\n\n\n\n<li><a href=\"https:\/\/www.slotcar-union.com\/en\/tires\/4106-carrera-89800-tires-for-dtm-4007486898004.html\">Carrera 89800 gumiabroncsok DTM-hez<\/a>&nbsp;4,50 \u20ac<\/li>\n\n\n\n<li><a href=\"https:\/\/www.slotcar-union.com\/en\/axles\/18718-carrera-91077-front-and-rear-axle-for-mercedes-amg-gt3-mann-filter-team-htp-no47-4007486910775.html\">Carrera 91077 Els\u0151 \u00e9s h\u00e1ts\u00f3 tengely Mercedes-AMG GT3 &#8222;MANN-FILTER Team HTP, No.47&#8221; t\u00edpushoz<\/a>&nbsp;5,90 \u20ac<\/li>\n\n\n\n<li><a href=\"https:\/\/www.slotcar-union.com\/en\/spare-parts\/21924-carrera-91156-spare-parts-for-mercedes-amg-gt3-carrera-no20-12h-paul-ricard-2021-4007486911567.html\">Carrera 91156 P\u00f3talkatr\u00e9szek Mercedes-AMG GT3 &#8222;Carrera, No.20&#8221; 12h Paul Ricard, 2021<\/a>\u00a05,50 \u20ac<\/li>\n<\/ul>\n","protected":false},"excerpt":{"rendered":"<p>Carrera megjelen\u00e9sA Carrera log\u00f3 a Mercedes-AMG GT3 \u201eCarrera, No.20\u201d 12h Paul Ricard, 2021 . Christian&#8230;<\/p>\n","protected":false},"author":1,"featured_media":0,"parent":0,"menu_order":0,"comment_status":"closed","ping_status":"closed","template":"","meta":{"footnotes":""},"class_list":["post-1643","page","type-page","status-publish","hentry"],"_links":{"self":[{"href":"https:\/\/slotcar.hu\/index.php\/wp-json\/wp\/v2\/pages\/1643"}],"collection":[{"href":"https:\/\/slotcar.hu\/index.php\/wp-json\/wp\/v2\/pages"}],"about":[{"href":"https:\/\/slotcar.hu\/index.php\/wp-json\/wp\/v2\/types\/page"}],"author":[{"embeddable":true,"href":"https:\/\/slotcar.hu\/index.php\/wp-json\/wp\/v2\/users\/1"}],"replies":[{"embeddable":true,"href":"https:\/\/slotcar.hu\/index.php\/wp-json\/wp\/v2\/comments?post=1643"}],"version-history":[{"count":2,"href":"https:\/\/slotcar.hu\/index.php\/wp-json\/wp\/v2\/pages\/1643\/revisions"}],"predecessor-version":[{"id":1649,"href":"https:\/\/slotcar.hu\/index.php\/wp-json\/wp\/v2\/pages\/1643\/revisions\/1649"}],"wp:attachment":[{"href":"https:\/\/slotcar.hu\/index.php\/wp-json\/wp\/v2\/media?parent=1643"}],"curies":[{"name":"wp","href":"https:\/\/api.w.org\/{rel}","templated":true}]}}