{"id":1440,"date":"2023-12-04T12:52:52","date_gmt":"2023-12-04T12:52:52","guid":{"rendered":"https:\/\/slotcar.hu\/?page_id=1440"},"modified":"2023-12-04T12:52:52","modified_gmt":"2023-12-04T12:52:52","slug":"30842-ferrari-sf70h-s-vettel-no-5","status":"publish","type":"page","link":"https:\/\/slotcar.hu\/index.php\/30842-ferrari-sf70h-s-vettel-no-5\/","title":{"rendered":"30842 Ferrari SF70H &#8222;S.Vettel, No.5&#8221;"},"content":{"rendered":"\n<figure class=\"wp-block-image size-large\"><img loading=\"lazy\" decoding=\"async\" width=\"1024\" height=\"555\" src=\"https:\/\/slotcar.hu\/wp-content\/uploads\/2023\/12\/30842-1024x555.jpg\" alt=\"\" class=\"wp-image-1441\" srcset=\"https:\/\/slotcar.hu\/wp-content\/uploads\/2023\/12\/30842-1024x555.jpg 1024w, https:\/\/slotcar.hu\/wp-content\/uploads\/2023\/12\/30842-300x163.jpg 300w, https:\/\/slotcar.hu\/wp-content\/uploads\/2023\/12\/30842-768x417.jpg 768w, https:\/\/slotcar.hu\/wp-content\/uploads\/2023\/12\/30842.jpg 1060w\" sizes=\"(max-width: 1024px) 100vw, 1024px\" \/><\/figure>\n\n\n\n<h3 class=\"wp-block-heading\">LE\u00cdR\u00c1S<\/h3>\n\n\n\n<p>A Ferrari SF70H az olasz aut\u00f3gy\u00e1rt\u00f3 Forma-1-es versenyaut\u00f3j\u00e1nak 50. v\u00e1ltozata, amelyet 2017-ben a n\u00e9gyszeres vil\u00e1gbajnok, Sebastian Vettel p\u00f6rg\u00f6tt k\u00f6rbe a vil\u00e1g F1-es p\u00e1ly\u00e1in.&nbsp;Ez a piros F1-es versenyz\u0151 seg\u00edt Carrer\u00e1nak abban, hogy autentikus elit oszt\u00e1ly\u00fa versenyhangulatot import\u00e1ljon a j\u00e1tsz\u00f3szob\u00e1kba szerte a vil\u00e1gon.&nbsp;A Forma-1-es bajnoks\u00e1g m\u00e1r eld\u0151lt, de ez egy es\u00e9ly arra, hogy Vettel rajong\u00f3i m\u00e9g t\u00f6bb gy\u0151zelmet aratjanak az \u0151 nev\u00e9ben.&nbsp;A Carrera aut\u00f3 egyedileg k\u00f3dolhat\u00f3, digit\u00e1lisan vez\u00e9relhet\u0151 \u00e9s val\u00f3di versenyz\u00e9si izgalmakat garant\u00e1l!<\/p>\n\n\n\n<h3 class=\"wp-block-heading\">A CARRERA MODELL<\/h3>\n\n\n\n<ul class=\"wp-block-list\">\n<li>A Digital 132 aut\u00f3k digit\u00e1lisan vez\u00e9relhet\u0151k \u00e9s egyedileg k\u00f3dolhat\u00f3k.<\/li>\n\n\n\n<li>Minden Carrera Digital 132 aut\u00f3 haszn\u00e1lhat\u00f3 a Carrera Evolutionnal.<\/li>\n\n\n\n<li>Tampo nyomott, eredeti \u00e9s r\u00e9szletes aut\u00f3k.<\/li>\n\n\n\n<li>Val\u00f3s\u00e1gh\u0171 gyors\u00edt\u00e1s \u00e9s f\u00e9kez\u00e9s.<\/li>\n\n\n\n<li>F\u0151leg els\u0151 l\u00e1mp\u00e1val (Xenon) \u00e9s h\u00e1ts\u00f3\/f\u00e9kl\u00e1mp\u00e1val.<\/li>\n\n\n\n<li>Pontos karossz\u00e9ria kidolgoz\u00e1s.<\/li>\n<\/ul>\n\n\n\n<p><\/p>\n\n\n\n<h3 class=\"wp-block-heading\"><em><\/em>AZ ALKATR\u00c9SZEK&nbsp;<em>LE\u00cdR\u00c1SA<\/em><\/h3>\n\n\n\n<ul class=\"wp-block-list\">\n<li><a href=\"https:\/\/www.slotcar-union.com\/en\/pick-up-braids\/803-carrera-20366-guide-blade-double-sliding-contact-4007486203662.html\" target=\"_blank\" rel=\"noreferrer noopener\">Carrera 20366 vezet\u0151penge + dupla cs\u00fasz\u00f3\u00e9rintkez\u0151<\/a>\u00a09,50 \u20ac<\/li>\n\n\n\n<li><a href=\"https:\/\/www.slotcar-union.com\/en\/power-supplies-controllers\/831-carrera-digital-132-26740-digital-decoder-f1-4007486267404.html\" target=\"_blank\" rel=\"noreferrer noopener\">Carrera DIGITAL 132 26740 Digit\u00e1lis dek\u00f3der F1<\/a>\u00a033,90 \u20ac<\/li>\n\n\n\n<li><a href=\"https:\/\/www.slotcar-union.com\/en\/pick-up-braids\/19890-carrera-89108-set-of-screws-10-pcs-4007486891081.html\" target=\"_blank\" rel=\"noreferrer noopener\">Carrera 89108 csavark\u00e9szlet (10 db)<\/a>\u00a03,90 \u20ac<\/li>\n\n\n\n<li><a href=\"https:\/\/www.slotcar-union.com\/en\/motors-cables\/1833-carrera-evolutiondigital-132-89561-motor-e200-formula-1-4007486895614.html\" target=\"_blank\" rel=\"noreferrer noopener\">Carrera Evolution\/Digital 132 89561 Motor E200 Formula 1<\/a>\u00a09,90 \u20ac<\/li>\n\n\n\n<li><a href=\"https:\/\/www.slotcar-union.com\/en\/axles\/14700-carrera-89950-front-and-rear-axle-for-ferrari-sf70h-red-bull-racing-tag-heuer-rb13-4007486899506.html\" target=\"_blank\" rel=\"noreferrer noopener\">Carrera 89950 Els\u0151 \u00e9s h\u00e1ts\u00f3 tengely Ferrari SF70H &amp; Red Bull Racing TAG Heuer RB13<\/a>\u00a05,90 \u20ac<\/li>\n\n\n\n<li><a rel=\"noreferrer noopener\" href=\"https:\/\/www.slotcar-union.com\/en\/tires\/14701-carrera-89957-tires-for-all-formula-one-cars-livery-2017-4007486899575.html\" target=\"_blank\">Carrera 89957 gumiabroncsok minden Forma-1-es aut\u00f3hoz, 2017. festm\u00e9ny<\/a>\u00a04,50 \u20ac <a href=\"https:\/\/aqua.hu\/jatek\/carrera-89957-evod132-f1-red-bull-gumiabroncs-gcs5065-t950149\" target=\"_blank\" rel=\"noreferrer noopener\"><img loading=\"lazy\" decoding=\"async\" width=\"50\" height=\"22\" class=\"wp-image-1206\" style=\"width: 50px;\" src=\"https:\/\/slotcar.hu\/wp-content\/uploads\/2023\/11\/aqua.jpg\" alt=\"\"><\/a><\/li>\n\n\n\n<li><a href=\"https:\/\/www.slotcar-union.com\/en\/spare-parts\/15430-carrera-89974-spare-parts-for-ferrari-sf70h-4007486899742.html\" target=\"_blank\" rel=\"noreferrer noopener\">Carrera 89974 Alkatr\u00e9szek Ferrari SF70H-hoz<\/a>\u00a05,50 \u20ac<\/li>\n\n\n\n<li><a href=\"https:\/\/www.slotcar-union.com\/en\/slotdevil\/7167-slotdevil-20112005-carrera-cable-set-complete-0780509355152.html\" target=\"_blank\" rel=\"noreferrer noopener\">Slotdevil 20112005 Carrera k\u00e1belk\u00e9szlet kompletten<\/a>\u00a04,90 \u20ac<\/li>\n<\/ul>\n","protected":false},"excerpt":{"rendered":"<p>LE\u00cdR\u00c1S A Ferrari SF70H az olasz aut\u00f3gy\u00e1rt\u00f3 Forma-1-es versenyaut\u00f3j\u00e1nak 50. v\u00e1ltozata, amelyet 2017-ben a n\u00e9gyszeres&#8230;<\/p>\n","protected":false},"author":1,"featured_media":0,"parent":0,"menu_order":0,"comment_status":"closed","ping_status":"closed","template":"","meta":{"footnotes":""},"class_list":["post-1440","page","type-page","status-publish","hentry"],"_links":{"self":[{"href":"https:\/\/slotcar.hu\/index.php\/wp-json\/wp\/v2\/pages\/1440"}],"collection":[{"href":"https:\/\/slotcar.hu\/index.php\/wp-json\/wp\/v2\/pages"}],"about":[{"href":"https:\/\/slotcar.hu\/index.php\/wp-json\/wp\/v2\/types\/page"}],"author":[{"embeddable":true,"href":"https:\/\/slotcar.hu\/index.php\/wp-json\/wp\/v2\/users\/1"}],"replies":[{"embeddable":true,"href":"https:\/\/slotcar.hu\/index.php\/wp-json\/wp\/v2\/comments?post=1440"}],"version-history":[{"count":1,"href":"https:\/\/slotcar.hu\/index.php\/wp-json\/wp\/v2\/pages\/1440\/revisions"}],"predecessor-version":[{"id":1442,"href":"https:\/\/slotcar.hu\/index.php\/wp-json\/wp\/v2\/pages\/1440\/revisions\/1442"}],"wp:attachment":[{"href":"https:\/\/slotcar.hu\/index.php\/wp-json\/wp\/v2\/media?parent=1440"}],"curies":[{"name":"wp","href":"https:\/\/api.w.org\/{rel}","templated":true}]}}