{"id":1406,"date":"2023-12-04T11:40:40","date_gmt":"2023-12-04T11:40:40","guid":{"rendered":"https:\/\/slotcar.hu\/?page_id=1406"},"modified":"2023-12-04T11:40:40","modified_gmt":"2023-12-04T11:40:40","slug":"30841-mercedes-f1-w08-eq-power-v-bottas-no-77","status":"publish","type":"page","link":"https:\/\/slotcar.hu\/index.php\/30841-mercedes-f1-w08-eq-power-v-bottas-no-77\/","title":{"rendered":"30841 Mercedes F1 W08 EQ Power+ &#8222;V.Bottas, No.77&#8221;"},"content":{"rendered":"\n<figure class=\"wp-block-image size-large\"><img loading=\"lazy\" decoding=\"async\" width=\"1024\" height=\"560\" src=\"https:\/\/slotcar.hu\/wp-content\/uploads\/2023\/12\/30841-1024x560.jpg\" alt=\"\" class=\"wp-image-1407\" srcset=\"https:\/\/slotcar.hu\/wp-content\/uploads\/2023\/12\/30841-1024x560.jpg 1024w, https:\/\/slotcar.hu\/wp-content\/uploads\/2023\/12\/30841-300x164.jpg 300w, https:\/\/slotcar.hu\/wp-content\/uploads\/2023\/12\/30841-768x420.jpg 768w, https:\/\/slotcar.hu\/wp-content\/uploads\/2023\/12\/30841.jpg 1089w\" sizes=\"(max-width: 1024px) 100vw, 1024px\" \/><\/figure>\n\n\n\n<h3 class=\"wp-block-heading\">LE\u00cdR\u00c1S<\/h3>\n\n\n\n<p>Versenyz\u0151k, k\u00e9szen \u00e1lltok?&nbsp;Ezek az ez\u00fcst nyilak rep\u00fclnek a legjobban sebess\u00e9ggel!&nbsp;Lewis Hamilton csapatt\u00e1rsa, Valtteri Bottas bemutatja, hogyan nyernek versenyeket Mercedes-Benz F1 W08-as\u00e1val.&nbsp;Ez a Forma-1-es versenyaut\u00f3 \u00fatt\u00f6r\u0151 szerepet t\u00f6lt be a tervez\u00e9s \u00e9s a technol\u00f3gia ter\u00e9n.&nbsp;Az otthoni versenyp\u00e1ly\u00e1s verzi\u00f3 is olyan j\u00f3!&nbsp;Ez egy \u00e1lomaut\u00f3 minden koroszt\u00e1ly versenyz\u0151i sz\u00e1m\u00e1ra, akik saj\u00e1t Carrera p\u00e1ly\u00e1jukon sz\u00e1guldoznak.&nbsp;A Carrera aut\u00f3 egyedileg k\u00f3dolhat\u00f3, digit\u00e1lisan vez\u00e9relhet\u0151 \u00e9s val\u00f3di versenyz\u00e9si izgalmakat garant\u00e1l!<\/p>\n\n\n\n<h3 class=\"wp-block-heading\">A CARRERA MODELL<\/h3>\n\n\n\n<ul class=\"wp-block-list\">\n<li>A Digital 132 aut\u00f3k digit\u00e1lisan vez\u00e9relhet\u0151k \u00e9s egyedileg k\u00f3dolhat\u00f3k.<\/li>\n\n\n\n<li>Minden Carrera Digital 132 aut\u00f3 haszn\u00e1lhat\u00f3 a Carrera Evolutionnal.<\/li>\n\n\n\n<li>Tampo nyomott, eredeti \u00e9s r\u00e9szletes aut\u00f3k.<\/li>\n\n\n\n<li>Val\u00f3s\u00e1gh\u0171 gyors\u00edt\u00e1s \u00e9s f\u00e9kez\u00e9s.<\/li>\n\n\n\n<li>F\u0151leg els\u0151 l\u00e1mp\u00e1val (Xenon) \u00e9s h\u00e1ts\u00f3\/f\u00e9kl\u00e1mp\u00e1val.<\/li>\n\n\n\n<li>Pontos karossz\u00e9ria kidolgoz\u00e1s.<\/li>\n<\/ul>\n\n\n\n<p><strong>Nem alkalmas az 1. \u00e9s 2. g\u00f6rb\u00e9khez.<\/strong><\/p>\n\n\n\n<h3 class=\"wp-block-heading\"><em><\/em>AZ ALKATR\u00c9SZEK&nbsp;<em>LE\u00cdR\u00c1SA<\/em><\/h3>\n\n\n\n<ul class=\"wp-block-list\">\n<li><a href=\"https:\/\/www.slotcar-union.com\/en\/pick-up-braids\/803-carrera-20366-guide-blade-double-sliding-contact-4007486203662.html\" target=\"_blank\" rel=\"noreferrer noopener\">Carrera 20366 vezet\u0151penge + dupla cs\u00fasz\u00f3\u00e9rintkez\u0151<\/a>\u00a09,50 \u20ac<\/li>\n\n\n\n<li><a href=\"https:\/\/www.slotcar-union.com\/en\/power-supplies-controllers\/831-carrera-digital-132-26740-digital-decoder-f1-4007486267404.html\" target=\"_blank\" rel=\"noreferrer noopener\">Carrera DIGITAL 132 26740 Digit\u00e1lis dek\u00f3der F1<\/a>\u00a033,90 \u20ac<\/li>\n\n\n\n<li><a href=\"https:\/\/www.slotcar-union.com\/en\/pick-up-braids\/19890-carrera-89108-set-of-screws-10-pcs-4007486891081.html\" target=\"_blank\" rel=\"noreferrer noopener\">Carrera 89108 csavark\u00e9szlet (10 db)<\/a>\u00a03,90 \u20ac<\/li>\n\n\n\n<li><a href=\"https:\/\/www.slotcar-union.com\/en\/motors-cables\/1833-carrera-evolutiondigital-132-89561-motor-e200-formula-1-4007486895614.html\" target=\"_blank\" rel=\"noreferrer noopener\">Carrera Evolution\/Digital 132 89561 Motor E200 Formula 1<\/a>\u00a09,90 \u20ac<\/li>\n\n\n\n<li><a href=\"https:\/\/www.slotcar-union.com\/en\/axles\/13004-carrera-89877-front-and-rear-axle-for-mercedes-benz-f1-w05-hybrid-4007486898776.html\" target=\"_blank\" rel=\"noreferrer noopener\">Carrera 89877 Els\u0151 \u00e9s h\u00e1ts\u00f3 tengely Mercedes-Benz F1 W05 hibridhez<\/a>\u00a05,90 \u20ac<\/li>\n\n\n\n<li><a rel=\"noreferrer noopener\" href=\"https:\/\/www.slotcar-union.com\/en\/tires\/14701-carrera-89957-tires-for-all-formula-one-cars-livery-2017-4007486899575.html\" target=\"_blank\">Carrera 89957 gumiabroncsok minden Forma-1-es aut\u00f3hoz, 2017.<\/a>\u00a04,50 \u20ac <a href=\"https:\/\/aqua.hu\/jatek\/carrera-89957-evod132-f1-red-bull-gumiabroncs-gcs5065-t950149\" target=\"_blank\" rel=\"noreferrer noopener\"><img loading=\"lazy\" decoding=\"async\" width=\"50\" height=\"22\" class=\"wp-image-1206\" style=\"width: 50px;\" src=\"https:\/\/slotcar.hu\/wp-content\/uploads\/2023\/11\/aqua.jpg\" alt=\"\"><\/a><\/li>\n\n\n\n<li><a href=\"https:\/\/www.slotcar-union.com\/en\/spare-parts\/15429-carrera-89973-spare-parts-for-mercedes-f1-w08-eq-power-4007486899735.html\" target=\"_blank\" rel=\"noreferrer noopener\">Carrera 89973 Alkatr\u00e9szek Mercedes F1 W08 EQ Power+<\/a>\u00a05,50 \u20ac<\/li>\n\n\n\n<li><a href=\"https:\/\/www.slotcar-union.com\/en\/slotdevil\/7167-slotdevil-20112005-carrera-cable-set-complete-0780509355152.html\" target=\"_blank\" rel=\"noreferrer noopener\">Slotdevil 20112005 Carrera k\u00e1belk\u00e9szlet kompletten<\/a>\u00a04,90 \u20ac<\/li>\n<\/ul>\n","protected":false},"excerpt":{"rendered":"<p>LE\u00cdR\u00c1S Versenyz\u0151k, k\u00e9szen \u00e1lltok?&nbsp;Ezek az ez\u00fcst nyilak rep\u00fclnek a legjobban sebess\u00e9ggel!&nbsp;Lewis Hamilton csapatt\u00e1rsa, Valtteri Bottas&#8230;<\/p>\n","protected":false},"author":1,"featured_media":0,"parent":0,"menu_order":0,"comment_status":"closed","ping_status":"closed","template":"","meta":{"footnotes":""},"class_list":["post-1406","page","type-page","status-publish","hentry"],"_links":{"self":[{"href":"https:\/\/slotcar.hu\/index.php\/wp-json\/wp\/v2\/pages\/1406"}],"collection":[{"href":"https:\/\/slotcar.hu\/index.php\/wp-json\/wp\/v2\/pages"}],"about":[{"href":"https:\/\/slotcar.hu\/index.php\/wp-json\/wp\/v2\/types\/page"}],"author":[{"embeddable":true,"href":"https:\/\/slotcar.hu\/index.php\/wp-json\/wp\/v2\/users\/1"}],"replies":[{"embeddable":true,"href":"https:\/\/slotcar.hu\/index.php\/wp-json\/wp\/v2\/comments?post=1406"}],"version-history":[{"count":1,"href":"https:\/\/slotcar.hu\/index.php\/wp-json\/wp\/v2\/pages\/1406\/revisions"}],"predecessor-version":[{"id":1408,"href":"https:\/\/slotcar.hu\/index.php\/wp-json\/wp\/v2\/pages\/1406\/revisions\/1408"}],"wp:attachment":[{"href":"https:\/\/slotcar.hu\/index.php\/wp-json\/wp\/v2\/media?parent=1406"}],"curies":[{"name":"wp","href":"https:\/\/api.w.org\/{rel}","templated":true}]}}