{"id":1382,"date":"2023-12-04T09:50:19","date_gmt":"2023-12-04T09:50:19","guid":{"rendered":"https:\/\/slotcar.hu\/?page_id=1382"},"modified":"2023-12-04T09:50:19","modified_gmt":"2023-12-04T09:50:19","slug":"30735-ferrari-f14-t-k-raikkonen-no-7","status":"publish","type":"page","link":"https:\/\/slotcar.hu\/index.php\/30735-ferrari-f14-t-k-raikkonen-no-7\/","title":{"rendered":"30735 Ferrari F14 T &#8222;K.R\u00e4ikk\u00f6nen, No.7&#8221;"},"content":{"rendered":"\n<figure class=\"wp-block-image size-full\"><img loading=\"lazy\" decoding=\"async\" width=\"1008\" height=\"558\" src=\"https:\/\/slotcar.hu\/wp-content\/uploads\/2023\/12\/30735.jpg\" alt=\"\" class=\"wp-image-1383\" srcset=\"https:\/\/slotcar.hu\/wp-content\/uploads\/2023\/12\/30735.jpg 1008w, https:\/\/slotcar.hu\/wp-content\/uploads\/2023\/12\/30735-300x166.jpg 300w, https:\/\/slotcar.hu\/wp-content\/uploads\/2023\/12\/30735-768x425.jpg 768w\" sizes=\"(max-width: 1008px) 100vw, 1008px\" \/><\/figure>\n\n\n\n<h3 class=\"wp-block-heading\">LE\u00cdR\u00c1S<\/h3>\n\n\n\n<p>Kimi R\u00e4ikk\u00f6nen volt a Forma-1 vil\u00e1gbajnoka 2007-ben, most pedig a Ferrari F14-es\u00e9t feszegeti.&nbsp;A Forma-1-es versenyz\u0151t nagy teljes\u00edtm\u00e9ny\u0171, 1,6 literes V6-os motor hajtja, turb\u00f3felt\u00f6lt\u0151vel \u00e9s 600 LE-vel.&nbsp;A diz\u00e1jn ki lett \u00e9les\u00edtve.&nbsp;2014-ben az \u00faj szab\u00e1lyoz\u00e1s rengeteg v\u00e1ltoz\u00e1st hozott a Forma-1 vil\u00e1g\u00e1ban. V\u00e1ltoz\u00e1sok igen \u2013 de a nagy sebess\u00e9g ir\u00e1nti szenved\u00e9ly tov\u00e1bbra is megmarad.<\/p>\n\n\n\n<p>A Carrera DIGITAL 132 Ferrari F14 T &#8222;K.R\u00e4ikk\u00f6nen, No.7&#8221; slotcar h\u0171en reproduk\u00e1lt r\u00e9szletekkel leny\u0171g\u00f6z\u0151.&nbsp;Ez a Carrera aut\u00f3 egyedileg k\u00f3dolhat\u00f3;&nbsp;digit\u00e1lisan vez\u00e9relhet\u0151, \u00e9s t\u00f6bb \u00f3r\u00e1nyi versenyz\u00e9st garant\u00e1l.<\/p>\n\n\n\n<h3 class=\"wp-block-heading\">A CARRERA MODELL<\/h3>\n\n\n\n<ul class=\"wp-block-list\">\n<li>A Digital 132 aut\u00f3k digit\u00e1lisan vez\u00e9relhet\u0151k \u00e9s egyedileg k\u00f3dolhat\u00f3k.<\/li>\n\n\n\n<li>Minden Carrera Digital 132 aut\u00f3 haszn\u00e1lhat\u00f3 a Carrera Evolutionnal.<\/li>\n\n\n\n<li>Tampo nyomott, eredeti \u00e9s r\u00e9szletes aut\u00f3k.<\/li>\n\n\n\n<li>Val\u00f3s\u00e1gh\u0171 gyors\u00edt\u00e1s \u00e9s f\u00e9kez\u00e9s.<\/li>\n\n\n\n<li>F\u0151leg els\u0151 l\u00e1mp\u00e1val (Xenon) \u00e9s h\u00e1ts\u00f3\/f\u00e9kl\u00e1mp\u00e1val.<\/li>\n\n\n\n<li>Pontos karossz\u00e9ria kidolgoz\u00e1s.<\/li>\n<\/ul>\n\n\n\n<p><\/p>\n\n\n\n<h3 class=\"wp-block-heading\"><em><\/em>AZ ALKATR\u00c9SZEK&nbsp;<em>LE\u00cdR\u00c1SA<\/em><\/h3>\n\n\n\n<ul class=\"wp-block-list\">\n<li><a href=\"https:\/\/www.slotcar-union.com\/en\/pick-up-braids\/803-carrera-20366-guide-blade-double-sliding-contact-4007486203662.html\" target=\"_blank\" rel=\"noreferrer noopener\">Carrera 20366 vezet\u0151penge + dupla cs\u00fasz\u00f3\u00e9rintkez\u0151<\/a>\u00a09,50 \u20ac<\/li>\n\n\n\n<li><a href=\"https:\/\/www.slotcar-union.com\/en\/power-supplies-controllers\/831-carrera-digital-132-26740-digital-decoder-f1-4007486267404.html\" target=\"_blank\" rel=\"noreferrer noopener\">Carrera DIGITAL 132 26740 Digit\u00e1lis dek\u00f3der F1<\/a>\u00a033,90 \u20ac<\/li>\n\n\n\n<li><a href=\"https:\/\/www.slotcar-union.com\/en\/pick-up-braids\/19890-carrera-89108-set-of-screws-10-pcs-4007486891081.html\" target=\"_blank\" rel=\"noreferrer noopener\">Carrera 89108 csavark\u00e9szlet (10 db)<\/a>\u00a03,90 \u20ac<\/li>\n\n\n\n<li><a href=\"https:\/\/www.slotcar-union.com\/en\/motors-cables\/1833-carrera-evolutiondigital-132-89561-motor-e200-formula-1-4007486895614.html\" target=\"_blank\" rel=\"noreferrer noopener\">Carrera Evolution\/Digital 132 89561 Motor E200 Formula 1<\/a>\u00a09,90 \u20ac<\/li>\n\n\n\n<li><a rel=\"noreferrer noopener\" href=\"https:\/\/www.slotcar-union.com\/en\/tires\/12941-carrera-89764-tires-for-formula-one-cars-2010-2016-4007486897649.html\" target=\"_blank\">Carrera 89764 gumiabroncsok Forma-1-es aut\u00f3khoz 2010-2016<\/a>\u00a04,50 \u20ac <a href=\"https:\/\/aqua.hu\/jatek\/carrera-89764-evod132-f1-gumiabroncs-gcs5058-t993211\" target=\"_blank\" rel=\"noreferrer noopener\"><img loading=\"lazy\" decoding=\"async\" width=\"50\" height=\"22\" class=\"wp-image-1206\" style=\"width: 50px;\" src=\"https:\/\/slotcar.hu\/wp-content\/uploads\/2023\/11\/aqua.jpg\" alt=\"\"><\/a><\/li>\n\n\n\n<li><a href=\"https:\/\/www.slotcar-union.com\/en\/spare-parts\/12663-carrera-89866-spare-parts-for-ferrari-f14-t-4007486898660.html\" target=\"_blank\" rel=\"noreferrer noopener\">Carrera 89866 Alkatr\u00e9szek Ferrari F14 T-hez<\/a>\u00a04,90 \u20ac<\/li>\n\n\n\n<li><a href=\"https:\/\/www.slotcar-union.com\/en\/axles\/13005-carrera-89878-front-and-rear-axle-for-ferrari-f14-t-4007486898783.html\" target=\"_blank\" rel=\"noreferrer noopener\">Carrera 89878 Els\u0151 \u00e9s h\u00e1ts\u00f3 tengely Ferrari F14 T-hez<\/a>\u00a05,90 \u20ac<\/li>\n\n\n\n<li><a href=\"https:\/\/www.slotcar-union.com\/en\/slotdevil\/7167-slotdevil-20112005-carrera-cable-set-complete-0780509355152.html\" target=\"_blank\" rel=\"noreferrer noopener\">Slotdevil 20112005 Carrera k\u00e1belk\u00e9szlet kompletten<\/a>\u00a04,90 \u20ac<\/li>\n<\/ul>\n","protected":false},"excerpt":{"rendered":"<p>LE\u00cdR\u00c1S Kimi R\u00e4ikk\u00f6nen volt a Forma-1 vil\u00e1gbajnoka 2007-ben, most pedig a Ferrari F14-es\u00e9t feszegeti.&nbsp;A Forma-1-es&#8230;<\/p>\n","protected":false},"author":1,"featured_media":0,"parent":0,"menu_order":0,"comment_status":"closed","ping_status":"closed","template":"","meta":{"footnotes":""},"class_list":["post-1382","page","type-page","status-publish","hentry"],"_links":{"self":[{"href":"https:\/\/slotcar.hu\/index.php\/wp-json\/wp\/v2\/pages\/1382"}],"collection":[{"href":"https:\/\/slotcar.hu\/index.php\/wp-json\/wp\/v2\/pages"}],"about":[{"href":"https:\/\/slotcar.hu\/index.php\/wp-json\/wp\/v2\/types\/page"}],"author":[{"embeddable":true,"href":"https:\/\/slotcar.hu\/index.php\/wp-json\/wp\/v2\/users\/1"}],"replies":[{"embeddable":true,"href":"https:\/\/slotcar.hu\/index.php\/wp-json\/wp\/v2\/comments?post=1382"}],"version-history":[{"count":1,"href":"https:\/\/slotcar.hu\/index.php\/wp-json\/wp\/v2\/pages\/1382\/revisions"}],"predecessor-version":[{"id":1384,"href":"https:\/\/slotcar.hu\/index.php\/wp-json\/wp\/v2\/pages\/1382\/revisions\/1384"}],"wp:attachment":[{"href":"https:\/\/slotcar.hu\/index.php\/wp-json\/wp\/v2\/media?parent=1382"}],"curies":[{"name":"wp","href":"https:\/\/api.w.org\/{rel}","templated":true}]}}