{"id":1374,"date":"2023-12-04T09:41:06","date_gmt":"2023-12-04T09:41:06","guid":{"rendered":"https:\/\/slotcar.hu\/?page_id=1374"},"modified":"2023-12-04T09:41:06","modified_gmt":"2023-12-04T09:41:06","slug":"30818-red-bull-racing-tag-heuer-rb13-m-verstappen-no-33","status":"publish","type":"page","link":"https:\/\/slotcar.hu\/index.php\/30818-red-bull-racing-tag-heuer-rb13-m-verstappen-no-33\/","title":{"rendered":"30818 Red Bull Racing TAG Heuer RB13 &#8222;M.Verstappen, No.33&#8221;"},"content":{"rendered":"\n<figure class=\"wp-block-image size-full\"><img loading=\"lazy\" decoding=\"async\" width=\"1022\" height=\"599\" src=\"https:\/\/slotcar.hu\/wp-content\/uploads\/2023\/12\/30818.jpg\" alt=\"\" class=\"wp-image-1375\" srcset=\"https:\/\/slotcar.hu\/wp-content\/uploads\/2023\/12\/30818.jpg 1022w, https:\/\/slotcar.hu\/wp-content\/uploads\/2023\/12\/30818-300x176.jpg 300w, https:\/\/slotcar.hu\/wp-content\/uploads\/2023\/12\/30818-768x450.jpg 768w\" sizes=\"(max-width: 1022px) 100vw, 1022px\" \/><\/figure>\n\n\n\n<h3 class=\"wp-block-heading\">LE\u00cdR\u00c1S<\/h3>\n\n\n\n<p>A Red Bull leg\u00fajabb versenyaut\u00f3ja m\u00e1r els\u0151 l\u00e1t\u00e1sra is meggy\u0151z\u0151 benyom\u00e1st kelt.&nbsp;A matt fekete karossz\u00e9ria h\u0171v\u00f6s \u00e9s agressz\u00edv megjelen\u00e9st k\u00f6lcs\u00f6n\u00f6z a Red Bull RB 13-nak.&nbsp;A Red Bull RB 12 ut\u00f3dja m\u00e9g innovat\u00edvabb \u00e9s er\u0151sebb, mint el\u0151dje.&nbsp;Az RB szt\u00e1rtervez\u0151je, Adrian Newey mindent megtett annak \u00e9rdek\u00e9ben, hogy fel\u00fclm\u00falja az el\u0151z\u0151 modell teljes\u00edtm\u00e9ny\u00e9t, amely addig a Red Bull valaha volt legjobb fut\u00f3m\u0171ve volt.&nbsp;A belga-holland pil\u00f3t\u00e1val, M. Verstappennel egy ilyen csod\u00e1latos versenyaut\u00f3ban a Red Bull m\u00e1r alig v\u00e1rja, hogy megnyerje a szezon legfontosabb \u00e9s legrangosabb versenyeit.<\/p>\n\n\n\n<h3 class=\"wp-block-heading\">A CARRERA MODELL<\/h3>\n\n\n\n<ul class=\"wp-block-list\">\n<li>A Digital 132 aut\u00f3k digit\u00e1lisan vez\u00e9relhet\u0151k \u00e9s egyedileg k\u00f3dolhat\u00f3k.<\/li>\n\n\n\n<li>Minden Carrera Digital 132 aut\u00f3 haszn\u00e1lhat\u00f3 a Carrera Evolutionnal.<\/li>\n\n\n\n<li>Tampon nyomott, eredeti \u00e9s r\u00e9szletes aut\u00f3k.<\/li>\n\n\n\n<li>Val\u00f3s\u00e1gh\u0171 gyors\u00edt\u00e1s \u00e9s f\u00e9kez\u00e9s.<\/li>\n\n\n\n<li>F\u0151leg els\u0151 l\u00e1mp\u00e1val (Xenon) \u00e9s h\u00e1ts\u00f3\/f\u00e9kl\u00e1mp\u00e1val.<\/li>\n\n\n\n<li>Pontos karossz\u00e9ria kidolgoz\u00e1s.<\/li>\n<\/ul>\n\n\n\n<p><\/p>\n\n\n\n<h3 class=\"wp-block-heading\"><em><\/em>AZ ALKATR\u00c9SZEK&nbsp;<em>LE\u00cdR\u00c1SA<\/em><\/h3>\n\n\n\n<ul class=\"wp-block-list\">\n<li><a href=\"https:\/\/www.slotcar-union.com\/en\/pick-up-braids\/803-carrera-20366-guide-blade-double-sliding-contact-4007486203662.html\" target=\"_blank\" rel=\"noreferrer noopener\">Carrera 20366 vezet\u0151penge + dupla cs\u00fasz\u00f3\u00e9rintkez\u0151<\/a>\u00a09,50 \u20ac<\/li>\n\n\n\n<li><a href=\"https:\/\/www.slotcar-union.com\/en\/power-supplies-controllers\/831-carrera-digital-132-26740-digital-decoder-f1-4007486267404.html\" target=\"_blank\" rel=\"noreferrer noopener\">Carrera DIGITAL 132 26740 Digit\u00e1lis dek\u00f3der F1<\/a>\u00a033,90 \u20ac<\/li>\n\n\n\n<li><a href=\"https:\/\/www.slotcar-union.com\/en\/pick-up-braids\/19890-carrera-89108-set-of-screws-10-pcs-4007486891081.html\" target=\"_blank\" rel=\"noreferrer noopener\">Carrera 89108 csavark\u00e9szlet (10 db)<\/a>\u00a03,90 \u20ac<\/li>\n\n\n\n<li><a href=\"https:\/\/www.slotcar-union.com\/en\/motors-cables\/1833-carrera-evolutiondigital-132-89561-motor-e200-formula-1-4007486895614.html\" target=\"_blank\" rel=\"noreferrer noopener\">Carrera Evolution\/Digital 132 89561 Motor E200 Formula 1<\/a>\u00a09,90 \u20ac<\/li>\n\n\n\n<li><a href=\"https:\/\/www.slotcar-union.com\/en\/spare-parts\/14699-carrera-89939-spare-parts-for-red-bull-racing-tag-heuer-rb13-4007486899391.html\" target=\"_blank\" rel=\"noreferrer noopener\">Carrera 89939 p\u00f3talkatr\u00e9szek Red Bull Racing TAG Heuer RB13-hoz<\/a>\u00a05,50 \u20ac<\/li>\n\n\n\n<li><a href=\"https:\/\/www.slotcar-union.com\/en\/axles\/14700-carrera-89950-front-and-rear-axle-for-ferrari-sf70h-red-bull-racing-tag-heuer-rb13-4007486899506.html\" target=\"_blank\" rel=\"noreferrer noopener\">Carrera 89950 Els\u0151 \u00e9s h\u00e1ts\u00f3 tengely Ferrari SF70H &amp; Red Bull Racing TAG Heuer RB13<\/a>\u00a05,90 \u20ac<\/li>\n\n\n\n<li><a rel=\"noreferrer noopener\" href=\"https:\/\/www.slotcar-union.com\/en\/tires\/14701-carrera-89957-tires-for-all-formula-one-cars-livery-2017-4007486899575.html\" target=\"_blank\">Carrera 89957 gumiabroncsok minden Forma-1-es aut\u00f3hoz, 2017.<\/a>\u00a04,50 \u20ac <a href=\"https:\/\/aqua.hu\/jatek\/carrera-89957-evod132-f1-red-bull-gumiabroncs-gcs5065-t950149\" target=\"_blank\" rel=\"noreferrer noopener\"><img loading=\"lazy\" decoding=\"async\" width=\"50\" height=\"22\" class=\"wp-image-1206\" style=\"width: 50px;\" src=\"https:\/\/slotcar.hu\/wp-content\/uploads\/2023\/11\/aqua.jpg\" alt=\"\"><\/a><\/li>\n\n\n\n<li><a href=\"https:\/\/www.slotcar-union.com\/en\/slotdevil\/7167-slotdevil-20112005-carrera-cable-set-complete-0780509355152.html\" target=\"_blank\" rel=\"noreferrer noopener\">Slotdevil 20112005 Carrera k\u00e1belk\u00e9szlet kompletten<\/a>\u00a04,90 \u20ac<\/li>\n<\/ul>\n","protected":false},"excerpt":{"rendered":"<p>LE\u00cdR\u00c1S A Red Bull leg\u00fajabb versenyaut\u00f3ja m\u00e1r els\u0151 l\u00e1t\u00e1sra is meggy\u0151z\u0151 benyom\u00e1st kelt.&nbsp;A matt fekete&#8230;<\/p>\n","protected":false},"author":1,"featured_media":0,"parent":0,"menu_order":0,"comment_status":"closed","ping_status":"closed","template":"","meta":{"footnotes":""},"class_list":["post-1374","page","type-page","status-publish","hentry"],"_links":{"self":[{"href":"https:\/\/slotcar.hu\/index.php\/wp-json\/wp\/v2\/pages\/1374"}],"collection":[{"href":"https:\/\/slotcar.hu\/index.php\/wp-json\/wp\/v2\/pages"}],"about":[{"href":"https:\/\/slotcar.hu\/index.php\/wp-json\/wp\/v2\/types\/page"}],"author":[{"embeddable":true,"href":"https:\/\/slotcar.hu\/index.php\/wp-json\/wp\/v2\/users\/1"}],"replies":[{"embeddable":true,"href":"https:\/\/slotcar.hu\/index.php\/wp-json\/wp\/v2\/comments?post=1374"}],"version-history":[{"count":1,"href":"https:\/\/slotcar.hu\/index.php\/wp-json\/wp\/v2\/pages\/1374\/revisions"}],"predecessor-version":[{"id":1376,"href":"https:\/\/slotcar.hu\/index.php\/wp-json\/wp\/v2\/pages\/1374\/revisions\/1376"}],"wp:attachment":[{"href":"https:\/\/slotcar.hu\/index.php\/wp-json\/wp\/v2\/media?parent=1374"}],"curies":[{"name":"wp","href":"https:\/\/api.w.org\/{rel}","templated":true}]}}