{"id":1366,"date":"2023-12-04T09:19:47","date_gmt":"2023-12-04T09:19:47","guid":{"rendered":"https:\/\/slotcar.hu\/?page_id=1366"},"modified":"2023-12-04T09:19:47","modified_gmt":"2023-12-04T09:19:47","slug":"30710-amg-mercedes-c-coupe-dtm-r-wickens-no-10-2013","status":"publish","type":"page","link":"https:\/\/slotcar.hu\/index.php\/30710-amg-mercedes-c-coupe-dtm-r-wickens-no-10-2013\/","title":{"rendered":"30710 AMG-Mercedes C-Coupe DTM &#8222;R.Wickens, No.10&#8221;, 2013"},"content":{"rendered":"\n<figure class=\"wp-block-image size-full\"><img loading=\"lazy\" decoding=\"async\" width=\"957\" height=\"609\" src=\"https:\/\/slotcar.hu\/wp-content\/uploads\/2023\/12\/30710.jpg\" alt=\"\" class=\"wp-image-1367\" srcset=\"https:\/\/slotcar.hu\/wp-content\/uploads\/2023\/12\/30710.jpg 957w, https:\/\/slotcar.hu\/wp-content\/uploads\/2023\/12\/30710-300x191.jpg 300w, https:\/\/slotcar.hu\/wp-content\/uploads\/2023\/12\/30710-768x489.jpg 768w\" sizes=\"(max-width: 957px) 100vw, 957px\" \/><\/figure>\n\n\n\n<h3 class=\"wp-block-heading\">LE\u00cdR\u00c1S<\/h3>\n\n\n\n<p>Az els\u0151 verseny\u00fck\u00f6n a DTM AMG Mercedes C-Coupe leny\u0171g\u00f6z\u0151 1. \u00e9s 2. helyez\u00e9st \u00e9rt el.&nbsp;2012-ben az 500 LE-s versenyaut\u00f3 v\u00e1ltotta fel a DTM AMG Mercedes C-Klass\u00e9t \u2013 a DTM t\u00f6rt\u00e9net\u00e9nek legsikeresebb aut\u00f3j\u00e1t, amely 159 verseny\u00e9b\u0151l 85-\u00f6t megnyert.&nbsp;A jelenlegi v\u00e1ltozatban az AMG sorozatmodell grills\u00fct\u0151j\u00e9nek mint\u00e1j\u00e1ra k\u00e9sz\u00fclt h\u0171t\u0151r\u00e1cs tal\u00e1lhat\u00f3.<\/p>\n\n\n\n<p>A Carrera Digital 132 AMG Mercedes C-Coupe DTM &#8222;R.Wickens, No.10&#8221; Slotcar els\u0151, h\u00e1ts\u00f3\/f\u00e9kl\u00e1mp\u00e1ival \u00e9s h\u0171en reproduk\u00e1lt r\u00e9szletekkel leny\u0171g\u00f6z\u0151.&nbsp;Ez a Carrera aut\u00f3 egyedileg k\u00f3dolhat\u00f3;&nbsp;digit\u00e1lisan vez\u00e9relhet\u0151, \u00e9s t\u00f6bb \u00f3r\u00e1nyi versenyz\u00e9st garant\u00e1l.<\/p>\n\n\n\n<h3 class=\"wp-block-heading\">A CARRERA MODELL<\/h3>\n\n\n\n<ul class=\"wp-block-list\">\n<li>A Digital 132 aut\u00f3k digit\u00e1lisan vez\u00e9relhet\u0151k \u00e9s egyedileg k\u00f3dolhat\u00f3k.<\/li>\n\n\n\n<li>Minden Carrera Digital 132 aut\u00f3 haszn\u00e1lhat\u00f3 a Carrera Evolutionnal.<\/li>\n\n\n\n<li>Tampo nyomott, eredeti \u00e9s r\u00e9szletes aut\u00f3k.<\/li>\n\n\n\n<li>Val\u00f3s\u00e1gh\u0171 gyors\u00edt\u00e1s \u00e9s f\u00e9kez\u00e9s.<\/li>\n\n\n\n<li>F\u0151leg els\u0151 l\u00e1mp\u00e1val (Xenon) \u00e9s h\u00e1ts\u00f3\/f\u00e9kl\u00e1mp\u00e1val.<\/li>\n\n\n\n<li>Hangos karossz\u00e9ria kidolgoz\u00e1s.<\/li>\n<\/ul>\n\n\n\n<h3 class=\"wp-block-heading\"><em><\/em>AZ ALKATR\u00c9SZEK&nbsp;<em>LE\u00cdR\u00c1SA<\/em><\/h3>\n\n\n\n<ul class=\"wp-block-list\">\n<li><a href=\"https:\/\/www.slotcar-union.com\/en\/prs-slot\/21069-prs-32560-lexan-cockpit-for-mercedes-dtm-carrera.html\" target=\"_blank\" rel=\"noreferrer noopener\">PRS 32560 Lexan Cockpit Mercedes DTM Carrera sz\u00e1m\u00e1ra<\/a>\u00a04,50 \u20ac<\/li>\n\n\n\n<li><a href=\"https:\/\/www.slotcar-union.com\/en\/pick-up-braids\/803-carrera-20366-guide-blade-double-sliding-contact-4007486203662.html\" target=\"_blank\" rel=\"noreferrer noopener\">Carrera 20366 vezet\u0151penge + dupla cs\u00fasz\u00f3\u00e9rintkez\u0151<\/a>\u00a09,50 \u20ac<\/li>\n\n\n\n<li><a href=\"https:\/\/www.slotcar-union.com\/en\/power-supplies-controllers\/830-carrera-digital-132-26732-digital-decoder-4007486267329.html\" target=\"_blank\" rel=\"noreferrer noopener\">Carrera DIGITAL 132 26732 Digit\u00e1lis dek\u00f3der<\/a>\u00a033,90 \u20ac<\/li>\n\n\n\n<li><a href=\"https:\/\/www.slotcar-union.com\/en\/pick-up-braids\/19890-carrera-89108-set-of-screws-10-pcs-4007486891081.html\" target=\"_blank\" rel=\"noreferrer noopener\">Carrera 89108 csavark\u00e9szlet (10 db)<\/a>\u00a03,90 \u20ac<\/li>\n\n\n\n<li><a href=\"https:\/\/www.slotcar-union.com\/en\/motors-cables\/1832-carrera-evolutiondigital-132-89200-motor-e200-standard-4007486892002.html\" target=\"_blank\" rel=\"noreferrer noopener\">Carrera Evolution\/Digital 132 89200 Motor E200 Standard<\/a>\u00a09,90 \u20ac<\/li>\n\n\n\n<li><a rel=\"noreferrer noopener\" href=\"https:\/\/www.slotcar-union.com\/en\/tires\/4106-carrera-89800-tires-for-dtm-4007486898004.html\" target=\"_blank\">Carrera 89800 gumiabroncsok DTM-hez<\/a>\u00a04,50 \u20ac <a href=\"https:\/\/aqua.hu\/jatek\/carrera-89800-evod132-dtm-gt3-gumiabroncs-gcs50001-t993213\" target=\"_blank\" rel=\"noreferrer noopener\"><img loading=\"lazy\" decoding=\"async\" width=\"50\" height=\"22\" class=\"wp-image-1206\" style=\"width: 50px;\" src=\"https:\/\/slotcar.hu\/wp-content\/uploads\/2023\/11\/aqua.jpg\" alt=\"\"><\/a><\/li>\n\n\n\n<li><a href=\"https:\/\/www.slotcar-union.com\/en\/axles\/13691-carrera-89809-front-and-rear-axle-for-amg-mercedes-c-coupe-dtm-4007486898097.html\" target=\"_blank\" rel=\"noreferrer noopener\">Carrera 89809 Els\u0151 \u00e9s h\u00e1ts\u00f3 tengely AMG-Mercedes C-Coupe DTM-hez<\/a>\u00a05,90 \u20ac<\/li>\n\n\n\n<li><a href=\"https:\/\/www.slotcar-union.com\/en\/spare-parts\/5211-carrera-89855-spare-parts-for-amg-mercedes-c-coupe-dtm-4007486898554.html\" target=\"_blank\" rel=\"noreferrer noopener\">Carrera 89855 P\u00f3talkatr\u00e9szek AMG Mercedes C-Coupe DTM<\/a>\u00a04,90 \u20ac<\/li>\n\n\n\n<li><a href=\"https:\/\/www.slotcar-union.com\/en\/slotdevil\/7167-slotdevil-20112005-carrera-cable-set-complete-0780509355152.html\" target=\"_blank\" rel=\"noreferrer noopener\">Slotdevil 20112005 Carrera k\u00e1belk\u00e9szlet kompletten<\/a>\u00a04,90 \u20ac<\/li>\n<\/ul>\n","protected":false},"excerpt":{"rendered":"<p>LE\u00cdR\u00c1S Az els\u0151 verseny\u00fck\u00f6n a DTM AMG Mercedes C-Coupe leny\u0171g\u00f6z\u0151 1. \u00e9s 2. helyez\u00e9st \u00e9rt&#8230;<\/p>\n","protected":false},"author":1,"featured_media":0,"parent":0,"menu_order":0,"comment_status":"closed","ping_status":"closed","template":"","meta":{"footnotes":""},"class_list":["post-1366","page","type-page","status-publish","hentry"],"_links":{"self":[{"href":"https:\/\/slotcar.hu\/index.php\/wp-json\/wp\/v2\/pages\/1366"}],"collection":[{"href":"https:\/\/slotcar.hu\/index.php\/wp-json\/wp\/v2\/pages"}],"about":[{"href":"https:\/\/slotcar.hu\/index.php\/wp-json\/wp\/v2\/types\/page"}],"author":[{"embeddable":true,"href":"https:\/\/slotcar.hu\/index.php\/wp-json\/wp\/v2\/users\/1"}],"replies":[{"embeddable":true,"href":"https:\/\/slotcar.hu\/index.php\/wp-json\/wp\/v2\/comments?post=1366"}],"version-history":[{"count":1,"href":"https:\/\/slotcar.hu\/index.php\/wp-json\/wp\/v2\/pages\/1366\/revisions"}],"predecessor-version":[{"id":1368,"href":"https:\/\/slotcar.hu\/index.php\/wp-json\/wp\/v2\/pages\/1366\/revisions\/1368"}],"wp:attachment":[{"href":"https:\/\/slotcar.hu\/index.php\/wp-json\/wp\/v2\/media?parent=1366"}],"curies":[{"name":"wp","href":"https:\/\/api.w.org\/{rel}","templated":true}]}}