{"id":1358,"date":"2023-12-04T09:02:48","date_gmt":"2023-12-04T09:02:48","guid":{"rendered":"https:\/\/slotcar.hu\/?page_id=1358"},"modified":"2023-12-04T09:02:48","modified_gmt":"2023-12-04T09:02:48","slug":"27624-mclaren-720s-gt3-no-16","status":"publish","type":"page","link":"https:\/\/slotcar.hu\/index.php\/27624-mclaren-720s-gt3-no-16\/","title":{"rendered":"27624 McLaren 720S GT3 &#8222;No.16&#8221;"},"content":{"rendered":"\n<figure class=\"wp-block-image size-full\"><img loading=\"lazy\" decoding=\"async\" width=\"978\" height=\"611\" src=\"https:\/\/slotcar.hu\/wp-content\/uploads\/2023\/12\/27624.jpg\" alt=\"\" class=\"wp-image-1359\" srcset=\"https:\/\/slotcar.hu\/wp-content\/uploads\/2023\/12\/27624.jpg 978w, https:\/\/slotcar.hu\/wp-content\/uploads\/2023\/12\/27624-300x187.jpg 300w, https:\/\/slotcar.hu\/wp-content\/uploads\/2023\/12\/27624-768x480.jpg 768w, https:\/\/slotcar.hu\/wp-content\/uploads\/2023\/12\/27624-800x500.jpg 800w, https:\/\/slotcar.hu\/wp-content\/uploads\/2023\/12\/27624-400x250.jpg 400w\" sizes=\"(max-width: 978px) 100vw, 978px\" \/><\/figure>\n\n\n\n<h3 class=\"wp-block-heading\">A CARRERA MODELL<\/h3>\n\n\n\n<ul class=\"wp-block-list\">\n<li>F\u0151leg digit\u00e1lis friss\u00edt\u00e9sre k\u00e9sz aut\u00f3k.<\/li>\n\n\n\n<li>Az aut\u00f3k val\u00f3s\u00e1gh\u0171 gyors\u00edt\u00e1ssal \u00e9s f\u00e9kez\u00e9ssel rendelkeznek.<\/li>\n\n\n\n<li>Kiv\u00e1l\u00f3 min\u0151s\u00e9g\u0171 eredeti r\u00e9szletezett \u00e9s tamponnyomott.<\/li>\n\n\n\n<li>Vonz\u00f3, \u00e9lvonalbeli j\u00e1rm\u0171enged\u00e9lyek.<\/li>\n\n\n\n<li>\u00c1h\u00edtott gy\u0171jt\u0151j\u00e1rm\u0171vek: KORL\u00c1TOZOTT KIAD\u00c1SOK 1999 darabos kiad\u00e1sban vil\u00e1gszerte<\/li>\n<\/ul>\n\n\n\n<h3 class=\"wp-block-heading\"><em><\/em>AZ ALKATR\u00c9SZEK&nbsp;<em>LE\u00cdR\u00c1SA<\/em><\/h3>\n\n\n\n<ul class=\"wp-block-list\">\n<li><a href=\"https:\/\/www.slotcar-union.com\/en\/prs-slot\/20671-prs-32672-chassis-mclaren-720s-gt3-carrera-rtr.html\" target=\"_blank\" rel=\"noreferrer noopener\">PRS 32672 alv\u00e1z McLaren 720S GT3 Carrera RTR<\/a>\u00a096,90 \u20ac<\/li>\n\n\n\n<li><a href=\"https:\/\/www.slotcar-union.com\/en\/pick-up-braids\/803-carrera-20366-guide-blade-double-sliding-contact-4007486203662.html\" target=\"_blank\" rel=\"noreferrer noopener\">Carrera 20366 vezet\u0151penge + dupla cs\u00fasz\u00f3\u00e9rintkez\u0151<\/a>\u00a09,50 \u20ac<\/li>\n\n\n\n<li><a href=\"https:\/\/www.slotcar-union.com\/en\/pick-up-braids\/19890-carrera-89108-set-of-screws-10-pcs-4007486891081.html\" target=\"_blank\" rel=\"noreferrer noopener\">Carrera 89108 csavark\u00e9szlet (10 db)<\/a>\u00a0AJOUTER<\/li>\n\n\n\n<li><a href=\"https:\/\/www.slotcar-union.com\/en\/motors-cables\/1832-carrera-evolutiondigital-132-89200-motor-e200-standard-4007486892002.html\" target=\"_blank\" rel=\"noreferrer noopener\">Carrera Evolution\/Digital 132 89200 Motor E200 Standard<\/a>\u00a09,90 \u20ac<\/li>\n\n\n\n<li><a rel=\"noreferrer noopener\" href=\"https:\/\/www.slotcar-union.com\/en\/tires\/4106-carrera-89800-tires-for-dtm-4007486898004.html\" target=\"_blank\">Carrera 89800 gumiabroncsok DTM-hez<\/a>\u00a04,50 \u20ac <a href=\"https:\/\/aqua.hu\/jatek\/carrera-89800-evod132-dtm-gt3-gumiabroncs-gcs50001-t993213\" target=\"_blank\" rel=\"noreferrer noopener\"><img loading=\"lazy\" decoding=\"async\" width=\"50\" height=\"22\" class=\"wp-image-1206\" style=\"width: 50px;\" src=\"https:\/\/slotcar.hu\/wp-content\/uploads\/2023\/11\/aqua.jpg\" alt=\"\"><\/a><\/li>\n\n\n\n<li><a href=\"https:\/\/www.slotcar-union.com\/en\/spare-parts\/19361-carrera-91055-spare-parts-for-mclaren-720s-gt3-no16-4007486910553.html\" target=\"_blank\" rel=\"noreferrer noopener\">Carrera 91055 Alkatr\u00e9szek McLaren 720S GT3 &#8222;No.16&#8221;<\/a>\u00a05,50 \u20ac<\/li>\n\n\n\n<li><a href=\"https:\/\/www.slotcar-union.com\/en\/axles\/19363-carrera-91081-front-and-rear-axle-for-mclaren-720s-gt3-no16-4007486910812.html\" target=\"_blank\" rel=\"noreferrer noopener\">Carrera 91081 Els\u0151 \u00e9s h\u00e1ts\u00f3 tengely McLaren 720S GT3 &#8222;No.16&#8221;<\/a>\u00a05,90 \u20ac<\/li>\n\n\n\n<li><a href=\"https:\/\/www.slotcar-union.com\/en\/slotdevil\/7167-slotdevil-20112005-carrera-cable-set-complete-0780509355152.html\" target=\"_blank\" rel=\"noreferrer noopener\">Slotdevil 20112005 Carrera k\u00e1belk\u00e9szlet kompletten<\/a>\u00a04,90 \u20ac<\/li>\n<\/ul>\n","protected":false},"excerpt":{"rendered":"<p>A CARRERA MODELL AZ ALKATR\u00c9SZEK&nbsp;LE\u00cdR\u00c1SA<\/p>\n","protected":false},"author":1,"featured_media":0,"parent":0,"menu_order":0,"comment_status":"closed","ping_status":"closed","template":"","meta":{"footnotes":""},"class_list":["post-1358","page","type-page","status-publish","hentry"],"_links":{"self":[{"href":"https:\/\/slotcar.hu\/index.php\/wp-json\/wp\/v2\/pages\/1358"}],"collection":[{"href":"https:\/\/slotcar.hu\/index.php\/wp-json\/wp\/v2\/pages"}],"about":[{"href":"https:\/\/slotcar.hu\/index.php\/wp-json\/wp\/v2\/types\/page"}],"author":[{"embeddable":true,"href":"https:\/\/slotcar.hu\/index.php\/wp-json\/wp\/v2\/users\/1"}],"replies":[{"embeddable":true,"href":"https:\/\/slotcar.hu\/index.php\/wp-json\/wp\/v2\/comments?post=1358"}],"version-history":[{"count":1,"href":"https:\/\/slotcar.hu\/index.php\/wp-json\/wp\/v2\/pages\/1358\/revisions"}],"predecessor-version":[{"id":1360,"href":"https:\/\/slotcar.hu\/index.php\/wp-json\/wp\/v2\/pages\/1358\/revisions\/1360"}],"wp:attachment":[{"href":"https:\/\/slotcar.hu\/index.php\/wp-json\/wp\/v2\/media?parent=1358"}],"curies":[{"name":"wp","href":"https:\/\/api.w.org\/{rel}","templated":true}]}}