{"id":1351,"date":"2023-12-04T08:55:31","date_gmt":"2023-12-04T08:55:31","guid":{"rendered":"https:\/\/slotcar.hu\/?page_id=1351"},"modified":"2023-12-04T08:55:31","modified_gmt":"2023-12-04T08:55:31","slug":"30667-greengt-h2","status":"publish","type":"page","link":"https:\/\/slotcar.hu\/index.php\/30667-greengt-h2\/","title":{"rendered":"30667 GreenGT H2"},"content":{"rendered":"\n<figure class=\"wp-block-image size-large\"><img loading=\"lazy\" decoding=\"async\" width=\"1024\" height=\"591\" src=\"https:\/\/slotcar.hu\/wp-content\/uploads\/2023\/12\/30667-1024x591.jpg\" alt=\"\" class=\"wp-image-1352\" srcset=\"https:\/\/slotcar.hu\/wp-content\/uploads\/2023\/12\/30667-1024x591.jpg 1024w, https:\/\/slotcar.hu\/wp-content\/uploads\/2023\/12\/30667-300x173.jpg 300w, https:\/\/slotcar.hu\/wp-content\/uploads\/2023\/12\/30667-768x443.jpg 768w, https:\/\/slotcar.hu\/wp-content\/uploads\/2023\/12\/30667.jpg 1033w\" sizes=\"(max-width: 1024px) 100vw, 1024px\" \/><\/figure>\n\n\n\n<h3 class=\"wp-block-heading\">T\u00d6RT\u00c9NELEM<\/h3>\n\n\n\n<p>La Green GT H2,  az elektromos\/hidrogenikus hibrid a versenyaut\u00f3knak a premierje, protot\u00edpusa .\u00a0<br>2012-ben vett r\u00e9szt el\u0151sz\u00f6r a 24 \u00f3r\u00e1s LeMans-i versenyen 56-os rajtsz\u00e1mmal, majd 2013-ben \u00e9s 2013 j\u00fanius 1\u00e9n is diadalmaskodott.<\/p>\n\n\n\n<h3 class=\"wp-block-heading\">A CARRERA MODELL<\/h3>\n\n\n\n<ul class=\"wp-block-list\">\n<li>A Digital 132 aut\u00f3k digit\u00e1lisan vez\u00e9relhet\u0151k \u00e9s egyedileg k\u00f3dolhat\u00f3k.<\/li>\n\n\n\n<li>Minden Carrera Digital 132 aut\u00f3 haszn\u00e1lhat\u00f3 a Carrera Evolutionnal.<\/li>\n\n\n\n<li>Tampo nyomott, eredeti \u00e9s r\u00e9szletes aut\u00f3k.<\/li>\n\n\n\n<li>Val\u00f3s\u00e1gh\u0171 gyors\u00edt\u00e1s \u00e9s f\u00e9kez\u00e9s.<\/li>\n\n\n\n<li>F\u0151leg els\u0151 l\u00e1mp\u00e1val (Xenon) \u00e9s h\u00e1ts\u00f3\/f\u00e9kl\u00e1mp\u00e1val.<\/li>\n\n\n\n<li>Hangos karossz\u00e9ria kidolgoz\u00e1s.<\/li>\n<\/ul>\n\n\n\n<p><strong>Nem alkalmas az 1. \u00e9s 2. g\u00f6rb\u00e9khez.<\/strong><\/p>\n\n\n\n<h3 class=\"wp-block-heading\"><em><\/em>AZ ALKATR\u00c9SZEK&nbsp;<em>LE\u00cdR\u00c1SA<\/em><\/h3>\n\n\n\n<ul class=\"wp-block-list\">\n<li><a href=\"https:\/\/www.slotcar-union.com\/en\/pick-up-braids\/803-carrera-20366-guide-blade-double-sliding-contact-4007486203662.html\" target=\"_blank\" rel=\"noreferrer noopener\">Carrera 20366 vezet\u0151penge + dupla cs\u00fasz\u00f3\u00e9rintkez\u0151<\/a>\u00a09,50 \u20ac<\/li>\n\n\n\n<li><a href=\"https:\/\/www.slotcar-union.com\/en\/power-supplies-controllers\/830-carrera-digital-132-26732-digital-decoder-4007486267329.html\" target=\"_blank\" rel=\"noreferrer noopener\">Carrera DIGITAL 132 26732 Digit\u00e1lis dek\u00f3der<\/a>\u00a033,90 \u20ac<\/li>\n\n\n\n<li><a href=\"https:\/\/www.slotcar-union.com\/en\/pick-up-braids\/19890-carrera-89108-set-of-screws-10-pcs-4007486891081.html\" target=\"_blank\" rel=\"noreferrer noopener\">Carrera 89108 csavark\u00e9szlet (10 db)<\/a>\u00a03,90 \u20ac<\/li>\n\n\n\n<li><a href=\"https:\/\/www.slotcar-union.com\/en\/motors-cables\/1832-carrera-evolutiondigital-132-89200-motor-e200-standard-4007486892002.html\" target=\"_blank\" rel=\"noreferrer noopener\">Carrera Evolution\/Digital 132 89200 Motor E200 Standard<\/a>\u00a09,90 \u20ac<\/li>\n\n\n\n<li><a href=\"https:\/\/www.slotcar-union.com\/en\/slotdevil\/7167-slotdevil-20112005-carrera-cable-set-complete-0780509355152.html\" target=\"_blank\" rel=\"noreferrer noopener\">Slotdevil 20112005 Carrera k\u00e1belk\u00e9szlet kompletten<\/a>\u00a04,90 \u20ac<\/li>\n<\/ul>\n","protected":false},"excerpt":{"rendered":"<p>T\u00d6RT\u00c9NELEM La Green GT H2, az elektromos\/hidrogenikus hibrid a versenyaut\u00f3knak a premierje, protot\u00edpusa .\u00a02012-ben vett&#8230;<\/p>\n","protected":false},"author":1,"featured_media":0,"parent":0,"menu_order":0,"comment_status":"closed","ping_status":"closed","template":"","meta":{"footnotes":""},"class_list":["post-1351","page","type-page","status-publish","hentry"],"_links":{"self":[{"href":"https:\/\/slotcar.hu\/index.php\/wp-json\/wp\/v2\/pages\/1351"}],"collection":[{"href":"https:\/\/slotcar.hu\/index.php\/wp-json\/wp\/v2\/pages"}],"about":[{"href":"https:\/\/slotcar.hu\/index.php\/wp-json\/wp\/v2\/types\/page"}],"author":[{"embeddable":true,"href":"https:\/\/slotcar.hu\/index.php\/wp-json\/wp\/v2\/users\/1"}],"replies":[{"embeddable":true,"href":"https:\/\/slotcar.hu\/index.php\/wp-json\/wp\/v2\/comments?post=1351"}],"version-history":[{"count":1,"href":"https:\/\/slotcar.hu\/index.php\/wp-json\/wp\/v2\/pages\/1351\/revisions"}],"predecessor-version":[{"id":1353,"href":"https:\/\/slotcar.hu\/index.php\/wp-json\/wp\/v2\/pages\/1351\/revisions\/1353"}],"wp:attachment":[{"href":"https:\/\/slotcar.hu\/index.php\/wp-json\/wp\/v2\/media?parent=1351"}],"curies":[{"name":"wp","href":"https:\/\/api.w.org\/{rel}","templated":true}]}}