{"id":1347,"date":"2023-12-04T08:48:01","date_gmt":"2023-12-04T08:48:01","guid":{"rendered":"https:\/\/slotcar.hu\/?page_id=1347"},"modified":"2023-12-04T08:48:01","modified_gmt":"2023-12-04T08:48:01","slug":"27601-audi-rs-5-dtm-r-rast-no-33","status":"publish","type":"page","link":"https:\/\/slotcar.hu\/index.php\/27601-audi-rs-5-dtm-r-rast-no-33\/","title":{"rendered":"27601 Audi RS 5 DTM &#8222;R.Rast, No.33&#8221;"},"content":{"rendered":"\n<figure class=\"wp-block-image size-full\"><img loading=\"lazy\" decoding=\"async\" width=\"994\" height=\"637\" src=\"https:\/\/slotcar.hu\/wp-content\/uploads\/2023\/12\/27601.jpg\" alt=\"\" class=\"wp-image-1348\" srcset=\"https:\/\/slotcar.hu\/wp-content\/uploads\/2023\/12\/27601.jpg 994w, https:\/\/slotcar.hu\/wp-content\/uploads\/2023\/12\/27601-300x192.jpg 300w, https:\/\/slotcar.hu\/wp-content\/uploads\/2023\/12\/27601-768x492.jpg 768w\" sizes=\"(max-width: 994px) 100vw, 994px\" \/><\/figure>\n\n\n\n<h3 class=\"wp-block-heading\">LE\u00cdR\u00c1S<\/h3>\n\n\n\n<p>2017-ben Ren\u00e9 Rast t\u00f6rt\u00e9nelmet \u00edrt.&nbsp;Els\u0151 teljes szezonj\u00e1ban megnyerte a DTM c\u00edmet az Audi RS 5 DTM-ben.&nbsp;A 2018-as szezonban megszerezte a m\u00e1sodik helyet a bajnok Garry Paffet m\u00f6g\u00f6tt.<\/p>\n\n\n\n<h3 class=\"wp-block-heading\">A CARRERA MODELL<\/h3>\n\n\n\n<ul class=\"wp-block-list\">\n<li>F\u0151leg digit\u00e1lis friss\u00edt\u00e9sre k\u00e9sz aut\u00f3k.<\/li>\n\n\n\n<li>Az aut\u00f3k val\u00f3s\u00e1gh\u0171 gyors\u00edt\u00e1ssal \u00e9s f\u00e9kez\u00e9ssel rendelkeznek.<\/li>\n\n\n\n<li>Kiv\u00e1l\u00f3 min\u0151s\u00e9g\u0171 eredeti r\u00e9szletezett \u00e9s tamponnyomott.<\/li>\n\n\n\n<li>Vonz\u00f3, \u00e9lvonalbeli j\u00e1rm\u0171enged\u00e9lyek.<\/li>\n\n\n\n<li>\u00c1h\u00edtott gy\u0171jt\u0151j\u00e1rm\u0171vek: KORL\u00c1TOZOTT KIAD\u00c1SOK 1999 darabos kiad\u00e1sban vil\u00e1gszerte<\/li>\n<\/ul>\n\n\n\n<p><\/p>\n\n\n\n<h3 class=\"wp-block-heading\"><em><\/em>AZ ALKATR\u00c9SZEK&nbsp;<em>LE\u00cdR\u00c1SA<\/em><\/h3>\n\n\n\n<ul class=\"wp-block-list\">\n<li><a href=\"https:\/\/www.slotcar-union.com\/en\/prs-slot\/21433-prs-32559-lexan-cockpit-for-audi-dtm-carrera.html\" target=\"_blank\" rel=\"noreferrer noopener\">PRS 32559 Lexan Cockpit Audi DTM Carrera<\/a>\u00a04,50 \u20ac<\/li>\n\n\n\n<li><a href=\"https:\/\/www.slotcar-union.com\/en\/pick-up-braids\/803-carrera-20366-guide-blade-double-sliding-contact-4007486203662.html\" target=\"_blank\" rel=\"noreferrer noopener\">Carrera 20366 vezet\u0151penge + dupla cs\u00fasz\u00f3\u00e9rintkez\u0151<\/a>\u00a09,50 \u20ac<\/li>\n\n\n\n<li><a href=\"https:\/\/www.slotcar-union.com\/en\/pick-up-braids\/19890-carrera-89108-set-of-screws-10-pcs-4007486891081.html\" target=\"_blank\" rel=\"noreferrer noopener\">Carrera 89108 csavark\u00e9szlet (10 db)<\/a>\u00a03,90 \u20ac<\/li>\n\n\n\n<li><a href=\"https:\/\/www.slotcar-union.com\/en\/motors-cables\/1832-carrera-evolutiondigital-132-89200-motor-e200-standard-4007486892002.html\" target=\"_blank\" rel=\"noreferrer noopener\">Carrera Evolution\/Digital 132 89200 Motor E200 Standard<\/a>\u00a09,90 \u20ac<\/li>\n\n\n\n<li><a rel=\"noreferrer noopener\" href=\"https:\/\/www.slotcar-union.com\/en\/tires\/4106-carrera-89800-tires-for-dtm-4007486898004.html\" target=\"_blank\">Carrera 89800 gumiabroncsok DTM-hez<\/a>\u00a04,50 \u20ac <a href=\"https:\/\/aqua.hu\/jatek\/carrera-89800-evod132-dtm-gt3-gumiabroncs-gcs50001-t993213\" target=\"_blank\" rel=\"noreferrer noopener\"><img loading=\"lazy\" decoding=\"async\" width=\"50\" height=\"22\" class=\"wp-image-1206\" style=\"width: 50px;\" src=\"https:\/\/slotcar.hu\/wp-content\/uploads\/2023\/11\/aqua.jpg\" alt=\"\"><\/a><\/li>\n\n\n\n<li><a href=\"https:\/\/www.slotcar-union.com\/en\/axles\/15250-carrera-89976-front-and-rear-axle-for-dtm-cars-livery-2017-2018-2019-4007486899766.html\" target=\"_blank\" rel=\"noreferrer noopener\">Carrera 89976 els\u0151 \u00e9s h\u00e1ts\u00f3 tengely DTM aut\u00f3khoz, fest\u00e9s 2017\/2018\/2019<\/a>\u00a05,90 \u20ac<\/li>\n\n\n\n<li><a href=\"https:\/\/www.slotcar-union.com\/en\/slotdevil\/7167-slotdevil-20112005-carrera-cable-set-complete-0780509355152.html\" target=\"_blank\" rel=\"noreferrer noopener\">Slotdevil 20112005 Carrera k\u00e1belk\u00e9szlet kompletten<\/a>\u00a04,90 \u20ac<\/li>\n<\/ul>\n","protected":false},"excerpt":{"rendered":"<p>LE\u00cdR\u00c1S 2017-ben Ren\u00e9 Rast t\u00f6rt\u00e9nelmet \u00edrt.&nbsp;Els\u0151 teljes szezonj\u00e1ban megnyerte a DTM c\u00edmet az Audi RS&#8230;<\/p>\n","protected":false},"author":1,"featured_media":0,"parent":0,"menu_order":0,"comment_status":"closed","ping_status":"closed","template":"","meta":{"footnotes":""},"class_list":["post-1347","page","type-page","status-publish","hentry"],"_links":{"self":[{"href":"https:\/\/slotcar.hu\/index.php\/wp-json\/wp\/v2\/pages\/1347"}],"collection":[{"href":"https:\/\/slotcar.hu\/index.php\/wp-json\/wp\/v2\/pages"}],"about":[{"href":"https:\/\/slotcar.hu\/index.php\/wp-json\/wp\/v2\/types\/page"}],"author":[{"embeddable":true,"href":"https:\/\/slotcar.hu\/index.php\/wp-json\/wp\/v2\/users\/1"}],"replies":[{"embeddable":true,"href":"https:\/\/slotcar.hu\/index.php\/wp-json\/wp\/v2\/comments?post=1347"}],"version-history":[{"count":1,"href":"https:\/\/slotcar.hu\/index.php\/wp-json\/wp\/v2\/pages\/1347\/revisions"}],"predecessor-version":[{"id":1349,"href":"https:\/\/slotcar.hu\/index.php\/wp-json\/wp\/v2\/pages\/1347\/revisions\/1349"}],"wp:attachment":[{"href":"https:\/\/slotcar.hu\/index.php\/wp-json\/wp\/v2\/media?parent=1347"}],"curies":[{"name":"wp","href":"https:\/\/api.w.org\/{rel}","templated":true}]}}