{"id":1342,"date":"2023-12-04T07:53:27","date_gmt":"2023-12-04T07:53:27","guid":{"rendered":"https:\/\/slotcar.hu\/?page_id=1342"},"modified":"2023-12-05T21:33:49","modified_gmt":"2023-12-05T21:33:49","slug":"30555-disney-pixar-cars-lightning-mcqueen","status":"publish","type":"page","link":"https:\/\/slotcar.hu\/index.php\/30555-disney-pixar-cars-lightning-mcqueen\/","title":{"rendered":"30555 Disney\/Pixar Cars Lightning McQueen"},"content":{"rendered":"\n<figure class=\"wp-block-image size-large\"><img loading=\"lazy\" decoding=\"async\" width=\"1024\" height=\"632\" src=\"https:\/\/slotcar.hu\/wp-content\/uploads\/2023\/12\/30555-1024x632.jpg\" alt=\"\" class=\"wp-image-1343\" srcset=\"https:\/\/slotcar.hu\/wp-content\/uploads\/2023\/12\/30555-1024x632.jpg 1024w, https:\/\/slotcar.hu\/wp-content\/uploads\/2023\/12\/30555-300x185.jpg 300w, https:\/\/slotcar.hu\/wp-content\/uploads\/2023\/12\/30555-768x474.jpg 768w, https:\/\/slotcar.hu\/wp-content\/uploads\/2023\/12\/30555.jpg 1069w\" sizes=\"(max-width: 1024px) 100vw, 1024px\" \/><\/figure>\n\n\n\n<h3 class=\"wp-block-heading\">T\u00d6RT\u00c9NELEM<\/h3>\n\n\n\n<p>Vill\u00e1m McQueen, akit \u00e1ltal\u00e1ban vezet\u00e9knev\u00e9n McQueen emlegetnek, egy antropomorf versenyaut\u00f3 a Pixar Cars (2006) anim\u00e1ci\u00f3s filmj\u00e9ben \u00e9s a Cars 2 (2011) folytat\u00e1s\u00e1ban.&nbsp;Nev\u00e9t a Pixar anim\u00e1tor\u00e1r\u00f3l, Glenn McQueenr\u0151l kapta (aki 2002-ben halt meg melanom\u00e1ban), nem sz\u00edn\u00e9szr\u0151l \u00e9s a versenyz\u00e9s kedvel\u0151j\u00e9r\u0151l, Steve McQueenr\u0151l.&nbsp;\u00c1ltal\u00e1nos NASCAR j\u00e1rm\u0171veken alapul, de a Mazda Miata \u00e9s a Dodge Viper diz\u00e1jnhat\u00e1saival.&nbsp;Az eredeti film v\u00e9g\u00e9n a Chevrolet Corvette C1-hez hasonl\u00f3an festett\u00e9k.<\/p>\n\n\n\n<h3 class=\"wp-block-heading\">A CARRERA MODELL<\/h3>\n\n\n\n<ul class=\"wp-block-list\">\n<li>A Digital 132 aut\u00f3k digit\u00e1lisan vez\u00e9relhet\u0151k \u00e9s egyedileg k\u00f3dolhat\u00f3k.<\/li>\n\n\n\n<li>Minden Carrera Digital 132 aut\u00f3 haszn\u00e1lhat\u00f3 a Carrera Evolutionnal.<\/li>\n\n\n\n<li>Tampo nyomott, eredeti \u00e9s r\u00e9szletes aut\u00f3k.<\/li>\n\n\n\n<li>Val\u00f3s\u00e1gh\u0171 gyors\u00edt\u00e1s \u00e9s f\u00e9kez\u00e9s.<\/li>\n\n\n\n<li>F\u0151leg els\u0151 l\u00e1mp\u00e1val (Xenon) \u00e9s h\u00e1ts\u00f3\/f\u00e9kl\u00e1mp\u00e1val.<\/li>\n\n\n\n<li>Pontos karossz\u00e9ria kidolgoz\u00e1s.<\/li>\n<\/ul>\n\n\n\n<h3 class=\"wp-block-heading\"><em><\/em>AZ ALKATR\u00c9SZEK&nbsp;<em>LE\u00cdR\u00c1SA<\/em><\/h3>\n\n\n\n<ul class=\"wp-block-list\">\n<li><a href=\"https:\/\/www.slotcar-union.com\/en\/pick-up-braids\/803-carrera-20366-guide-blade-double-sliding-contact-4007486203662.html\" target=\"_blank\" rel=\"noreferrer noopener\">Carrera 20366 vezet\u0151penge + dupla cs\u00fasz\u00f3\u00e9rintkez\u0151<\/a>&nbsp;9,50 \u20ac<\/li>\n\n\n\n<li><a href=\"https:\/\/www.slotcar-union.com\/en\/power-supplies-controllers\/830-carrera-digital-132-26732-digital-decoder-4007486267329.html\" target=\"_blank\" rel=\"noreferrer noopener\">Carrera DIGITAL 132 26732 Digit\u00e1lis dek\u00f3der<\/a>&nbsp;33,90 \u20ac<\/li>\n\n\n\n<li><a href=\"https:\/\/www.slotcar-union.com\/en\/pick-up-braids\/19890-carrera-89108-set-of-screws-10-pcs-4007486891081.html\" target=\"_blank\" rel=\"noreferrer noopener\">Carrera 89108 csavark\u00e9szlet (10 db)<\/a>&nbsp;3,90 \u20ac<\/li>\n\n\n\n<li><a href=\"https:\/\/www.slotcar-union.com\/en\/motors-cables\/1832-carrera-evolutiondigital-132-89200-motor-e200-standard-4007486892002.html\" target=\"_blank\" rel=\"noreferrer noopener\">Carrera Evolution\/Digital 132 89200 Motor E200 Standard<\/a>&nbsp;9,90 \u20ac<\/li>\n\n\n\n<li><a href=\"https:\/\/www.slotcar-union.com\/en\/spare-parts\/13053-carrera-89686-spare-parts-for-disneypixar-cars-lightning-mcqueen-flash-mcqueen-4007486896864.html\" target=\"_blank\" rel=\"noreferrer noopener\">Carrera 89686 p\u00f3talkatr\u00e9szek Disney\/Pixar aut\u00f3khoz Lightning McQueen (Flash McQueen<\/a><a href=\"https:\/\/www.slotcar-union.com\/en\/spare-parts\/13053-carrera-89686-spare-parts-for-disneypixar-cars-lightning-mcqueen-flash-mcqueen-4007486896864.html\">)<\/a>&nbsp;4,50 \u20ac<\/li>\n\n\n\n<li><a href=\"https:\/\/www.slotcar-union.com\/en\/axles\/12402-carrera-89690-front-and-rear-axle-for-disney-cars-2-lightning-mcqueen--4007486896901.html\" target=\"_blank\" rel=\"noreferrer noopener\">Carrera 89690 Els\u0151 \u00e9s h\u00e1ts\u00f3 tengely Disney Cars 2-hez &#8211; &#8222;Lightning McQueen&#8221;<\/a>&nbsp;5,50 \u20ac<\/li>\n\n\n\n<li><a rel=\"noreferrer noopener\" href=\"https:\/\/www.slotcar-union.com\/en\/tires\/12399-carrera-89707-tires-for-disney-picar-cars-2-lightnigng-mcqueen-4007486897076.html\" target=\"_blank\">Carrera 89707 gumiabroncsok Disney Picar Cars 2-h\u00f6z \u2013 Lightnigng McQueen<\/a>\u00a04,50 \u20ac <a href=\"https:\/\/carrera-toys.com\/hu\/product\/20089952-evolution-digital-132-abroncsok-szamara-27539-30806\" target=\"_blank\" rel=\"noreferrer noopener\"><img loading=\"lazy\" decoding=\"async\" width=\"100\" height=\"23\" class=\"wp-image-1451\" style=\"width: 100px;\" src=\"https:\/\/slotcar.hu\/wp-content\/uploads\/2023\/12\/carrera_logo.jpg\" alt=\"\" srcset=\"https:\/\/slotcar.hu\/wp-content\/uploads\/2023\/12\/carrera_logo.jpg 860w, https:\/\/slotcar.hu\/wp-content\/uploads\/2023\/12\/carrera_logo-300x68.jpg 300w, https:\/\/slotcar.hu\/wp-content\/uploads\/2023\/12\/carrera_logo-768x174.jpg 768w, https:\/\/slotcar.hu\/wp-content\/uploads\/2023\/12\/carrera_logo-800x195.jpg 800w\" sizes=\"(max-width: 100px) 100vw, 100px\" \/><\/a><\/li>\n\n\n\n<li><a href=\"https:\/\/www.slotcar-union.com\/en\/slotdevil\/7167-slotdevil-20112005-carrera-cable-set-complete-0780509355152.html\" target=\"_blank\" rel=\"noreferrer noopener\">Slotdevil 20112005 Carrera k\u00e1belk\u00e9szlet kompletten<\/a>&nbsp;4,90 \u20ac<\/li>\n<\/ul>\n","protected":false},"excerpt":{"rendered":"<p>T\u00d6RT\u00c9NELEM Vill\u00e1m McQueen, akit \u00e1ltal\u00e1ban vezet\u00e9knev\u00e9n McQueen emlegetnek, egy antropomorf versenyaut\u00f3 a Pixar Cars (2006)&#8230;<\/p>\n","protected":false},"author":1,"featured_media":0,"parent":0,"menu_order":0,"comment_status":"closed","ping_status":"closed","template":"","meta":{"footnotes":""},"class_list":["post-1342","page","type-page","status-publish","hentry"],"_links":{"self":[{"href":"https:\/\/slotcar.hu\/index.php\/wp-json\/wp\/v2\/pages\/1342"}],"collection":[{"href":"https:\/\/slotcar.hu\/index.php\/wp-json\/wp\/v2\/pages"}],"about":[{"href":"https:\/\/slotcar.hu\/index.php\/wp-json\/wp\/v2\/types\/page"}],"author":[{"embeddable":true,"href":"https:\/\/slotcar.hu\/index.php\/wp-json\/wp\/v2\/users\/1"}],"replies":[{"embeddable":true,"href":"https:\/\/slotcar.hu\/index.php\/wp-json\/wp\/v2\/comments?post=1342"}],"version-history":[{"count":2,"href":"https:\/\/slotcar.hu\/index.php\/wp-json\/wp\/v2\/pages\/1342\/revisions"}],"predecessor-version":[{"id":1452,"href":"https:\/\/slotcar.hu\/index.php\/wp-json\/wp\/v2\/pages\/1342\/revisions\/1452"}],"wp:attachment":[{"href":"https:\/\/slotcar.hu\/index.php\/wp-json\/wp\/v2\/media?parent=1342"}],"curies":[{"name":"wp","href":"https:\/\/api.w.org\/{rel}","templated":true}]}}