{"id":1337,"date":"2023-12-04T07:48:42","date_gmt":"2023-12-04T07:48:42","guid":{"rendered":"https:\/\/slotcar.hu\/?page_id=1337"},"modified":"2023-12-04T07:55:33","modified_gmt":"2023-12-04T07:55:33","slug":"30556-disney-pixar-cars-francesco-bernoulli","status":"publish","type":"page","link":"https:\/\/slotcar.hu\/index.php\/30556-disney-pixar-cars-francesco-bernoulli\/","title":{"rendered":"30556 Disney\/Pixar Cars Francesco Bernoulli"},"content":{"rendered":"\n<figure class=\"wp-block-image size-large\"><img loading=\"lazy\" decoding=\"async\" width=\"1024\" height=\"635\" src=\"https:\/\/slotcar.hu\/wp-content\/uploads\/2023\/12\/30556-1024x635.jpg\" alt=\"\" class=\"wp-image-1338\" srcset=\"https:\/\/slotcar.hu\/wp-content\/uploads\/2023\/12\/30556-1024x635.jpg 1024w, https:\/\/slotcar.hu\/wp-content\/uploads\/2023\/12\/30556-300x186.jpg 300w, https:\/\/slotcar.hu\/wp-content\/uploads\/2023\/12\/30556-768x476.jpg 768w, https:\/\/slotcar.hu\/wp-content\/uploads\/2023\/12\/30556.jpg 1080w\" sizes=\"(max-width: 1024px) 100vw, 1024px\" \/><\/figure>\n\n\n\n<h3 class=\"wp-block-heading\">LE\u00cdR\u00c1S<\/h3>\n\n\n\n<ul class=\"wp-block-list\">\n<li>A Digital 132 aut\u00f3k digit\u00e1lisan vez\u00e9relhet\u0151k \u00e9s egyedileg k\u00f3dolhat\u00f3k.<\/li>\n\n\n\n<li>Minden Carrera Digital 132 aut\u00f3 haszn\u00e1lhat\u00f3 a Carrera Evolutionnal.<\/li>\n\n\n\n<li>Tampo nyomott, eredeti \u00e9s r\u00e9szletes aut\u00f3k.<\/li>\n\n\n\n<li>Val\u00f3s\u00e1gh\u0171 gyors\u00edt\u00e1s \u00e9s f\u00e9kez\u00e9s.<\/li>\n\n\n\n<li>F\u0151leg els\u0151 l\u00e1mp\u00e1val (Xenon) \u00e9s h\u00e1ts\u00f3\/f\u00e9kl\u00e1mp\u00e1val.<\/li>\n\n\n\n<li>Pontos karossz\u00e9ria kidolgoz\u00e1s.<\/li>\n<\/ul>\n\n\n\n<h3 class=\"wp-block-heading\"><em><\/em>AZ ALKATR\u00c9SZEK&nbsp;<em>LE\u00cdR\u00c1SA<\/em><\/h3>\n\n\n\n<ul class=\"wp-block-list\">\n<li><a href=\"https:\/\/www.slotcar-union.com\/en\/pick-up-braids\/803-carrera-20366-guide-blade-double-sliding-contact-4007486203662.html\" target=\"_blank\" rel=\"noreferrer noopener\">Carrera 20366 vezet\u0151penge + dupla cs\u00fasz\u00f3\u00e9rintkez\u0151<\/a>&nbsp;9,50 \u20ac<\/li>\n\n\n\n<li><a href=\"https:\/\/www.slotcar-union.com\/en\/power-supplies-controllers\/831-carrera-digital-132-26740-digital-decoder-f1-4007486267404.html\" target=\"_blank\" rel=\"noreferrer noopener\">Carrera DIGITAL 132 26740 Digit\u00e1lis dek\u00f3der F1<\/a>&nbsp;33,90 \u20ac<\/li>\n\n\n\n<li><a href=\"https:\/\/www.slotcar-union.com\/en\/pick-up-braids\/19890-carrera-89108-set-of-screws-10-pcs-4007486891081.html\" target=\"_blank\" rel=\"noreferrer noopener\">Carrera 89108 csavark\u00e9szlet (10 db)<\/a>&nbsp;3,90 \u20ac<\/li>\n\n\n\n<li><a href=\"https:\/\/www.slotcar-union.com\/en\/motors-cables\/1833-carrera-evolutiondigital-132-89561-motor-e200-formula-1-4007486895614.html\" target=\"_blank\" rel=\"noreferrer noopener\">Carrera Evolution\/Digital 132 89561 Motor E200 Formula 1<\/a>&nbsp;9,90 \u20ac<\/li>\n\n\n\n<li><a href=\"https:\/\/www.slotcar-union.com\/en\/axles\/12974-carrera-89691-front-and-rear-axle-for-disneypixar-cars-francesco-bernoulli-4007486896918.html\" target=\"_blank\" rel=\"noreferrer noopener\">Carrera 89691 Els\u0151 \u00e9s h\u00e1ts\u00f3 tengely Disney\/Pixar aut\u00f3khoz Francesco Bernoull<\/a><a href=\"https:\/\/www.slotcar-union.com\/en\/axles\/12974-carrera-89691-front-and-rear-axle-for-disneypixar-cars-francesco-bernoulli-4007486896918.html\">i<\/a>&nbsp;5,90 \u20ac<\/li>\n\n\n\n<li><a rel=\"noreferrer noopener\" href=\"https:\/\/www.slotcar-union.com\/en\/tires\/13686-carrera-89708-tires-for-disneypixar-cars-francesco-bernoulli-4007486897083.html\" target=\"_blank\">Carrera 89708 gumiabroncsok Disney\/Pixar aut\u00f3khoz Francesco Bernoulli<\/a>\u00a04,50 \u20ac <a href=\"https:\/\/aqua.hu\/jatek\/carrera-89706-evod132-ferrari-458599xx-gumiabroncs-gcs5039-t993207\" target=\"_blank\" rel=\"noreferrer noopener\"><img loading=\"lazy\" decoding=\"async\" width=\"50\" height=\"22\" class=\"wp-image-1206\" style=\"width: 50px;\" src=\"https:\/\/slotcar.hu\/wp-content\/uploads\/2023\/11\/aqua.jpg\" alt=\"\"><\/a><\/li>\n\n\n\n<li><a href=\"https:\/\/www.slotcar-union.com\/en\/slotdevil\/7167-slotdevil-20112005-carrera-cable-set-complete-0780509355152.html\" target=\"_blank\" rel=\"noreferrer noopener\">Slotdevil 20112005 Carrera k\u00e1belk\u00e9szlet kompletten<\/a>&nbsp;4,90 \u20ac<\/li>\n<\/ul>\n","protected":false},"excerpt":{"rendered":"<p>LE\u00cdR\u00c1S AZ ALKATR\u00c9SZEK&nbsp;LE\u00cdR\u00c1SA<\/p>\n","protected":false},"author":1,"featured_media":0,"parent":0,"menu_order":0,"comment_status":"closed","ping_status":"closed","template":"","meta":{"footnotes":""},"class_list":["post-1337","page","type-page","status-publish","hentry"],"_links":{"self":[{"href":"https:\/\/slotcar.hu\/index.php\/wp-json\/wp\/v2\/pages\/1337"}],"collection":[{"href":"https:\/\/slotcar.hu\/index.php\/wp-json\/wp\/v2\/pages"}],"about":[{"href":"https:\/\/slotcar.hu\/index.php\/wp-json\/wp\/v2\/types\/page"}],"author":[{"embeddable":true,"href":"https:\/\/slotcar.hu\/index.php\/wp-json\/wp\/v2\/users\/1"}],"replies":[{"embeddable":true,"href":"https:\/\/slotcar.hu\/index.php\/wp-json\/wp\/v2\/comments?post=1337"}],"version-history":[{"count":2,"href":"https:\/\/slotcar.hu\/index.php\/wp-json\/wp\/v2\/pages\/1337\/revisions"}],"predecessor-version":[{"id":1346,"href":"https:\/\/slotcar.hu\/index.php\/wp-json\/wp\/v2\/pages\/1337\/revisions\/1346"}],"wp:attachment":[{"href":"https:\/\/slotcar.hu\/index.php\/wp-json\/wp\/v2\/media?parent=1337"}],"curies":[{"name":"wp","href":"https:\/\/api.w.org\/{rel}","templated":true}]}}