{"id":1306,"date":"2023-11-30T08:54:14","date_gmt":"2023-11-30T08:54:14","guid":{"rendered":"https:\/\/slotcar.hu\/?page_id=1306"},"modified":"2023-11-30T09:08:36","modified_gmt":"2023-11-30T09:08:36","slug":"30889-tartalyauto-berchtesgadener-land","status":"publish","type":"page","link":"https:\/\/slotcar.hu\/index.php\/30889-tartalyauto-berchtesgadener-land\/","title":{"rendered":"30889 Tart\u00e1lyaut\u00f3 &#8222;Berchtesgadener Land&#8221;"},"content":{"rendered":"\n<figure class=\"wp-block-image size-full\"><img loading=\"lazy\" decoding=\"async\" width=\"964\" height=\"606\" src=\"https:\/\/slotcar.hu\/wp-content\/uploads\/2023\/11\/30889.jpg\" alt=\"\" class=\"wp-image-1299\" srcset=\"https:\/\/slotcar.hu\/wp-content\/uploads\/2023\/11\/30889.jpg 964w, https:\/\/slotcar.hu\/wp-content\/uploads\/2023\/11\/30889-300x189.jpg 300w, https:\/\/slotcar.hu\/wp-content\/uploads\/2023\/11\/30889-768x483.jpg 768w, https:\/\/slotcar.hu\/wp-content\/uploads\/2023\/11\/30889-540x340.jpg 540w, https:\/\/slotcar.hu\/wp-content\/uploads\/2023\/11\/30889-400x250.jpg 400w\" sizes=\"(max-width: 964px) 100vw, 964px\" \/><\/figure>\n\n\n\n<p>\u0150szinte.&nbsp;Nagy.&nbsp;A Carrera tart\u00e1lyhaj\u00f3k leg\u00fajabb verzi\u00f3ja biztos\u00edtja, hogy rengeteg helyi sz\u00edn \u00e9s hang hallhat\u00f3 a p\u00e1ly\u00e1n.<\/p>\n\n\n\n<h3 class=\"wp-block-heading\">A CARRERA MODELL<\/h3>\n\n\n\n<ul class=\"wp-block-list\">\n<li>A Digital 132 aut\u00f3k digit\u00e1lisan vez\u00e9relhet\u0151k \u00e9s egyedileg k\u00f3dolhat\u00f3k.<\/li>\n\n\n\n<li>Minden Carrera Digital 132 aut\u00f3 haszn\u00e1lhat\u00f3 a Carrera Evolutionnal.<\/li>\n\n\n\n<li>Tampo nyomott, eredeti \u00e9s r\u00e9szletes aut\u00f3k.<\/li>\n\n\n\n<li>Val\u00f3s\u00e1gh\u0171 gyors\u00edt\u00e1s \u00e9s f\u00e9kez\u00e9s.<\/li>\n\n\n\n<li>F\u0151leg els\u0151 l\u00e1mp\u00e1val (Xenon) \u00e9s h\u00e1ts\u00f3\/f\u00e9kl\u00e1mp\u00e1val.<\/li>\n\n\n\n<li>Hangdek\u00f3derrel szerelve.<\/li>\n<\/ul>\n\n\n\n<h3 class=\"wp-block-heading\"><em><\/em>AZ ALKATR\u00c9SZEK&nbsp;<em>LE\u00cdR\u00c1SA<\/em><\/h3>\n\n\n\n<ul class=\"wp-block-list\">\n<li><a href=\"https:\/\/www.slotcar-union.com\/en\/pick-up-braids\/803-carrera-20366-guide-blade-double-sliding-contact-4007486203662.html\" target=\"_blank\" rel=\"noreferrer noopener\">Carrera 20366 vezet\u0151penge + dupla cs\u00fasz\u00f3\u00e9rintkez\u0151<\/a>&nbsp;9,50 \u20ac<\/li>\n\n\n\n<li><a href=\"https:\/\/www.slotcar-union.com\/en\/power-supplies-controllers\/830-carrera-digital-132-26732-digital-decoder-4007486267329.html\" target=\"_blank\" rel=\"noreferrer noopener\">Carrera DIGITAL 132 26732 Digit\u00e1lis dek\u00f3der<\/a>&nbsp;33,90 \u20ac<\/li>\n\n\n\n<li><a href=\"https:\/\/www.slotcar-union.com\/en\/pick-up-braids\/19890-carrera-89108-set-of-screws-10-pcs-4007486891081.html\" target=\"_blank\" rel=\"noreferrer noopener\">Carrera 89108 csavark\u00e9szlet (10 db)<\/a>&nbsp;3,90 \u20ac<\/li>\n\n\n\n<li><a href=\"https:\/\/www.slotcar-union.com\/en\/motors-cables\/1832-carrera-evolutiondigital-132-89200-motor-e200-standard-4007486892002.html\" target=\"_blank\" rel=\"noreferrer noopener\">Carrera Evolution\/Digital 132 89200 Motor E200 Standard<\/a>&nbsp;9,90 \u20ac<\/li>\n\n\n\n<li><a rel=\"noreferrer noopener\" href=\"https:\/\/www.slotcar-union.com\/en\/tires\/13612-carrera-90279-tires-for-carrera-towing-service-4007486902794.html\" target=\"_blank\">Carrera 90279 gumiabroncsok a Carrera vontat\u00f3szervizhez<\/a>\u00a05,50 \u20ac <a href=\"https:\/\/aqua.hu\/jatek\/carrera-90279-evod132-gumiabroncs-carrera-licensed-autokhoz-gcs5074-t950151\" target=\"_blank\" rel=\"noreferrer noopener\"><img loading=\"lazy\" decoding=\"async\" width=\"50\" height=\"22\" class=\"wp-image-1206\" style=\"width: 50px;\" src=\"https:\/\/slotcar.hu\/wp-content\/uploads\/2023\/11\/aqua.jpg\" alt=\"\"><\/a><\/li>\n\n\n\n<li><a href=\"https:\/\/www.slotcar-union.com\/en\/axles\/18628-carrera-91038-front-and-rear-axle-for-carrera-tanker-berchtesgadener-land-4007486910386.html\" target=\"_blank\" rel=\"noreferrer noopener\">Carrera 91038 Els\u0151 \u00e9s h\u00e1ts\u00f3 tengely Carrera &#8222;Berchtesgadener Land&#8221; tart\u00e1lykocsihoz<\/a>&nbsp;7,90 \u20ac<\/li>\n\n\n\n<li><a rel=\"noreferrer noopener\" href=\"https:\/\/www.slotcar-union.com\/en\/slotdevil\/7167-slotdevil-20112005-carrera-cable-set-complete-0780509355152.html\" target=\"_blank\">Slotdevil 20112005 Carrera k\u00e1belk\u00e9szlet kompletten<\/a>&nbsp;4,90 \u20ac<\/li>\n<\/ul>\n","protected":false},"excerpt":{"rendered":"<p>\u0150szinte.&nbsp;Nagy.&nbsp;A Carrera tart\u00e1lyhaj\u00f3k leg\u00fajabb verzi\u00f3ja biztos\u00edtja, hogy rengeteg helyi sz\u00edn \u00e9s hang hallhat\u00f3 a p\u00e1ly\u00e1n&#8230;.<\/p>\n","protected":false},"author":1,"featured_media":0,"parent":0,"menu_order":0,"comment_status":"closed","ping_status":"closed","template":"","meta":{"footnotes":""},"class_list":["post-1306","page","type-page","status-publish","hentry"],"_links":{"self":[{"href":"https:\/\/slotcar.hu\/index.php\/wp-json\/wp\/v2\/pages\/1306"}],"collection":[{"href":"https:\/\/slotcar.hu\/index.php\/wp-json\/wp\/v2\/pages"}],"about":[{"href":"https:\/\/slotcar.hu\/index.php\/wp-json\/wp\/v2\/types\/page"}],"author":[{"embeddable":true,"href":"https:\/\/slotcar.hu\/index.php\/wp-json\/wp\/v2\/users\/1"}],"replies":[{"embeddable":true,"href":"https:\/\/slotcar.hu\/index.php\/wp-json\/wp\/v2\/comments?post=1306"}],"version-history":[{"count":2,"href":"https:\/\/slotcar.hu\/index.php\/wp-json\/wp\/v2\/pages\/1306\/revisions"}],"predecessor-version":[{"id":1316,"href":"https:\/\/slotcar.hu\/index.php\/wp-json\/wp\/v2\/pages\/1306\/revisions\/1316"}],"wp:attachment":[{"href":"https:\/\/slotcar.hu\/index.php\/wp-json\/wp\/v2\/media?parent=1306"}],"curies":[{"name":"wp","href":"https:\/\/api.w.org\/{rel}","templated":true}]}}