{"id":1291,"date":"2023-11-22T19:28:18","date_gmt":"2023-11-22T19:28:18","guid":{"rendered":"https:\/\/slotcar.hu\/?page_id=1291"},"modified":"2023-11-22T19:28:18","modified_gmt":"2023-11-22T19:28:18","slug":"30033-starter-set","status":"publish","type":"page","link":"https:\/\/slotcar.hu\/index.php\/30033-starter-set\/","title":{"rendered":"30033 Starter Set"},"content":{"rendered":"\n<figure class=\"wp-block-image size-full\"><img loading=\"lazy\" decoding=\"async\" width=\"950\" height=\"711\" src=\"https:\/\/slotcar.hu\/wp-content\/uploads\/2023\/11\/30033.jpg\" alt=\"\" class=\"wp-image-1219\" srcset=\"https:\/\/slotcar.hu\/wp-content\/uploads\/2023\/11\/30033.jpg 950w, https:\/\/slotcar.hu\/wp-content\/uploads\/2023\/11\/30033-300x225.jpg 300w, https:\/\/slotcar.hu\/wp-content\/uploads\/2023\/11\/30033-768x575.jpg 768w\" sizes=\"(max-width: 950px) 100vw, 950px\" \/><\/figure>\n\n\n\n<p>A Carrera DIGITAL 132 &#8216;Starter&#8217; k\u00e9szlet az \u00e9szak-amerikai Muscle Car korszak k\u00e9t klasszikus\u00e1t tartalmazza.&nbsp;A kezd\u0151bar\u00e1t k\u00f6rversenyz\u0151i indul\u00f3k\u00e9szlet tartalmazza a Ford Mustang GTY &#8216;No.5&#8217; modellt st\u00edlusos k\u00e9k sz\u00ednben, felt\u0171n\u0151 feh\u00e9r cs\u00edkokkal;&nbsp;\u00e9s a Ford Mustang GTY &#8216;No.76&#8217;, az amerikai versenyz\u00e9s klasszikus ford\u00edtott sz\u00edneiben &#8211; feh\u00e9r karossz\u00e9ria \u00e9s k\u00e9k cs\u00edkok.<\/p>\n\n\n\n<p><strong>Kezd\u0151 szett Mustang-rajong\u00f3knak<\/strong><br>Az 5,7 m\u00e9teres p\u00e1lya szellemaut\u00f3 \u00e9s biztons\u00e1gi aut\u00f3 funkci\u00f3t, valamint olyan izgalmas kih\u00edv\u00e1sokat k\u00edn\u00e1l, mint a kett\u0151s s\u00e1vv\u00e1lt\u00e1s, a nagy sebess\u00e9g\u0171 egyenesek, az extra s\u00e1vv\u00e1lt\u00e1s \u00e9s az el\u0151z\u00e9s egy gombnyom\u00e1ssal.&nbsp;Csatlakozz a csat\u00e1hoz ak\u00e1r \u00f6t m\u00e1sik pil\u00f3t\u00e1val a DIGITAL 132 versenyp\u00e1ly\u00e1n.&nbsp;A sebess\u00e9g- \u00e9s f\u00e9kbe\u00e1ll\u00edt\u00e1sok minden egyes aut\u00f3n v\u00e1ltoztathat\u00f3k, \u00e9s az egyes versenyz\u0151k k\u00e9pzetts\u00e9gi szintj\u00e9hez igaz\u00edthat\u00f3k a m\u00e9g hitelesebb versenyz\u00e9s \u00e9rdek\u00e9ben.<\/p>\n\n\n\n<h3 class=\"wp-block-heading\">KOMPLETT K\u00c9SZLET, AMELY TARTALMAZZA:<\/h3>\n\n\n\n<ul class=\"wp-block-list\">\n<li>x1 Carrera DIGITAL 132 31082 Ford Mustang GTY &#8222;No.5&#8221;<\/li>\n\n\n\n<li>x1 Carrera DIGITAL 132 31083 Ford Mustang GTY &#8222;No.76&#8221;<\/li>\n\n\n\n<li>x1 Carrera DIGITAL 30352 vez\u00e9rl\u0151egys\u00e9g<\/li>\n\n\n\n<li>x1 Carrera DIGITAL 132 30326 transzform\u00e1tor 14,8V &#8211; 3,5 A<\/li>\n\n\n\n<li>x2 Carrera DIGITAL 30340 sebess\u00e9gszab\u00e1lyoz\u00f3<\/li>\n\n\n\n<li>x1 Carrera DIGITAL 30347 dupla s\u00e1vos v\u00e1lt\u00f3p\u00e1lya<\/li>\n\n\n\n<li>x2 Carrera 20611 1\/3 egyenes<\/li>\n\n\n\n<li>x3 Carrera 20509 Standard egyenes<\/li>\n\n\n\n<li>x10 Carrera 20571 1. sugar\u00fa g\u00f6rbe 60\u00b0<\/li>\n\n\n\n<li>x2 Carrera 20598 End Borders<\/li>\n\n\n\n<li>Carrera 85245 s\u00edncsatlakoz\u00f3 kapcsok<\/li>\n\n\n\n<li>Carrera Barrier Security<\/li>\n\n\n\n<li>Carrera 85219 v\u00e9d\u0151korl\u00e1t tart\u00f3k<\/li>\n\n\n\n<li>Carrera t\u00e1maszt\u00f3s\u00edn<\/li>\n\n\n\n<li>x4 Carrera 20365 Dupla cs\u00fasz\u00f3 \u00e9rintkez\u0151<\/li>\n\n\n\n<li>x1 Haszn\u00e1lati \u00fatmutat\u00f3<\/li>\n<\/ul>\n","protected":false},"excerpt":{"rendered":"<p>A Carrera DIGITAL 132 &#8216;Starter&#8217; k\u00e9szlet az \u00e9szak-amerikai Muscle Car korszak k\u00e9t klasszikus\u00e1t tartalmazza.&nbsp;A kezd\u0151bar\u00e1t&#8230;<\/p>\n","protected":false},"author":1,"featured_media":0,"parent":0,"menu_order":0,"comment_status":"closed","ping_status":"closed","template":"","meta":{"footnotes":""},"class_list":["post-1291","page","type-page","status-publish","hentry"],"_links":{"self":[{"href":"https:\/\/slotcar.hu\/index.php\/wp-json\/wp\/v2\/pages\/1291"}],"collection":[{"href":"https:\/\/slotcar.hu\/index.php\/wp-json\/wp\/v2\/pages"}],"about":[{"href":"https:\/\/slotcar.hu\/index.php\/wp-json\/wp\/v2\/types\/page"}],"author":[{"embeddable":true,"href":"https:\/\/slotcar.hu\/index.php\/wp-json\/wp\/v2\/users\/1"}],"replies":[{"embeddable":true,"href":"https:\/\/slotcar.hu\/index.php\/wp-json\/wp\/v2\/comments?post=1291"}],"version-history":[{"count":1,"href":"https:\/\/slotcar.hu\/index.php\/wp-json\/wp\/v2\/pages\/1291\/revisions"}],"predecessor-version":[{"id":1292,"href":"https:\/\/slotcar.hu\/index.php\/wp-json\/wp\/v2\/pages\/1291\/revisions\/1292"}],"wp:attachment":[{"href":"https:\/\/slotcar.hu\/index.php\/wp-json\/wp\/v2\/media?parent=1291"}],"curies":[{"name":"wp","href":"https:\/\/api.w.org\/{rel}","templated":true}]}}