{"id":1285,"date":"2023-11-22T19:23:07","date_gmt":"2023-11-22T19:23:07","guid":{"rendered":"https:\/\/slotcar.hu\/?page_id=1285"},"modified":"2024-09-02T18:05:26","modified_gmt":"2024-09-02T18:05:26","slug":"30030-dtm-fast-and-fabulous","status":"publish","type":"page","link":"https:\/\/slotcar.hu\/index.php\/30030-dtm-fast-and-fabulous\/","title":{"rendered":"30030 DTM Fast And Fabulous"},"content":{"rendered":"\n<figure class=\"wp-block-image size-full\"><img loading=\"lazy\" decoding=\"async\" width=\"953\" height=\"708\" src=\"https:\/\/slotcar.hu\/wp-content\/uploads\/2023\/11\/30003.jpg\" alt=\"\" class=\"wp-image-1216\" srcset=\"https:\/\/slotcar.hu\/wp-content\/uploads\/2023\/11\/30003.jpg 953w, https:\/\/slotcar.hu\/wp-content\/uploads\/2023\/11\/30003-300x223.jpg 300w, https:\/\/slotcar.hu\/wp-content\/uploads\/2023\/11\/30003-768x571.jpg 768w\" sizes=\"(max-width: 953px) 100vw, 953px\" \/><\/figure>\n\n\n\n<p>A Carrera DIGITAL 132 \u201eDTM Fast and Fabulous\u201d szett k\u00e9t n\u00e9met DTM szuperszt\u00e1r p\u00e1rharca.&nbsp;A Team Winward Mercedes-AMG GT3 Evo \u00e9s a Team Schubert Motorsport BMW M4 GT3 versenyaut\u00f3k k\u00fczdenek a 7,3 m\u00e9teres versenyp\u00e1ly\u00e1n.&nbsp;David Schumacher, a kor\u00e1bbi Forma-1-es pil\u00f3ta, Ralf Schumacher fia a Team Winward k\u00e9k, feh\u00e9r \u00e9s s\u00e1rga Mercedes\u00e9ben mutatkozott be a DTM-ben.&nbsp;A d\u00e9l-afrikai hull\u00f3csillag, Sheldon van der Linde felt\u0171nik a 31-es versenysz\u00e1m\u00fa, fekete, piros \u00e9s s\u00e1rga BMW M4-ben.&nbsp;A pil\u00f3t\u00e1k \u00e9s az aut\u00f3k ezen kombin\u00e1ci\u00f3ja m\u00e1r megnyerte a DTM-et!<\/p>\n\n\n\n<p><strong>Forr\u00f3 DTM-p\u00e1rbaj<\/strong><\/p>\n\n\n\n<p>A 7,3 m\u00e9teres, biztons\u00e1gi aut\u00f3 funkci\u00f3val ell\u00e1tott versenyk\u00f6r k\u00f6r\u00fcl garant\u00e1lt a ki\u00e9lezett versenyp\u00e1rbaj legjobb bar\u00e1tok \u00e9s csal\u00e1dtagok ellen.&nbsp;Egy gombnyom\u00e1ssal \u00e1tadva megmutathatod, milyen gyors is vagy val\u00f3j\u00e1ban!<\/p>\n\n\n\n<h3 class=\"wp-block-heading\">KOMPLETT K\u00c9SZLET, AMELY TARTALMAZZA:<\/h3>\n\n\n\n<ul class=\"wp-block-list\">\n<li>x1 Carrera DIGITAL 132 31067 Mercedes-AMG GT3 Evo &#8222;Mercedes-AMG Team Winward D.Schumacher, No.27&#8221; DTM 2022<\/li>\n\n\n\n<li>x1 Carrera DIGITAL 132 31077 BMW M4 GT3 &#8222;Schubert Motorsport, No.31&#8221;, DTM 2022<\/li>\n\n\n\n<li>x1 Carrera DIGITAL 30352 vez\u00e9rl\u0151egys\u00e9g<\/li>\n\n\n\n<li>x1 Carrera DIGITAL 132 30326 transzform\u00e1tor 14,8V &#8211; 3,5 A<\/li>\n\n\n\n<li>x2 Carrera DIGITAL 30340 sebess\u00e9gszab\u00e1lyoz\u00f3<\/li>\n\n\n\n<li>x1 Carrera DIGITAL 30347 dupla s\u00e1vos v\u00e1lt\u00f3p\u00e1lya<\/li>\n\n\n\n<li>x11 Carrera 20509 Standard egyenes<\/li>\n\n\n\n<li>x8 Carrera 20571 1. sugar\u00fa g\u00f6rbe 60\u00b0<\/li>\n\n\n\n<li>x1 Carrera 30359 F\u00e9legyenes szeg\u00e9ly<\/li>\n\n\n\n<li>x2 Carrera 20598 End Borders<\/li>\n\n\n\n<li>Carrera 85245 s\u00edncsatlakoz\u00f3 kapcsok<\/li>\n\n\n\n<li>Carrera Barrier Security<\/li>\n\n\n\n<li>Carrera 85219 v\u00e9d\u0151korl\u00e1t tart\u00f3k<\/li>\n\n\n\n<li>Carrera t\u00e1maszt\u00f3s\u00edn<\/li>\n\n\n\n<li>x4 Carrera 20365 Dupla cs\u00fasz\u00f3 \u00e9rintkez\u0151<\/li>\n\n\n\n<li>x1 Haszn\u00e1lati \u00fatmutat\u00f3<\/li>\n<\/ul>\n","protected":false},"excerpt":{"rendered":"<p>A Carrera DIGITAL 132 \u201eDTM Fast and Fabulous\u201d szett k\u00e9t n\u00e9met DTM szuperszt\u00e1r p\u00e1rharca.&nbsp;A Team&#8230;<\/p>\n","protected":false},"author":1,"featured_media":0,"parent":0,"menu_order":0,"comment_status":"closed","ping_status":"closed","template":"","meta":{"footnotes":""},"class_list":["post-1285","page","type-page","status-publish","hentry"],"_links":{"self":[{"href":"https:\/\/slotcar.hu\/index.php\/wp-json\/wp\/v2\/pages\/1285"}],"collection":[{"href":"https:\/\/slotcar.hu\/index.php\/wp-json\/wp\/v2\/pages"}],"about":[{"href":"https:\/\/slotcar.hu\/index.php\/wp-json\/wp\/v2\/types\/page"}],"author":[{"embeddable":true,"href":"https:\/\/slotcar.hu\/index.php\/wp-json\/wp\/v2\/users\/1"}],"replies":[{"embeddable":true,"href":"https:\/\/slotcar.hu\/index.php\/wp-json\/wp\/v2\/comments?post=1285"}],"version-history":[{"count":1,"href":"https:\/\/slotcar.hu\/index.php\/wp-json\/wp\/v2\/pages\/1285\/revisions"}],"predecessor-version":[{"id":1286,"href":"https:\/\/slotcar.hu\/index.php\/wp-json\/wp\/v2\/pages\/1285\/revisions\/1286"}],"wp:attachment":[{"href":"https:\/\/slotcar.hu\/index.php\/wp-json\/wp\/v2\/media?parent=1285"}],"curies":[{"name":"wp","href":"https:\/\/api.w.org\/{rel}","templated":true}]}}