{"id":1243,"date":"2023-11-22T19:03:30","date_gmt":"2023-11-22T19:03:30","guid":{"rendered":"https:\/\/slotcar.hu\/?page_id=1243"},"modified":"2023-11-22T19:03:30","modified_gmt":"2023-11-22T19:03:30","slug":"30848-ferrari-488-gte-af-corse-no-51","status":"publish","type":"page","link":"https:\/\/slotcar.hu\/index.php\/30848-ferrari-488-gte-af-corse-no-51\/","title":{"rendered":"30848 Ferrari 488 GTE &#8222;AF Corse, No.51&#8221;"},"content":{"rendered":"\n<figure class=\"wp-block-image size-full\"><img loading=\"lazy\" decoding=\"async\" width=\"1018\" height=\"649\" src=\"https:\/\/slotcar.hu\/wp-content\/uploads\/2023\/11\/30848.jpg\" alt=\"\" class=\"wp-image-1225\" srcset=\"https:\/\/slotcar.hu\/wp-content\/uploads\/2023\/11\/30848.jpg 1018w, https:\/\/slotcar.hu\/wp-content\/uploads\/2023\/11\/30848-300x191.jpg 300w, https:\/\/slotcar.hu\/wp-content\/uploads\/2023\/11\/30848-768x490.jpg 768w\" sizes=\"(max-width: 1018px) 100vw, 1018px\" \/><\/figure>\n\n\n\n<p>Ezt a sportkocsit nem hagyhatod ki!&nbsp;Az \u00faj Ferrari 488 GT3 &#8222;AF Corse, No.51&#8221; eltal\u00e1lta a helyet, \u00e9s egyszerre klassz \u00e9s sz\u00ednesen megtervezett karakter.&nbsp;Az er\u0151teljesen kontrasztos sz\u00ednek kombin\u00e1ci\u00f3ja azt jelenti, hogy b\u00e1rhov\u00e1 is b\u00e1mulj\u00e1k.&nbsp;Ez a modell a Ferrari 488 GTB-n alapul, amelynek motorversenyz\u00e9si el\u0151dje a 458 Italia GT3 volt.&nbsp;M\u00edg a kor\u00e1bbi Ferrarit V8-as sz\u00edv\u00f3motorral szerelt\u00e9k fel, az \u00faj 488 GT3-at V8-as turb\u00f3motor hajtja.&nbsp;Ez a rendk\u00edv\u00fcl er\u0151s aut\u00f3 az &#8222;AF Corse&#8221; versenycsapathoz tartozik.&nbsp;A Ferrari 488 GT3 &#8222;AF Corse, No.51&#8221; f\u00e9nysz\u00f3r\u00f3kkal, h\u00e1ts\u00f3- \u00e9s f\u00e9kl\u00e1mp\u00e1kkal van felszerelve, \u00e9s az eredeti r\u00e9szletek h\u0171 reprodukci\u00f3j\u00e1val megford\u00edtja a fejeket.&nbsp;A Carrera aut\u00f3 egyedileg k\u00f3dolhat\u00f3, digit\u00e1lisan vez\u00e9relhet\u0151 \u00e9s val\u00f3di versenyz\u00e9si izgalmakat garant\u00e1l!<\/p>\n\n\n\n<h3 class=\"wp-block-heading\">A CARRERA MODELL<\/h3>\n\n\n\n<ul class=\"wp-block-list\">\n<li>A Digital 132 aut\u00f3k digit\u00e1lisan vez\u00e9relhet\u0151k \u00e9s egyedileg k\u00f3dolhat\u00f3k.<\/li>\n\n\n\n<li>Minden Carrera Digital 132 aut\u00f3 haszn\u00e1lhat\u00f3 a Carrera Evolutionnal.<\/li>\n\n\n\n<li>Tampo nyomott, eredeti \u00e9s r\u00e9szletes aut\u00f3k.<\/li>\n\n\n\n<li>Val\u00f3s\u00e1gh\u0171 gyors\u00edt\u00e1s \u00e9s f\u00e9kez\u00e9s.<\/li>\n\n\n\n<li>F\u0151leg els\u0151 l\u00e1mp\u00e1val (Xenon) \u00e9s h\u00e1ts\u00f3\/f\u00e9kl\u00e1mp\u00e1val.<\/li>\n\n\n\n<li>Pontos karossz\u00e9ria kidolgoz\u00e1s.<\/li>\n<\/ul>\n\n\n\n<p><\/p>\n\n\n\n<h3 class=\"wp-block-heading\"><em><\/em>AZ ALKATR\u00c9SZEK&nbsp;<em>LE\u00cdR\u00c1SA<\/em><\/h3>\n\n\n\n<ul class=\"wp-block-list\">\n<li><a href=\"https:\/\/www.slotcar-union.com\/en\/prs-slot\/20668-prs-32629-chassis-ferrari-488-carrera-rtr.html\" target=\"_blank\" rel=\"noreferrer noopener\">PRS 32629 alv\u00e1z Ferrari 488 Carrera RTR<\/a>\u00a096,90 \u20ac<\/li>\n\n\n\n<li><a href=\"https:\/\/www.slotcar-union.com\/en\/prs-slot\/21060-prs-32631-lexan-cockpit-for-ferrari-488-carrera.html\" target=\"_blank\" rel=\"noreferrer noopener\">PRS 32631 Lexan pil\u00f3taf\u00fclke Ferrari 488 Carrera sz\u00e1m\u00e1ra<\/a>\u00a04,50 \u20ac<\/li>\n\n\n\n<li><a href=\"https:\/\/www.slotcar-union.com\/en\/pick-up-braids\/803-carrera-20366-guide-blade-double-sliding-contact-4007486203662.html\" target=\"_blank\" rel=\"noreferrer noopener\">Carrera 20366 vezet\u0151penge + dupla cs\u00fasz\u00f3\u00e9rintkez\u0151<\/a>\u00a09,50 \u20ac<\/li>\n\n\n\n<li><a href=\"https:\/\/www.slotcar-union.com\/en\/power-supplies-controllers\/830-carrera-digital-132-26732-digital-decoder-4007486267329.html\" target=\"_blank\" rel=\"noreferrer noopener\">Carrera DIGITAL 132 26732 Digit\u00e1lis dek\u00f3der<\/a>\u00a033,90 \u20ac<\/li>\n\n\n\n<li><a href=\"https:\/\/www.slotcar-union.com\/en\/pick-up-braids\/19890-carrera-89108-set-of-screws-10-pcs-4007486891081.html\" target=\"_blank\" rel=\"noreferrer noopener\">Carrera 89108 csavark\u00e9szlet (10 db)<\/a>\u00a03,90 \u20ac<\/li>\n\n\n\n<li><a href=\"https:\/\/www.slotcar-union.com\/en\/motors-cables\/1832-carrera-evolutiondigital-132-89200-motor-e200-standard-4007486892002.html\" target=\"_blank\" rel=\"noreferrer noopener\">Carrera Evolution\/Digital 132 89200 Motor E200 Standard<\/a>\u00a09,90 \u20ac<\/li>\n\n\n\n<li><a rel=\"noreferrer noopener\" href=\"https:\/\/www.slotcar-union.com\/en\/tires\/14293-carrera-89954-tires-for-ferrari-488-gt3-4007486899544.html\" target=\"_blank\">Carrera 89954 Gumiabroncsok Ferrari 488 GT3-hoz<\/a>\u00a04,50 \u20ac <a href=\"https:\/\/aqua.hu\/jatek\/carrera-evod132-89954-gumiabroncs-ferrari-488-gumiabroncs-gcs5067-t1218640\" target=\"_blank\" rel=\"noreferrer noopener\"><img loading=\"lazy\" decoding=\"async\" width=\"50\" height=\"22\" class=\"wp-image-1206\" style=\"width: 50px;\" src=\"https:\/\/slotcar.hu\/wp-content\/uploads\/2023\/11\/aqua.jpg\" alt=\"\"><\/a><\/li>\n\n\n\n<li><a href=\"https:\/\/www.slotcar-union.com\/en\/spare-parts\/15438-carrera-90297-spare-parts-for-ferrari-488-gte-af-corse-no51-4007486902978.html\" target=\"_blank\" rel=\"noreferrer noopener\">Carrera 90297 Alkatr\u00e9szek Ferrari 488 GTE &#8222;AF Corse, No.51<\/a><a href=\"https:\/\/www.slotcar-union.com\/en\/spare-parts\/15438-carrera-90297-spare-parts-for-ferrari-488-gte-af-corse-no51-4007486902978.html\">&#8222;<\/a>\u00a04,90 \u20ac<\/li>\n\n\n\n<li><a href=\"https:\/\/www.slotcar-union.com\/en\/axles\/15442-carrera-90303-front-and-rear-axle-for-ferrari-488-gte-af-corse-no51-4007486903036.html\" target=\"_blank\" rel=\"noreferrer noopener\">Carrera 90303 Els\u0151 \u00e9s h\u00e1ts\u00f3 tengely Ferrari 488 GTE &#8222;AF Corse, No.51&#8221;<\/a>\u00a05,90 \u20ac<\/li>\n<\/ul>\n","protected":false},"excerpt":{"rendered":"<p>Ezt a sportkocsit nem hagyhatod ki!&nbsp;Az \u00faj Ferrari 488 GT3 &#8222;AF Corse, No.51&#8221; eltal\u00e1lta a&#8230;<\/p>\n","protected":false},"author":1,"featured_media":0,"parent":0,"menu_order":0,"comment_status":"closed","ping_status":"closed","template":"","meta":{"footnotes":""},"class_list":["post-1243","page","type-page","status-publish","hentry"],"_links":{"self":[{"href":"https:\/\/slotcar.hu\/index.php\/wp-json\/wp\/v2\/pages\/1243"}],"collection":[{"href":"https:\/\/slotcar.hu\/index.php\/wp-json\/wp\/v2\/pages"}],"about":[{"href":"https:\/\/slotcar.hu\/index.php\/wp-json\/wp\/v2\/types\/page"}],"author":[{"embeddable":true,"href":"https:\/\/slotcar.hu\/index.php\/wp-json\/wp\/v2\/users\/1"}],"replies":[{"embeddable":true,"href":"https:\/\/slotcar.hu\/index.php\/wp-json\/wp\/v2\/comments?post=1243"}],"version-history":[{"count":1,"href":"https:\/\/slotcar.hu\/index.php\/wp-json\/wp\/v2\/pages\/1243\/revisions"}],"predecessor-version":[{"id":1244,"href":"https:\/\/slotcar.hu\/index.php\/wp-json\/wp\/v2\/pages\/1243\/revisions\/1244"}],"wp:attachment":[{"href":"https:\/\/slotcar.hu\/index.php\/wp-json\/wp\/v2\/media?parent=1243"}],"curies":[{"name":"wp","href":"https:\/\/api.w.org\/{rel}","templated":true}]}}