{"id":1235,"date":"2023-11-22T11:56:23","date_gmt":"2023-11-22T11:56:23","guid":{"rendered":"https:\/\/slotcar.hu\/?page_id=1235"},"modified":"2023-11-22T11:56:24","modified_gmt":"2023-11-22T11:56:24","slug":"30701-chevrolet-corvette-c7-r-no-3","status":"publish","type":"page","link":"https:\/\/slotcar.hu\/index.php\/30701-chevrolet-corvette-c7-r-no-3\/","title":{"rendered":"30701 Chevrolet Corvette C7.R &#8222;No.3&#8221;"},"content":{"rendered":"\n<figure class=\"wp-block-image size-large\"><img loading=\"lazy\" decoding=\"async\" width=\"1024\" height=\"674\" src=\"https:\/\/slotcar.hu\/wp-content\/uploads\/2023\/11\/30701-1024x674.jpg\" alt=\"\" class=\"wp-image-1228\" srcset=\"https:\/\/slotcar.hu\/wp-content\/uploads\/2023\/11\/30701-1024x674.jpg 1024w, https:\/\/slotcar.hu\/wp-content\/uploads\/2023\/11\/30701-300x197.jpg 300w, https:\/\/slotcar.hu\/wp-content\/uploads\/2023\/11\/30701-768x506.jpg 768w, https:\/\/slotcar.hu\/wp-content\/uploads\/2023\/11\/30701.jpg 1027w\" sizes=\"(max-width: 1024px) 100vw, 1024px\" \/><\/figure>\n\n\n\n<h3 class=\"wp-block-heading\"><\/h3>\n\n\n\n<p>A Chevrolet Corvette C7.R l\u00fcktet\u0151, 5,5 literes V8-as motorj\u00e1val t\u00e1mad\u00e1sba lend\u00fcl olyan rangos versenyeken, mint Daytona \u00e9s Le Mans.&nbsp;A vol\u00e1nn\u00e1l a Corvette Works sof\u0151rje, Oliver Gavin \u00fcl.&nbsp;A GT versenyverzi\u00f3 a Corvette C7 Stingray orsz\u00e1g\u00fati versenyz\u0151re \u00e9p\u00fcl, \u00e9s rengeteg technikai \u00faj\u00edt\u00e1st tartalmaz.&nbsp;Az egyik abszol\u00fat kiemel\u00e9s az \u00faj alum\u00ednium v\u00e1z, amely 40%-kal merevebb, mint az el\u0151z\u0151 C6.R.<\/p>\n\n\n\n<p>A Carrera DIGITAL 132 Chevrolet Corvette C7.R slotcar els\u0151, h\u00e1ts\u00f3\/f\u00e9kl\u00e1mp\u00e1ival \u00e9s h\u0171en reproduk\u00e1lt r\u00e9szletekkel leny\u0171g\u00f6z\u0151.&nbsp;Ez a Carrera aut\u00f3 egyedileg k\u00f3dolhat\u00f3;&nbsp;digit\u00e1lisan vez\u00e9relhet\u0151, \u00e9s t\u00f6bb \u00f3r\u00e1nyi versenyz\u00e9st garant\u00e1l.<\/p>\n\n\n\n<h3 class=\"wp-block-heading\">A CARRERA MODELL<\/h3>\n\n\n\n<ul class=\"wp-block-list\">\n<li>A Digital 132 aut\u00f3k digit\u00e1lisan vez\u00e9relhet\u0151k \u00e9s egyedileg k\u00f3dolhat\u00f3k.<\/li>\n\n\n\n<li>Minden Carrera Digital 132 aut\u00f3 haszn\u00e1lhat\u00f3 a Carrera Evolutionnal.<\/li>\n\n\n\n<li>Tampo nyomott, eredeti \u00e9s r\u00e9szletes aut\u00f3k.<\/li>\n\n\n\n<li>Val\u00f3s\u00e1gh\u0171 gyors\u00edt\u00e1s \u00e9s f\u00e9kez\u00e9s.<\/li>\n\n\n\n<li>F\u0151leg els\u0151 l\u00e1mp\u00e1val (Xenon) \u00e9s h\u00e1ts\u00f3\/f\u00e9kl\u00e1mp\u00e1val.<\/li>\n\n\n\n<li>Pontos karossz\u00e9ria kidolgoz\u00e1s.<\/li>\n<\/ul>\n\n\n\n<p><\/p>\n\n\n\n<h3 class=\"wp-block-heading\"><em><\/em>AZ ALKATR\u00c9SZEK&nbsp;<em>LE\u00cdR\u00c1SA<\/em><\/h3>\n\n\n\n<ul class=\"wp-block-list\">\n<li><a href=\"https:\/\/www.slotcar-union.com\/en\/prs-slot\/21067-prs-32591-lexan-cockpit-for-corvette-c7-carrera.html\" target=\"_blank\" rel=\"noreferrer noopener\">PRS 32591 Lexan Cockpit Corvette C7 Carrera sz\u00e1m\u00e1ra<\/a>\u00a04,50 \u20ac<\/li>\n\n\n\n<li><a href=\"https:\/\/www.slotcar-union.com\/en\/prs-slot\/20664-prs-32597-chassis-corvette-c7-carrera-rtr.html\" target=\"_blank\" rel=\"noreferrer noopener\">PRS 32597 alv\u00e1z Corvette C7 Carrera RTR<\/a>\u00a096,90 \u20ac<\/li>\n\n\n\n<li><a href=\"https:\/\/www.slotcar-union.com\/en\/pick-up-braids\/803-carrera-20366-guide-blade-double-sliding-contact-4007486203662.html\" target=\"_blank\" rel=\"noreferrer noopener\">Carrera 20366 vezet\u0151penge + dupla cs\u00fasz\u00f3\u00e9rintkez\u0151<\/a>\u00a09,50 \u20ac<\/li>\n\n\n\n<li><a href=\"https:\/\/www.slotcar-union.com\/en\/power-supplies-controllers\/830-carrera-digital-132-26732-digital-decoder-4007486267329.html\" target=\"_blank\" rel=\"noreferrer noopener\">Carrera DIGITAL 132 26732 Digit\u00e1lis dek\u00f3der<\/a>\u00a033,90 \u20ac<\/li>\n\n\n\n<li><a href=\"https:\/\/www.slotcar-union.com\/en\/pick-up-braids\/19890-carrera-89108-set-of-screws-10-pcs-4007486891081.html\" target=\"_blank\" rel=\"noreferrer noopener\">Carrera 89108 csavark\u00e9szlet (10 db)<\/a>\u00a03,90 \u20ac<\/li>\n\n\n\n<li><a href=\"https:\/\/www.slotcar-union.com\/en\/motors-cables\/1832-carrera-evolutiondigital-132-89200-motor-e200-standard-4007486892002.html\" target=\"_blank\" rel=\"noreferrer noopener\">Carrera Evolution\/Digital 132 89200 Motor E200 Standard<\/a>\u00a09,90 \u20ac<\/li>\n\n\n\n<li><a href=\"https:\/\/www.slotcar-union.com\/en\/tires\/4106-carrera-89800-tires-for-dtm-4007486898004.html\" target=\"_blank\" rel=\"noreferrer noopener\">Carrera 89800 gumiabroncsok DTM-hez<\/a>\u00a04,50 \u20ac<\/li>\n\n\n\n<li><a rel=\"noreferrer noopener\" href=\"https:\/\/www.slotcar-union.com\/en\/spare-parts\/14575-carrera-89839-spare-parts-for-chevrolet-corvette-c7r-no3-4007486898394.html\" target=\"_blank\">Carrera 89839 Alkatr\u00e9szek Chevrolet Corvette C7.R &#8222;No.3<\/a><a href=\"https:\/\/www.slotcar-union.com\/en\/spare-parts\/14575-carrera-89839-spare-parts-for-chevrolet-corvette-c7r-no3-4007486898394.html\">&#8222;<\/a>\u00a04,90 \u20ac<\/li>\n\n\n\n<li><a href=\"https:\/\/www.slotcar-union.com\/en\/axles\/13700-carrera-89846-front-and-rear-axle-for-chevrolet-corvette-c7r-4007486898462.html\" target=\"_blank\" rel=\"noreferrer noopener\">Carrera 89846 Els\u0151 \u00e9s h\u00e1ts\u00f3 tengely Chevrolet Corvette C7.R<\/a>\u00a05,90 \u20ac<\/li>\n<\/ul>\n","protected":false},"excerpt":{"rendered":"<p>A Chevrolet Corvette C7.R l\u00fcktet\u0151, 5,5 literes V8-as motorj\u00e1val t\u00e1mad\u00e1sba lend\u00fcl olyan rangos versenyeken, mint&#8230;<\/p>\n","protected":false},"author":1,"featured_media":0,"parent":0,"menu_order":0,"comment_status":"closed","ping_status":"closed","template":"","meta":{"footnotes":""},"class_list":["post-1235","page","type-page","status-publish","hentry"],"_links":{"self":[{"href":"https:\/\/slotcar.hu\/index.php\/wp-json\/wp\/v2\/pages\/1235"}],"collection":[{"href":"https:\/\/slotcar.hu\/index.php\/wp-json\/wp\/v2\/pages"}],"about":[{"href":"https:\/\/slotcar.hu\/index.php\/wp-json\/wp\/v2\/types\/page"}],"author":[{"embeddable":true,"href":"https:\/\/slotcar.hu\/index.php\/wp-json\/wp\/v2\/users\/1"}],"replies":[{"embeddable":true,"href":"https:\/\/slotcar.hu\/index.php\/wp-json\/wp\/v2\/comments?post=1235"}],"version-history":[{"count":1,"href":"https:\/\/slotcar.hu\/index.php\/wp-json\/wp\/v2\/pages\/1235\/revisions"}],"predecessor-version":[{"id":1236,"href":"https:\/\/slotcar.hu\/index.php\/wp-json\/wp\/v2\/pages\/1235\/revisions\/1236"}],"wp:attachment":[{"href":"https:\/\/slotcar.hu\/index.php\/wp-json\/wp\/v2\/media?parent=1235"}],"curies":[{"name":"wp","href":"https:\/\/api.w.org\/{rel}","templated":true}]}}