{"id":1205,"date":"2023-11-22T11:10:31","date_gmt":"2023-11-22T11:10:31","guid":{"rendered":"https:\/\/slotcar.hu\/?page_id=1205"},"modified":"2023-11-22T11:12:57","modified_gmt":"2023-11-22T11:12:57","slug":"27458-laferrari","status":"publish","type":"page","link":"https:\/\/slotcar.hu\/index.php\/27458-laferrari\/","title":{"rendered":"27458 LaFerrari"},"content":{"rendered":"\n<figure class=\"wp-block-image size-large\"><img loading=\"lazy\" decoding=\"async\" width=\"1024\" height=\"542\" src=\"https:\/\/slotcar.hu\/wp-content\/uploads\/2023\/11\/laFerrari2-1024x542.jpg\" alt=\"\" class=\"wp-image-1201\" srcset=\"https:\/\/slotcar.hu\/wp-content\/uploads\/2023\/11\/laFerrari2-1024x542.jpg 1024w, https:\/\/slotcar.hu\/wp-content\/uploads\/2023\/11\/laFerrari2-300x159.jpg 300w, https:\/\/slotcar.hu\/wp-content\/uploads\/2023\/11\/laFerrari2-768x406.jpg 768w, https:\/\/slotcar.hu\/wp-content\/uploads\/2023\/11\/laFerrari2.jpg 1079w\" sizes=\"(max-width: 1024px) 100vw, 1024px\" \/><\/figure>\n\n\n\n<h3 class=\"wp-block-heading\">T\u00d6RT\u00c9NELEM<\/h3>\n\n\n\n<p>A LaFerrari (m\u00e1s n\u00e9ven F70, \u00e9s projektneve F150) egy korl\u00e1tozott sz\u00e9ri\u00e1s hibrid sportaut\u00f3, amelyet a Ferrari \u00e9p\u00edtett.&nbsp;Az aut\u00f3t \u00e9s a nev\u00e9t hivatalosan a 2013-as Genfi Aut\u00f3szalonon mutatt\u00e1k be.&nbsp;A Ferrari FXX tesztel\u00e9s\u00e9nek eredm\u00e9nyein \u00e9s a Modenai Egyetem Millechili Projektje \u00e1ltal v\u00e9gzett kutat\u00e1sokon alapul.&nbsp;A Millechili Projekttel val\u00f3 kapcsolat a fejleszt\u00e9s sor\u00e1n olyan spekul\u00e1ci\u00f3khoz vezetett, hogy az aut\u00f3 s\u00falya 1000 kg (2205 font) alatt lesz, de sz\u00e1raz t\u00f6mege 1255 kg (2767 font).&nbsp;Csak 499 egys\u00e9get \u00e9p\u00edtenek, \u00e9s mindegyik t\u00f6bb mint 1 milli\u00f3 \u20a4-be fog ker\u00fclni.<\/p>\n\n\n\n<h3 class=\"wp-block-heading\">A CARRERA MODELL<\/h3>\n\n\n\n<ul class=\"wp-block-list\">\n<li>F\u0151leg digit\u00e1lis friss\u00edt\u00e9sre k\u00e9sz aut\u00f3k.<\/li>\n\n\n\n<li>Az aut\u00f3k val\u00f3s\u00e1gh\u0171 gyors\u00edt\u00e1ssal \u00e9s f\u00e9kez\u00e9ssel rendelkeznek.<\/li>\n\n\n\n<li>Kiv\u00e1l\u00f3 min\u0151s\u00e9g\u0171 eredeti r\u00e9szletezett \u00e9s tamponnyomott.<\/li>\n\n\n\n<li>R\u00e9szben szabadalmaztatott Variable Magnet System (VMS) rendszerrel felszerelt aut\u00f3k.<\/li>\n<\/ul>\n\n\n\n<h3 class=\"wp-block-heading\"><em><\/em>AZ ALKATR\u00c9SZEK&nbsp;<em>LE\u00cdR\u00c1SA<\/em><\/h3>\n\n\n\n<ul class=\"wp-block-list\">\n<li><a href=\"https:\/\/www.slotcar-union.com\/en\/pick-up-braids\/803-carrera-20366-guide-blade-double-sliding-contact-4007486203662.html\" target=\"_blank\" rel=\"noreferrer noopener\">Carrera 20366 vezet\u0151penge + dupla cs\u00fasz\u00f3\u00e9rintkez<\/a><a href=\"https:\/\/www.slotcar-union.com\/en\/pick-up-braids\/803-carrera-20366-guide-blade-double-sliding-contact-4007486203662.html\">\u0151<\/a>&nbsp;9,50 \u20ac<\/li>\n\n\n\n<li><a href=\"https:\/\/www.slotcar-union.com\/en\/pick-up-braids\/19890-carrera-89108-set-of-screws-10-pcs-4007486891081.html\" target=\"_blank\" rel=\"noreferrer noopener\">Carrera 89108 csavark\u00e9szlet (10 db)<\/a>&nbsp;3,90 \u20ac<\/li>\n\n\n\n<li><a href=\"https:\/\/www.slotcar-union.com\/en\/motors-cables\/1832-carrera-evolutiondigital-132-89200-motor-e200-standard-4007486892002.html\" target=\"_blank\" rel=\"noreferrer noopener\">Carrera Evolution\/Digital 132 89200 Motor E200 Standard<\/a>&nbsp;9,90 \u20ac<\/li>\n\n\n\n<li><a rel=\"noreferrer noopener\" href=\"https:\/\/www.slotcar-union.com\/en\/tires\/4107-carrera-89801-tires-for-laferrari-4007486898011.html\" target=\"_blank\">Carrera 89801 LaFerrari gumik<\/a>\u00a04,50 \u20ac <a href=\"https:\/\/aqua.hu\/jatek\/carrera-89801-evod132-laferrari-gumiabroncs-gcs5001-t950133\" target=\"_blank\" rel=\"noreferrer noopener\"><img loading=\"lazy\" decoding=\"async\" width=\"50\" height=\"22\" class=\"wp-image-1206\" style=\"width: 50px;\" src=\"https:\/\/slotcar.hu\/wp-content\/uploads\/2023\/11\/aqua.jpg\" alt=\"\"><\/a><\/li>\n\n\n\n<li><a href=\"https:\/\/www.slotcar-union.com\/en\/axles\/12992-carrera-89811-front-and-rear-axle-for-laferrari-4007486898110.html\" target=\"_blank\" rel=\"noreferrer noopener\">Carrera 89811 Els\u0151 \u00e9s h\u00e1ts\u00f3 tengely LaFerrarihoz<\/a>&nbsp;5,50 \u20ac<\/li>\n\n\n\n<li><a href=\"https:\/\/www.slotcar-union.com\/en\/slotdevil\/7167-slotdevil-20112005-carrera-cable-set-complete-0780509355152.html\" target=\"_blank\" rel=\"noreferrer noopener\">Slotdevil 20112005 Carrera k\u00e1belk\u00e9szlet kompletten<\/a>&nbsp;4,90 \u20ac<\/li>\n<\/ul>\n","protected":false},"excerpt":{"rendered":"<p>T\u00d6RT\u00c9NELEM A LaFerrari (m\u00e1s n\u00e9ven F70, \u00e9s projektneve F150) egy korl\u00e1tozott sz\u00e9ri\u00e1s hibrid sportaut\u00f3, amelyet&#8230;<\/p>\n","protected":false},"author":1,"featured_media":0,"parent":0,"menu_order":0,"comment_status":"closed","ping_status":"closed","template":"","meta":{"footnotes":""},"class_list":["post-1205","page","type-page","status-publish","hentry"],"_links":{"self":[{"href":"https:\/\/slotcar.hu\/index.php\/wp-json\/wp\/v2\/pages\/1205"}],"collection":[{"href":"https:\/\/slotcar.hu\/index.php\/wp-json\/wp\/v2\/pages"}],"about":[{"href":"https:\/\/slotcar.hu\/index.php\/wp-json\/wp\/v2\/types\/page"}],"author":[{"embeddable":true,"href":"https:\/\/slotcar.hu\/index.php\/wp-json\/wp\/v2\/users\/1"}],"replies":[{"embeddable":true,"href":"https:\/\/slotcar.hu\/index.php\/wp-json\/wp\/v2\/comments?post=1205"}],"version-history":[{"count":3,"href":"https:\/\/slotcar.hu\/index.php\/wp-json\/wp\/v2\/pages\/1205\/revisions"}],"predecessor-version":[{"id":1210,"href":"https:\/\/slotcar.hu\/index.php\/wp-json\/wp\/v2\/pages\/1205\/revisions\/1210"}],"wp:attachment":[{"href":"https:\/\/slotcar.hu\/index.php\/wp-json\/wp\/v2\/media?parent=1205"}],"curies":[{"name":"wp","href":"https:\/\/api.w.org\/{rel}","templated":true}]}}