{"id":1179,"date":"2023-11-20T14:59:42","date_gmt":"2023-11-20T14:59:42","guid":{"rendered":"https:\/\/slotcar.hu\/?page_id=1179"},"modified":"2023-11-22T19:15:14","modified_gmt":"2023-11-22T19:15:14","slug":"27626-bmw-3-5-csl-no-3-6h-silverstone-1976-2","status":"publish","type":"page","link":"https:\/\/slotcar.hu\/index.php\/27626-bmw-3-5-csl-no-3-6h-silverstone-1976-2\/","title":{"rendered":"27626 BMW 3.5 CSL \u201eNo.3\u201d, 6h Silverstone 1976"},"content":{"rendered":"\n<figure class=\"wp-block-image size-large\"><img loading=\"lazy\" decoding=\"async\" width=\"1024\" height=\"690\" src=\"https:\/\/slotcar.hu\/wp-content\/uploads\/2022\/12\/30923-bmw-35-csl-no3-6h-silverstone-1976-1024x690.jpg\" alt=\"\" class=\"wp-image-955\" srcset=\"https:\/\/slotcar.hu\/wp-content\/uploads\/2022\/12\/30923-bmw-35-csl-no3-6h-silverstone-1976-1024x690.jpg 1024w, https:\/\/slotcar.hu\/wp-content\/uploads\/2022\/12\/30923-bmw-35-csl-no3-6h-silverstone-1976-300x202.jpg 300w, https:\/\/slotcar.hu\/wp-content\/uploads\/2022\/12\/30923-bmw-35-csl-no3-6h-silverstone-1976-768x517.jpg 768w, https:\/\/slotcar.hu\/wp-content\/uploads\/2022\/12\/30923-bmw-35-csl-no3-6h-silverstone-1976.jpg 1047w\" sizes=\"(max-width: 1024px) 100vw, 1024px\" \/><\/figure>\n\n\n\n<h3 class=\"wp-block-heading\">A CARRERA MODELL<\/h3>\n\n\n\n<ul class=\"wp-block-list\">\n<li>F\u0151leg digit\u00e1lis friss\u00edt\u00e9sre k\u00e9sz aut\u00f3k.<\/li>\n\n\n\n<li>Az aut\u00f3k val\u00f3s\u00e1gh\u0171 gyors\u00edt\u00e1ssal \u00e9s f\u00e9kez\u00e9ssel rendelkeznek.<\/li>\n\n\n\n<li>Kiv\u00e1l\u00f3 min\u0151s\u00e9g\u0171 eredeti r\u00e9szletezett \u00e9s tamponnyomott.<\/li>\n\n\n\n<li>Vonz\u00f3, \u00e9lvonalbeli j\u00e1rm\u0171enged\u00e9lyek.<\/li>\n\n\n\n<li>\u00c1h\u00edtott gy\u0171jt\u0151j\u00e1rm\u0171vek: KORL\u00c1TOZOTT KIAD\u00c1SOK 1999 darabos kiad\u00e1sban vil\u00e1gszerte<\/li>\n<\/ul>\n\n\n\n<h3 class=\"wp-block-heading\"><em><\/em>AZ ALKATR\u00c9SZEK&nbsp;<em>LE\u00cdR\u00c1SA<\/em><\/h3>\n\n\n\n<ul class=\"wp-block-list\">\n<li><a href=\"https:\/\/www.slotcar-union.com\/en\/pick-up-braids\/803-carrera-20366-guide-blade-double-sliding-contact-4007486203662.html\" target=\"_blank\" rel=\"noreferrer noopener\">Carrera 20366 vezet\u0151penge + dupla cs\u00fasz\u00f3\u00e9rintkez\u0151<\/a>\u00a09,50 \u20ac<\/li>\n\n\n\n<li><a href=\"https:\/\/www.slotcar-union.com\/en\/pick-up-braids\/19890-carrera-89108-set-of-screws-10-pcs-4007486891081.html\" target=\"_blank\" rel=\"noreferrer noopener\">Carrera 89108 csavark\u00e9szlet (10 db)<\/a>\u00a03,90 \u20ac<\/li>\n\n\n\n<li><a href=\"https:\/\/www.slotcar-union.com\/en\/motors-cables\/1832-carrera-evolutiondigital-132-89200-motor-e200-standard-4007486892002.html\" target=\"_blank\" rel=\"noreferrer noopener\">Carrera Evolution\/Digital 132 89200 Motor E200 Standard<\/a>\u00a09,90 \u20ac<\/li>\n\n\n\n<li><a href=\"https:\/\/www.slotcar-union.com\/en\/slotdevil\/7167-slotdevil-20112005-carrera-cable-set-complete-0780509355152.html\" target=\"_blank\" rel=\"noreferrer noopener\">Slotdevil 20112005 Carrera k\u00e1belk\u00e9szlet kompletten<\/a>\u00a04,90 \u20ac<\/li>\n<\/ul>\n","protected":false},"excerpt":{"rendered":"<p>A CARRERA MODELL AZ ALKATR\u00c9SZEK&nbsp;LE\u00cdR\u00c1SA<\/p>\n","protected":false},"author":1,"featured_media":0,"parent":0,"menu_order":0,"comment_status":"closed","ping_status":"closed","template":"","meta":{"footnotes":""},"class_list":["post-1179","page","type-page","status-publish","hentry"],"_links":{"self":[{"href":"https:\/\/slotcar.hu\/index.php\/wp-json\/wp\/v2\/pages\/1179"}],"collection":[{"href":"https:\/\/slotcar.hu\/index.php\/wp-json\/wp\/v2\/pages"}],"about":[{"href":"https:\/\/slotcar.hu\/index.php\/wp-json\/wp\/v2\/types\/page"}],"author":[{"embeddable":true,"href":"https:\/\/slotcar.hu\/index.php\/wp-json\/wp\/v2\/users\/1"}],"replies":[{"embeddable":true,"href":"https:\/\/slotcar.hu\/index.php\/wp-json\/wp\/v2\/comments?post=1179"}],"version-history":[{"count":2,"href":"https:\/\/slotcar.hu\/index.php\/wp-json\/wp\/v2\/pages\/1179\/revisions"}],"predecessor-version":[{"id":1260,"href":"https:\/\/slotcar.hu\/index.php\/wp-json\/wp\/v2\/pages\/1179\/revisions\/1260"}],"wp:attachment":[{"href":"https:\/\/slotcar.hu\/index.php\/wp-json\/wp\/v2\/media?parent=1179"}],"curies":[{"name":"wp","href":"https:\/\/api.w.org\/{rel}","templated":true}]}}