{"id":1126,"date":"2023-10-30T16:50:07","date_gmt":"2023-10-30T16:50:07","guid":{"rendered":"https:\/\/slotcar.hu\/?page_id=1126"},"modified":"2023-11-22T19:18:14","modified_gmt":"2023-11-22T19:18:14","slug":"30885-bmw-m1-procar-no-7-daytona-2017","status":"publish","type":"page","link":"https:\/\/slotcar.hu\/index.php\/30885-bmw-m1-procar-no-7-daytona-2017\/","title":{"rendered":"30885 BMW M1 Procar &#8222;No.7&#8221;, Daytona 2017"},"content":{"rendered":"\n<figure class=\"wp-block-image size-large\"><img loading=\"lazy\" decoding=\"async\" width=\"1024\" height=\"602\" src=\"https:\/\/slotcar.hu\/wp-content\/uploads\/2022\/12\/30885-bmw-m1-procar-no7-daytona-2017-1024x602.jpg\" alt=\"\" class=\"wp-image-1021\" srcset=\"https:\/\/slotcar.hu\/wp-content\/uploads\/2022\/12\/30885-bmw-m1-procar-no7-daytona-2017-1024x602.jpg 1024w, https:\/\/slotcar.hu\/wp-content\/uploads\/2022\/12\/30885-bmw-m1-procar-no7-daytona-2017-300x176.jpg 300w, https:\/\/slotcar.hu\/wp-content\/uploads\/2022\/12\/30885-bmw-m1-procar-no7-daytona-2017-768x452.jpg 768w, https:\/\/slotcar.hu\/wp-content\/uploads\/2022\/12\/30885-bmw-m1-procar-no7-daytona-2017.jpg 1073w\" sizes=\"(max-width: 1024px) 100vw, 1024px\" \/><\/figure>\n\n\n\n<p>A Daytona Beach-i HSR Classic 24 \u00f3r\u00e1s versenyen a 2 f\u0151s osztr\u00e1k-olasz pil\u00f3tacsapat a Red Bull m\u00e1rk\u00e1j\u00fa BMW M1 Procarral a 3. helyre vezette.&nbsp;M\u00e9g a GT tabell\u00e1n is az els\u0151 helyen v\u00e9geztek.&nbsp;28\u00b0C-os h\u0151m\u00e9rs\u00e9klettel \u00e9s 280 km\/h-s minim\u00e1lis sebess\u00e9ggel ez nem volt egyszer\u0171 munka.&nbsp;A BMW azonban demonstr\u00e1lni tudta a motorh\u00e1ztet\u0151 alatt rejl\u0151 er\u0151t, \u00e9s k\u00e9szen \u00e1ll arra, hogy ugyanezt tegye a Carrera versenyp\u00e1ly\u00e1kon mindenhol.<\/p>\n\n\n\n<h3 class=\"wp-block-heading\">A CARRERA MODELL<\/h3>\n\n\n\n<ul class=\"wp-block-list\">\n<li>A Digital 132 aut\u00f3k digit\u00e1lisan vez\u00e9relhet\u0151k \u00e9s egyedileg k\u00f3dolhat\u00f3k.<\/li>\n\n\n\n<li>Minden Carrera Digital 132 aut\u00f3 haszn\u00e1lhat\u00f3 a Carrera Evolutionnal.<\/li>\n\n\n\n<li>Tampo nyomott, eredeti \u00e9s r\u00e9szletes aut\u00f3k.<\/li>\n\n\n\n<li>Val\u00f3s\u00e1gh\u0171 gyors\u00edt\u00e1s \u00e9s f\u00e9kez\u00e9s.<\/li>\n\n\n\n<li>F\u0151leg els\u0151 l\u00e1mp\u00e1val (Xenon) \u00e9s h\u00e1ts\u00f3\/f\u00e9kl\u00e1mp\u00e1val.<\/li>\n\n\n\n<li>Hangos karossz\u00e9ria kidolgoz\u00e1s.<\/li>\n<\/ul>\n\n\n\n<p><\/p>\n\n\n\n<h3 class=\"wp-block-heading\"><em><\/em>AZ ALKATR\u00c9SZEK&nbsp;<em>LE\u00cdR\u00c1SA<\/em><\/h3>\n\n\n\n<ul class=\"wp-block-list\">\n<li><a href=\"https:\/\/www.slotcar-union.com\/en\/pick-up-braids\/803-carrera-20366-guide-blade-double-sliding-contact-4007486203662.html\" target=\"_blank\" rel=\"noreferrer noopener\">Carrera 20366 vezet\u0151penge + dupla cs\u00fasz\u00f3\u00e9rintkez\u0151<\/a>\u00a09,50 \u20ac<\/li>\n\n\n\n<li><a href=\"https:\/\/www.slotcar-union.com\/en\/power-supplies-controllers\/830-carrera-digital-132-26732-digital-decoder-4007486267329.html\" target=\"_blank\" rel=\"noreferrer noopener\">Carrera DIGITAL 132 26732 Digit\u00e1lis dek\u00f3der<\/a>\u00a033,90 \u20ac<\/li>\n\n\n\n<li><a href=\"https:\/\/www.slotcar-union.com\/en\/pick-up-braids\/19890-carrera-89108-set-of-screws-10-pcs-4007486891081.html\" target=\"_blank\" rel=\"noreferrer noopener\">Carrera 89108 csavark\u00e9szlet (10 db)<\/a>\u00a03,90 \u20ac<\/li>\n\n\n\n<li><a href=\"https:\/\/www.slotcar-union.com\/en\/motors-cables\/1832-carrera-evolutiondigital-132-89200-motor-e200-standard-4007486892002.html\" target=\"_blank\" rel=\"noreferrer noopener\">Carrera Evolution\/Digital 132 89200 Motor E200 Standard<\/a>\u00a09,90 \u20ac<\/li>\n\n\n\n<li><a href=\"https:\/\/www.slotcar-union.com\/en\/tires\/13645-carrera-89955-tires-for-bmw-m1-procar-9003150107019.html\" target=\"_blank\" rel=\"noreferrer noopener\">Carrera 89955 BMW M1 Procar gumik<\/a>\u00a04,50 \u20ac<\/li>\n\n\n\n<li><a href=\"https:\/\/www.slotcar-union.com\/en\/spare-parts\/19263-carrera-91015-spare-parts-for-bmw-m1-procar-no7-daytona-2017-4007486910157.html\" target=\"_blank\" rel=\"noreferrer noopener\">Carrera 91015 Alkatr\u00e9szek BMW M1 Procar &#8222;No.7&#8221;, Daytona 2017<\/a>\u00a05,50 \u20ac<\/li>\n\n\n\n<li><a href=\"https:\/\/www.slotcar-union.com\/en\/axles\/18626-carrera-91036-front-and-rear-axle-for-bmw-m1-procar-no7-daytona-2017-4007486910362.html\" target=\"_blank\" rel=\"noreferrer noopener\">Carrera 91036 Els\u0151 \u00e9s h\u00e1ts\u00f3 tengely BMW M1 Procar &#8222;No.7&#8221;, Daytona 2017-hez<\/a>\u00a05,90 \u20ac<\/li>\n\n\n\n<li><a href=\"https:\/\/www.slotcar-union.com\/en\/slotdevil\/7167-slotdevil-20112005-carrera-cable-set-complete-0780509355152.html\" target=\"_blank\" rel=\"noreferrer noopener\">Slotdevil 20112005 Carrera k\u00e1belk\u00e9szlet kompletten<\/a>\u00a04,90 \u20ac<\/li>\n<\/ul>\n","protected":false},"excerpt":{"rendered":"<p>A Daytona Beach-i HSR Classic 24 \u00f3r\u00e1s versenyen a 2 f\u0151s osztr\u00e1k-olasz pil\u00f3tacsapat a Red&#8230;<\/p>\n","protected":false},"author":1,"featured_media":0,"parent":0,"menu_order":0,"comment_status":"closed","ping_status":"closed","template":"","meta":{"footnotes":""},"class_list":["post-1126","page","type-page","status-publish","hentry"],"_links":{"self":[{"href":"https:\/\/slotcar.hu\/index.php\/wp-json\/wp\/v2\/pages\/1126"}],"collection":[{"href":"https:\/\/slotcar.hu\/index.php\/wp-json\/wp\/v2\/pages"}],"about":[{"href":"https:\/\/slotcar.hu\/index.php\/wp-json\/wp\/v2\/types\/page"}],"author":[{"embeddable":true,"href":"https:\/\/slotcar.hu\/index.php\/wp-json\/wp\/v2\/users\/1"}],"replies":[{"embeddable":true,"href":"https:\/\/slotcar.hu\/index.php\/wp-json\/wp\/v2\/comments?post=1126"}],"version-history":[{"count":3,"href":"https:\/\/slotcar.hu\/index.php\/wp-json\/wp\/v2\/pages\/1126\/revisions"}],"predecessor-version":[{"id":1278,"href":"https:\/\/slotcar.hu\/index.php\/wp-json\/wp\/v2\/pages\/1126\/revisions\/1278"}],"wp:attachment":[{"href":"https:\/\/slotcar.hu\/index.php\/wp-json\/wp\/v2\/media?parent=1126"}],"curies":[{"name":"wp","href":"https:\/\/api.w.org\/{rel}","templated":true}]}}