{"id":1111,"date":"2023-10-30T16:46:43","date_gmt":"2023-10-30T16:46:43","guid":{"rendered":"https:\/\/slotcar.hu\/?page_id=1111"},"modified":"2023-11-22T19:17:36","modified_gmt":"2023-11-22T19:17:36","slug":"30698-porsche-918-spyder-martini-racing-no-23","status":"publish","type":"page","link":"https:\/\/slotcar.hu\/index.php\/30698-porsche-918-spyder-martini-racing-no-23\/","title":{"rendered":"30698 Porsche 918 Spyder, Martini Racing No.23"},"content":{"rendered":"\n<figure class=\"wp-block-image size-large\"><img loading=\"lazy\" decoding=\"async\" width=\"1024\" height=\"620\" src=\"https:\/\/slotcar.hu\/wp-content\/uploads\/2022\/12\/30698-porsche-918-spyder-martini-racing-no23-1024x620.jpg\" alt=\"\" class=\"wp-image-918\" srcset=\"https:\/\/slotcar.hu\/wp-content\/uploads\/2022\/12\/30698-porsche-918-spyder-martini-racing-no23-1024x620.jpg 1024w, https:\/\/slotcar.hu\/wp-content\/uploads\/2022\/12\/30698-porsche-918-spyder-martini-racing-no23-300x182.jpg 300w, https:\/\/slotcar.hu\/wp-content\/uploads\/2022\/12\/30698-porsche-918-spyder-martini-racing-no23-768x465.jpg 768w, https:\/\/slotcar.hu\/wp-content\/uploads\/2022\/12\/30698-porsche-918-spyder-martini-racing-no23.jpg 1129w\" sizes=\"(max-width: 1024px) 100vw, 1024px\" \/><\/figure>\n\n\n\n<h3 class=\"wp-block-heading\">T\u00d6RT\u00c9NELEM<\/h3>\n\n\n\n<p>A Porsche 918 Spyder egy k\u00f6z\u00e9pmotoros plug-in hibrid sportaut\u00f3, amelyet a Porsche tervezett, \u00e9s koncepci\u00f3k\u00e9nt el\u0151sz\u00f6r a 80. Genfi Aut\u00f3szalonon mutatt\u00e1k be 2010 m\u00e1rcius\u00e1ban. A Spydert 4,6 literes V8-as motor hajtja, 608 l\u00f3er\u0151t (453) kW), k\u00e9t villanymotorral, amelyek tov\u00e1bbi 279 l\u00f3er\u0151t (208 kW) adnak le 887 l\u00f3er\u0151s (661 kW) egy\u00fcttes teljes\u00edtm\u00e9ny mellett.&nbsp;Ez a Porsche m\u00e1sodik plug-in hibrid aut\u00f3ja a 2014-es Panamera S E-Hybrid ut\u00e1n.&nbsp;A sz\u00e9riav\u00e1ltozatot a 2013. szeptemberi Frankfurti Aut\u00f3szalonon mutatt\u00e1k be.<\/p>\n\n\n\n<p>A 918 Spyder egy limit\u00e1lt sz\u00e9ri\u00e1s szuperaut\u00f3, a Porsche pedig 918 darab gy\u00e1rt\u00e1s\u00e1t tervezi 2014-es modell\u00e9vk\u00e9nt.&nbsp;A gy\u00e1rt\u00e1s 2013. szeptember 18-\u00e1n kezd\u0151d\u00f6tt, a sz\u00e1ll\u00edt\u00e1sok a tervek szerint 2013 december\u00e9ben kezd\u0151dnek. A kiki\u00e1lt\u00e1si \u00e1r 845 000 USD.<\/p>\n\n\n\n<h3 class=\"wp-block-heading\">A CARRERA MODELL<\/h3>\n\n\n\n<ul class=\"wp-block-list\">\n<li>A Digital 132 aut\u00f3k digit\u00e1lisan vez\u00e9relhet\u0151k \u00e9s egyedileg k\u00f3dolhat\u00f3k.<\/li>\n\n\n\n<li>Minden Carrera Digital 132 aut\u00f3 haszn\u00e1lhat\u00f3 a Carrera Evolutionnal.<\/li>\n\n\n\n<li>Tampo nyomott, eredeti \u00e9s r\u00e9szletes aut\u00f3k.<\/li>\n\n\n\n<li>Val\u00f3s\u00e1gh\u0171 gyors\u00edt\u00e1s \u00e9s f\u00e9kez\u00e9s.<\/li>\n\n\n\n<li>F\u0151leg els\u0151 l\u00e1mp\u00e1val (Xenon) \u00e9s h\u00e1ts\u00f3\/f\u00e9kl\u00e1mp\u00e1val.<\/li>\n\n\n\n<li>Hangos karossz\u00e9ria kidolgoz\u00e1s.<\/li>\n<\/ul>\n\n\n\n<h3 class=\"wp-block-heading\"><em><\/em>AZ ALKATR\u00c9SZEK&nbsp;<em>LE\u00cdR\u00c1SA<\/em><\/h3>\n\n\n\n<ul class=\"wp-block-list\">\n<li><a href=\"https:\/\/www.slotcar-union.com\/en\/pick-up-braids\/803-carrera-20366-guide-blade-double-sliding-contact-4007486203662.html\" target=\"_blank\" rel=\"noreferrer noopener\">Carrera 20366 vezet\u0151penge + dupla cs\u00fasz\u00f3\u00e9rintkez\u0151<\/a>\u00a09,50 \u20ac<\/li>\n\n\n\n<li><a href=\"https:\/\/www.slotcar-union.com\/en\/power-supplies-controllers\/830-carrera-digital-132-26732-digital-decoder-4007486267329.html\" target=\"_blank\" rel=\"noreferrer noopener\">Carrera DIGITAL 132 26732 Digit\u00e1lis dek\u00f3der<\/a>\u00a033,90 \u20ac<\/li>\n\n\n\n<li><a href=\"https:\/\/www.slotcar-union.com\/en\/pick-up-braids\/19890-carrera-89108-set-of-screws-10-pcs-4007486891081.html\" target=\"_blank\" rel=\"noreferrer noopener\">Carrera 89108 csavark\u00e9szlet (10 db)<\/a>\u00a03,90 \u20ac<\/li>\n\n\n\n<li><a href=\"https:\/\/www.slotcar-union.com\/en\/motors-cables\/1832-carrera-evolutiondigital-132-89200-motor-e200-standard-4007486892002.html\" target=\"_blank\" rel=\"noreferrer noopener\">Carrera Evolution\/Digital 132 89200 Motor E200 Standard<\/a>\u00a09,90 \u20ac<\/li>\n\n\n\n<li><a href=\"https:\/\/www.slotcar-union.com\/en\/tires\/7156-carrera-89820-tires-for-porsche-918-spyder-4007486898202.html\" target=\"_blank\" rel=\"noreferrer noopener\">Carrera 89820 Gumiabroncsok Porsche 918 Spyderhez<\/a>\u00a04,50 \u20ac<\/li>\n\n\n\n<li><a href=\"https:\/\/www.slotcar-union.com\/en\/spare-parts\/13091-carrera-89837-spare-parts-for-porsche-918-spyder-4007486898370.html\" target=\"_blank\" rel=\"noreferrer noopener\">Carrera 89837 Alkatr\u00e9szek Porsche 918 Spyderhez<\/a>\u00a05,50 \u20ac<\/li>\n\n\n\n<li><a href=\"https:\/\/www.slotcar-union.com\/en\/axles\/13445-carrera-89844-front-and-rear-axle-for-porsche-918-spyder-4007486898448.html\" target=\"_blank\" rel=\"noreferrer noopener\">Carrera 89844 Els\u0151 \u00e9s h\u00e1ts\u00f3 tengely Porsche 918 Spyderhez<\/a>\u00a05,90 \u20ac<\/li>\n\n\n\n<li><a href=\"https:\/\/www.slotcar-union.com\/en\/slotdevil\/7167-slotdevil-20112005-carrera-cable-set-complete-0780509355152.html\" target=\"_blank\" rel=\"noreferrer noopener\">Slotdevil 20112005 Carrera k\u00e1belk\u00e9szlet kompletten<\/a>\u00a04,90 \u20ac<\/li>\n<\/ul>\n","protected":false},"excerpt":{"rendered":"<p>T\u00d6RT\u00c9NELEM A Porsche 918 Spyder egy k\u00f6z\u00e9pmotoros plug-in hibrid sportaut\u00f3, amelyet a Porsche tervezett, \u00e9s&#8230;<\/p>\n","protected":false},"author":1,"featured_media":0,"parent":0,"menu_order":0,"comment_status":"closed","ping_status":"closed","template":"","meta":{"footnotes":""},"class_list":["post-1111","page","type-page","status-publish","hentry"],"_links":{"self":[{"href":"https:\/\/slotcar.hu\/index.php\/wp-json\/wp\/v2\/pages\/1111"}],"collection":[{"href":"https:\/\/slotcar.hu\/index.php\/wp-json\/wp\/v2\/pages"}],"about":[{"href":"https:\/\/slotcar.hu\/index.php\/wp-json\/wp\/v2\/types\/page"}],"author":[{"embeddable":true,"href":"https:\/\/slotcar.hu\/index.php\/wp-json\/wp\/v2\/users\/1"}],"replies":[{"embeddable":true,"href":"https:\/\/slotcar.hu\/index.php\/wp-json\/wp\/v2\/comments?post=1111"}],"version-history":[{"count":3,"href":"https:\/\/slotcar.hu\/index.php\/wp-json\/wp\/v2\/pages\/1111\/revisions"}],"predecessor-version":[{"id":1273,"href":"https:\/\/slotcar.hu\/index.php\/wp-json\/wp\/v2\/pages\/1111\/revisions\/1273"}],"wp:attachment":[{"href":"https:\/\/slotcar.hu\/index.php\/wp-json\/wp\/v2\/media?parent=1111"}],"curies":[{"name":"wp","href":"https:\/\/api.w.org\/{rel}","templated":true}]}}