{"id":1101,"date":"2023-10-30T16:45:16","date_gmt":"2023-10-30T16:45:16","guid":{"rendered":"https:\/\/slotcar.hu\/?page_id=1101"},"modified":"2023-11-22T19:17:43","modified_gmt":"2023-11-22T19:17:43","slug":"30733-mercedes-benz-f1-w05-hybrid-l-hamilton-no-44","status":"publish","type":"page","link":"https:\/\/slotcar.hu\/index.php\/30733-mercedes-benz-f1-w05-hybrid-l-hamilton-no-44\/","title":{"rendered":"30733 Mercedes-Benz F1 W05 Hybrid &#8222;L.Hamilton No.44&#8221;"},"content":{"rendered":"\n<figure class=\"wp-block-image size-large\"><img loading=\"lazy\" decoding=\"async\" width=\"1024\" height=\"607\" src=\"https:\/\/slotcar.hu\/wp-content\/uploads\/2022\/12\/30733-mercedes-benz-f1-w05-hybrid-lhamilton-no44-1024x607.jpg\" alt=\"\" class=\"wp-image-908\" srcset=\"https:\/\/slotcar.hu\/wp-content\/uploads\/2022\/12\/30733-mercedes-benz-f1-w05-hybrid-lhamilton-no44-1024x607.jpg 1024w, https:\/\/slotcar.hu\/wp-content\/uploads\/2022\/12\/30733-mercedes-benz-f1-w05-hybrid-lhamilton-no44-300x178.jpg 300w, https:\/\/slotcar.hu\/wp-content\/uploads\/2022\/12\/30733-mercedes-benz-f1-w05-hybrid-lhamilton-no44-768x455.jpg 768w, https:\/\/slotcar.hu\/wp-content\/uploads\/2022\/12\/30733-mercedes-benz-f1-w05-hybrid-lhamilton-no44.jpg 1124w\" sizes=\"(max-width: 1024px) 100vw, 1024px\" \/><\/figure>\n\n\n\n<p>Lewis Hamilton m\u00e1sodik vil\u00e1gbajnoki c\u00edm\u00e9re t\u00f6r a Mercedes F1 W05 Hybrid 2014-ben. Az angolt szorosan k\u00f6veti ist\u00e1ll\u00f3t\u00e1rsa, a szint\u00e9n tehets\u00e9ges Nico Rosberg.&nbsp;Az aut\u00f3k is t\u00f6k\u00e9letesen illeszkednek egym\u00e1shoz, mindk\u00e9t ez\u00fcst nyilat 1,6 literes V6-os motor hajtja turb\u00f3felt\u00f6lt\u0151vel.&nbsp;A Mercedes teljes\u00edtm\u00e9nye biztos\u00edtja azt a sz\u00fcks\u00e9ges sebess\u00e9get, amely oly sok csat\u00e1ban verhetetlenn\u00e9 tette Hamiltont.<\/p>\n\n\n\n<p>A Carrera DIGITAL 132 Mercedes-Benz F1 W05 hibrid &#8222;L. Hamilton, No.44&#8221; nyer\u0151g\u00e9p h\u0171en reproduk\u00e1lt r\u00e9szletekkel leny\u0171g\u00f6z\u0151.&nbsp;Ez a Carrera aut\u00f3 egyedileg k\u00f3dolhat\u00f3;&nbsp;digit\u00e1lisan vez\u00e9relhet\u0151, \u00e9s t\u00f6bb \u00f3r\u00e1nyi versenyz\u00e9st garant\u00e1l.<\/p>\n\n\n\n<h3 class=\"wp-block-heading\">A CARRERA MODELL<\/h3>\n\n\n\n<ul class=\"wp-block-list\">\n<li>A Digital 132 aut\u00f3k digit\u00e1lisan vez\u00e9relhet\u0151k \u00e9s egyedileg k\u00f3dolhat\u00f3k.<\/li>\n\n\n\n<li>Minden Carrera Digital 132 aut\u00f3 haszn\u00e1lhat\u00f3 a Carrera Evolutionnal.<\/li>\n\n\n\n<li>Tampo nyomott, eredeti \u00e9s r\u00e9szletes aut\u00f3k.<\/li>\n\n\n\n<li>Val\u00f3s\u00e1gh\u0171 gyors\u00edt\u00e1s \u00e9s f\u00e9kez\u00e9s.<\/li>\n\n\n\n<li>F\u0151leg els\u0151 l\u00e1mp\u00e1val (Xenon) \u00e9s h\u00e1ts\u00f3\/f\u00e9kl\u00e1mp\u00e1val.<\/li>\n\n\n\n<li>Hangos karossz\u00e9ria kidolgoz\u00e1s.<\/li>\n<\/ul>\n\n\n\n<p>AZ ALKATR\u00c9SZEK\u00a0<em>LE\u00cdR\u00c1SA<\/em><\/p>\n\n\n\n<ul class=\"wp-block-list\">\n<li><a href=\"https:\/\/www.slotcar-union.com\/en\/pick-up-braids\/803-carrera-20366-guide-blade-double-sliding-contact-4007486203662.html\" target=\"_blank\" rel=\"noreferrer noopener\">Carrera 20366 vezet\u0151penge + dupla cs\u00fasz\u00f3\u00e9rintkez\u0151<\/a>\u00a09,50 \u20ac<\/li>\n\n\n\n<li><a href=\"https:\/\/www.slotcar-union.com\/en\/power-supplies-controllers\/831-carrera-digital-132-26740-digital-decoder-f1-4007486267404.html\" target=\"_blank\" rel=\"noreferrer noopener\">Carrera DIGITAL 132 26740 Digit\u00e1lis dek\u00f3der F1<\/a>\u00a033,90 \u20ac<\/li>\n\n\n\n<li><a href=\"https:\/\/www.slotcar-union.com\/en\/pick-up-braids\/19890-carrera-89108-set-of-screws-10-pcs-4007486891081.html\" target=\"_blank\" rel=\"noreferrer noopener\">Carrera 89108 csavark\u00e9szlet (10 db)<\/a>\u00a03,90 \u20ac<\/li>\n\n\n\n<li><a href=\"https:\/\/www.slotcar-union.com\/en\/motors-cables\/1833-carrera-evolutiondigital-132-89561-motor-e200-formula-1-4007486895614.html\" target=\"_blank\" rel=\"noreferrer noopener\">Carrera Evolution\/Digital 132 89561 Motor E200 Formula 1<\/a>\u00a09,90 \u20ac<\/li>\n\n\n\n<li><a href=\"https:\/\/www.slotcar-union.com\/en\/tires\/12941-carrera-89764-tires-for-formula-one-cars-2010-2016-4007486897649.html\" target=\"_blank\" rel=\"noreferrer noopener\">Carrera 89764 gumiabroncsok Forma-1-es aut\u00f3khoz 2010-2016<\/a>\u00a04,50 \u20ac<\/li>\n\n\n\n<li><a href=\"https:\/\/www.slotcar-union.com\/en\/spare-parts\/14576-carrera-89865-spare-parts-for-mercedes-benz-f1-w05-hybrid-4007486898653.html\" target=\"_blank\" rel=\"noreferrer noopener\">Carrera 89865 Alkatr\u00e9szek Mercedes-Benz F1 W05 hibridhez<\/a>\u00a04,90 \u20ac<\/li>\n\n\n\n<li><a href=\"https:\/\/www.slotcar-union.com\/en\/axles\/13004-carrera-89877-front-and-rear-axle-for-mercedes-benz-f1-w05-hybrid-4007486898776.html\" target=\"_blank\" rel=\"noreferrer noopener\">Carrera 89877 Els\u0151 \u00e9s h\u00e1ts\u00f3 tengely Mercedes-Benz F1 W05 hibridhez<\/a>\u00a05,90 \u20ac<\/li>\n\n\n\n<li><a href=\"https:\/\/www.slotcar-union.com\/en\/slotdevil\/7167-slotdevil-20112005-carrera-cable-set-complete-0780509355152.html\" target=\"_blank\" rel=\"noreferrer noopener\">Slotdevil 20112005 Carrera k\u00e1belk\u00e9szlet kompletten<\/a>\u00a04,90 \u20ac<\/li>\n<\/ul>\n","protected":false},"excerpt":{"rendered":"<p>Lewis Hamilton m\u00e1sodik vil\u00e1gbajnoki c\u00edm\u00e9re t\u00f6r a Mercedes F1 W05 Hybrid 2014-ben. Az angolt szorosan&#8230;<\/p>\n","protected":false},"author":1,"featured_media":0,"parent":0,"menu_order":0,"comment_status":"closed","ping_status":"closed","template":"","meta":{"footnotes":""},"class_list":["post-1101","page","type-page","status-publish","hentry"],"_links":{"self":[{"href":"https:\/\/slotcar.hu\/index.php\/wp-json\/wp\/v2\/pages\/1101"}],"collection":[{"href":"https:\/\/slotcar.hu\/index.php\/wp-json\/wp\/v2\/pages"}],"about":[{"href":"https:\/\/slotcar.hu\/index.php\/wp-json\/wp\/v2\/types\/page"}],"author":[{"embeddable":true,"href":"https:\/\/slotcar.hu\/index.php\/wp-json\/wp\/v2\/users\/1"}],"replies":[{"embeddable":true,"href":"https:\/\/slotcar.hu\/index.php\/wp-json\/wp\/v2\/comments?post=1101"}],"version-history":[{"count":3,"href":"https:\/\/slotcar.hu\/index.php\/wp-json\/wp\/v2\/pages\/1101\/revisions"}],"predecessor-version":[{"id":1274,"href":"https:\/\/slotcar.hu\/index.php\/wp-json\/wp\/v2\/pages\/1101\/revisions\/1274"}],"wp:attachment":[{"href":"https:\/\/slotcar.hu\/index.php\/wp-json\/wp\/v2\/media?parent=1101"}],"curies":[{"name":"wp","href":"https:\/\/api.w.org\/{rel}","templated":true}]}}