{"id":1085,"date":"2023-10-30T16:42:41","date_gmt":"2023-10-30T16:42:41","guid":{"rendered":"https:\/\/slotcar.hu\/?page_id=1085"},"modified":"2023-11-22T19:14:55","modified_gmt":"2023-11-22T19:14:55","slug":"27603-mercedes-amg-c-63-dtm","status":"publish","type":"page","link":"https:\/\/slotcar.hu\/index.php\/27603-mercedes-amg-c-63-dtm\/","title":{"rendered":"27603 Mercedes-AMG C 63 DTM"},"content":{"rendered":"\n<figure class=\"wp-block-image size-large\"><img loading=\"lazy\" decoding=\"async\" width=\"1024\" height=\"616\" src=\"https:\/\/slotcar.hu\/wp-content\/uploads\/2022\/12\/27603-mercedes-amg-c-63-dtm-lauer-no22-1024x616.jpg\" alt=\"\" class=\"wp-image-897\" srcset=\"https:\/\/slotcar.hu\/wp-content\/uploads\/2022\/12\/27603-mercedes-amg-c-63-dtm-lauer-no22-1024x616.jpg 1024w, https:\/\/slotcar.hu\/wp-content\/uploads\/2022\/12\/27603-mercedes-amg-c-63-dtm-lauer-no22-300x180.jpg 300w, https:\/\/slotcar.hu\/wp-content\/uploads\/2022\/12\/27603-mercedes-amg-c-63-dtm-lauer-no22-768x462.jpg 768w, https:\/\/slotcar.hu\/wp-content\/uploads\/2022\/12\/27603-mercedes-amg-c-63-dtm-lauer-no22.jpg 1122w\" sizes=\"(max-width: 1024px) 100vw, 1024px\" \/><\/figure>\n\n\n\n<p>Az osztr\u00e1k sz\u00e1rmaz\u00e1s\u00fa pil\u00f3ta 2015 \u00f3ta a Mercedesn\u00e9l versenyez a n\u00e9met t\u00faraaut\u00f3-bajnoks\u00e1gban, 2016-ban pedig fel\u00e1llt a dobog\u00f3 legfels\u0151 fok\u00e1ra.<\/p>\n\n\n\n<h3 class=\"wp-block-heading\">A CARRERA MODELL<\/h3>\n\n\n\n<ul class=\"wp-block-list\">\n<li>F\u0151leg digit\u00e1lis friss\u00edt\u00e9sre k\u00e9sz aut\u00f3k.<\/li>\n\n\n\n<li>Az aut\u00f3k val\u00f3s\u00e1gh\u0171 gyors\u00edt\u00e1ssal \u00e9s f\u00e9kez\u00e9ssel rendelkeznek.<\/li>\n\n\n\n<li>Kiv\u00e1l\u00f3 min\u0151s\u00e9g\u0171 eredeti r\u00e9szletezett \u00e9s tamponnyomott.<\/li>\n\n\n\n<li>Vonz\u00f3, \u00e9lvonalbeli j\u00e1rm\u0171enged\u00e9lyek.<\/li>\n\n\n\n<li>\u00c1h\u00edtott gy\u0171jt\u0151j\u00e1rm\u0171vek: <strong>KORL\u00c1TOZOTT KIAD\u00c1SOK 1999 darabos kiad\u00e1sban vil\u00e1gszerte<\/strong><\/li>\n<\/ul>\n\n\n\n<h3 class=\"wp-block-heading\">AZ ALKATR\u00c9SZEK&nbsp;<em>LE\u00cdR\u00c1SA<\/em><\/h3>\n\n\n\n<ul class=\"wp-block-list\">\n<li><a href=\"https:\/\/www.slotcar-union.com\/en\/prs-slot\/21069-prs-32560-lexan-cockpit-for-mercedes-dtm-carrera.html\" target=\"_blank\" rel=\"noreferrer noopener\">PRS 32560 Lexan Cockpit Mercedes DTM Carrera sz\u00e1m\u00e1ra<\/a>\u00a04,50 \u20ac<\/li>\n\n\n\n<li><a href=\"https:\/\/www.slotcar-union.com\/en\/pick-up-braids\/803-carrera-20366-guide-blade-double-sliding-contact-4007486203662.html\" target=\"_blank\" rel=\"noreferrer noopener\">Carrera 20366 vezet\u0151penge + dupla cs\u00fasz\u00f3\u00e9rintkez\u0151<\/a>\u00a09,50 \u20ac<\/li>\n\n\n\n<li><a href=\"https:\/\/www.slotcar-union.com\/en\/pick-up-braids\/19890-carrera-89108-set-of-screws-10-pcs-4007486891081.html\" target=\"_blank\" rel=\"noreferrer noopener\">Carrera 89108 csavark\u00e9szlet (10 db)<\/a>\u00a03,90 \u20ac<\/li>\n\n\n\n<li><a href=\"https:\/\/www.slotcar-union.com\/en\/motors-cables\/1832-carrera-evolutiondigital-132-89200-motor-e200-standard-4007486892002.html\" target=\"_blank\" rel=\"noreferrer noopener\">Carrera Evolution\/Digital 132 89200 Motor E200 Standard<\/a>\u00a09,90 \u20ac<\/li>\n\n\n\n<li><a href=\"https:\/\/www.slotcar-union.com\/en\/tires\/4106-carrera-89800-tires-for-dtm-4007486898004.html\" target=\"_blank\" rel=\"noreferrer noopener\">Carrera 89800 gumiabroncsok DTM-hez<\/a>\u00a04,50 \u20ac<\/li>\n\n\n\n<li><a href=\"https:\/\/www.slotcar-union.com\/en\/axles\/15250-carrera-89976-front-and-rear-axle-for-dtm-cars-livery-2017-2018-2019-4007486899766.html\" target=\"_blank\" rel=\"noreferrer noopener\">Carrera 89976 els\u0151 \u00e9s h\u00e1ts\u00f3 tengely DTM aut\u00f3khoz, fest\u00e9s 2017\/2018\/2019<\/a>\u00a05,90 \u20ac<\/li>\n\n\n\n<li><a href=\"https:\/\/www.slotcar-union.com\/en\/spare-parts\/19260-carrera-91013-spare-parts-for-mercedes-amg-c-63-dtm-lauer-no22-4007486910133.html\" target=\"_blank\" rel=\"noreferrer noopener\">Carrera 91013 P\u00f3talkatr\u00e9szek Mercedes-AMG C 63 DTM &#8222;L.Auer, No.22&#8221;<\/a>\u00a05,50 \u20ac<\/li>\n\n\n\n<li><a href=\"https:\/\/www.slotcar-union.com\/en\/slotdevil\/7167-slotdevil-20112005-carrera-cable-set-complete-0780509355152.html\" target=\"_blank\" rel=\"noreferrer noopener\">Slotdevil 20112005 Carrera k\u00e1belk\u00e9szlet kompletten<\/a>\u00a04,90 \u20ac<\/li>\n<\/ul>\n","protected":false},"excerpt":{"rendered":"<p>Az osztr\u00e1k sz\u00e1rmaz\u00e1s\u00fa pil\u00f3ta 2015 \u00f3ta a Mercedesn\u00e9l versenyez a n\u00e9met t\u00faraaut\u00f3-bajnoks\u00e1gban, 2016-ban pedig fel\u00e1llt&#8230;<\/p>\n","protected":false},"author":1,"featured_media":0,"parent":0,"menu_order":0,"comment_status":"closed","ping_status":"closed","template":"","meta":{"footnotes":""},"class_list":["post-1085","page","type-page","status-publish","hentry"],"_links":{"self":[{"href":"https:\/\/slotcar.hu\/index.php\/wp-json\/wp\/v2\/pages\/1085"}],"collection":[{"href":"https:\/\/slotcar.hu\/index.php\/wp-json\/wp\/v2\/pages"}],"about":[{"href":"https:\/\/slotcar.hu\/index.php\/wp-json\/wp\/v2\/types\/page"}],"author":[{"embeddable":true,"href":"https:\/\/slotcar.hu\/index.php\/wp-json\/wp\/v2\/users\/1"}],"replies":[{"embeddable":true,"href":"https:\/\/slotcar.hu\/index.php\/wp-json\/wp\/v2\/comments?post=1085"}],"version-history":[{"count":4,"href":"https:\/\/slotcar.hu\/index.php\/wp-json\/wp\/v2\/pages\/1085\/revisions"}],"predecessor-version":[{"id":1258,"href":"https:\/\/slotcar.hu\/index.php\/wp-json\/wp\/v2\/pages\/1085\/revisions\/1258"}],"wp:attachment":[{"href":"https:\/\/slotcar.hu\/index.php\/wp-json\/wp\/v2\/media?parent=1085"}],"curies":[{"name":"wp","href":"https:\/\/api.w.org\/{rel}","templated":true}]}}