{"id":1080,"date":"2023-10-30T16:41:49","date_gmt":"2023-10-30T16:41:49","guid":{"rendered":"https:\/\/slotcar.hu\/?page_id=1080"},"modified":"2023-11-22T19:18:20","modified_gmt":"2023-11-22T19:18:20","slug":"30887-ford-capri-zakspeed-turbo","status":"publish","type":"page","link":"https:\/\/slotcar.hu\/index.php\/30887-ford-capri-zakspeed-turbo\/","title":{"rendered":"30887 Ford Capri Zakspeed Turbo"},"content":{"rendered":"\n<figure class=\"wp-block-image size-large\"><img loading=\"lazy\" decoding=\"async\" width=\"1024\" height=\"576\" src=\"https:\/\/slotcar.hu\/wp-content\/uploads\/2022\/12\/30887-ford-capri-zakspeed-turbo-dw-zakspeed-team-no3-1024x576.jpg\" alt=\"\" class=\"wp-image-893\" srcset=\"https:\/\/slotcar.hu\/wp-content\/uploads\/2022\/12\/30887-ford-capri-zakspeed-turbo-dw-zakspeed-team-no3-1024x576.jpg 1024w, https:\/\/slotcar.hu\/wp-content\/uploads\/2022\/12\/30887-ford-capri-zakspeed-turbo-dw-zakspeed-team-no3-300x169.jpg 300w, https:\/\/slotcar.hu\/wp-content\/uploads\/2022\/12\/30887-ford-capri-zakspeed-turbo-dw-zakspeed-team-no3-768x432.jpg 768w, https:\/\/slotcar.hu\/wp-content\/uploads\/2022\/12\/30887-ford-capri-zakspeed-turbo-dw-zakspeed-team-no3.jpg 1366w\" sizes=\"(max-width: 1024px) 100vw, 1024px\" \/><\/figure>\n\n\n\n<p>Az 1970-es \u00e9s 1980-as \u00e9vek kultikus aut\u00f3ja 1:32 m\u00e9retar\u00e1ny\u00fa reprodukci\u00f3k\u00e9nt m\u00e1r el\u00e9rhet\u0151 otthoni p\u00e1ly\u00e1kra.&nbsp;1980-ban a D&amp;W Zakspeed csapata \u00e1ltal ir\u00e1ny\u00edtott Ford Capri Zakspeed Turbo megnyerte a versenyoszt\u00e1lyt.&nbsp;A belgiumi Zolderben rendezett DRM II., Klaus Niedzwiez n\u00e9met pil\u00f3t\u00e1val.&nbsp;A h\u0171v\u00f6s \u00e9s eleg\u00e1ns fekete-k\u00e9k fest\u00e9s sok figyelmet garant\u00e1lt a Ford Caprinak \u2013 \u00e9s m\u00e9g ma is!&nbsp;A Ford Capri Zakspeed Turbo D&amp;W Zakspeed Team &#8216;No.53&#8217; els\u0151 l\u00e1mp\u00e1kkal \u00e9s h\u00e1ts\u00f3\/f\u00e9kl\u00e1mp\u00e1kkal van felszerelve, \u00e9s az eredeti h\u0171 m\u00e1sa.&nbsp;Soha nem volt hitelesebb az otthoni motorversenyz\u00e9s.<\/p>\n\n\n\n<h3 class=\"wp-block-heading\">A CARRERA MODELL<\/h3>\n\n\n\n<ul class=\"wp-block-list\">\n<li>A Digital 132 aut\u00f3k digit\u00e1lisan vez\u00e9relhet\u0151k \u00e9s egyedileg k\u00f3dolhat\u00f3k.<\/li>\n\n\n\n<li>Minden Carrera Digital 132 aut\u00f3 haszn\u00e1lhat\u00f3 a Carrera Evolutionnal.<\/li>\n\n\n\n<li>Tampo nyomott, eredeti \u00e9s r\u00e9szletes aut\u00f3k.<\/li>\n\n\n\n<li>Val\u00f3s\u00e1gh\u0171 gyors\u00edt\u00e1s \u00e9s f\u00e9kez\u00e9s.<\/li>\n\n\n\n<li>F\u0151leg els\u0151 l\u00e1mp\u00e1val (Xenon) \u00e9s h\u00e1ts\u00f3\/f\u00e9kl\u00e1mp\u00e1val.<\/li>\n\n\n\n<li>Hangos karossz\u00e9ria kidolgoz\u00e1s.<\/li>\n<\/ul>\n\n\n\n<p><\/p>\n\n\n\n<h3 class=\"wp-block-heading\"><em><\/em>AZ ALKATR\u00c9SZEK&nbsp;<em>LE\u00cdR\u00c1SA<\/em><\/h3>\n\n\n\n<ul class=\"wp-block-list\">\n<li><a href=\"https:\/\/www.slotcar-union.com\/en\/pick-up-braids\/803-carrera-20366-guide-blade-double-sliding-contact-4007486203662.html\" target=\"_blank\" rel=\"noreferrer noopener\">Carrera 20366 vezet\u0151penge + dupla cs\u00fasz\u00f3\u00e9rintkez\u0151<\/a>\u00a09,50 \u20ac<\/li>\n\n\n\n<li><a href=\"https:\/\/www.slotcar-union.com\/en\/power-supplies-controllers\/830-carrera-digital-132-26732-digital-decoder-4007486267329.html\" target=\"_blank\" rel=\"noreferrer noopener\">Carrera DIGITAL 132 26732 Digit\u00e1lis dek\u00f3der<\/a>\u00a033,90 \u20ac<\/li>\n\n\n\n<li><a href=\"https:\/\/www.slotcar-union.com\/en\/pick-up-braids\/19890-carrera-89108-set-of-screws-10-pcs-4007486891081.html\" target=\"_blank\" rel=\"noreferrer noopener\">Carrera 89108 csavark\u00e9szlet (10 db)<\/a>\u00a03,90 \u20ac<\/li>\n\n\n\n<li><a href=\"https:\/\/www.slotcar-union.com\/en\/motors-cables\/1832-carrera-evolutiondigital-132-89200-motor-e200-standard-4007486892002.html\" target=\"_blank\" rel=\"noreferrer noopener\">Carrera Evolution\/Digital 132 89200 Motor E200 Standard<\/a>\u00a09,90 \u20ac<\/li>\n\n\n\n<li><a href=\"https:\/\/www.slotcar-union.com\/en\/axles\/14322-carrera-89949-front-and-rear-axle-for-ford-capri-zakspeed-turbo-4007486899490.html\" target=\"_blank\" rel=\"noreferrer noopener\">Carrera 89949 Els\u0151 \u00e9s h\u00e1ts\u00f3 tengely Ford Capri Zakspeed Turbo-hoz<\/a>\u00a05,90 \u20ac<\/li>\n\n\n\n<li><a href=\"https:\/\/www.slotcar-union.com\/en\/tires\/13646-carrera-89956-tires-for-ford-capri-zakspeed-turbo-4007486899568.html\" target=\"_blank\" rel=\"noreferrer noopener\">Carrera 89956 Ford Capri Zakspeed Turbo gumik<\/a>\u00a04,50 \u20ac<\/li>\n\n\n\n<li><a href=\"https:\/\/www.slotcar-union.com\/en\/spare-parts\/19265-carrera-91017-spare-parts-for-ford-capri-zakspeed-turbo-dw-zakspeed-team-no3-4007486910171.html\" target=\"_blank\" rel=\"noreferrer noopener\">Carrera 91017 P\u00f3talkatr\u00e9szek Ford Capri Zakspeed Turbo &#8222;D&amp;W-Zakspeed Team, No.3&#8221;<\/a>\u00a05,50 \u20ac<\/li>\n\n\n\n<li><a href=\"https:\/\/www.slotcar-union.com\/en\/slotdevil\/7167-slotdevil-20112005-carrera-cable-set-complete-0780509355152.html\" target=\"_blank\" rel=\"noreferrer noopener\">Slotdevil 20112005 Carrera k\u00e1belk\u00e9szlet kompletten<\/a>\u00a04,90 \u20ac<\/li>\n<\/ul>\n","protected":false},"excerpt":{"rendered":"<p>Az 1970-es \u00e9s 1980-as \u00e9vek kultikus aut\u00f3ja 1:32 m\u00e9retar\u00e1ny\u00fa reprodukci\u00f3k\u00e9nt m\u00e1r el\u00e9rhet\u0151 otthoni p\u00e1ly\u00e1kra.&nbsp;1980-ban a&#8230;<\/p>\n","protected":false},"author":1,"featured_media":0,"parent":0,"menu_order":0,"comment_status":"closed","ping_status":"closed","template":"","meta":{"footnotes":""},"class_list":["post-1080","page","type-page","status-publish","hentry"],"_links":{"self":[{"href":"https:\/\/slotcar.hu\/index.php\/wp-json\/wp\/v2\/pages\/1080"}],"collection":[{"href":"https:\/\/slotcar.hu\/index.php\/wp-json\/wp\/v2\/pages"}],"about":[{"href":"https:\/\/slotcar.hu\/index.php\/wp-json\/wp\/v2\/types\/page"}],"author":[{"embeddable":true,"href":"https:\/\/slotcar.hu\/index.php\/wp-json\/wp\/v2\/users\/1"}],"replies":[{"embeddable":true,"href":"https:\/\/slotcar.hu\/index.php\/wp-json\/wp\/v2\/comments?post=1080"}],"version-history":[{"count":3,"href":"https:\/\/slotcar.hu\/index.php\/wp-json\/wp\/v2\/pages\/1080\/revisions"}],"predecessor-version":[{"id":1279,"href":"https:\/\/slotcar.hu\/index.php\/wp-json\/wp\/v2\/pages\/1080\/revisions\/1279"}],"wp:attachment":[{"href":"https:\/\/slotcar.hu\/index.php\/wp-json\/wp\/v2\/media?parent=1080"}],"curies":[{"name":"wp","href":"https:\/\/api.w.org\/{rel}","templated":true}]}}